{"id":8819,"date":"2024-10-01T14:28:40","date_gmt":"2024-10-01T14:28:40","guid":{"rendered":"https:\/\/kiemmi.com\/?post_type=product&#038;p=8819"},"modified":"2025-06-02T21:15:08","modified_gmt":"2025-06-02T21:15:08","slug":"salvadanaio-3d-personalizzabile-a-forma-di-osso-di-cane","status":"publish","type":"product","link":"https:\/\/kiemmi.com\/it\/shop\/mascotas\/hucha-en-forma-de-hueso-3d-de-perro-hucha-personalizable\/","title":{"rendered":"Salvadanaio 3D a forma di osso di cane \u2013 Salvadanaio personalizzabile"},"content":{"rendered":"<p>Sorprendi gli amanti dei cani con questo divertente salvadanaio a forma di osso, realizzato con stampa 3D e completamente personalizzabile. Aggiungi un tocco unico con il nome del tuo animale domestico, scegli i tuoi colori preferiti e personalizza l&#039;aspetto anteriore e i bordi! Inoltre, il suo originale meccanismo di chiusura ad ingranaggi garantisce ore di divertimento per i pi\u00f9 piccoli. Con una dimensione ideale per qualsiasi scaffale o scrivania, questo salvadanaio \u00e8 un regalo pratico e originale che unisce creativit\u00e0 e funzionalit\u00e0.<\/p>\n<p><strong>Caratteristiche in primo piano:<\/strong><\/p>\n<ul>\n<li>\ud83d\udc3e <strong>Disposizione personalizzabile<\/strong>: aggiungi il nome che desideri e scegli i colori e i bordi che meglio rappresentano il tuo cane.<\/li>\n<li>\ud83c\udfa8 <strong>Stampa 3D di alta qualit\u00e0<\/strong>: Prodotto con precisione e attenzione ai dettagli per un&#039;esperienza duratura e realistica.<\/li>\n<li>\ud83d\udd10 <strong>Divertente meccanismo di chiusura<\/strong>: Il suo sistema di ingranaggi \u00e8 facile da usare e divertente per i bambini, impareranno a risparmiare divertendosi!<\/li>\n<li>\ud83c\udf81 <strong>Regalo perfetto per gli amanti dei cani<\/strong>: Un dettaglio unico per ogni occasione speciale.<\/li>\n<li>\ud83d\udccf <strong>Dimensioni ideali<\/strong>: Con 17,4 cm di larghezza, 9,4 cm di altezza e 3,5 cm di spessore, \u00e8 compatto e decorativo.<\/li>\n<li>\ud83c\udf08 <strong>Opzioni di personalizzazione illimitate<\/strong>: Colori e dettagli regolabili per rendere ogni salvadanaio completamente unico.<\/li>\n<\/ul>","protected":false},"excerpt":{"rendered":"<p>Questo salvadanaio a forma di osso di cane, realizzato con stampa 3D, \u00e8 completamente personalizzabile, permettendoti di aggiungere nomi, colori e dettagli unici. Il suo meccanismo di chiusura ad ingranaggi \u00e8 divertente e facile da usare, ideale per i bambini. \u00c8 il regalo perfetto per gli amanti dei cani, unendo creativit\u00e0 e funzionalit\u00e0. Con dimensioni di 17,4 cm di larghezza, 9,4 cm di altezza e 3,5 cm di spessore, \u00e8 compatto e decorativo. Personalizzalo a tuo piacimento e sorprendi con un dettaglio unico e originale.<\/p>","protected":false},"featured_media":8824,"template":"","meta":{"_seopress_robots_primary_cat":"87","_seopress_titles_title":"Hucha 3D personalizable en forma de hueso \u00fanica y divertida","_seopress_titles_desc":"Hucha en forma de hueso con mecanismo de cierre de engranajes. Personal\u00edzala con el nombre de tu perro y elige tus colores favoritos. \u00a1Compra ya!","_seopress_robots_index":"","_seopress_analysis_target_kw":"","site-sidebar-layout":"default","site-content-layout":"","ast-site-content-layout":"default","site-content-style":"default","site-sidebar-style":"default","ast-global-header-display":"","ast-banner-title-visibility":"","ast-main-header-display":"","ast-hfb-above-header-display":"","ast-hfb-below-header-display":"","ast-hfb-mobile-header-display":"","site-post-title":"","ast-breadcrumbs-content":"","ast-featured-img":"","footer-sml-layout":"","ast-disable-related-posts":"","theme-transparent-header-meta":"","adv-header-id-meta":"","stick-header-meta":"","header-above-stick-meta":"","header-main-stick-meta":"","header-below-stick-meta":"","astra-migrate-meta-layouts":"default","ast-page-background-enabled":"default","ast-page-background-meta":{"desktop":{"background-color":"","background-image":"","background-repeat":"repeat","background-position":"center center","background-size":"auto","background-attachment":"scroll","background-type":"","background-media":"","overlay-type":"","overlay-color":"","overlay-opacity":"","overlay-gradient":""},"tablet":{"background-color":"","background-image":"","background-repeat":"repeat","background-position":"center center","background-size":"auto","background-attachment":"scroll","background-type":"","background-media":"","overlay-type":"","overlay-color":"","overlay-opacity":"","overlay-gradient":""},"mobile":{"background-color":"","background-image":"","background-repeat":"repeat","background-position":"center center","background-size":"auto","background-attachment":"scroll","background-type":"","background-media":"","overlay-type":"","overlay-color":"","overlay-opacity":"","overlay-gradient":""}},"ast-content-background-meta":{"desktop":{"background-color":"var(--ast-global-color-5)","background-image":"","background-repeat":"repeat","background-position":"center center","background-size":"auto","background-attachment":"scroll","background-type":"","background-media":"","overlay-type":"","overlay-color":"","overlay-opacity":"","overlay-gradient":""},"tablet":{"background-color":"var(--ast-global-color-5)","background-image":"","background-repeat":"repeat","background-position":"center center","background-size":"auto","background-attachment":"scroll","background-type":"","background-media":"","overlay-type":"","overlay-color":"","overlay-opacity":"","overlay-gradient":""},"mobile":{"background-color":"var(--ast-global-color-5)","background-image":"","background-repeat":"repeat","background-position":"center center","background-size":"auto","background-attachment":"scroll","background-type":"","background-media":"","overlay-type":"","overlay-color":"","overlay-opacity":"","overlay-gradient":""}}},"product_brand":[],"product_cat":[88,87,49],"product_tag":[],"class_list":{"0":"post-8819","1":"product","2":"type-product","3":"status-publish","4":"has-post-thumbnail","6":"product_cat-huchas","7":"product_cat-mascotas","8":"product_cat-regalos-originales","9":"desktop-align-center","10":"tablet-align-left","11":"mobile-align-center","12":"ast-product-gallery-layout-horizontal","13":"ast-magnify-disabled","14":"ast-product-tabs-layout-horizontal","15":"tm-has-options","17":"first","18":"instock","19":"taxable","20":"shipping-taxable","21":"purchasable","22":"product-type-simple"},"_links":{"self":[{"href":"https:\/\/kiemmi.com\/it\/wp-json\/wp\/v2\/product\/8819","targetHints":{"allow":["GET"]}}],"collection":[{"href":"https:\/\/kiemmi.com\/it\/wp-json\/wp\/v2\/product"}],"about":[{"href":"https:\/\/kiemmi.com\/it\/wp-json\/wp\/v2\/types\/product"}],"version-history":[{"count":0,"href":"https:\/\/kiemmi.com\/it\/wp-json\/wp\/v2\/product\/8819\/revisions"}],"wp:featuredmedia":[{"embeddable":true,"href":"https:\/\/kiemmi.com\/it\/wp-json\/wp\/v2\/media\/8824"}],"wp:attachment":[{"href":"https:\/\/kiemmi.com\/it\/wp-json\/wp\/v2\/media?parent=8819"}],"wp:term":[{"taxonomy":"product_brand","embeddable":true,"href":"https:\/\/kiemmi.com\/it\/wp-json\/wp\/v2\/product_brand?post=8819"},{"taxonomy":"product_cat","embeddable":true,"href":"https:\/\/kiemmi.com\/it\/wp-json\/wp\/v2\/product_cat?post=8819"},{"taxonomy":"product_tag","embeddable":true,"href":"https:\/\/kiemmi.com\/it\/wp-json\/wp\/v2\/product_tag?post=8819"}],"curies":[{"name":"wp","href":"https:\/\/api.w.org\/{rel}","templated":true}]}}