{"id":8696,"date":"2024-08-27T10:35:00","date_gmt":"2024-08-27T10:35:00","guid":{"rendered":"https:\/\/kiemmi.com\/?post_type=product&#038;p=8696"},"modified":"2025-05-30T05:34:19","modified_gmt":"2025-05-30T05:34:19","slug":"nome-3d-personalizzato-in-stile-mario-bros","status":"publish","type":"product","link":"https:\/\/kiemmi.com\/it\/shop\/decoracion-del-hogar\/habitacion-de-bebe\/nombre-3d-personalizado-con-estilo-mario-bros\/","title":{"rendered":"Nome 3D personalizzato in stile Mario Bros"},"content":{"rendered":"<p>Dai un tocco unico e nostalgico al tuo spazio con questa targa 3D personalizzata in stile Mario Bros! Progettato con la pi\u00f9 recente tecnologia di stampa 3D, questo cartello non offre solo una qualit\u00e0 superiore, ma anche una completa personalizzazione in modo da poter scegliere i colori di ciascuna lettera in base ai propri gusti.<\/p>\n<p>Ideale come elemento decorativo per le camerette dei bambini o come regalo perfetto per i tavoli da gioco. L&#039;insegna 3D \u00e8 progettata per stare in piedi su qualsiasi superficie piana, combinando un tocco retr\u00f2 e moderno che si adatta a qualsiasi ambiente.<\/p>\n<p><strong>Caratteristiche:<\/strong><\/p>\n<ul>\n<li>\ud83c\udfa8 <strong>Personalizzabile<\/strong>: Scegli i colori di ogni lettera in base al tuo stile.<\/li>\n<li>\ud83c\udfae <strong>Stile Mario Bros<\/strong>: Un design ispirato al classico mondo dei videogiochi.<\/li>\n<li>\ud83d\udda8\ufe0f <strong>Stampa 3D di alta qualit\u00e0<\/strong>: Prodotto con stampanti 3D all&#039;avanguardia, garantendo dettagli precisi e durata.<\/li>\n<li>\ud83d\udce6 <strong>Facile da posizionare<\/strong>: Il cartello rimane fermo su superfici piane, perfetto per decorare qualsiasi angolo della casa o dell&#039;ufficio.<\/li>\n<li>\ud83d\udccf <strong>Dimensioni<\/strong>: Spessore di 19 mm, con dimensioni personalizzabili in base alle vostre esigenze.<\/li>\n<\/ul>\n<p>Dai vita al tuo nome con questo segno 3D unico. Personalizzalo oggi e aggiungi un tocco di originalit\u00e0 alla tua decorazione.<\/p>","protected":false},"excerpt":{"rendered":"<p>Questa targa 3D personalizzata in stile Mario Bros \u00e8 ideale per decorare le camerette dei bambini o i tavoli da gioco. Prodotto con stampanti 3D all&#039;avanguardia, offre alta qualit\u00e0 e precisione. Puoi personalizzare i colori di ogni lettera a tuo piacimento, rendendola un prodotto unico. Con uno spessore di 19 mm, \u00e8 progettato per resistere saldamente su qualsiasi superficie piana. \u00c8 un&#039;opzione originale per dare un tocco retr\u00f2 e moderno a qualsiasi spazio.<\/p>","protected":false},"featured_media":8707,"template":"","meta":{"_seopress_robots_primary_cat":"none","_seopress_titles_title":"","_seopress_titles_desc":"","_seopress_robots_index":"","site-sidebar-layout":"default","site-content-layout":"","ast-site-content-layout":"default","site-content-style":"default","site-sidebar-style":"default","ast-global-header-display":"","ast-banner-title-visibility":"","ast-main-header-display":"","ast-hfb-above-header-display":"","ast-hfb-below-header-display":"","ast-hfb-mobile-header-display":"","site-post-title":"","ast-breadcrumbs-content":"","ast-featured-img":"","footer-sml-layout":"","ast-disable-related-posts":"","theme-transparent-header-meta":"default","adv-header-id-meta":"","stick-header-meta":"default","header-above-stick-meta":"","header-main-stick-meta":"","header-below-stick-meta":"","astra-migrate-meta-layouts":"set","ast-page-background-enabled":"default","ast-page-background-meta":{"desktop":{"background-color":"","background-image":"","background-repeat":"repeat","background-position":"center center","background-size":"auto","background-attachment":"scroll","background-type":"","background-media":"","overlay-type":"","overlay-color":"","overlay-opacity":"","overlay-gradient":""},"tablet":{"background-color":"","background-image":"","background-repeat":"repeat","background-position":"center center","background-size":"auto","background-attachment":"scroll","background-type":"","background-media":"","overlay-type":"","overlay-color":"","overlay-opacity":"","overlay-gradient":""},"mobile":{"background-color":"","background-image":"","background-repeat":"repeat","background-position":"center center","background-size":"auto","background-attachment":"scroll","background-type":"","background-media":"","overlay-type":"","overlay-color":"","overlay-opacity":"","overlay-gradient":""}},"ast-content-background-meta":{"desktop":{"background-color":"var(--ast-global-color-5)","background-image":"","background-repeat":"repeat","background-position":"center center","background-size":"auto","background-attachment":"scroll","background-type":"","background-media":"","overlay-type":"","overlay-color":"","overlay-opacity":"","overlay-gradient":""},"tablet":{"background-color":"var(--ast-global-color-5)","background-image":"","background-repeat":"repeat","background-position":"center center","background-size":"auto","background-attachment":"scroll","background-type":"","background-media":"","overlay-type":"","overlay-color":"","overlay-opacity":"","overlay-gradient":""},"mobile":{"background-color":"var(--ast-global-color-5)","background-image":"","background-repeat":"repeat","background-position":"center center","background-size":"auto","background-attachment":"scroll","background-type":"","background-media":"","overlay-type":"","overlay-color":"","overlay-opacity":"","overlay-gradient":""}}},"product_brand":[],"product_cat":[51,52,49],"product_tag":[],"class_list":{"0":"post-8696","1":"product","2":"type-product","3":"status-publish","4":"has-post-thumbnail","6":"product_cat-decoracion-del-hogar","7":"product_cat-habitacion-de-bebe","8":"product_cat-regalos-originales","9":"desktop-align-center","10":"tablet-align-left","11":"mobile-align-center","12":"ast-product-gallery-layout-horizontal","13":"ast-magnify-disabled","14":"ast-product-tabs-layout-horizontal","15":"tm-has-options","17":"first","18":"instock","19":"taxable","20":"shipping-taxable","21":"purchasable","22":"product-type-simple"},"_links":{"self":[{"href":"https:\/\/kiemmi.com\/it\/wp-json\/wp\/v2\/product\/8696","targetHints":{"allow":["GET"]}}],"collection":[{"href":"https:\/\/kiemmi.com\/it\/wp-json\/wp\/v2\/product"}],"about":[{"href":"https:\/\/kiemmi.com\/it\/wp-json\/wp\/v2\/types\/product"}],"version-history":[{"count":0,"href":"https:\/\/kiemmi.com\/it\/wp-json\/wp\/v2\/product\/8696\/revisions"}],"wp:featuredmedia":[{"embeddable":true,"href":"https:\/\/kiemmi.com\/it\/wp-json\/wp\/v2\/media\/8707"}],"wp:attachment":[{"href":"https:\/\/kiemmi.com\/it\/wp-json\/wp\/v2\/media?parent=8696"}],"wp:term":[{"taxonomy":"product_brand","embeddable":true,"href":"https:\/\/kiemmi.com\/it\/wp-json\/wp\/v2\/product_brand?post=8696"},{"taxonomy":"product_cat","embeddable":true,"href":"https:\/\/kiemmi.com\/it\/wp-json\/wp\/v2\/product_cat?post=8696"},{"taxonomy":"product_tag","embeddable":true,"href":"https:\/\/kiemmi.com\/it\/wp-json\/wp\/v2\/product_tag?post=8696"}],"curies":[{"name":"wp","href":"https:\/\/api.w.org\/{rel}","templated":true}]}}