{"id":7684,"date":"2024-02-13T06:42:24","date_gmt":"2024-02-13T06:42:24","guid":{"rendered":"https:\/\/kiemmi.com\/?post_type=product&#038;p=7684"},"modified":"2025-12-09T11:26:37","modified_gmt":"2025-12-09T11:26:37","slug":"quaderno-in-legno-color-parigi","status":"publish","type":"product","link":"https:\/\/kiemmi.com\/it\/shop\/libretas-de-madera-personalizadas\/libreta-de-madera-a-color-paris\/","title":{"rendered":"Quaderno in legno color Parigi"},"content":{"rendered":"<p>I nostri quaderni fatti a mano sono veri gioielli per gli amanti della scrittura e del design. Ognuno presenta piani in legno tagliati al laser, che li rendono unici e distintivi. Inoltre, i nostri quaderni sono decorati con una stampa a colori della citt\u00e0 di Parigi, che conferisce loro un fascino francese e un tocco di romanticismo.<\/p>\n<p>Il taccuino ha un formato A5, che lo rende pratico e facile da portare ovunque. Con 80 fogli, ovvero 160 pagine, avrai spazio pi\u00f9 che sufficiente per catturare tutte le tue idee, pensieri e appunti importanti. Che tu scriva, disegni o semplicemente prenda appunti, questo taccuino sar\u00e0 il tuo compagno perfetto in tutte le tue avventure.<\/p>\n<p>Inoltre, puoi personalizzare ulteriormente il tuo notebook scegliendo tra diversi angoli in metallo per proteggerne i bordi. Che siano nei toni oro, argento o nero, questi angoli aggiungono un tocco elegante e sofisticato al tuo notebook, proteggendolo dall&#039;usura dell&#039;uso quotidiano.<\/p>\n<p>Insomma, i nostri quaderni fatti a mano con copertina in legno tagliata al laser, stampa a colori della citt\u00e0 di Parigi, formato A5 e 80 fogli sono la perfetta combinazione di stile, funzionalit\u00e0 e qualit\u00e0. Non solo ti aiuteranno a organizzare le tue idee, ma saranno anche oggetto di ammirazione e invidia per chi li vedr\u00e0. Non aspettare oltre e acquistalo subito!<\/p>\n<p><strong>Caratteristiche:<\/strong><\/p>\n<ul>\n<li><em>Tapas:<\/em> 15,2 cm (larghezza) x 21,5 cm (altezza) x 2,5 cm (spessore)<\/li>\n<li><em>Foglie:<\/em> Din A5 (14,8 cm di larghezza x 21 cm di altezza)<\/li>\n<li>80 fogli (160 pagine)<\/li>\n<\/ul>","protected":false},"excerpt":{"rendered":"<p>I nostri quaderni fatti a mano sono gioielli unici con copertine in legno tagliate al laser e decorate con una stampa a colori della citt\u00e0 di Parigi, che dona loro un tocco romantico. Sono pratici e facili da trasportare, con 80 fogli per catturare le tue idee e gli appunti importanti. Inoltre, puoi personalizzarli con angoli in metallo nei toni oro, argento o nero per proteggerli e dare loro un tocco elegante. In breve, i nostri quaderni sono la combinazione perfetta di stile, funzionalit\u00e0 e qualit\u00e0, che non solo ti aiuter\u00e0 a organizzare le tue idee, ma sar\u00e0 anche ammirato dagli altri.<\/p>","protected":false},"featured_media":8212,"template":"","meta":{"_seopress_robots_primary_cat":"50","_seopress_titles_title":"Libretas \u00fanicas de Par\u00eds: dise\u00f1o elegante y pr\u00e1ctico","_seopress_titles_desc":"Descubre nuestras libretas A5 \u00fanicas, hechas a mano con tapas de madera y dise\u00f1o de Par\u00eds. Elegancia, funcionalidad y estilo en cada p\u00e1gina. \u00a1Consigue la tuya!","_seopress_robots_index":"","_seopress_analysis_target_kw":"","site-sidebar-layout":"default","site-content-layout":"","ast-site-content-layout":"default","site-content-style":"default","site-sidebar-style":"default","ast-global-header-display":"","ast-banner-title-visibility":"","ast-main-header-display":"","ast-hfb-above-header-display":"","ast-hfb-below-header-display":"","ast-hfb-mobile-header-display":"","site-post-title":"","ast-breadcrumbs-content":"","ast-featured-img":"","footer-sml-layout":"","ast-disable-related-posts":"","theme-transparent-header-meta":"default","adv-header-id-meta":"","stick-header-meta":"default","header-above-stick-meta":"","header-main-stick-meta":"","header-below-stick-meta":"","astra-migrate-meta-layouts":"set","ast-page-background-enabled":"default","ast-page-background-meta":{"desktop":{"background-color":"","background-image":"","background-repeat":"repeat","background-position":"center center","background-size":"auto","background-attachment":"scroll","background-type":"","background-media":"","overlay-type":"","overlay-color":"","overlay-opacity":"","overlay-gradient":""},"tablet":{"background-color":"","background-image":"","background-repeat":"repeat","background-position":"center center","background-size":"auto","background-attachment":"scroll","background-type":"","background-media":"","overlay-type":"","overlay-color":"","overlay-opacity":"","overlay-gradient":""},"mobile":{"background-color":"","background-image":"","background-repeat":"repeat","background-position":"center center","background-size":"auto","background-attachment":"scroll","background-type":"","background-media":"","overlay-type":"","overlay-color":"","overlay-opacity":"","overlay-gradient":""}},"ast-content-background-meta":{"desktop":{"background-color":"var(--ast-global-color-5)","background-image":"","background-repeat":"repeat","background-position":"center center","background-size":"auto","background-attachment":"scroll","background-type":"","background-media":"","overlay-type":"","overlay-color":"","overlay-opacity":"","overlay-gradient":""},"tablet":{"background-color":"var(--ast-global-color-5)","background-image":"","background-repeat":"repeat","background-position":"center center","background-size":"auto","background-attachment":"scroll","background-type":"","background-media":"","overlay-type":"","overlay-color":"","overlay-opacity":"","overlay-gradient":""},"mobile":{"background-color":"var(--ast-global-color-5)","background-image":"","background-repeat":"repeat","background-position":"center center","background-size":"auto","background-attachment":"scroll","background-type":"","background-media":"","overlay-type":"","overlay-color":"","overlay-opacity":"","overlay-gradient":""}}},"product_brand":[],"product_cat":[50],"product_tag":[],"class_list":{"0":"post-7684","1":"product","2":"type-product","3":"status-publish","4":"has-post-thumbnail","6":"product_cat-libretas-de-madera-personalizadas","7":"desktop-align-center","8":"tablet-align-left","9":"mobile-align-center","10":"ast-product-gallery-layout-horizontal","11":"ast-product-gallery-with-no-image","12":"ast-magnify-disabled","13":"ast-product-tabs-layout-horizontal","14":"tm-has-options","16":"first","17":"instock","18":"taxable","19":"shipping-taxable","20":"purchasable","21":"product-type-simple"},"_links":{"self":[{"href":"https:\/\/kiemmi.com\/it\/wp-json\/wp\/v2\/product\/7684","targetHints":{"allow":["GET"]}}],"collection":[{"href":"https:\/\/kiemmi.com\/it\/wp-json\/wp\/v2\/product"}],"about":[{"href":"https:\/\/kiemmi.com\/it\/wp-json\/wp\/v2\/types\/product"}],"version-history":[{"count":0,"href":"https:\/\/kiemmi.com\/it\/wp-json\/wp\/v2\/product\/7684\/revisions"}],"wp:featuredmedia":[{"embeddable":true,"href":"https:\/\/kiemmi.com\/it\/wp-json\/wp\/v2\/media\/8212"}],"wp:attachment":[{"href":"https:\/\/kiemmi.com\/it\/wp-json\/wp\/v2\/media?parent=7684"}],"wp:term":[{"taxonomy":"product_brand","embeddable":true,"href":"https:\/\/kiemmi.com\/it\/wp-json\/wp\/v2\/product_brand?post=7684"},{"taxonomy":"product_cat","embeddable":true,"href":"https:\/\/kiemmi.com\/it\/wp-json\/wp\/v2\/product_cat?post=7684"},{"taxonomy":"product_tag","embeddable":true,"href":"https:\/\/kiemmi.com\/it\/wp-json\/wp\/v2\/product_tag?post=7684"}],"curies":[{"name":"wp","href":"https:\/\/api.w.org\/{rel}","templated":true}]}}