{"id":5871,"date":"2023-06-06T22:23:59","date_gmt":"2023-06-06T22:23:59","guid":{"rendered":"https:\/\/kiemmi.com\/?post_type=product&#038;p=5871"},"modified":"2024-07-28T13:50:36","modified_gmt":"2024-07-28T13:50:36","slug":"targa-di-legno-per-insegnanti","status":"publish","type":"product","link":"https:\/\/kiemmi.com\/it\/shop\/decoracion-del-hogar\/placa-de-madera-para-profesores\/","title":{"rendered":"Targa in legno per insegnanti"},"content":{"rendered":"<p>Festeggia il tuo insegnante in modo speciale con la nostra targa insegnante in legno personalizzata! Questa squisita targa in legno \u00e8 il regalo perfetto per commemorare la fine del corso o il pensionamento di quell&#039;indimenticabile insegnante.<\/p>\n<p>Ogni targa presenta un elegante disco di legno a forma di cerchio, tagliato con cura con il nome dell&#039;insegnante in rilievo e colorato. Questa tecnica unica mette in risalto il nome e gli conferisce un tocco distintivo e accattivante. Inoltre, il legno di alta qualit\u00e0 utilizzato nel piatto proviene da foreste europee sostenibili, che riflettono il nostro impegno per la responsabilit\u00e0 ambientale.<\/p>\n<p>Ma non \u00e8 tutto, puoi anche personalizzare la targa con i nomi degli studenti incisi sul legno! Questa caratteristica speciale consente a ogni studente di lasciare il segno sul regalo, creando un ricordo commemorativo unico e significativo. Puoi scegliere la frase che pi\u00f9 ti piace, rendendo questa targa un regalo davvero personale ed emozionante.<\/p>\n<p>La nostra targa in legno per insegnanti \u00e8 molto pi\u00f9 di un semplice regalo. \u00c8 un ricordo duraturo e significativo che cattura i momenti condivisi in classe e celebra la dedizione e l&#039;impatto che l&#039;insegnante ha avuto sulla vita dei suoi studenti. Con questo regalo mostrerai la tua gratitudine e il tuo apprezzamento in modo tangibile ed elegante.<\/p>\n<p>Non perdere l&#039;opportunit\u00e0 di onorare quell&#039;insegnante speciale con questa targa unica e memorabile. Ordina oggi e regala un ricordo che durer\u00e0 per sempre nel cuore del tuo insegnante preferito!<\/p>","protected":false},"excerpt":{"rendered":"<p>Festeggia il tuo insegnante con la nostra targa in legno personalizzata. Un disco di legno con impresso il nome dell&#039;insegnante. Il legno proviene da foreste sostenibili europee. I nomi degli studenti incisi sul legno. Un regalo commemorativo per la fine del corso o il pensionamento. Personalizzazione della frase secondo gli studenti. Un ricordo duraturo e significativo per l&#039;insegnante.<\/p>","protected":false},"featured_media":5883,"template":"","meta":{"_seopress_robots_primary_cat":"51","_seopress_titles_title":"","_seopress_titles_desc":"","_seopress_robots_index":"","_seopress_analysis_target_kw":"","site-sidebar-layout":"default","site-content-layout":"","ast-site-content-layout":"default","site-content-style":"default","site-sidebar-style":"default","ast-global-header-display":"","ast-banner-title-visibility":"","ast-main-header-display":"","ast-hfb-above-header-display":"","ast-hfb-below-header-display":"","ast-hfb-mobile-header-display":"","site-post-title":"","ast-breadcrumbs-content":"","ast-featured-img":"","footer-sml-layout":"","ast-disable-related-posts":"","theme-transparent-header-meta":"","adv-header-id-meta":"","stick-header-meta":"","header-above-stick-meta":"","header-main-stick-meta":"","header-below-stick-meta":"","astra-migrate-meta-layouts":"default","ast-page-background-enabled":"default","ast-page-background-meta":{"desktop":{"background-color":"","background-image":"","background-repeat":"repeat","background-position":"center center","background-size":"auto","background-attachment":"scroll","background-type":"","background-media":"","overlay-type":"","overlay-color":"","overlay-opacity":"","overlay-gradient":""},"tablet":{"background-color":"","background-image":"","background-repeat":"repeat","background-position":"center center","background-size":"auto","background-attachment":"scroll","background-type":"","background-media":"","overlay-type":"","overlay-color":"","overlay-opacity":"","overlay-gradient":""},"mobile":{"background-color":"","background-image":"","background-repeat":"repeat","background-position":"center center","background-size":"auto","background-attachment":"scroll","background-type":"","background-media":"","overlay-type":"","overlay-color":"","overlay-opacity":"","overlay-gradient":""}},"ast-content-background-meta":{"desktop":{"background-color":"var(--ast-global-color-5)","background-image":"","background-repeat":"repeat","background-position":"center center","background-size":"auto","background-attachment":"scroll","background-type":"","background-media":"","overlay-type":"","overlay-color":"","overlay-opacity":"","overlay-gradient":""},"tablet":{"background-color":"var(--ast-global-color-5)","background-image":"","background-repeat":"repeat","background-position":"center center","background-size":"auto","background-attachment":"scroll","background-type":"","background-media":"","overlay-type":"","overlay-color":"","overlay-opacity":"","overlay-gradient":""},"mobile":{"background-color":"var(--ast-global-color-5)","background-image":"","background-repeat":"repeat","background-position":"center center","background-size":"auto","background-attachment":"scroll","background-type":"","background-media":"","overlay-type":"","overlay-color":"","overlay-opacity":"","overlay-gradient":""}}},"product_brand":[],"product_cat":[51,49],"product_tag":[],"class_list":{"0":"post-5871","1":"product","2":"type-product","3":"status-publish","4":"has-post-thumbnail","6":"product_cat-decoracion-del-hogar","7":"product_cat-regalos-originales","8":"desktop-align-center","9":"tablet-align-left","10":"mobile-align-center","11":"ast-product-gallery-layout-horizontal","12":"ast-magnify-disabled","13":"ast-product-tabs-layout-horizontal","14":"tm-has-options","16":"first","17":"instock","18":"taxable","19":"shipping-taxable","20":"purchasable","21":"product-type-simple"},"_links":{"self":[{"href":"https:\/\/kiemmi.com\/it\/wp-json\/wp\/v2\/product\/5871","targetHints":{"allow":["GET"]}}],"collection":[{"href":"https:\/\/kiemmi.com\/it\/wp-json\/wp\/v2\/product"}],"about":[{"href":"https:\/\/kiemmi.com\/it\/wp-json\/wp\/v2\/types\/product"}],"version-history":[{"count":0,"href":"https:\/\/kiemmi.com\/it\/wp-json\/wp\/v2\/product\/5871\/revisions"}],"wp:featuredmedia":[{"embeddable":true,"href":"https:\/\/kiemmi.com\/it\/wp-json\/wp\/v2\/media\/5883"}],"wp:attachment":[{"href":"https:\/\/kiemmi.com\/it\/wp-json\/wp\/v2\/media?parent=5871"}],"wp:term":[{"taxonomy":"product_brand","embeddable":true,"href":"https:\/\/kiemmi.com\/it\/wp-json\/wp\/v2\/product_brand?post=5871"},{"taxonomy":"product_cat","embeddable":true,"href":"https:\/\/kiemmi.com\/it\/wp-json\/wp\/v2\/product_cat?post=5871"},{"taxonomy":"product_tag","embeddable":true,"href":"https:\/\/kiemmi.com\/it\/wp-json\/wp\/v2\/product_tag?post=5871"}],"curies":[{"name":"wp","href":"https:\/\/api.w.org\/{rel}","templated":true}]}}