{"id":5851,"date":"2023-06-03T11:48:39","date_gmt":"2023-06-03T11:48:39","guid":{"rendered":"https:\/\/kiemmi.com\/?post_type=product&#038;p=5851"},"modified":"2025-12-09T11:26:37","modified_gmt":"2025-12-09T11:26:37","slug":"banca-piggy-3d-in-lettera","status":"publish","type":"product","link":"https:\/\/kiemmi.com\/it\/shop\/regalos-originales\/hucha-3d-en-letra\/","title":{"rendered":"Salvadanaio 3D nella lettera"},"content":{"rendered":"<p>Salvadanaio 3D a forma di lettera, realizzato con la pi\u00f9 avanzata tecnologia di stampa 3D. Questo incredibile salvadanaio personalizzabile \u00e8 il regalo perfetto che stimoler\u00e0 l&#039;immaginazione dei bambini.<\/p>\n<p>I nostri salvadanai a forma di lettera 3D sono unici e possono essere personalizzati con il nome di ogni bambino. Immagina l&#039;eccitazione sui loro volti quando ricevono un salvadanaio con la loro iniziale e il loro nome sopra. \u00c8 un dettaglio speciale che li far\u00e0 sentire unici e amati.<\/p>\n<p>La parte anteriore del salvadanaio \u00e8 progettata con un materiale trasparente, che consente ai pi\u00f9 piccoli di vedere come crescono i loro risparmi. \u00c8 un&#039;esperienza visiva affascinante ed educativa che insegna loro l&#039;importanza di gestire saggiamente i propri soldi.<\/p>\n<p>I nostri salvadanai 3D non sono solo pratici, ma sono anche un affascinante elemento decorativo per la cameretta di ogni bambino. Il suo design moderno e sorprendente aggiunge un tocco di divertimento e stile alla decorazione.<\/p>\n<p>Oltre ad essere un regalo originale, i nostri salvadanai a forma di lettera 3D sono un modo divertente per far imparare ai bambini a risparmiare e gestire le proprie finanze. Insegner\u00e0 loro abilit\u00e0 preziose che serviranno loro per tutta la vita.<\/p>\n<p>In breve, i nostri salvadanai con lettere 3D pi\u00f9 emozionanti e personalizzabili sono il regalo perfetto per i bambini, ispirandoli a risparmiare e gestire i propri soldi mentre si godono il proprio salvadanaio unico. Approfitta di questa occasione e sorprendi i pi\u00f9 piccoli con un regalo indimenticabile!<\/p>\n<p><strong>Dimensioni:<\/strong><\/p>\n<ul>\n<li><strong>Ampio:<\/strong> Dipende dalla lettera<\/li>\n<li><strong>Alto o alto:<\/strong> 15,5 cm<\/li>\n<li><strong>Spessore:<\/strong> 4 cm<\/li>\n<\/ul>","protected":false},"excerpt":{"rendered":"<p>Salvadanaio 3D personalizzabile a forma di lettera, realizzato con stampa 3D. Il suo design frontale trasparente ti consente di guardarlo riempirsi di monete, rendendo il salvataggio un&#039;esperienza emozionante. \u00c8 il regalo ideale e originale per i bambini, favorendo il loro apprendimento nell&#039;amministrazione economica.<\/p>","protected":false},"featured_media":5856,"template":"","meta":{"_seopress_robots_primary_cat":"49","_seopress_titles_title":"","_seopress_titles_desc":"","_seopress_robots_index":"","_seopress_analysis_target_kw":"","site-sidebar-layout":"default","site-content-layout":"","ast-site-content-layout":"default","site-content-style":"default","site-sidebar-style":"default","ast-global-header-display":"","ast-banner-title-visibility":"","ast-main-header-display":"","ast-hfb-above-header-display":"","ast-hfb-below-header-display":"","ast-hfb-mobile-header-display":"","site-post-title":"","ast-breadcrumbs-content":"","ast-featured-img":"","footer-sml-layout":"","ast-disable-related-posts":"","theme-transparent-header-meta":"","adv-header-id-meta":"","stick-header-meta":"","header-above-stick-meta":"","header-main-stick-meta":"","header-below-stick-meta":"","astra-migrate-meta-layouts":"default","ast-page-background-enabled":"default","ast-page-background-meta":{"desktop":{"background-color":"","background-image":"","background-repeat":"repeat","background-position":"center center","background-size":"auto","background-attachment":"scroll","background-type":"","background-media":"","overlay-type":"","overlay-color":"","overlay-opacity":"","overlay-gradient":""},"tablet":{"background-color":"","background-image":"","background-repeat":"repeat","background-position":"center center","background-size":"auto","background-attachment":"scroll","background-type":"","background-media":"","overlay-type":"","overlay-color":"","overlay-opacity":"","overlay-gradient":""},"mobile":{"background-color":"","background-image":"","background-repeat":"repeat","background-position":"center center","background-size":"auto","background-attachment":"scroll","background-type":"","background-media":"","overlay-type":"","overlay-color":"","overlay-opacity":"","overlay-gradient":""}},"ast-content-background-meta":{"desktop":{"background-color":"var(--ast-global-color-5)","background-image":"","background-repeat":"repeat","background-position":"center center","background-size":"auto","background-attachment":"scroll","background-type":"","background-media":"","overlay-type":"","overlay-color":"","overlay-opacity":"","overlay-gradient":""},"tablet":{"background-color":"var(--ast-global-color-5)","background-image":"","background-repeat":"repeat","background-position":"center center","background-size":"auto","background-attachment":"scroll","background-type":"","background-media":"","overlay-type":"","overlay-color":"","overlay-opacity":"","overlay-gradient":""},"mobile":{"background-color":"var(--ast-global-color-5)","background-image":"","background-repeat":"repeat","background-position":"center center","background-size":"auto","background-attachment":"scroll","background-type":"","background-media":"","overlay-type":"","overlay-color":"","overlay-opacity":"","overlay-gradient":""}}},"product_brand":[],"product_cat":[52,49],"product_tag":[],"class_list":{"0":"post-5851","1":"product","2":"type-product","3":"status-publish","4":"has-post-thumbnail","6":"product_cat-habitacion-de-bebe","7":"product_cat-regalos-originales","8":"desktop-align-center","9":"tablet-align-left","10":"mobile-align-center","11":"ast-product-gallery-layout-horizontal","12":"ast-magnify-disabled","13":"ast-product-tabs-layout-horizontal","14":"tm-has-options","16":"first","17":"instock","18":"taxable","19":"shipping-taxable","20":"purchasable","21":"product-type-simple"},"_links":{"self":[{"href":"https:\/\/kiemmi.com\/it\/wp-json\/wp\/v2\/product\/5851","targetHints":{"allow":["GET"]}}],"collection":[{"href":"https:\/\/kiemmi.com\/it\/wp-json\/wp\/v2\/product"}],"about":[{"href":"https:\/\/kiemmi.com\/it\/wp-json\/wp\/v2\/types\/product"}],"version-history":[{"count":0,"href":"https:\/\/kiemmi.com\/it\/wp-json\/wp\/v2\/product\/5851\/revisions"}],"wp:featuredmedia":[{"embeddable":true,"href":"https:\/\/kiemmi.com\/it\/wp-json\/wp\/v2\/media\/5856"}],"wp:attachment":[{"href":"https:\/\/kiemmi.com\/it\/wp-json\/wp\/v2\/media?parent=5851"}],"wp:term":[{"taxonomy":"product_brand","embeddable":true,"href":"https:\/\/kiemmi.com\/it\/wp-json\/wp\/v2\/product_brand?post=5851"},{"taxonomy":"product_cat","embeddable":true,"href":"https:\/\/kiemmi.com\/it\/wp-json\/wp\/v2\/product_cat?post=5851"},{"taxonomy":"product_tag","embeddable":true,"href":"https:\/\/kiemmi.com\/it\/wp-json\/wp\/v2\/product_tag?post=5851"}],"curies":[{"name":"wp","href":"https:\/\/api.w.org\/{rel}","templated":true}]}}