{"id":5634,"date":"2023-05-13T09:47:46","date_gmt":"2023-05-13T09:47:46","guid":{"rendered":"https:\/\/kiemmi.com\/?post_type=product&#038;p=5634"},"modified":"2025-09-12T11:14:14","modified_gmt":"2025-09-12T11:14:14","slug":"cassa-di-legno-personalizzata-per-regali-fatta-a-mano","status":"publish","type":"product","link":"https:\/\/kiemmi.com\/it\/shop\/cajas-de-madera-personalizadas\/cofre-de-madera-personalizada-para-regalos-hecha-a-mano\/","title":{"rendered":"Cassapanca in legno personalizzata per regali fatti a mano"},"content":{"rendered":"<p>Cassapanca in legno tagliata e incisa al laser, con coperchio personalizzabile. Questo scrigno \u00e8 il posto perfetto per custodire i tuoi gioielli pi\u00f9 preziosi o da regalare a una persona speciale.<\/p>\n<p>Ci\u00f2 che rende speciale questo baule \u00e8 che \u00e8 realizzato a mano secondo i pi\u00f9 alti standard di qualit\u00e0 e attenzione ai dettagli. Utilizziamo legno proveniente da foreste europee sostenibili, assicurandoci che ogni baule sia unico e abbia la sua storia. Inoltre, abbiamo utilizzato prodotti ecologici per verniciare il baule, che non solo protegge la superficie e la rende resistente, ma aiuta anche a proteggere il nostro pianeta.<\/p>\n<p>Ogni baule \u00e8 realizzato su ordinazione, il che significa che non abbiamo stock. Ci\u00f2 garantisce che ogni baule sia realizzato con cura e attenzione personalizzata. L&#039;incisione laser sul coperchio personalizzabile \u00e8 una caratteristica speciale che aggiunge un tocco personale e unico al petto.<\/p>\n<p>Se stai cercando un regalo per una persona speciale o vuoi semplicemente conservare i tuoi gioielli in un posto speciale, questa cassa in legno fatta a mano \u00e8 la scelta perfetta. Siamo certi che amerai la qualit\u00e0 e i dettagli di ogni baule che realizziamo. Non esitare a ordinare oggi e sperimenta l&#039;artigianato di alta qualit\u00e0 a casa tua!<\/p>\n<p><strong>Caratteristiche:<\/strong><\/p>\n<ul>\n<li>Materiale: Legno naturale verniciato con prodotti ecologici<\/li>\n<li>Dimensioni: 10 cm di larghezza x 8,6 cm di lunghezza x 6,8 cm di altezza<\/li>\n<\/ul>","protected":false},"excerpt":{"rendered":"<p>Vi presentiamo la nostra cassa in legno fatta a mano con taglio e incisione laser e un coperchio personalizzabile. Ideale per conservare gioielli o da regalare a una persona speciale. Utilizziamo legno proveniente da foreste europee sostenibili e vernici ecologiche per proteggerne la superficie. Ogni baule \u00e8 realizzato su ordinazione, garantendo un&#039;attenzione personalizzata e una qualit\u00e0 eccezionale. Ordina oggi e sperimenta l&#039;artigianato di alta qualit\u00e0 a casa tua.<\/p>","protected":false},"featured_media":6249,"template":"","meta":{"_seopress_robots_primary_cat":"38","_seopress_titles_title":"%%title%% %%page%%","_seopress_titles_desc":"","_seopress_robots_index":"","_seopress_analysis_target_kw":"","site-sidebar-layout":"default","site-content-layout":"","ast-site-content-layout":"default","site-content-style":"default","site-sidebar-style":"default","ast-global-header-display":"","ast-banner-title-visibility":"","ast-main-header-display":"","ast-hfb-above-header-display":"","ast-hfb-below-header-display":"","ast-hfb-mobile-header-display":"","site-post-title":"","ast-breadcrumbs-content":"","ast-featured-img":"","footer-sml-layout":"","ast-disable-related-posts":"","theme-transparent-header-meta":"default","adv-header-id-meta":"","stick-header-meta":"default","header-above-stick-meta":"","header-main-stick-meta":"","header-below-stick-meta":"","astra-migrate-meta-layouts":"set","ast-page-background-enabled":"default","ast-page-background-meta":{"desktop":{"background-color":"","background-image":"","background-repeat":"repeat","background-position":"center center","background-size":"auto","background-attachment":"scroll","background-type":"","background-media":"","overlay-type":"","overlay-color":"","overlay-opacity":"","overlay-gradient":""},"tablet":{"background-color":"","background-image":"","background-repeat":"repeat","background-position":"center center","background-size":"auto","background-attachment":"scroll","background-type":"","background-media":"","overlay-type":"","overlay-color":"","overlay-opacity":"","overlay-gradient":""},"mobile":{"background-color":"","background-image":"","background-repeat":"repeat","background-position":"center center","background-size":"auto","background-attachment":"scroll","background-type":"","background-media":"","overlay-type":"","overlay-color":"","overlay-opacity":"","overlay-gradient":""}},"ast-content-background-meta":{"desktop":{"background-color":"var(--ast-global-color-5)","background-image":"","background-repeat":"repeat","background-position":"center center","background-size":"auto","background-attachment":"scroll","background-type":"","background-media":"","overlay-type":"","overlay-color":"","overlay-opacity":"","overlay-gradient":""},"tablet":{"background-color":"var(--ast-global-color-5)","background-image":"","background-repeat":"repeat","background-position":"center center","background-size":"auto","background-attachment":"scroll","background-type":"","background-media":"","overlay-type":"","overlay-color":"","overlay-opacity":"","overlay-gradient":""},"mobile":{"background-color":"var(--ast-global-color-5)","background-image":"","background-repeat":"repeat","background-position":"center center","background-size":"auto","background-attachment":"scroll","background-type":"","background-media":"","overlay-type":"","overlay-color":"","overlay-opacity":"","overlay-gradient":""}}},"product_brand":[],"product_cat":[38],"product_tag":[],"class_list":{"0":"post-5634","1":"product","2":"type-product","3":"status-publish","4":"has-post-thumbnail","6":"product_cat-cajas-de-madera-personalizadas","7":"desktop-align-center","8":"tablet-align-left","9":"mobile-align-center","10":"ast-product-gallery-layout-horizontal","11":"ast-magnify-disabled","12":"ast-product-tabs-layout-horizontal","13":"tm-has-options","15":"first","16":"instock","17":"taxable","18":"shipping-taxable","19":"purchasable","20":"product-type-simple"},"_links":{"self":[{"href":"https:\/\/kiemmi.com\/it\/wp-json\/wp\/v2\/product\/5634","targetHints":{"allow":["GET"]}}],"collection":[{"href":"https:\/\/kiemmi.com\/it\/wp-json\/wp\/v2\/product"}],"about":[{"href":"https:\/\/kiemmi.com\/it\/wp-json\/wp\/v2\/types\/product"}],"version-history":[{"count":0,"href":"https:\/\/kiemmi.com\/it\/wp-json\/wp\/v2\/product\/5634\/revisions"}],"wp:featuredmedia":[{"embeddable":true,"href":"https:\/\/kiemmi.com\/it\/wp-json\/wp\/v2\/media\/6249"}],"wp:attachment":[{"href":"https:\/\/kiemmi.com\/it\/wp-json\/wp\/v2\/media?parent=5634"}],"wp:term":[{"taxonomy":"product_brand","embeddable":true,"href":"https:\/\/kiemmi.com\/it\/wp-json\/wp\/v2\/product_brand?post=5634"},{"taxonomy":"product_cat","embeddable":true,"href":"https:\/\/kiemmi.com\/it\/wp-json\/wp\/v2\/product_cat?post=5634"},{"taxonomy":"product_tag","embeddable":true,"href":"https:\/\/kiemmi.com\/it\/wp-json\/wp\/v2\/product_tag?post=5634"}],"curies":[{"name":"wp","href":"https:\/\/api.w.org\/{rel}","templated":true}]}}