{"id":5484,"date":"2023-05-08T08:02:04","date_gmt":"2023-05-08T08:02:04","guid":{"rendered":"https:\/\/kiemmi.com\/?post_type=product&#038;p=5484"},"modified":"2025-09-12T11:15:21","modified_gmt":"2025-09-12T11:15:21","slug":"scatola-in-legno-personalizzata-per-regali-fatta-a-mano","status":"publish","type":"product","link":"https:\/\/kiemmi.com\/it\/shop\/cajas-de-madera-personalizadas\/caja-de-madera-personalizada-para-regalos-hecha-a-mano\/","title":{"rendered":"Confezione regalo in legno personalizzata fatta a mano"},"content":{"rendered":"<p>La nostra scatola di legno fatta a mano \u00e8 un vero tesoro di artigianato. Ogni scatola \u00e8 tagliata e incisa al laser per garantire una vestibilit\u00e0 perfetta e un design personalizzato. Il coperchio superiore della scatola pu\u00f2 essere personalizzato con qualsiasi testo desideri, rendendolo un regalo davvero speciale per amici, familiari o anche per te stesso.<\/p>\n<p>La scatola \u00e8 realizzata in legno proveniente da foreste europee sostenibili ed \u00e8 verniciata con prodotti ecologici per proteggerne la superficie e garantirne la durata nel tempo. Inoltre, puoi scegliere di avere il fondo della scatola preparato con velluto colorato nero o rosso per un look ancora pi\u00f9 elegante.<\/p>\n<p>Non abbiamo stock, ogni scatola \u00e8 realizzata a mano su ordinazione. Questo ci permette di dedicare il tempo e l&#039;attenzione necessari per garantire che ogni scatola abbia finiture incredibili e di alta qualit\u00e0. L&#039;attenzione ai dettagli \u00e8 una delle nostre principali preoccupazioni e ci assicuriamo che ogni scatola che spediamo sia un&#039;opera d&#039;arte unica e personalizzata.<\/p>\n<p>In breve, la nostra scatola di legno fatta a mano \u00e8 un regalo originale e personalizzato che non troverai in nessun altro negozio. Con materiali sostenibili e un&#039;attenzione ai dettagli senza pari, questa scatola \u00e8 davvero unica nel suo genere e sar\u00e0 apprezzata da chiunque la riceva.<\/p>\n<p><strong>Caratteristiche:<\/strong><\/p>\n<ul>\n<li>Materiale: Legno naturale tinto noce e verniciato con prodotti ecologici<\/li>\n<li>Dimensioni: 15 cm di larghezza x 8 cm di lunghezza x 3,4 cm di altezza<\/li>\n<\/ul>","protected":false},"excerpt":{"rendered":"<p>La nostra scatola di legno fatta a mano \u00e8 un&#039;opera d&#039;arte personalizzata. Tagliato e inciso al laser, il coperchio superiore della scatola pu\u00f2 essere personalizzato con qualsiasi testo tu voglia o il nome della persona a cui vuoi regalare la scatola. Realizzata con legno proveniente da foreste europee sostenibili e verniciata con prodotti ecologici per proteggerne la superficie, ogni scatola \u00e8 realizzata a mano su ordinazione per garantire una finitura straordinaria e di alta qualit\u00e0. Inoltre il fondo della scatola pu\u00f2 essere preparato con velluto nero o rosso per un aspetto ancora pi\u00f9 elegante. \u00c8 il regalo perfetto e originale per ogni occasione.<\/p>","protected":false},"featured_media":5486,"template":"","meta":{"_seopress_robots_primary_cat":"38","_seopress_titles_title":"%%title%% %%page%%","_seopress_titles_desc":"","_seopress_robots_index":"","_seopress_analysis_target_kw":"","site-sidebar-layout":"default","site-content-layout":"","ast-site-content-layout":"default","site-content-style":"default","site-sidebar-style":"default","ast-global-header-display":"","ast-banner-title-visibility":"","ast-main-header-display":"","ast-hfb-above-header-display":"","ast-hfb-below-header-display":"","ast-hfb-mobile-header-display":"","site-post-title":"","ast-breadcrumbs-content":"","ast-featured-img":"","footer-sml-layout":"","ast-disable-related-posts":"","theme-transparent-header-meta":"default","adv-header-id-meta":"","stick-header-meta":"default","header-above-stick-meta":"","header-main-stick-meta":"","header-below-stick-meta":"","astra-migrate-meta-layouts":"set","ast-page-background-enabled":"default","ast-page-background-meta":{"desktop":{"background-color":"","background-image":"","background-repeat":"repeat","background-position":"center center","background-size":"auto","background-attachment":"scroll","background-type":"","background-media":"","overlay-type":"","overlay-color":"","overlay-opacity":"","overlay-gradient":""},"tablet":{"background-color":"","background-image":"","background-repeat":"repeat","background-position":"center center","background-size":"auto","background-attachment":"scroll","background-type":"","background-media":"","overlay-type":"","overlay-color":"","overlay-opacity":"","overlay-gradient":""},"mobile":{"background-color":"","background-image":"","background-repeat":"repeat","background-position":"center center","background-size":"auto","background-attachment":"scroll","background-type":"","background-media":"","overlay-type":"","overlay-color":"","overlay-opacity":"","overlay-gradient":""}},"ast-content-background-meta":{"desktop":{"background-color":"var(--ast-global-color-5)","background-image":"","background-repeat":"repeat","background-position":"center center","background-size":"auto","background-attachment":"scroll","background-type":"","background-media":"","overlay-type":"","overlay-color":"","overlay-opacity":"","overlay-gradient":""},"tablet":{"background-color":"var(--ast-global-color-5)","background-image":"","background-repeat":"repeat","background-position":"center center","background-size":"auto","background-attachment":"scroll","background-type":"","background-media":"","overlay-type":"","overlay-color":"","overlay-opacity":"","overlay-gradient":""},"mobile":{"background-color":"var(--ast-global-color-5)","background-image":"","background-repeat":"repeat","background-position":"center center","background-size":"auto","background-attachment":"scroll","background-type":"","background-media":"","overlay-type":"","overlay-color":"","overlay-opacity":"","overlay-gradient":""}}},"product_brand":[],"product_cat":[38],"product_tag":[],"class_list":{"0":"post-5484","1":"product","2":"type-product","3":"status-publish","4":"has-post-thumbnail","6":"product_cat-cajas-de-madera-personalizadas","7":"desktop-align-center","8":"tablet-align-left","9":"mobile-align-center","10":"ast-product-gallery-layout-horizontal","11":"ast-magnify-disabled","12":"ast-product-tabs-layout-horizontal","13":"tm-has-options","15":"first","16":"instock","17":"taxable","18":"shipping-taxable","19":"purchasable","20":"product-type-simple"},"_links":{"self":[{"href":"https:\/\/kiemmi.com\/it\/wp-json\/wp\/v2\/product\/5484","targetHints":{"allow":["GET"]}}],"collection":[{"href":"https:\/\/kiemmi.com\/it\/wp-json\/wp\/v2\/product"}],"about":[{"href":"https:\/\/kiemmi.com\/it\/wp-json\/wp\/v2\/types\/product"}],"version-history":[{"count":0,"href":"https:\/\/kiemmi.com\/it\/wp-json\/wp\/v2\/product\/5484\/revisions"}],"wp:featuredmedia":[{"embeddable":true,"href":"https:\/\/kiemmi.com\/it\/wp-json\/wp\/v2\/media\/5486"}],"wp:attachment":[{"href":"https:\/\/kiemmi.com\/it\/wp-json\/wp\/v2\/media?parent=5484"}],"wp:term":[{"taxonomy":"product_brand","embeddable":true,"href":"https:\/\/kiemmi.com\/it\/wp-json\/wp\/v2\/product_brand?post=5484"},{"taxonomy":"product_cat","embeddable":true,"href":"https:\/\/kiemmi.com\/it\/wp-json\/wp\/v2\/product_cat?post=5484"},{"taxonomy":"product_tag","embeddable":true,"href":"https:\/\/kiemmi.com\/it\/wp-json\/wp\/v2\/product_tag?post=5484"}],"curies":[{"name":"wp","href":"https:\/\/api.w.org\/{rel}","templated":true}]}}