{"id":5175,"date":"2023-01-19T14:44:15","date_gmt":"2023-01-19T14:44:15","guid":{"rendered":"https:\/\/kiemmi.com\/?post_type=product&#038;p=5175"},"modified":"2025-09-11T08:00:56","modified_gmt":"2025-09-11T08:00:56","slug":"porta-penne-e-supporto-mobile-a-forma-di-gatto-in-legno","status":"publish","type":"product","link":"https:\/\/kiemmi.com\/it\/shop\/soportes-para-moviles\/portaboligrafos-y-soporte-movil-en-forma-de-gato-de-madera\/","title":{"rendered":"Portapenne e supporto mobile a forma di gatto in legno"},"content":{"rendered":"<p>Scopri il portapenne in legno a forma di gatto, un autentico gioiello fatto a mano che delizier\u00e0 gli amanti dei felini! Meticolosamente tagliato al laser, questo fantastico accessorio unisce funzionalit\u00e0 e stile in un modo unico.<\/p>\n<p>Ogni portapenne \u00e8 stato accuratamente realizzato a mano, garantendo una qualit\u00e0 eccezionale in ogni dettaglio. Il design a forma di gatto cattura l&#039;essenza e l&#039;eleganza di questi adorabili animali, rendendolo un must per gli amanti dei gatti.<\/p>\n<p>Ma non \u00e8 tutto, questo versatile portapenne pu\u00f2 fungere anche da pratico supporto per il tuo cellulare. Posiziona il tuo dispositivo nello slot appositamente progettato e goditi una visione comoda e sicura mentre lavori, studi o semplicemente ti rilassi.<\/p>\n<p>Apprezziamo la cura dell&#039;ambiente, motivo per cui questo portapenne \u00e8 realizzato in legno proveniente da foreste europee sostenibili. Non solo acquisterai un oggetto funzionale e bello, ma contribuirai anche alla conservazione delle nostre preziose risorse naturali.<\/p>\n<p>Che tu sia un fan dei gatti o che tu stia cercando il regalo perfetto per un amante felino, questo portapenne in legno a forma di gatto \u00e8 la scelta perfetta. Aggiungi un tocco affascinante e pratico al tuo spazio di lavoro o regalalo a una persona speciale che non sa resistere alla tenerezza felina.<\/p>\n<p>Non perdere questa opportunit\u00e0! Acquista subito il portapenne in legno a forma di gatto e unisciti alla comunit\u00e0 di amanti dei gatti che stanno gi\u00e0 apprezzando questo meraviglioso prodotto.<\/p>\n<p><strong>Dimensioni:<\/strong><\/p>\n<ul>\n<li>Larghezza: 10cm<\/li>\n<li>Profondit\u00e0: 5,5 cm<\/li>\n<li>Altezza: 11cm<\/li>\n<li>Spessore del legno: 3 mm<\/li>\n<\/ul>","protected":false},"excerpt":{"rendered":"<p>Scopri il portapenne in legno a forma di gatto, un gioiello artigianale realizzato a mano con taglio laser. Funziona come supporto mobile e proviene da foreste europee sostenibili. Perfetto per gli amanti dei gatti e gli amanti dei felini. Aggiungi fascino e praticit\u00e0 al tuo spazio di lavoro. Non perdere l&#039;occasione di acquistare questo meraviglioso prodotto!<\/p>","protected":false},"featured_media":5176,"template":"","meta":{"_seopress_robots_primary_cat":"34","_seopress_titles_title":"%%title%% %%page%%","_seopress_titles_desc":"","_seopress_robots_index":"","_seopress_analysis_target_kw":"","site-sidebar-layout":"default","site-content-layout":"","ast-site-content-layout":"default","site-content-style":"default","site-sidebar-style":"default","ast-global-header-display":"","ast-banner-title-visibility":"","ast-main-header-display":"","ast-hfb-above-header-display":"","ast-hfb-below-header-display":"","ast-hfb-mobile-header-display":"","site-post-title":"","ast-breadcrumbs-content":"","ast-featured-img":"","footer-sml-layout":"","ast-disable-related-posts":"","theme-transparent-header-meta":"","adv-header-id-meta":"","stick-header-meta":"","header-above-stick-meta":"","header-main-stick-meta":"","header-below-stick-meta":"","astra-migrate-meta-layouts":"default","ast-page-background-enabled":"default","ast-page-background-meta":{"desktop":{"background-color":"","background-image":"","background-repeat":"repeat","background-position":"center center","background-size":"auto","background-attachment":"scroll","background-type":"","background-media":"","overlay-type":"","overlay-color":"","overlay-opacity":"","overlay-gradient":""},"tablet":{"background-color":"","background-image":"","background-repeat":"repeat","background-position":"center center","background-size":"auto","background-attachment":"scroll","background-type":"","background-media":"","overlay-type":"","overlay-color":"","overlay-opacity":"","overlay-gradient":""},"mobile":{"background-color":"","background-image":"","background-repeat":"repeat","background-position":"center center","background-size":"auto","background-attachment":"scroll","background-type":"","background-media":"","overlay-type":"","overlay-color":"","overlay-opacity":"","overlay-gradient":""}},"ast-content-background-meta":{"desktop":{"background-color":"var(--ast-global-color-5)","background-image":"","background-repeat":"repeat","background-position":"center center","background-size":"auto","background-attachment":"scroll","background-type":"","background-media":"","overlay-type":"","overlay-color":"","overlay-opacity":"","overlay-gradient":""},"tablet":{"background-color":"var(--ast-global-color-5)","background-image":"","background-repeat":"repeat","background-position":"center center","background-size":"auto","background-attachment":"scroll","background-type":"","background-media":"","overlay-type":"","overlay-color":"","overlay-opacity":"","overlay-gradient":""},"mobile":{"background-color":"var(--ast-global-color-5)","background-image":"","background-repeat":"repeat","background-position":"center center","background-size":"auto","background-attachment":"scroll","background-type":"","background-media":"","overlay-type":"","overlay-color":"","overlay-opacity":"","overlay-gradient":""}}},"product_brand":[],"product_cat":[87,49,34],"product_tag":[],"class_list":{"0":"post-5175","1":"product","2":"type-product","3":"status-publish","4":"has-post-thumbnail","6":"product_cat-mascotas","7":"product_cat-regalos-originales","8":"product_cat-soportes-para-moviles","9":"desktop-align-center","10":"tablet-align-left","11":"mobile-align-center","12":"ast-product-gallery-layout-horizontal","13":"ast-magnify-disabled","14":"ast-product-tabs-layout-horizontal","15":"tm-no-options","17":"first","18":"instock","19":"taxable","20":"shipping-taxable","21":"purchasable","22":"product-type-simple"},"_links":{"self":[{"href":"https:\/\/kiemmi.com\/it\/wp-json\/wp\/v2\/product\/5175","targetHints":{"allow":["GET"]}}],"collection":[{"href":"https:\/\/kiemmi.com\/it\/wp-json\/wp\/v2\/product"}],"about":[{"href":"https:\/\/kiemmi.com\/it\/wp-json\/wp\/v2\/types\/product"}],"version-history":[{"count":0,"href":"https:\/\/kiemmi.com\/it\/wp-json\/wp\/v2\/product\/5175\/revisions"}],"wp:featuredmedia":[{"embeddable":true,"href":"https:\/\/kiemmi.com\/it\/wp-json\/wp\/v2\/media\/5176"}],"wp:attachment":[{"href":"https:\/\/kiemmi.com\/it\/wp-json\/wp\/v2\/media?parent=5175"}],"wp:term":[{"taxonomy":"product_brand","embeddable":true,"href":"https:\/\/kiemmi.com\/it\/wp-json\/wp\/v2\/product_brand?post=5175"},{"taxonomy":"product_cat","embeddable":true,"href":"https:\/\/kiemmi.com\/it\/wp-json\/wp\/v2\/product_cat?post=5175"},{"taxonomy":"product_tag","embeddable":true,"href":"https:\/\/kiemmi.com\/it\/wp-json\/wp\/v2\/product_tag?post=5175"}],"curies":[{"name":"wp","href":"https:\/\/api.w.org\/{rel}","templated":true}]}}