{"id":4932,"date":"2022-10-23T08:12:17","date_gmt":"2022-10-23T08:12:17","guid":{"rendered":"https:\/\/kiemmi.com\/?post_type=product&#038;p=4932"},"modified":"2023-10-07T20:47:22","modified_gmt":"2023-10-07T20:47:22","slug":"mappamondo-in-legno-con-nome-personalizzato-per-la-decorazione-della-stanza-del-tuo-bambino","status":"publish","type":"product","link":"https:\/\/kiemmi.com\/it\/shop\/decoracion-del-hogar\/habitacion-de-bebe\/globo-de-madera-con-nombre-personalizado-para-decoracion-de-habitacion-de-tu-bebe\/","title":{"rendered":"Palloncino in legno con nome personalizzato per la decorazione della cameretta del tuo bambino"},"content":{"rendered":"<p>Se stai cercando un modo unico e speciale per aggiungere un tocco di fascino alla cameretta del tuo bambino o per sorprendere una persona cara che ha appena accolto un neonato, sei nel posto giusto. I nostri palloncini in legno naturale tagliati al laser fatti a mano sono la scelta perfetta per aggiungere un tocco di dolcezza e personalit\u00e0 a qualsiasi spazio.<\/p>\n<p>Cosa rende i nostri palloncini cos\u00ec speciali? Prima di tutto, ogni palloncino \u00e8 un&#039;opera d&#039;arte, realizzata a mano con amore e cura. Utilizziamo legno naturale della massima qualit\u00e0 per garantire un pezzo durevole e bello. Ma ci\u00f2 che rende davvero unici questi palloncini \u00e8 la possibilit\u00e0 di personalizzarli con il nome del tuo bambino o con il nome di quella persona speciale. \u00c8 un modo adorabile per rendere ogni palloncino davvero unico e significativo.<\/p>\n<p>Per soddisfare le vostre preferenze ed esigenze, offriamo tre opzioni di colore: blu, rosa o legno naturale. Potrai scegliere la tonalit\u00e0 che pi\u00f9 si adatta allo stile della stanza o al gusto della persona a cui lo regalerai. Inoltre, offriamo due diverse dimensioni di palloncini: 25 cm o 30 cm di altezza, cos\u00ec potrai trovare la dimensione perfetta per la decorazione che avevi in mente.<\/p>\n<p>I nostri palloncini in legno personalizzati sono molto pi\u00f9 che semplici oggetti decorativi; Sono tesori che racconteranno una storia e creeranno ricordi indimenticabili. Che tu voglia abbellire la cameretta del tuo bambino o fare un regalo con un tocco personale in un&#039;occasione speciale, i nostri palloncini sono la scelta perfetta.<\/p>\n<p>Quindi non aspettare oltre e aggiungi un tocco di magia alla tua vita con i nostri affascinanti palloncini in legno naturale personalizzati. Effettua il tuo ordine oggi e crea momenti indimenticabili che dureranno per sempre!<\/p>\n<p><strong style=\"font-size: 1rem;\">Dimensioni:<\/strong><\/p>\n<ul>\n<li><strong>Modello normale:<\/strong>\n<ul>\n<li><strong>Alto o alto:<\/strong> 25 cm<\/li>\n<li><strong>Ampio:<\/strong> Varia a seconda della lunghezza del nome<\/li>\n<li><strong>Spessore:<\/strong> 8 mm<\/li>\n<\/ul>\n<\/li>\n<li><strong>Modello grande:<\/strong>\n<ul>\n<li><strong>Alto o alto:<\/strong> 30 cm<\/li>\n<li><strong>Ampio:<\/strong> Varia a seconda della lunghezza del nome<\/li>\n<li><strong>Spessore:<\/strong> 8 mm<\/li>\n<\/ul>\n<\/li>\n<\/ul>","protected":false},"excerpt":{"rendered":"<p>Scopri i nostri palloncini in legno naturale personalizzati, ideali per decorare le camerette dei bambini o come regali speciali. Ogni palloncino \u00e8 realizzato a mano con taglio laser e pu\u00f2 essere personalizzato con il nome del tuo bambino o della persona amata. Offriamo tre colori (blu, rosa o legno naturale) e due dimensioni (25 cm o 30 cm) per soddisfare le vostre preferenze. Questi palloncini sono pezzi unici che aggiungono fascino e significato a qualsiasi spazio. Ordina oggi e crea momenti indimenticabili con i nostri palloncini personalizzati.<\/p>","protected":false},"featured_media":4933,"template":"","meta":{"_seopress_robots_primary_cat":"52","_seopress_titles_title":"Globo de madera con nombre personalizado para habitaci\u00f3n de ni\u00f1o","_seopress_titles_desc":"Globo decorativo hecho a mano de madera personalizado con el nombre de tu bebe. Ideal para la decoraci\u00f3n de la habitaci\u00f3n de tu bebe.","_seopress_robots_index":"","_seopress_analysis_target_kw":"","site-sidebar-layout":"default","site-content-layout":"","ast-site-content-layout":"default","site-content-style":"default","site-sidebar-style":"default","ast-global-header-display":"","ast-banner-title-visibility":"","ast-main-header-display":"","ast-hfb-above-header-display":"","ast-hfb-below-header-display":"","ast-hfb-mobile-header-display":"","site-post-title":"","ast-breadcrumbs-content":"","ast-featured-img":"","footer-sml-layout":"","ast-disable-related-posts":"","theme-transparent-header-meta":"","adv-header-id-meta":"","stick-header-meta":"","header-above-stick-meta":"","header-main-stick-meta":"","header-below-stick-meta":"","astra-migrate-meta-layouts":"default","ast-page-background-enabled":"default","ast-page-background-meta":{"desktop":{"background-color":"","background-image":"","background-repeat":"repeat","background-position":"center center","background-size":"auto","background-attachment":"scroll","background-type":"","background-media":"","overlay-type":"","overlay-color":"","overlay-opacity":"","overlay-gradient":""},"tablet":{"background-color":"","background-image":"","background-repeat":"repeat","background-position":"center center","background-size":"auto","background-attachment":"scroll","background-type":"","background-media":"","overlay-type":"","overlay-color":"","overlay-opacity":"","overlay-gradient":""},"mobile":{"background-color":"","background-image":"","background-repeat":"repeat","background-position":"center center","background-size":"auto","background-attachment":"scroll","background-type":"","background-media":"","overlay-type":"","overlay-color":"","overlay-opacity":"","overlay-gradient":""}},"ast-content-background-meta":{"desktop":{"background-color":"var(--ast-global-color-5)","background-image":"","background-repeat":"repeat","background-position":"center center","background-size":"auto","background-attachment":"scroll","background-type":"","background-media":"","overlay-type":"","overlay-color":"","overlay-opacity":"","overlay-gradient":""},"tablet":{"background-color":"var(--ast-global-color-5)","background-image":"","background-repeat":"repeat","background-position":"center center","background-size":"auto","background-attachment":"scroll","background-type":"","background-media":"","overlay-type":"","overlay-color":"","overlay-opacity":"","overlay-gradient":""},"mobile":{"background-color":"var(--ast-global-color-5)","background-image":"","background-repeat":"repeat","background-position":"center center","background-size":"auto","background-attachment":"scroll","background-type":"","background-media":"","overlay-type":"","overlay-color":"","overlay-opacity":"","overlay-gradient":""}}},"product_brand":[],"product_cat":[51,52],"product_tag":[],"class_list":{"0":"post-4932","1":"product","2":"type-product","3":"status-publish","4":"has-post-thumbnail","6":"product_cat-decoracion-del-hogar","7":"product_cat-habitacion-de-bebe","8":"desktop-align-center","9":"tablet-align-left","10":"mobile-align-center","11":"ast-product-gallery-layout-horizontal","12":"ast-magnify-disabled","13":"ast-product-tabs-layout-horizontal","14":"tm-has-options","16":"first","17":"instock","18":"taxable","19":"shipping-taxable","20":"purchasable","21":"product-type-simple"},"_links":{"self":[{"href":"https:\/\/kiemmi.com\/it\/wp-json\/wp\/v2\/product\/4932","targetHints":{"allow":["GET"]}}],"collection":[{"href":"https:\/\/kiemmi.com\/it\/wp-json\/wp\/v2\/product"}],"about":[{"href":"https:\/\/kiemmi.com\/it\/wp-json\/wp\/v2\/types\/product"}],"version-history":[{"count":0,"href":"https:\/\/kiemmi.com\/it\/wp-json\/wp\/v2\/product\/4932\/revisions"}],"wp:featuredmedia":[{"embeddable":true,"href":"https:\/\/kiemmi.com\/it\/wp-json\/wp\/v2\/media\/4933"}],"wp:attachment":[{"href":"https:\/\/kiemmi.com\/it\/wp-json\/wp\/v2\/media?parent=4932"}],"wp:term":[{"taxonomy":"product_brand","embeddable":true,"href":"https:\/\/kiemmi.com\/it\/wp-json\/wp\/v2\/product_brand?post=4932"},{"taxonomy":"product_cat","embeddable":true,"href":"https:\/\/kiemmi.com\/it\/wp-json\/wp\/v2\/product_cat?post=4932"},{"taxonomy":"product_tag","embeddable":true,"href":"https:\/\/kiemmi.com\/it\/wp-json\/wp\/v2\/product_tag?post=4932"}],"curies":[{"name":"wp","href":"https:\/\/api.w.org\/{rel}","templated":true}]}}