{"id":37494,"date":"2025-12-13T18:28:26","date_gmt":"2025-12-13T18:28:26","guid":{"rendered":"https:\/\/kiemmi.com\/?post_type=product&#038;p=37494"},"modified":"2026-03-09T07:07:52","modified_gmt":"2026-03-09T07:07:52","slug":"distintivi-spille-assemblea-internazionale-2026-e-vissero-tutti-felici-e-contenti","status":"publish","type":"product","link":"https:\/\/kiemmi.com\/it\/shop\/jw\/asambleas-internacionales-2026-jw\/chapas-pins-asamblea-internacional-2026-felices-para-siempre\/","title":{"rendered":"Distintivi \/ Spille Assemblea Internazionale 2026 &quot;E vissero tutti felici e contenti&quot;\u00ab"},"content":{"rendered":"<p>Festeggia questo evento speciale con badge\/spille personalizzati ispirati al logo ufficiale della <strong>Assemblea Internazionale 2026<\/strong>. Ogni pezzo \u00e8 realizzato con grande attenzione ai dettagli, per offrirti un ricordo unico e significativo di questa occasione indimenticabile.<\/p>\n<p><strong>\ud83c\udf81 Un ricordo unico, fatto apposta per te<\/strong><br \/>\nQuesta spilla non \u00e8 solo un souvenir: \u00e8 un ricordo personale che puoi personalizzare. \u00c8 perfetta come regalo per fratelli o amici, o da conservare come ricordo speciale dell&#039;assemblea che ha reso la vostra esperienza cos\u00ec memorabile.<\/p>\n<p><strong>\ud83d\udd8a\ufe0f Personalizzazione disponibile<\/strong><br \/>\nPuoi personalizzare il tuo badge\/spilla con:<\/p>\n<p style=\"padding-left: 40px;\">\ud83d\udccd La citt\u00e0 dell&#039;assemblea<br \/>\n\u270d\ufe0f Nome, data o breve testo commemorativo<br \/>\n\ud83c\udfa8 Diverse opzioni di finitura (soggette a disponibilit\u00e0)<\/p>\n<p>Ogni unit\u00e0 viene preparata su ordinazione, curando ogni dettaglio per garantire un risultato speciale ed esclusivo.<\/p>\n<p><strong>\ud83c\udf0d Disponibile per le 19\u00b0 Assemblee Internazionali 2026<\/strong><\/p>\n<p style=\"padding-left: 40px;\">\ud83d\udd38 Douala (Camerun)<br \/>\n\ud83d\udd38 Bucarest (Romania)<br \/>\n\ud83d\udd38 Curitiba (Brasile)<br \/>\n\ud83d\udd38 St. John&#039;s, Terranova (Canada)<br \/>\n\ud83d\udd38 Varsavia (Polonia)<br \/>\n\ud83d\udd38 Stoccolma (Svezia)<br \/>\n\ud83d\udd38 Kaohsiung (Taiwan)<br \/>\n\ud83d\udd38 Citt\u00e0 di Panama (Panama)<br \/>\n\ud83d\udd38 Porto (Portogallo)<br \/>\n\ud83d\udd38 Calgary (Canada)<br \/>\n\ud83d\udd38 Quito (Ecuador)<br \/>\n\ud83d\udd38 Vilnius (Lituania)<br \/>\n\ud83d\udd38 Amburgo (Germania)<br \/>\n\ud83d\udd38 Utrecht (Paesi Bassi)<br \/>\n\ud83d\udd38 Johannesburg (Sudafrica)<br \/>\n\ud83d\udd38 Milwaukee (Stati Uniti)<br \/>\n\ud83d\udd38 Manila (Filippine)<br \/>\n\ud83d\udd38 San Diego (Stati Uniti)<br \/>\n\ud83d\udd38 Bangkok (Thailandia)<\/p>\n<p><strong>\ud83d\udccc Caratteristiche<\/strong><\/p>\n<p style=\"padding-left: 40px;\">\u2714\ufe0f Leggero e comodo per l&#039;uso quotidiano<br \/>\n\u2714\ufe0f Design durevole e robusto<br \/>\n\u2714\ufe0f Realizzato su ordinazione con attenzione ai dettagli<br \/>\n<span style=\"font-size: 16px;\">\u2714\ufe0f Personalizzazione chiara e semplice<\/span><\/p>\n<p>\u2728 Rendi il tuo ricordo davvero speciale<\/p>\n<p>Porta con te un simbolo unico del <strong>Assemblea Internazionale 2026<\/strong>, creato appositamente per te.<\/p>\n<p>\ud83d\udc49 Personalizza il tuo e conserva questo ricordo per sempre.<\/p>","protected":false},"excerpt":{"rendered":"<p>Spilla\/distintivo personalizzato \u2013 Assemblea Internazionale 2026\u201c<strong>Felici per sempre<\/strong>\u201d.<br \/>\nSouvenir esclusivo ispirato all&#039;Assemblea Internazionale del 2026.<br \/>\nSpilla o distintivo personalizzabile con la citt\u00e0 dell&#039;assemblea e testo commemorativo.<br \/>\nLeggeri, comodi e realizzati su ordinazione, ideali come regalo speciale o come ricordo duraturo di questo evento unico.<\/p>","protected":false},"featured_media":37498,"template":"","meta":{"_seopress_robots_primary_cat":"none","_seopress_titles_title":"Chapas exclusivas para las Asambleas Especiales 2025 - Adoraci\u00f3n Pura","_seopress_titles_desc":"Haz memorable la Asamblea Especial 2025 \"Adoraci\u00f3n Pura\"  con chapas de madera personalizables con el logo de la asamblea. Dise\u00f1o circular y elegante.","_seopress_robots_index":"","site-sidebar-layout":"default","site-content-layout":"","ast-site-content-layout":"default","site-content-style":"default","site-sidebar-style":"default","ast-global-header-display":"","ast-banner-title-visibility":"","ast-main-header-display":"","ast-hfb-above-header-display":"","ast-hfb-below-header-display":"","ast-hfb-mobile-header-display":"","site-post-title":"","ast-breadcrumbs-content":"","ast-featured-img":"","footer-sml-layout":"","ast-disable-related-posts":"","theme-transparent-header-meta":"default","adv-header-id-meta":"","stick-header-meta":"default","header-above-stick-meta":"","header-main-stick-meta":"","header-below-stick-meta":"","astra-migrate-meta-layouts":"set","ast-page-background-enabled":"default","ast-page-background-meta":{"desktop":{"background-color":"","background-image":"","background-repeat":"repeat","background-position":"center center","background-size":"auto","background-attachment":"scroll","background-type":"","background-media":"","overlay-type":"","overlay-color":"","overlay-opacity":"","overlay-gradient":""},"tablet":{"background-color":"","background-image":"","background-repeat":"repeat","background-position":"center center","background-size":"auto","background-attachment":"scroll","background-type":"","background-media":"","overlay-type":"","overlay-color":"","overlay-opacity":"","overlay-gradient":""},"mobile":{"background-color":"","background-image":"","background-repeat":"repeat","background-position":"center center","background-size":"auto","background-attachment":"scroll","background-type":"","background-media":"","overlay-type":"","overlay-color":"","overlay-opacity":"","overlay-gradient":""}},"ast-content-background-meta":{"desktop":{"background-color":"var(--ast-global-color-5)","background-image":"","background-repeat":"repeat","background-position":"center center","background-size":"auto","background-attachment":"scroll","background-type":"","background-media":"","overlay-type":"","overlay-color":"","overlay-opacity":"","overlay-gradient":""},"tablet":{"background-color":"var(--ast-global-color-5)","background-image":"","background-repeat":"repeat","background-position":"center center","background-size":"auto","background-attachment":"scroll","background-type":"","background-media":"","overlay-type":"","overlay-color":"","overlay-opacity":"","overlay-gradient":""},"mobile":{"background-color":"var(--ast-global-color-5)","background-image":"","background-repeat":"repeat","background-position":"center center","background-size":"auto","background-attachment":"scroll","background-type":"","background-media":"","overlay-type":"","overlay-color":"","overlay-opacity":"","overlay-gradient":""}}},"product_brand":[103],"product_cat":[105,62,66],"product_tag":[],"class_list":{"0":"post-37494","1":"product","2":"type-product","3":"status-publish","4":"has-post-thumbnail","6":"product_brand-kiemmi-creations","7":"product_cat-asambleas-internacionales-2026-jw","8":"product_cat-jw","9":"product_cat-llaveros-jw","10":"desktop-align-center","11":"tablet-align-left","12":"mobile-align-center","13":"ast-product-gallery-layout-horizontal","14":"ast-magnify-disabled","15":"ast-product-tabs-layout-horizontal","16":"tm-has-options","18":"first","19":"instock","20":"taxable","21":"shipping-taxable","22":"purchasable","23":"product-type-simple"},"_links":{"self":[{"href":"https:\/\/kiemmi.com\/it\/wp-json\/wp\/v2\/product\/37494","targetHints":{"allow":["GET"]}}],"collection":[{"href":"https:\/\/kiemmi.com\/it\/wp-json\/wp\/v2\/product"}],"about":[{"href":"https:\/\/kiemmi.com\/it\/wp-json\/wp\/v2\/types\/product"}],"version-history":[{"count":1,"href":"https:\/\/kiemmi.com\/it\/wp-json\/wp\/v2\/product\/37494\/revisions"}],"predecessor-version":[{"id":67001,"href":"https:\/\/kiemmi.com\/it\/wp-json\/wp\/v2\/product\/37494\/revisions\/67001"}],"wp:featuredmedia":[{"embeddable":true,"href":"https:\/\/kiemmi.com\/it\/wp-json\/wp\/v2\/media\/37498"}],"wp:attachment":[{"href":"https:\/\/kiemmi.com\/it\/wp-json\/wp\/v2\/media?parent=37494"}],"wp:term":[{"taxonomy":"product_brand","embeddable":true,"href":"https:\/\/kiemmi.com\/it\/wp-json\/wp\/v2\/product_brand?post=37494"},{"taxonomy":"product_cat","embeddable":true,"href":"https:\/\/kiemmi.com\/it\/wp-json\/wp\/v2\/product_cat?post=37494"},{"taxonomy":"product_tag","embeddable":true,"href":"https:\/\/kiemmi.com\/it\/wp-json\/wp\/v2\/product_tag?post=37494"}],"curies":[{"name":"wp","href":"https:\/\/api.w.org\/{rel}","templated":true}]}}