{"id":31161,"date":"2025-09-10T20:59:30","date_gmt":"2025-09-10T20:59:30","guid":{"rendered":"https:\/\/kiemmi.com\/?post_type=product&#038;p=31161"},"modified":"2026-02-27T11:50:19","modified_gmt":"2026-02-27T11:50:19","slug":"porta-carte-di-contatto-jw-personalizzabile-con-portachiavi","status":"publish","type":"product","link":"https:\/\/kiemmi.com\/it\/shop\/jw\/llaveros-jw\/porta-tarjetas-de-contacto-jw-personalizable-con-llavero\/","title":{"rendered":"Porta carte di contatto JW personalizzabile con portachiavi"},"content":{"rendered":"<p>Questo portachiavi con biglietti da visita JW \u00e8 progettato per tenere i tuoi biglietti a portata di mano, in modo ordinato ed elegante. Le sue dimensioni compatte lo rendono un accessorio ideale per il ministero, le riunioni e come regalo per i membri della congregazione, i pionieri, i partecipanti alle scuole per pionieri, le assemblee speciali o le assemblee internazionali.<\/p>\n<p>Realizzato in pelle sintetica vegana di alta qualit\u00e0, unisce resistenza ed eleganza. Puoi anche personalizzarlo con il tuo nome, un messaggio speciale o scegliere tra una variet\u00e0 di design predefiniti. Una delle opzioni pi\u00f9 popolari \u00e8 l&#039;incisione con la frase &quot;There&#039;s no better life&quot;, che lo rende un regalo unico e significativo.<\/p>\n<p><strong>Caratteristiche principali<\/strong><\/p>\n<ul>\n<li>Due slot interni per schede di contatto JW<\/li>\n<li>Robusto portachiavi in metallo da portare sempre con te<\/li>\n<li>Disponibile in vari colori (le tonalit\u00e0 possono variare a seconda dell&#039;illuminazione e dello schermo)<\/li>\n<li>Opzione di personalizzazione con testo o design predefiniti<\/li>\n<li>Dimensioni approssimative: 11 cm di larghezza x 8 cm di altezza.<\/li>\n<li>Materiale: pelle PU vegana di prima qualit\u00e0.<\/li>\n<\/ul>\n<p>Questo portachiavi porta-tessere \u00e8 pi\u00f9 di un semplice accessorio: \u00e8 un modo pratico ed elegante per tenere a portata di mano le tue tessere di contatto JW e un regalo perfetto per qualsiasi occasione speciale all&#039;interno della congregazione.<\/p>","protected":false},"excerpt":{"rendered":"<p>Porta carte di credito JW con portachiavi, realizzato in pelle vegana di alta qualit\u00e0. Compatto, resistente e personalizzabile, \u00e8 ideale per l&#039;uso quotidiano o come regalo.<\/p>","protected":false},"featured_media":31173,"template":"","meta":{"_seopress_robots_primary_cat":"","_seopress_titles_title":"Llavero Porta Tarjetas de contacto JW: Elegancia y Funcionalidad","_seopress_titles_desc":"Porta tarjetas de contacto JW con llavero en piel vegana. Compacto, resistente y personalizable. Ideal para regalar o llevar en el ministerio.","_seopress_robots_index":"","site-sidebar-layout":"default","site-content-layout":"","ast-site-content-layout":"default","site-content-style":"default","site-sidebar-style":"default","ast-global-header-display":"","ast-banner-title-visibility":"","ast-main-header-display":"","ast-hfb-above-header-display":"","ast-hfb-below-header-display":"","ast-hfb-mobile-header-display":"","site-post-title":"","ast-breadcrumbs-content":"","ast-featured-img":"","footer-sml-layout":"","ast-disable-related-posts":"","theme-transparent-header-meta":"default","adv-header-id-meta":"","stick-header-meta":"default","header-above-stick-meta":"","header-main-stick-meta":"","header-below-stick-meta":"","astra-migrate-meta-layouts":"set","ast-page-background-enabled":"default","ast-page-background-meta":{"desktop":{"background-color":"","background-image":"","background-repeat":"repeat","background-position":"center center","background-size":"auto","background-attachment":"scroll","background-type":"","background-media":"","overlay-type":"","overlay-color":"","overlay-opacity":"","overlay-gradient":""},"tablet":{"background-color":"","background-image":"","background-repeat":"repeat","background-position":"center center","background-size":"auto","background-attachment":"scroll","background-type":"","background-media":"","overlay-type":"","overlay-color":"","overlay-opacity":"","overlay-gradient":""},"mobile":{"background-color":"","background-image":"","background-repeat":"repeat","background-position":"center center","background-size":"auto","background-attachment":"scroll","background-type":"","background-media":"","overlay-type":"","overlay-color":"","overlay-opacity":"","overlay-gradient":""}},"ast-content-background-meta":{"desktop":{"background-color":"var(--ast-global-color-5)","background-image":"","background-repeat":"repeat","background-position":"center center","background-size":"auto","background-attachment":"scroll","background-type":"","background-media":"","overlay-type":"","overlay-color":"","overlay-opacity":"","overlay-gradient":""},"tablet":{"background-color":"var(--ast-global-color-5)","background-image":"","background-repeat":"repeat","background-position":"center center","background-size":"auto","background-attachment":"scroll","background-type":"","background-media":"","overlay-type":"","overlay-color":"","overlay-opacity":"","overlay-gradient":""},"mobile":{"background-color":"var(--ast-global-color-5)","background-image":"","background-repeat":"repeat","background-position":"center center","background-size":"auto","background-attachment":"scroll","background-type":"","background-media":"","overlay-type":"","overlay-color":"","overlay-opacity":"","overlay-gradient":""}}},"product_brand":[103],"product_cat":[66,64],"product_tag":[],"class_list":{"0":"post-31161","1":"product","2":"type-product","3":"status-publish","4":"has-post-thumbnail","6":"product_brand-kiemmi-creations","7":"product_cat-llaveros-jw","8":"product_cat-portatarjetas-jw","9":"desktop-align-center","10":"tablet-align-left","11":"mobile-align-center","12":"ast-product-gallery-layout-horizontal","13":"ast-magnify-disabled","14":"ast-product-tabs-layout-horizontal","15":"tm-has-options","17":"first","18":"instock","19":"taxable","20":"shipping-taxable","21":"purchasable","22":"product-type-simple"},"_links":{"self":[{"href":"https:\/\/kiemmi.com\/it\/wp-json\/wp\/v2\/product\/31161","targetHints":{"allow":["GET"]}}],"collection":[{"href":"https:\/\/kiemmi.com\/it\/wp-json\/wp\/v2\/product"}],"about":[{"href":"https:\/\/kiemmi.com\/it\/wp-json\/wp\/v2\/types\/product"}],"version-history":[{"count":1,"href":"https:\/\/kiemmi.com\/it\/wp-json\/wp\/v2\/product\/31161\/revisions"}],"predecessor-version":[{"id":67215,"href":"https:\/\/kiemmi.com\/it\/wp-json\/wp\/v2\/product\/31161\/revisions\/67215"}],"wp:featuredmedia":[{"embeddable":true,"href":"https:\/\/kiemmi.com\/it\/wp-json\/wp\/v2\/media\/31173"}],"wp:attachment":[{"href":"https:\/\/kiemmi.com\/it\/wp-json\/wp\/v2\/media?parent=31161"}],"wp:term":[{"taxonomy":"product_brand","embeddable":true,"href":"https:\/\/kiemmi.com\/it\/wp-json\/wp\/v2\/product_brand?post=31161"},{"taxonomy":"product_cat","embeddable":true,"href":"https:\/\/kiemmi.com\/it\/wp-json\/wp\/v2\/product_cat?post=31161"},{"taxonomy":"product_tag","embeddable":true,"href":"https:\/\/kiemmi.com\/it\/wp-json\/wp\/v2\/product_tag?post=31161"}],"curies":[{"name":"wp","href":"https:\/\/api.w.org\/{rel}","templated":true}]}}