{"id":2865,"date":"2021-08-25T17:09:11","date_gmt":"2021-08-25T17:09:11","guid":{"rendered":"https:\/\/www.tks3d.com\/?post_type=product&#038;p=2865"},"modified":"2025-09-11T21:28:27","modified_gmt":"2025-09-11T21:28:27","slug":"portachiavi-in-legno-a-forma-di-gatto-e-nome-di-cucciolo","status":"publish","type":"product","link":"https:\/\/kiemmi.com\/it\/shop\/llaveros-madera\/llavero-de-madera-con-forma-de-gato-y-nombre-mascota\/","title":{"rendered":"Portachiavi in legno a forma di gatto e nomignolo"},"content":{"rendered":"<p>Il portachiavi gatto in legno fatto a mano \u00e8 un prodotto unico e personalizzato, perfetto per chi ama i propri animali domestici e vuole portare con s\u00e9 un ricordo di loro ovunque. Il taglio e l&#039;incisione laser ad alta precisione consentono la creazione di un gatto dettagliato sul legno, conferendogli un aspetto elegante e moderno.<\/p>\n<p>Il portachiavi pu\u00f2 essere personalizzato con il nome dell&#039;animale o qualsiasi altro nome desiderato, rendendolo un regalo speciale e memorabile per amici e familiari. Inoltre, puoi scegliere tra diverse espressioni di gatto per adattarle alla personalit\u00e0 unica di ognuno.<\/p>\n<p>Il legno utilizzato nel portachiavi proviene da foreste sostenibili europee, il che significa che \u00e8 un prodotto ecologico e rispettoso dell&#039;ambiente. Inoltre, puoi scegliere tra diverse tonalit\u00e0 di legno, dal legno naturale alle diverse macchie, in modo che il portachiavi si adatti a qualsiasi stile personale.<\/p>\n<p>Infine, la superficie del portachiavi \u00e8 protetta con vernice ecologica in modo che duri pi\u00f9 a lungo, rendendolo un prodotto durevole e resistente all&#039;uso quotidiano. In breve, il portachiavi gatto in legno fatto a mano \u00e8 un regalo personalizzato ed ecologico che sar\u00e0 sicuramente apprezzato da qualsiasi amante dei gatti.<\/p>\n<p><strong>Dimensioni:<\/strong><\/p>\n<ul>\n<li>spessore: 3 mm<\/li>\n<li>Larghezza: 43,5 mm<\/li>\n<li>Altezza: 40 mm<\/li>\n<\/ul>\n<p><strong>Materiale:<\/strong><\/p>\n<ul>\n<li>Legna<\/li>\n<\/ul>","protected":false},"excerpt":{"rendered":"<p>Il portachiavi gatto in legno fatto a mano \u00e8 un prodotto unico e personalizzato, perfetto per chi ama i propri animali domestici e vuole portare con s\u00e9 un ricordo di loro ovunque. Il taglio e l&#039;incisione laser ad alta precisione consentono la creazione di un gatto dettagliato sul legno, conferendogli un aspetto elegante e moderno.<\/p>\n<p>Il portachiavi pu\u00f2 essere personalizzato con il nome dell&#039;animale o qualsiasi altro nome desiderato, rendendolo un regalo speciale e memorabile per amici e familiari. Inoltre, puoi scegliere tra diverse espressioni di gatto per adattarle alla personalit\u00e0 unica di ognuno.<\/p>\n<p>Il legno utilizzato nel portachiavi proviene da foreste sostenibili europee, il che significa che \u00e8 un prodotto ecologico e rispettoso dell&#039;ambiente. Inoltre, puoi scegliere tra diverse tonalit\u00e0 di legno, dal legno naturale alle diverse macchie, in modo che il portachiavi si adatti a qualsiasi stile personale.<\/p>\n<p>Infine, la superficie del portachiavi \u00e8 protetta con vernice ecologica in modo che duri pi\u00f9 a lungo, rendendolo un prodotto durevole e resistente all&#039;uso quotidiano. In breve, il portachiavi gatto in legno fatto a mano \u00e8 un regalo personalizzato ed ecologico che sar\u00e0 sicuramente apprezzato da qualsiasi amante dei gatti.<\/p>","protected":false},"featured_media":5375,"template":"","meta":{"_seopress_robots_primary_cat":"33","_seopress_titles_title":"Llavero de Madera Personalizado en Forma de Gato \u00fanico","_seopress_titles_desc":"Lleva tu amor por los gatos a todas partes con este llavero \u00fanico y ecol\u00f3gico, personalizado con el nombre de tu mascota y una expresi\u00f3n \u00fanica.","_seopress_robots_index":"","_seopress_analysis_target_kw":"","site-sidebar-layout":"default","site-content-layout":"","ast-site-content-layout":"default","site-content-style":"default","site-sidebar-style":"default","ast-global-header-display":"","ast-banner-title-visibility":"","ast-main-header-display":"","ast-hfb-above-header-display":"","ast-hfb-below-header-display":"","ast-hfb-mobile-header-display":"","site-post-title":"","ast-breadcrumbs-content":"","ast-featured-img":"","footer-sml-layout":"","ast-disable-related-posts":"","theme-transparent-header-meta":"default","adv-header-id-meta":"","stick-header-meta":"default","header-above-stick-meta":"","header-main-stick-meta":"","header-below-stick-meta":"","astra-migrate-meta-layouts":"set","ast-page-background-enabled":"default","ast-page-background-meta":{"desktop":{"background-color":"","background-image":"","background-repeat":"repeat","background-position":"center center","background-size":"auto","background-attachment":"scroll","background-type":"","background-media":"","overlay-type":"","overlay-color":"","overlay-opacity":"","overlay-gradient":""},"tablet":{"background-color":"","background-image":"","background-repeat":"repeat","background-position":"center center","background-size":"auto","background-attachment":"scroll","background-type":"","background-media":"","overlay-type":"","overlay-color":"","overlay-opacity":"","overlay-gradient":""},"mobile":{"background-color":"","background-image":"","background-repeat":"repeat","background-position":"center center","background-size":"auto","background-attachment":"scroll","background-type":"","background-media":"","overlay-type":"","overlay-color":"","overlay-opacity":"","overlay-gradient":""}},"ast-content-background-meta":{"desktop":{"background-color":"var(--ast-global-color-5)","background-image":"","background-repeat":"repeat","background-position":"center center","background-size":"auto","background-attachment":"scroll","background-type":"","background-media":"","overlay-type":"","overlay-color":"","overlay-opacity":"","overlay-gradient":""},"tablet":{"background-color":"var(--ast-global-color-5)","background-image":"","background-repeat":"repeat","background-position":"center center","background-size":"auto","background-attachment":"scroll","background-type":"","background-media":"","overlay-type":"","overlay-color":"","overlay-opacity":"","overlay-gradient":""},"mobile":{"background-color":"var(--ast-global-color-5)","background-image":"","background-repeat":"repeat","background-position":"center center","background-size":"auto","background-attachment":"scroll","background-type":"","background-media":"","overlay-type":"","overlay-color":"","overlay-opacity":"","overlay-gradient":""}}},"product_brand":[],"product_cat":[33],"product_tag":[],"class_list":{"0":"post-2865","1":"product","2":"type-product","3":"status-publish","4":"has-post-thumbnail","6":"product_cat-llaveros-madera","7":"desktop-align-center","8":"tablet-align-left","9":"mobile-align-center","10":"ast-product-gallery-layout-horizontal","11":"ast-magnify-disabled","12":"ast-product-tabs-layout-horizontal","13":"tm-has-options","15":"first","16":"instock","17":"taxable","18":"shipping-taxable","19":"purchasable","20":"product-type-simple"},"_links":{"self":[{"href":"https:\/\/kiemmi.com\/it\/wp-json\/wp\/v2\/product\/2865","targetHints":{"allow":["GET"]}}],"collection":[{"href":"https:\/\/kiemmi.com\/it\/wp-json\/wp\/v2\/product"}],"about":[{"href":"https:\/\/kiemmi.com\/it\/wp-json\/wp\/v2\/types\/product"}],"version-history":[{"count":0,"href":"https:\/\/kiemmi.com\/it\/wp-json\/wp\/v2\/product\/2865\/revisions"}],"wp:featuredmedia":[{"embeddable":true,"href":"https:\/\/kiemmi.com\/it\/wp-json\/wp\/v2\/media\/5375"}],"wp:attachment":[{"href":"https:\/\/kiemmi.com\/it\/wp-json\/wp\/v2\/media?parent=2865"}],"wp:term":[{"taxonomy":"product_brand","embeddable":true,"href":"https:\/\/kiemmi.com\/it\/wp-json\/wp\/v2\/product_brand?post=2865"},{"taxonomy":"product_cat","embeddable":true,"href":"https:\/\/kiemmi.com\/it\/wp-json\/wp\/v2\/product_cat?post=2865"},{"taxonomy":"product_tag","embeddable":true,"href":"https:\/\/kiemmi.com\/it\/wp-json\/wp\/v2\/product_tag?post=2865"}],"curies":[{"name":"wp","href":"https:\/\/api.w.org\/{rel}","templated":true}]}}