{"id":2744,"date":"2021-08-18T07:49:19","date_gmt":"2021-08-18T07:49:19","guid":{"rendered":"https:\/\/www.tks3d.com\/?post_type=product&#038;p=2744"},"modified":"2025-09-11T21:27:27","modified_gmt":"2025-09-11T21:27:27","slug":"portachiavi-legno-impronta-di-cane-e-nome-animale-domestico","status":"publish","type":"product","link":"https:\/\/kiemmi.com\/it\/shop\/llaveros-madera\/llavero-madera-huella-de-perro-y-nombre-mascota\/","title":{"rendered":"Portachiavi in legno con impronta di cane e nome personalizzato"},"content":{"rendered":"<p>Trasforma ogni momento in un ricordo speciale con questo affascinante portachiavi in legno a forma di zampa di cane, un pezzo unico che cattura l&#039;essenza dell&#039;amore per i nostri animali domestici.<\/p>\n<p>Ogni portachiavi \u00e8 realizzato con cura a mano, utilizzando la tecnologia di taglio e incisione laser per garantire qualit\u00e0 e dettagli eccezionali.<\/p>\n<p>Il legno utilizzato proviene da foreste europee sostenibili, riflettendo il nostro impegno per l&#039;ambiente e la qualit\u00e0.<\/p>\n<p>Inoltre, offriamo la possibilit\u00e0 di personalizzare il tuo portachiavi con una variet\u00e0 di colori, permettendoti di aggiungere un tocco personalizzato.<\/p>\n<p>Per garantire la durata e mantenere intatta la sua bellezza, ogni portachiavi \u00e8 sapientemente verniciato, fornendo protezione contro l&#039;usura quotidiana.<\/p>\n<p>Per te o come regalo significativo, questo portachiavi \u00e8 molto pi\u00f9 di un semplice accessorio: \u00e8 un omaggio al legame speciale che condividiamo con i nostri amici pelosi. Acquistalo oggi e porta con te lo spirito del tuo animale domestico ovunque tu vada!<\/p>\n<p><strong>Dimensioni:<\/strong><\/p>\n<ul>\n<li>spessore: 3 mm<\/li>\n<li>Larghezza: 45 mm<\/li>\n<li>Altezza: 42 mm<\/li>\n<\/ul>\n<p><strong>Materiale:<\/strong><\/p>\n<ul>\n<li>Legna<\/li>\n<\/ul>\n<p><strong>Colori:<\/strong><\/p>\n<div id='gallery-1' class='gallery galleryid-2744 gallery-columns-6 gallery-size-thumbnail'><figure class='gallery-item'>\n\t\t\t<div class='gallery-icon landscape'>\n\t\t\t\t<a href='https:\/\/kiemmi.com\/it\/?attachment_id=5352'><img width=\"150\" height=\"150\" src=\"https:\/\/kiemmi.com\/wp-content\/uploads\/2022\/12\/20230422_170532_001-150x150.jpg\" class=\"attachment-thumbnail size-thumbnail\" alt=\"Portachiavi in legno Impronta di cane \/ Impronta di gatto\" aria-describedby=\"gallery-1-5352\" srcset=\"https:\/\/kiemmi.com\/wp-content\/uploads\/2022\/12\/20230422_170532_001-150x150.jpg 150w, https:\/\/kiemmi.com\/wp-content\/uploads\/2022\/12\/20230422_170532_001-300x300.jpg 300w, https:\/\/kiemmi.com\/wp-content\/uploads\/2022\/12\/20230422_170532_001-100x100.jpg 100w, https:\/\/kiemmi.com\/wp-content\/uploads\/2022\/12\/20230422_170532_001-600x600.jpg 600w, https:\/\/kiemmi.com\/wp-content\/uploads\/2022\/12\/20230422_170532_001-64x64.jpg 64w, https:\/\/kiemmi.com\/wp-content\/uploads\/2022\/12\/20230422_170532_001-1024x1024.jpg 1024w, https:\/\/kiemmi.com\/wp-content\/uploads\/2022\/12\/20230422_170532_001-768x768.jpg 768w, https:\/\/kiemmi.com\/wp-content\/uploads\/2022\/12\/20230422_170532_001-1536x1536.jpg 1536w, https:\/\/kiemmi.com\/wp-content\/uploads\/2022\/12\/20230422_170532_001-12x12.jpg 12w, https:\/\/kiemmi.com\/wp-content\/uploads\/2022\/12\/20230422_170532_001-500x500.jpg 500w, https:\/\/kiemmi.com\/wp-content\/uploads\/2022\/12\/20230422_170532_001.jpg 2000w\" sizes=\"(max-width: 150px) 100vw, 150px\" data-xoowscfly=\"fly\" decoding=\"async\" \/><\/a>\n\t\t\t<\/div>\n\t\t\t\t<figcaption class='wp-caption-text gallery-caption' id='gallery-1-5352'>\n\t\t\t\tLegno naturale\n\t\t\t\t<\/figcaption><\/figure><figure class='gallery-item'>\n\t\t\t<div class='gallery-icon landscape'>\n\t\t\t\t<a href='https:\/\/kiemmi.com\/it\/?attachment_id=5355'><img width=\"150\" height=\"150\" src=\"https:\/\/kiemmi.com\/wp-content\/uploads\/2022\/12\/20230422_170632_001-150x150.jpg\" class=\"attachment-thumbnail size-thumbnail\" alt=\"Portachiavi in legno Impronta di cane \/ Impronta di gatto\" aria-describedby=\"gallery-1-5355\" srcset=\"https:\/\/kiemmi.com\/wp-content\/uploads\/2022\/12\/20230422_170632_001-150x150.jpg 150w, https:\/\/kiemmi.com\/wp-content\/uploads\/2022\/12\/20230422_170632_001-300x300.jpg 300w, https:\/\/kiemmi.com\/wp-content\/uploads\/2022\/12\/20230422_170632_001-100x100.jpg 100w, https:\/\/kiemmi.com\/wp-content\/uploads\/2022\/12\/20230422_170632_001-600x600.jpg 600w, https:\/\/kiemmi.com\/wp-content\/uploads\/2022\/12\/20230422_170632_001-64x64.jpg 64w, https:\/\/kiemmi.com\/wp-content\/uploads\/2022\/12\/20230422_170632_001-1024x1024.jpg 1024w, https:\/\/kiemmi.com\/wp-content\/uploads\/2022\/12\/20230422_170632_001-768x768.jpg 768w, https:\/\/kiemmi.com\/wp-content\/uploads\/2022\/12\/20230422_170632_001-1536x1536.jpg 1536w, https:\/\/kiemmi.com\/wp-content\/uploads\/2022\/12\/20230422_170632_001-12x12.jpg 12w, https:\/\/kiemmi.com\/wp-content\/uploads\/2022\/12\/20230422_170632_001-500x500.jpg 500w, https:\/\/kiemmi.com\/wp-content\/uploads\/2022\/12\/20230422_170632_001.jpg 2000w\" sizes=\"(max-width: 150px) 100vw, 150px\" data-xoowscfly=\"fly\" decoding=\"async\" \/><\/a>\n\t\t\t<\/div>\n\t\t\t\t<figcaption class='wp-caption-text gallery-caption' id='gallery-1-5355'>\n\t\t\t\tQuercia\n\t\t\t\t<\/figcaption><\/figure><figure class='gallery-item'>\n\t\t\t<div class='gallery-icon landscape'>\n\t\t\t\t<a href='https:\/\/kiemmi.com\/it\/?attachment_id=5353'><img width=\"150\" height=\"150\" src=\"https:\/\/kiemmi.com\/wp-content\/uploads\/2022\/12\/20230422_170608_001-150x150.jpg\" class=\"attachment-thumbnail size-thumbnail\" alt=\"Portachiavi in legno Impronta di cane \/ Impronta di gatto\" aria-describedby=\"gallery-1-5353\" srcset=\"https:\/\/kiemmi.com\/wp-content\/uploads\/2022\/12\/20230422_170608_001-150x150.jpg 150w, https:\/\/kiemmi.com\/wp-content\/uploads\/2022\/12\/20230422_170608_001-300x300.jpg 300w, https:\/\/kiemmi.com\/wp-content\/uploads\/2022\/12\/20230422_170608_001-100x100.jpg 100w, https:\/\/kiemmi.com\/wp-content\/uploads\/2022\/12\/20230422_170608_001-600x600.jpg 600w, https:\/\/kiemmi.com\/wp-content\/uploads\/2022\/12\/20230422_170608_001-64x64.jpg 64w, https:\/\/kiemmi.com\/wp-content\/uploads\/2022\/12\/20230422_170608_001-1024x1024.jpg 1024w, https:\/\/kiemmi.com\/wp-content\/uploads\/2022\/12\/20230422_170608_001-768x768.jpg 768w, https:\/\/kiemmi.com\/wp-content\/uploads\/2022\/12\/20230422_170608_001-1536x1536.jpg 1536w, https:\/\/kiemmi.com\/wp-content\/uploads\/2022\/12\/20230422_170608_001-12x12.jpg 12w, https:\/\/kiemmi.com\/wp-content\/uploads\/2022\/12\/20230422_170608_001-500x500.jpg 500w, https:\/\/kiemmi.com\/wp-content\/uploads\/2022\/12\/20230422_170608_001.jpg 2000w\" sizes=\"(max-width: 150px) 100vw, 150px\" data-xoowscfly=\"fly\" decoding=\"async\" \/><\/a>\n\t\t\t<\/div>\n\t\t\t\t<figcaption class='wp-caption-text gallery-caption' id='gallery-1-5353'>\n\t\t\t\tsapele\n\t\t\t\t<\/figcaption><\/figure><figure class='gallery-item'>\n\t\t\t<div class='gallery-icon landscape'>\n\t\t\t\t<a href='https:\/\/kiemmi.com\/it\/?attachment_id=5347'><img width=\"150\" height=\"150\" src=\"https:\/\/kiemmi.com\/wp-content\/uploads\/2022\/12\/20230422_170559_001-150x150.jpg\" class=\"attachment-thumbnail size-thumbnail\" alt=\"Portachiavi in legno con stampa zampa di cane\/gatto\" aria-describedby=\"gallery-1-5347\" srcset=\"https:\/\/kiemmi.com\/wp-content\/uploads\/2022\/12\/20230422_170559_001-150x150.jpg 150w, https:\/\/kiemmi.com\/wp-content\/uploads\/2022\/12\/20230422_170559_001-300x300.jpg 300w, https:\/\/kiemmi.com\/wp-content\/uploads\/2022\/12\/20230422_170559_001-100x100.jpg 100w, https:\/\/kiemmi.com\/wp-content\/uploads\/2022\/12\/20230422_170559_001-600x600.jpg 600w, https:\/\/kiemmi.com\/wp-content\/uploads\/2022\/12\/20230422_170559_001-64x64.jpg 64w, https:\/\/kiemmi.com\/wp-content\/uploads\/2022\/12\/20230422_170559_001-1024x1024.jpg 1024w, https:\/\/kiemmi.com\/wp-content\/uploads\/2022\/12\/20230422_170559_001-768x768.jpg 768w, https:\/\/kiemmi.com\/wp-content\/uploads\/2022\/12\/20230422_170559_001-1536x1536.jpg 1536w, https:\/\/kiemmi.com\/wp-content\/uploads\/2022\/12\/20230422_170559_001-12x12.jpg 12w, https:\/\/kiemmi.com\/wp-content\/uploads\/2022\/12\/20230422_170559_001-500x500.jpg 500w, https:\/\/kiemmi.com\/wp-content\/uploads\/2022\/12\/20230422_170559_001.jpg 2000w\" sizes=\"(max-width: 150px) 100vw, 150px\" data-xoowscfly=\"fly\" decoding=\"async\" \/><\/a>\n\t\t\t<\/div>\n\t\t\t\t<figcaption class='wp-caption-text gallery-caption' id='gallery-1-5347'>\n\t\t\t\tNoce\n\t\t\t\t<\/figcaption><\/figure><figure class='gallery-item'>\n\t\t\t<div class='gallery-icon landscape'>\n\t\t\t\t<a href='https:\/\/kiemmi.com\/it\/?attachment_id=5348'><img width=\"150\" height=\"150\" src=\"https:\/\/kiemmi.com\/wp-content\/uploads\/2022\/12\/20230422_170543_001-150x150.jpg\" class=\"attachment-thumbnail size-thumbnail\" alt=\"Portachiavi in legno Impronta di cane \/ Impronta di gatto\" aria-describedby=\"gallery-1-5348\" srcset=\"https:\/\/kiemmi.com\/wp-content\/uploads\/2022\/12\/20230422_170543_001-150x150.jpg 150w, https:\/\/kiemmi.com\/wp-content\/uploads\/2022\/12\/20230422_170543_001-300x300.jpg 300w, https:\/\/kiemmi.com\/wp-content\/uploads\/2022\/12\/20230422_170543_001-100x100.jpg 100w, https:\/\/kiemmi.com\/wp-content\/uploads\/2022\/12\/20230422_170543_001-600x600.jpg 600w, https:\/\/kiemmi.com\/wp-content\/uploads\/2022\/12\/20230422_170543_001-64x64.jpg 64w, https:\/\/kiemmi.com\/wp-content\/uploads\/2022\/12\/20230422_170543_001-1024x1024.jpg 1024w, https:\/\/kiemmi.com\/wp-content\/uploads\/2022\/12\/20230422_170543_001-768x768.jpg 768w, https:\/\/kiemmi.com\/wp-content\/uploads\/2022\/12\/20230422_170543_001-1536x1536.jpg 1536w, https:\/\/kiemmi.com\/wp-content\/uploads\/2022\/12\/20230422_170543_001-12x12.jpg 12w, https:\/\/kiemmi.com\/wp-content\/uploads\/2022\/12\/20230422_170543_001-500x500.jpg 500w, https:\/\/kiemmi.com\/wp-content\/uploads\/2022\/12\/20230422_170543_001.jpg 2000w\" sizes=\"(max-width: 150px) 100vw, 150px\" data-xoowscfly=\"fly\" decoding=\"async\" \/><\/a>\n\t\t\t<\/div>\n\t\t\t\t<figcaption class='wp-caption-text gallery-caption' id='gallery-1-5348'>\n\t\t\t\tweng\u00e8\n\t\t\t\t<\/figcaption><\/figure><figure class='gallery-item'>\n\t\t\t<div class='gallery-icon landscape'>\n\t\t\t\t<a href='https:\/\/kiemmi.com\/it\/?attachment_id=5354'><img width=\"150\" height=\"150\" src=\"https:\/\/kiemmi.com\/wp-content\/uploads\/2022\/12\/20230422_170621_001-150x150.jpg\" class=\"attachment-thumbnail size-thumbnail\" alt=\"Portachiavi in legno Impronta di cane \/ Impronta di gatto\" aria-describedby=\"gallery-1-5354\" srcset=\"https:\/\/kiemmi.com\/wp-content\/uploads\/2022\/12\/20230422_170621_001-150x150.jpg 150w, https:\/\/kiemmi.com\/wp-content\/uploads\/2022\/12\/20230422_170621_001-300x300.jpg 300w, https:\/\/kiemmi.com\/wp-content\/uploads\/2022\/12\/20230422_170621_001-100x100.jpg 100w, https:\/\/kiemmi.com\/wp-content\/uploads\/2022\/12\/20230422_170621_001-600x600.jpg 600w, https:\/\/kiemmi.com\/wp-content\/uploads\/2022\/12\/20230422_170621_001-64x64.jpg 64w, https:\/\/kiemmi.com\/wp-content\/uploads\/2022\/12\/20230422_170621_001-1024x1024.jpg 1024w, https:\/\/kiemmi.com\/wp-content\/uploads\/2022\/12\/20230422_170621_001-768x768.jpg 768w, https:\/\/kiemmi.com\/wp-content\/uploads\/2022\/12\/20230422_170621_001-1536x1536.jpg 1536w, https:\/\/kiemmi.com\/wp-content\/uploads\/2022\/12\/20230422_170621_001-12x12.jpg 12w, https:\/\/kiemmi.com\/wp-content\/uploads\/2022\/12\/20230422_170621_001-500x500.jpg 500w, https:\/\/kiemmi.com\/wp-content\/uploads\/2022\/12\/20230422_170621_001.jpg 2000w\" sizes=\"(max-width: 150px) 100vw, 150px\" data-xoowscfly=\"fly\" decoding=\"async\" \/><\/a>\n\t\t\t<\/div>\n\t\t\t\t<figcaption class='wp-caption-text gallery-caption' id='gallery-1-5354'>\n\t\t\t\tRosso\n\t\t\t\t<\/figcaption><\/figure>\n\t\t<\/div>","protected":false},"excerpt":{"rendered":"<p>Trasforma ogni momento con questo simpatico portachiavi in legno a forma di zampa di cane, un pezzo unico che cattura l&#039;essenza dell&#039;amore per i nostri animali domestici. Ogni portachiavi \u00e8 realizzato artigianalmente con tecnologia di taglio e incisione laser per garantire una qualit\u00e0 eccezionale. Il legno proviene da foreste europee sostenibili, che riflettono il nostro impegno per l&#039;ambiente e la qualit\u00e0. Offriamo personalizzazione con una variet\u00e0 di colori di tintura per aggiungere un tocco personalizzato. Questo portachiavi \u00e8 un omaggio al legame speciale che condividiamo con i nostri amici pelosi, ideale per te o come regalo significativo.<\/p>","protected":false},"featured_media":5349,"template":"","meta":{"_seopress_robots_primary_cat":"33","_seopress_titles_title":"Llavero Huella de Perro: Recuerda a Tu Mascota Siempre","_seopress_titles_desc":"Luce un llavero \u00fanico de madera en forma de huella de perro, personalizable y ecoamigable. Captura el amor por tu mascota con estilo y calidad.","_seopress_robots_index":"","_seopress_analysis_target_kw":"","site-sidebar-layout":"default","site-content-layout":"","ast-site-content-layout":"default","site-content-style":"default","site-sidebar-style":"default","ast-global-header-display":"","ast-banner-title-visibility":"","ast-main-header-display":"","ast-hfb-above-header-display":"","ast-hfb-below-header-display":"","ast-hfb-mobile-header-display":"","site-post-title":"","ast-breadcrumbs-content":"","ast-featured-img":"","footer-sml-layout":"","ast-disable-related-posts":"","theme-transparent-header-meta":"default","adv-header-id-meta":"","stick-header-meta":"default","header-above-stick-meta":"","header-main-stick-meta":"","header-below-stick-meta":"","astra-migrate-meta-layouts":"set","ast-page-background-enabled":"default","ast-page-background-meta":{"desktop":{"background-color":"","background-image":"","background-repeat":"repeat","background-position":"center center","background-size":"auto","background-attachment":"scroll","background-type":"","background-media":"","overlay-type":"","overlay-color":"","overlay-opacity":"","overlay-gradient":""},"tablet":{"background-color":"","background-image":"","background-repeat":"repeat","background-position":"center center","background-size":"auto","background-attachment":"scroll","background-type":"","background-media":"","overlay-type":"","overlay-color":"","overlay-opacity":"","overlay-gradient":""},"mobile":{"background-color":"","background-image":"","background-repeat":"repeat","background-position":"center center","background-size":"auto","background-attachment":"scroll","background-type":"","background-media":"","overlay-type":"","overlay-color":"","overlay-opacity":"","overlay-gradient":""}},"ast-content-background-meta":{"desktop":{"background-color":"var(--ast-global-color-5)","background-image":"","background-repeat":"repeat","background-position":"center center","background-size":"auto","background-attachment":"scroll","background-type":"","background-media":"","overlay-type":"","overlay-color":"","overlay-opacity":"","overlay-gradient":""},"tablet":{"background-color":"var(--ast-global-color-5)","background-image":"","background-repeat":"repeat","background-position":"center center","background-size":"auto","background-attachment":"scroll","background-type":"","background-media":"","overlay-type":"","overlay-color":"","overlay-opacity":"","overlay-gradient":""},"mobile":{"background-color":"var(--ast-global-color-5)","background-image":"","background-repeat":"repeat","background-position":"center center","background-size":"auto","background-attachment":"scroll","background-type":"","background-media":"","overlay-type":"","overlay-color":"","overlay-opacity":"","overlay-gradient":""}}},"product_brand":[],"product_cat":[33,87],"product_tag":[],"class_list":{"0":"post-2744","1":"product","2":"type-product","3":"status-publish","4":"has-post-thumbnail","6":"product_cat-llaveros-madera","7":"product_cat-mascotas","8":"desktop-align-center","9":"tablet-align-left","10":"mobile-align-center","11":"ast-product-gallery-layout-horizontal","12":"ast-magnify-disabled","13":"ast-product-tabs-layout-horizontal","14":"tm-has-options","16":"first","17":"instock","18":"taxable","19":"shipping-taxable","20":"purchasable","21":"product-type-simple"},"_links":{"self":[{"href":"https:\/\/kiemmi.com\/it\/wp-json\/wp\/v2\/product\/2744","targetHints":{"allow":["GET"]}}],"collection":[{"href":"https:\/\/kiemmi.com\/it\/wp-json\/wp\/v2\/product"}],"about":[{"href":"https:\/\/kiemmi.com\/it\/wp-json\/wp\/v2\/types\/product"}],"version-history":[{"count":0,"href":"https:\/\/kiemmi.com\/it\/wp-json\/wp\/v2\/product\/2744\/revisions"}],"wp:featuredmedia":[{"embeddable":true,"href":"https:\/\/kiemmi.com\/it\/wp-json\/wp\/v2\/media\/5349"}],"wp:attachment":[{"href":"https:\/\/kiemmi.com\/it\/wp-json\/wp\/v2\/media?parent=2744"}],"wp:term":[{"taxonomy":"product_brand","embeddable":true,"href":"https:\/\/kiemmi.com\/it\/wp-json\/wp\/v2\/product_brand?post=2744"},{"taxonomy":"product_cat","embeddable":true,"href":"https:\/\/kiemmi.com\/it\/wp-json\/wp\/v2\/product_cat?post=2744"},{"taxonomy":"product_tag","embeddable":true,"href":"https:\/\/kiemmi.com\/it\/wp-json\/wp\/v2\/product_tag?post=2744"}],"curies":[{"name":"wp","href":"https:\/\/api.w.org\/{rel}","templated":true}]}}