{"id":3,"date":"2020-07-24T07:11:47","date_gmt":"2020-07-24T07:11:47","guid":{"rendered":"https:\/\/www.tks3d.com\/?page_id=3"},"modified":"2022-02-19T19:04:53","modified_gmt":"2022-02-19T19:04:53","slug":"politica-sulla-riservatezza","status":"publish","type":"page","link":"https:\/\/kiemmi.com\/it\/politica-de-privacidad\/","title":{"rendered":"politica sulla riservatezza"},"content":{"rendered":"<h3 class=\"wp-block-heading\" id=\"reglamento-europeo-de-proteccion-de-datos-rgpd\">Regolamento europeo sulla protezione dei dati (GDPR)<\/h3>\n\n\n\n<p>Ti informiamo espressamente che questa sezione \u00e8 diretta esclusivamente al trattamento dei dati che Emmanuel Kielichowski (di seguito KIEMMI) effettuer\u00e0 sui dati personali forniti attraverso questo sito web, che saranno incorporati nei file che ti indicheremo in conformit\u00e0 con il disposizioni della normativa vigente in materia di protezione dei dati personali (REGOLAMENTO (UE) 2016\/679 DEL PARLAMENTO EUROPEO E DEL CONSIGLIO del 27 aprile 2016 relativo alla protezione delle persone fisiche con riguardo al trattamento dei dati personali, nonch\u00e9 alla libera circolazione dei questi dati, con entrata in vigore il 25 maggio 2018, di seguito, GDPR, nonch\u00e9 la legislazione spagnola che lo sviluppa).<\/p>\n\n\n\n<h3 class=\"wp-block-heading\" id=\"conceptos\">Concetti<\/h3>\n\n\n\n<p>Definizioni che utilizzeremo nella presente Informativa sulla privacy:<\/p>\n\n\n\n<ul class=\"wp-block-list\"><li>KIEMMI: La persona Emmanuel Kielichowski che possiede questo sito web.<\/li><li>WEB: Si riferisce a questo sito web (www.kiemmi.com).<\/li><li>UTENTE WEB: Utente del sito web www.kiemmi.com<\/li><li>CLIENTE: Utente che ha contratto i servizi di KIEMMI.<\/li><li>PARTNER: Collaboratore KIEMMI.<\/li><\/ul>\n\n\n\n<h3 class=\"wp-block-heading\" id=\"responsable-del-tratamiento-de-los-datos-personales\">Responsabile del trattamento dei dati personali<\/h3>\n\n\n\n<p>Il proprietario del sito web www.kiemmi.com \u00e8 Emmanuel Kielichowski, con NIE: X2878559V, sede legale: C\/ Claveles, 4 \u2013 12600 Vall de Ux\u00f3, Castell\u00f3n, e con e-mail: info@kiemmi.com<\/p>\n\n\n\n<p>In ottemperanza a quanto previsto dal GDPR, La informiamo che i dati forniti, nonch\u00e9 i dati desunti dalla Sua navigazione, saranno trattati e tutelati da KIEMI, in qualit\u00e0 di Responsabile del trattamento dei dati personali, e trattati per il scopo di soddisfare la tua richiesta e il mantenimento del rapporto stabilito nel contratto che sottoscrivi o hai sottoscritto con noi.<\/p>\n\n\n\n<h3 class=\"wp-block-heading\" id=\"principios-que-aplicamos-en-el-tratamiento-de-datos-personales\">Principi che applichiamo nel trattamento dei dati personali<\/h3>\n\n\n\n<p>In conformit\u00e0 con le disposizioni del Capo II del GDPR e dei codici di condotta nel trattamento dei dati personali, nella nostra azienda e nelle nostre procedure, applichiamo i seguenti principi nel trattamento dei dati personali per preservare i diritti e le libert\u00e0 degli utenti:<\/p>\n\n\n\n<ul class=\"wp-block-list\"><li><strong>Dati minimi:<\/strong>&nbsp;Otterremo ed elaboreremo solo i dati minimi essenziali per ciascuna finalit\u00e0 e categoria di soggetti interessati dal trattamento.<\/li><li><strong>Legalit\u00e0 e trasparenza:<\/strong> Nel trattamento dei dati, abbiamo sempre la legittimit\u00e0 del loro utilizzo: il cliente ci ha assunto, l&#039;utente ha fornito i dati nella scheda di contatto, ecc., e in tutti i casi ha formalizzato il contratto o concesso il consenso. . E sempre per le finalit\u00e0 che indichiamo in questo documento.<\/li><li><strong>Limitazione del periodo di conservazione:<\/strong>&nbsp;Conserveremo i dati per il tempo minimo indispensabile, a meno che tu non ci chieda prima di cancellarli.<\/li><li><strong>Riservatezza e integrit\u00e0:<\/strong>&nbsp;Garantiamo adeguate misure di sicurezza per i dati personali e la loro riservatezza.<\/li><\/ul>\n\n\n\n<h3 class=\"wp-block-heading\" id=\"veracidad-y-exactitud-de-los-datos-personales-facilitados\">Veridicit\u00e0 e correttezza dei dati personali forniti<\/h3>\n\n\n\n<p>L&#039;UTENTE WEB, CLIENTE o PARTNER, i cui dati saranno trattati dalla societ\u00e0, garantisce che i dati forniti sono veritieri ed esatti.<\/p>\n\n\n\n<p>Nel caso in cui tu abbia fornito dati personali di un&#039;altra persona, garantisci che tale persona ha autorizzato e acconsentito a fornirci tali dati e che \u00e8 responsabile di tutte le responsabilit\u00e0 derivanti dall&#039;uso e dal trattamento di tali dati, se lo ha fatto non avere detti dati autorizzazione.<\/p>\n\n\n\n<p>Tieni presente che sei l&#039;unica fonte di informazioni sui tuoi dati personali, quindi apprezziamo che, al fine di mantenerli sempre aggiornati in conformit\u00e0 con i principi del Capitolo II del GDPR, comunichi i nostri dati titolare di eventuali modifiche agli stessi inviando una mail a info@kiemmi.com.<\/p>\n\n\n\n<p>In qualsiasi momento, l&#039;interessato pu\u00f2 modificare o cancellare i dati forniti, in conformit\u00e0 con i diritti di accesso, rettifica, cancellazione, opposizione, limitazione e portabilit\u00e0.<\/p>\n\n\n\n<h3 class=\"wp-block-heading\" id=\"menores-de-edad\">minori<\/h3>\n\n\n\n<p>Il sito www.kiemmi.com non \u00e8 rivolto ai minori. Tutti gli UTENTI WEB, CLIENTI o PARTNER del sito e dei servizi offerti devono essere maggiorenni. In tal caso, il contratto tra KIEMMI e tale utente o cliente sar\u00e0 nullo e, in ogni caso, ci esoneriamo da ogni responsabilit\u00e0 che possa derivare dal mancato rispetto di tale obbligo.<\/p>\n\n\n\n<h3 class=\"wp-block-heading\" id=\"encargados-del-tratamiento\">Processori<\/h3>\n\n\n\n<p>KIEMMI richiede collaboratori per determinati servizi. Quando nella fornitura di questi servizi, queste altre societ\u00e0 trattano dati, la legge li chiama Responsabili del trattamento.<\/p>\n\n\n\n<p>Per fornire i nostri servizi, utilizziamo come subappaltatori fornitori di terze parti all&#039;interno dell&#039;UE\/SEE che rispettano tutti gli obblighi e tutti i requisiti della presente informativa sulla privacy.<\/p>\n\n\n\n<p>Questi fornitori sono elencati di seguito:<\/p>\n\n\n\n<ul class=\"wp-block-list\"><li>Clouding: servizio server<\/li><\/ul>\n\n\n\n<p>Pertanto, garantiamo che questi e altri subappaltatori che potrebbero essere utilizzati in futuro soddisfano e soddisferanno tutti gli obblighi e tutti i requisiti della presente informativa sulla privacy.<\/p>\n\n\n\n<h3 class=\"wp-block-heading\" id=\"cesion-de-datos\">trasferimento dei dati<\/h3>\n\n\n\n<p>Garantiamo che non trasferiremo l&#039;utilizzo dei tuoi dati a terzi per inviarti pubblicit\u00e0, e trasferiremo i tuoi dati solo ai responsabili del trattamento che abbiamo indicato al punto precedente, e solo per le finalit\u00e0 indicate in ciascun caso.<\/p>\n\n\n\n<p>Pertanto, come previsto dall&#039;articolo 13.1 lett. a) del GDPR, KIEMMI non condivide i dati e quindi non ha un destinatario degli stessi.<\/p>\n\n\n\n<h3 class=\"wp-block-heading\" id=\"derechos-en-el-tratamiento-de-datos-personales\">Diritti nel trattamento dei dati personali<\/h3>\n\n\n\n<p>In ottemperanza a quanto previsto dal GDPR, potr\u00e0 rivolgersi in qualsiasi momento a KIEMMI, in qualit\u00e0 di titolare del trattamento, nella sezione <strong>Responsabile del trattamento dei dati personali<\/strong> della presente informativa sulla privacy, al fine di esercitare i diritti di accesso, rettifica, cancellazione, opposizione, portabilit\u00e0 e revoca del consenso dei dati personali inclusi nei nostri file.<\/p>\n\n\n\n<p>A- \u200bDiritto di richiedere l&#039;accesso ai dati personali: puoi chiederci se stiamo trattando i tuoi dati, quali dati specifici, dove li abbiamo ottenuti, ecc. Articolo 15 del GDPR.<\/p>\n\n\n\n<p>B- Diritto di chiederne la rettifica (nel caso in cui non siano corretti) o la cancellazione (quando i dati personali non sono pi\u00f9 necessari rispetto alle finalit\u00e0 per le quali sono stati raccolti). Articolo 16 GDPR.<\/p>\n\n\n\n<p>C- Diritto di richiedere la limitazione o la cancellazione del Suo trattamento, nel qual caso saranno da noi conservati solo per l&#039;esercizio o la difesa di pretese. Articoli 17 e 18.<\/p>\n\n\n\n<p>D- Diritto di opporsi al trattamento: interromperemo il trattamento dei dati nel modo da te indicato, a meno che per motivi legittimi non debbano continuare a essere trattati. Articolo 21.<\/p>\n\n\n\n<p>E- Diritto alla portabilit\u00e0 dei dati: se desideri che i tuoi dati siano trattati da un&#039;altra societ\u00e0, faciliteremo la portabilit\u00e0 dei tuoi dati presso qualsiasi altra societ\u00e0 da te indicata in un formato strutturato, intelligibile e automatizzato. Articolo 20.<\/p>\n\n\n\n<p>Tali diritti sono personalissimi e saranno esercitati dall&#039;interessato, salvo che sia conferita idonea procura ad altro soggetto. La risposta all&#039;esercizio di uno qualsiasi di tali diritti sar\u00e0 resa effettiva dal Titolare entro dieci giorni dal ricevimento della richiesta. Nel caso in cui il responsabile del trattamento dei dati ritenga che non sia opportuno accedere a quanto richiesto, ne dar\u00e0 comunicazione con le motivazioni e nei termini indicati in questa sezione.<\/p>\n\n\n\n<p>Se ritieni che ci sia un problema con il modo in cui gestiamo i tuoi dati e non sei soddisfatto della risposta alla tua richiesta, puoi indirizzare i tuoi reclami all&#039;Agenzia spagnola per la protezione dei dati, quella indicata nel caso della Spagna . (www.agpd.es). Allo stesso modo, puoi presentare ricorso dinanzi all&#039;autorit\u00e0 giudiziaria competente se lo ritieni opportuno.<\/p>\n\n\n\n<h3 class=\"wp-block-heading\" id=\"tiempo-de-conservacion-de-los-datos\">Tempo di conservazione dei dati<\/h3>\n\n\n\n<p>In ottemperanza all&#039;obbligo di cui all&#039;articolo 13.2.a) del GDPR, indichiamo di volta in volta i periodi di conservazione dei dati personali:<\/p>\n\n\n\n<p>I dati personali trattati da KIEMMI saranno conservati fino a quando l&#039;UTENTE WEB, CLIENTE o PARTNER non ci comunicher\u00e0 la propria volont\u00e0 di cancellare i dati oggetto di trattamento.<\/p>\n\n\n\n<h3 class=\"wp-block-heading\" id=\"secreto-y-seguridad-de-los-datos\">Privacy e sicurezza dei dati<\/h3>\n\n\n\n<p>In conformit\u00e0 con quanto stabilito dall&#039;articolo 32 del GDPR, KIEMMite informa di aver implementato le misure di sicurezza tecniche e organizzative necessarie per evitare tutti i rischi inerenti alle attivit\u00e0 e ai servizi svolti dalla societ\u00e0 e per garantire la sicurezza dei tuoi dati personali e prevenirne l&#039;alterazione, la perdita e il trattamento e\/o l&#039;accesso non autorizzati, tenendo conto dello stato della tecnologia, della natura dei dati memorizzati e dei rischi a cui sono esposti, siano essi derivanti dall&#039;azione umana o dall&#039;ambiente fisico o naturale, supervisionando, controllando e valutando continuamente i processi stabiliti per garantire il rispetto della privacy dei tuoi dati. Questi dati vengono raccolti dall&#039;utente utilizzando HTTPS (HyperText Transfer Protocol Secure), un protocollo di sicurezza che consente la trasmissione crittografata dei dati tra il server della pagina Web e l&#039;utente e viceversa.<\/p>\n\n\n\n<p>KIEMMI ha effettuato un&#039;analisi dei rischi nel trattamento dei dati personali e ha la capacit\u00e0 di garantire la riservatezza, l&#039;integrit\u00e0, la disponibilit\u00e0 e la resilienza permanente dei sistemi e dei servizi di trattamento; la capacit\u00e0 di ripristinare rapidamente la disponibilit\u00e0 e l&#039;accesso ai dati personali in caso di incidente fisico o tecnico; e con un processo di verifica periodica, valutazione e valutazione dell&#039;efficacia delle misure tecniche e organizzative per garantire la sicurezza del trattamento.<\/p>\n\n\n\n<p>In conformit\u00e0 con gli articoli 33 e 34 del GDPR, KIEMMI garantisce che in caso di minima violazione dei sistemi che potrebbe portare a una violazione della sicurezza dei dati personali, il titolare del trattamento informer\u00e0 l&#039;Agenzia spagnola per la protezione dei dati e gli interessati colpiti, entro un termine massimo di 72 ore.<\/p>\n\n\n\n<h3 class=\"wp-block-heading\" id=\"hipervinculos\">collegamenti ipertestuali<\/h3>\n\n\n\n<p>Sebbene possiamo includere collegamenti ad altri siti sul nostro sito Web che non sono gestiti o controllati da KIEMMI, tieni presente che non possiamo garantire o assumerci la responsabilit\u00e0 per la legalit\u00e0, l&#039;affidabilit\u00e0, l&#039;utilit\u00e0, la veridicit\u00e0 e la tempestivit\u00e0 dei contenuti di tali siti Web, quindi prima fornisci le tue informazioni personali a questi siti Web non KIEMMI, ti preghiamo di rivedere le loro pratiche sulla privacy e di essere consapevole che potrebbero differire dalle nostre.<\/p>\n\n\n\n<h3 class=\"wp-block-heading\" id=\"usuarios-y-accesos-restringidos\">Utenti e accesso limitati<\/h3>\n\n\n\n<p>Per accedere alle aree ad accesso riservato, gli utenti devono disporre dei codici di accesso corrispondenti.<br>KIEMMI si riserva il diritto di accettare o rifiutare liberamente la richiesta di registrazione di qualsiasi utente. I dati inseriti dagli utenti devono essere esatti, attuali e veritieri e saranno trattati e trattati nel rispetto della normativa vigente in materia di protezione dei dati personali.<\/p>\n\n\n\n<p>Gli utenti saranno in ogni caso responsabili della custodia dei propri codici di accesso, per i quali saranno esclusivamente responsabili di eventuali danni che potrebbero derivare dall&#039;uso improprio dello stesso, nonch\u00e9 della sua perdita o di qualsiasi altra circostanza che possa comportare un rischio di accesso per utilizzarlo da parte di terzi non autorizzati. Gli utenti devono avvisare immediatamente l&#039;indirizzo di contatto di KIEMMI in modo che si possa procedere al loro blocco e sostituzione.<\/p>\n\n\n\n<h3 class=\"wp-block-heading\" id=\"cambios-en-la-politica-de-privacidad\">Modifiche all&#039;informativa sulla privacy<\/h3>\n\n\n\n<p>KIEMMI si riserva il diritto di modificare la propria Informativa sulla privacy, secondo i propri criteri o motivata da un cambiamento legislativo, giurisprudenziale o dottrinale dell&#039;Agenzia spagnola per la protezione dei dati. Qualsiasi modifica dell&#039;Informativa sulla privacy verr\u00e0 notificata sulla nostra pagina.<\/p>","protected":false},"excerpt":{"rendered":"<p>Reglamento europeo de protecci\u00f3n de datos (RGPD) Te informamos expresamente de que este apartado est\u00e1 dirigido exclusivamente al tratamiento de datos que Emmanuel Kielichowski (en adelante KIEMMI) realizar\u00e1 sobre los datos personales facilitados por medio de la presente web, que se incorporar\u00e1n a los archivos que te indicaremos de conformidad con lo establecido en la [&hellip;]<\/p>\n","protected":false},"author":1,"featured_media":0,"parent":0,"menu_order":0,"comment_status":"closed","ping_status":"closed","template":"","meta":{"_seopress_robots_primary_cat":"0","_seopress_titles_title":"","_seopress_titles_desc":"","_seopress_robots_index":"","_seopress_analysis_target_kw":"","site-sidebar-layout":"default","site-content-layout":"","ast-site-content-layout":"default","site-content-style":"default","site-sidebar-style":"default","ast-global-header-display":"","ast-banner-title-visibility":"","ast-main-header-display":"","ast-hfb-above-header-display":"","ast-hfb-below-header-display":"","ast-hfb-mobile-header-display":"","site-post-title":"","ast-breadcrumbs-content":"","ast-featured-img":"","footer-sml-layout":"","ast-disable-related-posts":"","theme-transparent-header-meta":"","adv-header-id-meta":"","stick-header-meta":"","header-above-stick-meta":"","header-main-stick-meta":"","header-below-stick-meta":"","astra-migrate-meta-layouts":"default","ast-page-background-enabled":"default","ast-page-background-meta":{"desktop":{"background-color":"","background-image":"","background-repeat":"repeat","background-position":"center center","background-size":"auto","background-attachment":"scroll","background-type":"","background-media":"","overlay-type":"","overlay-color":"","overlay-opacity":"","overlay-gradient":""},"tablet":{"background-color":"","background-image":"","background-repeat":"repeat","background-position":"center center","background-size":"auto","background-attachment":"scroll","background-type":"","background-media":"","overlay-type":"","overlay-color":"","overlay-opacity":"","overlay-gradient":""},"mobile":{"background-color":"","background-image":"","background-repeat":"repeat","background-position":"center center","background-size":"auto","background-attachment":"scroll","background-type":"","background-media":"","overlay-type":"","overlay-color":"","overlay-opacity":"","overlay-gradient":""}},"ast-content-background-meta":{"desktop":{"background-color":"var(--ast-global-color-5)","background-image":"","background-repeat":"repeat","background-position":"center center","background-size":"auto","background-attachment":"scroll","background-type":"","background-media":"","overlay-type":"","overlay-color":"","overlay-opacity":"","overlay-gradient":""},"tablet":{"background-color":"var(--ast-global-color-5)","background-image":"","background-repeat":"repeat","background-position":"center center","background-size":"auto","background-attachment":"scroll","background-type":"","background-media":"","overlay-type":"","overlay-color":"","overlay-opacity":"","overlay-gradient":""},"mobile":{"background-color":"var(--ast-global-color-5)","background-image":"","background-repeat":"repeat","background-position":"center center","background-size":"auto","background-attachment":"scroll","background-type":"","background-media":"","overlay-type":"","overlay-color":"","overlay-opacity":"","overlay-gradient":""}},"footnotes":""},"class_list":["post-3","page","type-page","status-publish","hentry"],"_links":{"self":[{"href":"https:\/\/kiemmi.com\/it\/wp-json\/wp\/v2\/pages\/3","targetHints":{"allow":["GET"]}}],"collection":[{"href":"https:\/\/kiemmi.com\/it\/wp-json\/wp\/v2\/pages"}],"about":[{"href":"https:\/\/kiemmi.com\/it\/wp-json\/wp\/v2\/types\/page"}],"author":[{"embeddable":true,"href":"https:\/\/kiemmi.com\/it\/wp-json\/wp\/v2\/users\/1"}],"replies":[{"embeddable":true,"href":"https:\/\/kiemmi.com\/it\/wp-json\/wp\/v2\/comments?post=3"}],"version-history":[{"count":0,"href":"https:\/\/kiemmi.com\/it\/wp-json\/wp\/v2\/pages\/3\/revisions"}],"wp:attachment":[{"href":"https:\/\/kiemmi.com\/it\/wp-json\/wp\/v2\/media?parent=3"}],"curies":[{"name":"wp","href":"https:\/\/api.w.org\/{rel}","templated":true}]}}