{"id":2743,"date":"2021-08-18T06:52:10","date_gmt":"2021-08-18T06:52:10","guid":{"rendered":"https:\/\/www.tks3d.com\/?page_id=2743"},"modified":"2022-02-19T20:19:44","modified_gmt":"2022-02-19T20:19:44","slug":"condizioni-generali-di-uso-e-vendita","status":"publish","type":"page","link":"https:\/\/kiemmi.com\/it\/condiciones-generales-de-uso-y-venta\/","title":{"rendered":"Condizioni Generali di Uso e Vendita"},"content":{"rendered":"<h3 class=\"wp-block-heading\" id=\"1-datos-identificativos-de-camaloon\">1. Dati identificativi di KIEMMI<\/h3>\n\n\n\n<p>Il fornitore del servizio del sito web \u00e8 Emmanuel Kielichowski (di seguito, \u201cKiemmi\u201d), con partita IVA intracomunitaria ESX2878559V e con sede legale in Calle Claveles 4, 12600 Vall de Ux\u00f3 (Castell\u00f3n), Spagna.<\/p>\n\n\n\n<h3 class=\"wp-block-heading\" id=\"2-descripcion-del-servicio\">2. Descrizione del servizio<\/h3>\n\n\n\n<p>In Kiemmi forniamo una serie di servizi attraverso Internet ai nostri utenti e clienti, come la commercializzazione e la produzione di articoli personalizzati, articoli da regalo, articoli decorativi: portachiavi, scatole, magneti, borse, adesivi, ecc.<\/p>\n\n\n\n<p>Gli utenti del nostro sito Web possono acquistare prodotti per uso proprio o per venderli a terzi.<\/p>\n\n\n\n<h3 class=\"wp-block-heading\" id=\"3-uso-de-las-paginas-web-bajo-la-marca-de-camaloon\">3. Utilizzo del sito web kiemmi.com<\/h3>\n\n\n\n<h4 class=\"wp-block-heading\" id=\"3-1-edad-minima\">3.1 Et\u00e0 minima<\/h4>\n\n\n\n<p>Per essere un utente del sito Kiemmi, devi essere maggiorenne (minimo 18 anni).<\/p>\n\n\n\n<h4 class=\"wp-block-heading\" id=\"3-2-licencia-de-uso-de-la-web-y-del-servicio-de-camaloon\">3.2 Licenza d&#039;uso del sito web e del servizio Kiemmi<\/h4>\n\n\n\n<p>Kiemmi offre una licenza limitata e revocabile per accedere e utilizzare i nostri siti web e servizi, in conformit\u00e0 con le presenti Condizioni Generali d&#039;Uso e di Vendita. Questa licenza non include il diritto di raccogliere o utilizzare informazioni dal sito Web per scopi da noi proibiti, come competere con Kiemmi, utilizzare i contenuti Kiemmi in qualsiasi modo o salvare una copia di tutto o parte dei nostri siti Web.<\/p>\n\n\n\n<h3 class=\"wp-block-heading\" id=\"4-reglas-generales\">4. Regole generali<\/h3>\n\n\n\n<h4 class=\"wp-block-heading\" id=\"4-1-uso-prohibido\">4.1 Uso vietato<\/h4>\n\n\n\n<p>Non puoi tentare di causare o causare danni ai nostri siti Web o al servizio Kiemmi. Ad esempio, e senza che questo elenco sia completo o esaustivo, \u00e8 vietato:<\/p>\n\n\n\n<p>un. Interrompere il servizio Kiemmi utilizzando virus o altri programmi progettati per causare danni a qualsiasi software o hardware<\/p>\n\n\n\n<p>b. Modificare o creare versioni di qualsiasi tecnologia utilizzata sui siti web di Kiemmi<\/p>\n\n\n\n<p>c. Utilizzare qualsiasi tipo di &#039;script&#039;, robot o tecnologia per monitorare il sito web di Kiemmi<\/p>\n\n\n\n<p>d. Raccogli email o altre informazioni tramite il servizio Kiemmi<\/p>\n\n\n\n<p>e. Impersonarti come un&#039;altra persona o entit\u00e0 o falsificare le tue informazioni<\/p>\n\n\n\n<p>F. Naviga o acquista sul sito Kiemmi se non sei maggiorenne.<\/p>\n\n\n\n<h4 class=\"wp-block-heading\" id=\"4-2-privacidad-y-proteccion-de-datos\">4.2 Privacy e protezione dei dati<\/h4>\n\n\n\n<p>In Kiemmi siamo particolarmente preoccupati per la sicurezza e garantire la riservatezza dei dati forniti dai nostri clienti. Promettiamo di offrirti il miglior servizio e la migliore esperienza online. Puoi conoscere i tuoi diritti e come esercitarli sul&nbsp;<a href=\"https:\/\/kiemmi.com\/politica-de-privacidad\/\">Riservatezza<\/a>.<\/p>\n\n\n\n<h4 class=\"wp-block-heading\" id=\"4-3-condiciones-de-compra\">4.3 Condizioni di acquisto<\/h4>\n\n\n\n<h5 class=\"wp-block-heading\" id=\"4-3-1-sistema-de-venta\">4.3.1 Sistema di vendita<\/h5>\n\n\n\n<p>Per effettuare un acquisto, devi inviarci il tuo ordine online attraverso il processo di acquisto abilitato a tale scopo. Puoi contattarci tramite&nbsp;<a href=\"mailto:info@kiemmi.com\">e-mail<\/a>&nbsp;Se hai bisogno d&#039;aiuto.<\/p>\n\n\n\n<h5 class=\"wp-block-heading\" id=\"4-3-2-impuestos-aplicables\">4.3.2 Tasse applicabili<\/h5>\n\n\n\n<p>Troverai i prezzi dei prodotti esposti sulle nostre pagine web suddivisi durante la procedura d&#039;acquisto. Ti mostreremo gli importi con IVA, cos\u00ec come il prezzo del trasporto, e sempre prima dell&#039;accettazione dell&#039;acquisto.<\/p>\n\n\n\n<p>L&#039;IVA pu\u00f2 variare a seconda della residenza, del tipo di prodotto e anche della sua origine. Se hai domande su una particolare esenzione IVA, contattaci direttamente via e-mail all&#039;indirizzo&nbsp;<a href=\"mailto:info@kiemmi.com\">info@kiemmi.com<\/a>.<\/p>\n\n\n\n<p>Le tasse di importazione, i costi di bonifico bancario, le procedure doganali o le ritenute all&#039;origine, o che sono relative alla consegna in territori speciali (vedi sezione n. 4.3.4) o paesi situati al di fuori dell&#039;Unione Europea, sono a tuo carico come cliente e non sono incluso nei prezzi che indichiamo sul web.<\/p>\n\n\n\n<h5 class=\"wp-block-heading\" id=\"4-3-3-forma-de-pago\">4.3.3 Forma di pagamento<\/h5>\n\n\n\n<p>Quando effettui l&#039;ordine, devi pagare l&#039;importo utilizzando uno dei metodi di pagamento che accettiamo sul nostro sito web. Solo cos\u00ec inizieremo a produrre il tuo ordine. In alcuni casi, e per prevenire possibili frodi, in Kiemmi ci riserviamo il diritto di chiedere ai nostri clienti di utilizzare un metodo di pagamento specifico o di richiedere documentazione aggiuntiva.<\/p>\n\n\n\n<h5 class=\"wp-block-heading\" id=\"4-3-4-forma-gastos-y-plazos-de-envio\">4.3.4 Forma, costi e tempi di consegna<\/h5>\n\n\n\n<p>Inviamo gli ordini ai nostri clienti residenti in Europa e nel resto del mondo attraverso diverse compagnie di trasporto. Calcoliamo automaticamente il prezzo di ogni spedizione nel momento in cui richiedi un preventivo o effettui un ordine.<\/p>\n\n\n\n<p>Ci sono alcuni territori che, pur appartenendo a un paese specifico, possono subire oneri aggiuntivi, perch\u00e9 le compagnie di trasporto li trattano normalmente come eccezionali. Ad esempio Ceuta, Melilla, Guadalupa, Martinica, Isole Canarie, ecc.<\/p>\n\n\n\n<p>Le scadenze di produzione sono visibili sul nostro sito web. \u00c8 possibile che un ordine subisca alcuni ritardi nella produzione, a causa di carenza di prodotti, conferma tardiva da parte tua, progettazione errata, ecc. In ogni caso, da Kiemmi siamo consapevoli di dover consegnare i prodotti all&#039;indirizzo di spedizione che ci indichi come cliente nel pi\u00f9 breve tempo possibile, secondo i tempi di produzione e spedizione, e sempre entro trenta (30) giorni di calendario dalla data di conferma dell&#039;ordine. In caso di ritardo, ti contatteremo e ti informeremo delle possibili modifiche.<\/p>\n\n\n\n<p>I tempi di trasporto possono essere alterati da eventi straordinari nel trasporto (ad esempio, scioperi, eventi atmosferici, situazioni politiche eccezionali, ecc.) o da dogane, controlli nel paese di destinazione o difficolt\u00e0 nella consegna della merce. Da Kiemmi non ci assumiamo alcuna responsabilit\u00e0 per ritardi causati dall&#039;agenzia di trasporto o da qualsiasi procedura di controllo doganale. Ma promettiamo di sostituire qualsiasi ordine danneggiato o perso durante il trasporto entro un ragionevole periodo di tempo.<\/p>\n\n\n\n<h3 class=\"wp-block-heading\" id=\"5-garantias-cambios-cancelaciones-y-devoluciones\">5. Garanzie, modifiche, annullamenti e resi<\/h3>\n\n\n\n<p>Come utente, puoi modificare o aggiungere un nuovo design, modificare il tuo indirizzo di consegna e\/o di fatturazione o annullare l&#039;ordine, purch\u00e9 non sia effettivamente entrato nel processo di produzione.<\/p>\n\n\n\n<p>Per fare questo, \u00e8 necessario inviare una e-mail a&nbsp;<a href=\"mailto:info@kiemmi.com\">info@kiemmi.com<\/a>, allegando il numero di riferimento del tuo ordine. Dopo aver esaminato lo stato del tuo ordine, ti informeremo dell&#039;origine o meno della modifica o della possibilit\u00e0 di cancellazione.<\/p>\n\n\n\n<p>In qualit\u00e0 di utente e cliente, avrai quattordici (14) giorni di calendario per annullare l&#039;acquisto e restituire il prodotto o i prodotti, a partire dal momento in cui ricevi l&#039;ordine e a condizione che non si tratti di un prodotto personalizzato, ovvero modificato per i nostri clienti secondo le loro istruzioni. Per i prodotti personalizzati non possiamo accettare cambi o resi.<\/p>\n\n\n\n<p>I prodotti personalizzati possono presentare lievi modifiche in termini di colore, peso, consistenza, materiali, dimensioni o design, sempre rispettando lo scopo e l&#039;idea iniziale mostrata sulle nostre pagine web. Da parte tua, devi trattare i prodotti Kiemmi con la massima cura, non averli utilizzati e non averli sottoposti a condizioni inappropriate o dannose, oa manipolazioni che possano pregiudicarne in modo anomalo le condizioni. \u00c8 tua responsabilit\u00e0 conservarli correttamente fino a quando non li esamineremo presso Kiemmi, se desideri restituirli o presentare un reclamo.<\/p>\n\n\n\n<p>Le spese di spedizione per la restituzione sono a carico del cliente. Per fare questo, \u00e8 necessario inviare una e-mail a&nbsp;<a href=\"mailto:info@kiemmi.co\">info@kiemmi.com<\/a>&nbsp;richiedere il reso del tuo ordine.<\/p>\n\n\n\n<p>Una volta restituito il materiale, e quando verificheremo le sue condizioni errate, procederemo alla restituzione del prodotto pagato, oltre alla restituzione delle spese di spedizione iniziali nella sua modalit\u00e0 pi\u00f9 elementare (Spedizione Standard). Se il reso \u00e8 causato da un nostro errore, da Kiemmi ci assumeremo le spese di spedizione per la restituzione del prodotto. In caso contrario, dovrai pagare le spese di spedizione per la restituzione.<\/p>\n\n\n\n<p>Provvederemo a restituire l&#039;importo del reso entro quattordici (14) giorni dall&#039;effettivo ricevimento del prodotto oggetto di reso, e tramite lo stesso mezzo di pagamento che hai utilizzato per l&#039;acquisto.<\/p>\n\n\n\n<h3 class=\"wp-block-heading\" id=\"6-propiedad-intelectual\">6. Propriet\u00e0 intellettuale<\/h3>\n\n\n\n<p>Ci riserviamo tutti i diritti di propriet\u00e0 tutelati dalla propriet\u00e0 intellettuale e industriale inclusi nel sito Kiemmi, ovvero, a titolo esemplificativo ma non esaustivo: testi, immagini, grafica, marchi, struttura di navigazione, informazioni e contenuti. Siamo gli unici responsabili dell&#039;esercizio dei diritti di sfruttamento in qualsiasi modo e, in particolare, dei diritti di riproduzione, distribuzione, comunicazione pubblica e trasformazione, in conformit\u00e0 con la legislazione spagnola sui diritti di propriet\u00e0 intellettuale e industriale.<\/p>\n\n\n\n<p>Nel caso in cui come utente personalizzi un prodotto del sito Kiemmi, con un&#039;immagine da te proposta e non del catalogo immagini Kiemmi, devi garantire di avere tutti i diritti di Propriet\u00e0 Intellettuale e Industriale, nonch\u00e9 ogni diritto di immagine o privacy relativa a persone fisiche o giuridiche eventualmente esistenti, necessarie per lo sfruttamento dell&#039;immagine nel modo o modo desiderato. A sua volta, in qualit\u00e0 di utente, ci concedi una licenza limitata per riprodurre, comunicare, distribuire e trasformare l&#039;immagine che proponi nel prodotto o nei prodotti personalizzati da te ordinati. Una volta che il prodotto \u00e8 stato prodotto e spedito al tuo indirizzo di consegna, tale licenza terminer\u00e0.<\/p>\n\n\n\n<p>Esoneri Kiemmi da qualsiasi responsabilit\u00e0 per pretese di terzi derivanti dall&#039;uso illegittimo o criminale di immagini soggette a Propriet\u00e0 Intellettuale o Industriale, o diritti di immagine o privacy di persone in prodotti personalizzati attraverso i nostri siti web.<\/p>\n\n\n\n<h3 class=\"wp-block-heading\" id=\"7-quejas-y-reclamaciones\">7. Reclami e Reclami<\/h3>\n\n\n\n<p>Come cliente, puoi sempre andare a&nbsp;<a href=\"mailto:info@kiemmi.com\">info@kiemmi.com<\/a>&nbsp;per trasmettere qualsiasi reclamo, suggerimento o pretesa che derivi dalla fornitura dei nostri servizi. Per facilitare l&#039;elaborazione, ti chiediamo di fornirci sempre la fattura o il numero d&#039;ordine del tuo ordine. Ci impegniamo a rispondere alle richieste entro un periodo di sette (7) giorni lavorativi, dalla data in cui sono state correttamente ricevute da noi. Se tale reclamo deriva da materiale che non proviene da Kiemmi, potrebbe essere necessario prolungare questo periodo in modo da poter contattare il produttore.<\/p>\n\n\n\n<p>Non sarai in grado di presentare reclami o reclami sugli ordini una volta trascorsi sette (7) giorni dalla loro consegna effettiva.<\/p>\n\n\n\n<h3 class=\"wp-block-heading\" id=\"8-derechos-de-camaloon\">8. Diritti di Kiemmi<\/h3>\n\n\n\n<h4 class=\"wp-block-heading\" id=\"8-1-monitorizacion\">8.1 Monitoraggio<\/h4>\n\n\n\n<p>In Kiemmi ci riserviamo il diritto (senza assumersene l&#039;obbligo) di monitorare tutte le transazioni e le comunicazioni che avvengono sul nostro sito web. Se riteniamo, a nostra discrezione, che un utente o un cliente violi o possa violare qualsiasi condizione delle presenti Condizioni Generali d&#039;Uso e di Vendita o che tale transazione o comunicazione sia inappropriata, possiamo annullare o limitare l&#039;accesso a tale utente, senza alcuna possibilit\u00e0 di futuro.<\/p>\n\n\n\n<h4 class=\"wp-block-heading\" id=\"8-2-modificacion-del-servicio\">8.2 Modifica del servizio<\/h4>\n\n\n\n<p>In Kiemmi ci riserviamo il diritto di modificare la distribuzione, l&#039;organizzazione e l&#039;aspetto del nostro sito Web e dei servizi che offriamo, e possiamo modificare o sospendere qualsiasi aspetto dei nostri servizi e\/o prezzi senza preavviso o alcuna possibilit\u00e0 di reclamo.<\/p>\n\n\n\n<h4 class=\"wp-block-heading\" id=\"8-3-cancelacion-del-contrato\">8.3 Risoluzione del contratto<\/h4>\n\n\n\n<p>Da Kiemmi, a nostra discrezione e con o senza preavviso, possiamo:<\/p>\n\n\n\n<ul class=\"wp-block-list\"><li>Sospendere o limitare l&#039;uso di Kiemmi a un utente specifico, nonch\u00e9 chiudere completamente un account o annullare l&#039;accesso alle nostre pagine Web<\/li><li>Bloccare o annullare la produzione di qualsiasi ordine che includa immagini che costituiscono un reato, che violano i diritti di terzi, che sono offensive, di cattivo gusto, che includono immagini violente, abusive, di estrema carica politica, settarie o contrarie ai diritti umani fondamentali messaggi<\/li><li>Bloccare o annullare la produzione di qualsiasi ordine che, una volta rivisto, includa errori nei disegni, nel calcolo dei prezzi, che non possono offrire una garanzia sufficiente del risultato finale, ecc.<\/li><li>Segnalare alle autorit\u00e0 competenti qualsiasi abuso o frode verificatosi sui nostri siti web<\/li><li>Elimina qualsiasi contenuto che riteniamo appropriato dai server e dalle directory di Kiemmi o qualsiasi contenuto proposto da un utente<\/li><li>Interrompere la vendita di qualsiasi prodotto specifico o in qualsiasi tipo di valuta diversa dall&#039;euro (\u20ac).<\/li><li>Interrompere il servizio a nostra discrezione o offrirlo su base limitata.<\/li><\/ul>\n\n\n\n<h3 class=\"wp-block-heading\" id=\"9-politica-de-enlaces\">9. Politica sui collegamenti<\/h3>\n\n\n\n<p>In Kiemmi non siamo responsabili per quei siti Web o file a cui \u00e8 possibile accedere tramite collegamenti ipertestuali (&quot;link&quot;) disponibili tra i nostri contenuti. La responsabilit\u00e0 \u00e8 dei rispettivi proprietari. Pertanto, non approviamo o approviamo i prodotti, i servizi, i contenuti, le informazioni, i dati, i file e qualsiasi tipo di materiale esistente su tali pagine Web o file e non controlliamo n\u00e9 ci assumiamo la responsabilit\u00e0 della qualit\u00e0, illegalit\u00e0, affidabilit\u00e0 e utilit\u00e0 di le informazioni, i contenuti ei servizi presenti nei siti collegati e che sono estranei alle nostre pagine.<\/p>\n\n\n\n<p>Nel caso in cui si ritenga opportuno o che un organo competente dichiari l&#039;illegittimit\u00e0 dei dati, ordinandone il ritiro o l&#039;accesso agli stessi sia impossibile, ovvero sia stata dichiarata l&#039;esistenza della lesione, e ci sia stata espressamente notificata la relativa delibera , rimuoveremmo immediatamente i link indicati.<\/p>\n\n\n\n<h3 class=\"wp-block-heading\" id=\"10-limitacion-de-responsabilidad\">10. Limitazione di responsabilit\u00e0<\/h3>\n\n\n\n<p>Ci escludiamo da qualsiasi responsabilit\u00e0 per danni di qualsiasi natura che possano essere dovuti alla mancanza di disponibilit\u00e0 o continuit\u00e0 di funzionamento dei nostri siti web. Decliniamo inoltre qualsiasi tipo di responsabilit\u00e0 derivante dall&#039;uso improprio o inappropriato dei nostri prodotti.<\/p>\n\n\n\n<h3 class=\"wp-block-heading\" id=\"11-cambios-en-las-presentes-condiciones-generales-de-uso-y-venta\">11. Modifiche alle presenti Condizioni Generali d&#039;Uso e di Vendita<\/h3>\n\n\n\n<p>Ci riserviamo il diritto di modificare qualsiasi aspetto delle presenti Condizioni Generali d&#039;Uso e di Vendita, inclusi i nostri prezzi, design accettati o contenuti rifiutabili.<\/p>\n\n\n\n<h3 class=\"wp-block-heading\" id=\"12-legislacion-aplicable-y-jurisdiccion-competente\">12. Legislazione applicabile e giurisdizione competente<\/h3>\n\n\n\n<p>Le presenti Condizioni Generali d&#039;Uso e di Vendita sono regolate dalla legge spagnola.<\/p>\n\n\n\n<p>Se \u00e8 un privato che effettua l&#039;acquisto dei prodotti, per la risoluzione di eventuali controversie, le parti concordano di sottoporsi all&#039;arbitrato del consumatore stabilito dalla legge, rinunciando a qualsiasi altra giurisdizione che possa corrispondere loro.<\/p>\n\n\n\n<p>Se si tratta di una societ\u00e0 che effettua l&#039;acquisto dei prodotti, per la risoluzione di eventuali controversie le parti si impegnano a sottoporsi alle corti e ai tribunali competenti in Nules, rinunciando a qualsiasi altra giurisdizione che possa corrispondere loro.<\/p>","protected":false},"excerpt":{"rendered":"<p>1. Datos identificativos de KIEMMI El prestador del servicio del sitio web es Emmanuel Kielichowski (en adelante, &#8220;Kiemmi&#8221;), con VAT intracomunitario ESX2878559V y con domicilio social en Calle Claveles 4, 12600 Vall de Ux\u00f3 (Castell\u00f3n), Spain. 2. Descripci\u00f3n del servicio En Kiemmi proporcionamos una serie de servicios a trav\u00e9s de Internet a nuestros usuarios y [&hellip;]<\/p>\n","protected":false},"author":1,"featured_media":0,"parent":0,"menu_order":0,"comment_status":"closed","ping_status":"closed","template":"","meta":{"_seopress_robots_primary_cat":"0","_seopress_titles_title":"","_seopress_titles_desc":"","_seopress_robots_index":"","_seopress_analysis_target_kw":"","site-sidebar-layout":"default","site-content-layout":"","ast-site-content-layout":"default","site-content-style":"default","site-sidebar-style":"default","ast-global-header-display":"","ast-banner-title-visibility":"","ast-main-header-display":"","ast-hfb-above-header-display":"","ast-hfb-below-header-display":"","ast-hfb-mobile-header-display":"","site-post-title":"","ast-breadcrumbs-content":"","ast-featured-img":"","footer-sml-layout":"","ast-disable-related-posts":"","theme-transparent-header-meta":"","adv-header-id-meta":"","stick-header-meta":"","header-above-stick-meta":"","header-main-stick-meta":"","header-below-stick-meta":"","astra-migrate-meta-layouts":"default","ast-page-background-enabled":"default","ast-page-background-meta":{"desktop":{"background-color":"","background-image":"","background-repeat":"repeat","background-position":"center center","background-size":"auto","background-attachment":"scroll","background-type":"","background-media":"","overlay-type":"","overlay-color":"","overlay-opacity":"","overlay-gradient":""},"tablet":{"background-color":"","background-image":"","background-repeat":"repeat","background-position":"center center","background-size":"auto","background-attachment":"scroll","background-type":"","background-media":"","overlay-type":"","overlay-color":"","overlay-opacity":"","overlay-gradient":""},"mobile":{"background-color":"","background-image":"","background-repeat":"repeat","background-position":"center center","background-size":"auto","background-attachment":"scroll","background-type":"","background-media":"","overlay-type":"","overlay-color":"","overlay-opacity":"","overlay-gradient":""}},"ast-content-background-meta":{"desktop":{"background-color":"var(--ast-global-color-5)","background-image":"","background-repeat":"repeat","background-position":"center center","background-size":"auto","background-attachment":"scroll","background-type":"","background-media":"","overlay-type":"","overlay-color":"","overlay-opacity":"","overlay-gradient":""},"tablet":{"background-color":"var(--ast-global-color-5)","background-image":"","background-repeat":"repeat","background-position":"center center","background-size":"auto","background-attachment":"scroll","background-type":"","background-media":"","overlay-type":"","overlay-color":"","overlay-opacity":"","overlay-gradient":""},"mobile":{"background-color":"var(--ast-global-color-5)","background-image":"","background-repeat":"repeat","background-position":"center center","background-size":"auto","background-attachment":"scroll","background-type":"","background-media":"","overlay-type":"","overlay-color":"","overlay-opacity":"","overlay-gradient":""}},"footnotes":""},"class_list":["post-2743","page","type-page","status-publish","hentry"],"_links":{"self":[{"href":"https:\/\/kiemmi.com\/it\/wp-json\/wp\/v2\/pages\/2743","targetHints":{"allow":["GET"]}}],"collection":[{"href":"https:\/\/kiemmi.com\/it\/wp-json\/wp\/v2\/pages"}],"about":[{"href":"https:\/\/kiemmi.com\/it\/wp-json\/wp\/v2\/types\/page"}],"author":[{"embeddable":true,"href":"https:\/\/kiemmi.com\/it\/wp-json\/wp\/v2\/users\/1"}],"replies":[{"embeddable":true,"href":"https:\/\/kiemmi.com\/it\/wp-json\/wp\/v2\/comments?post=2743"}],"version-history":[{"count":0,"href":"https:\/\/kiemmi.com\/it\/wp-json\/wp\/v2\/pages\/2743\/revisions"}],"wp:attachment":[{"href":"https:\/\/kiemmi.com\/it\/wp-json\/wp\/v2\/media?parent=2743"}],"curies":[{"name":"wp","href":"https:\/\/api.w.org\/{rel}","templated":true}]}}