{"id":2226,"date":"2020-07-25T11:07:48","date_gmt":"2020-07-25T11:07:48","guid":{"rendered":"https:\/\/www.tks3d.com\/?page_id=2226"},"modified":"2022-01-22T17:54:20","modified_gmt":"2022-01-22T17:54:20","slug":"politica-sui-cookie","status":"publish","type":"page","link":"https:\/\/kiemmi.com\/it\/politica-de-cookies\/","title":{"rendered":"Politica sui cookie"},"content":{"rendered":"<p>In ottemperanza alle disposizioni dell&#039;articolo 22.2 della Legge 34\/2002, dell&#039;11 luglio, sui servizi della societ\u00e0 dell&#039;informazione e del commercio elettronico, questa pagina web informa, in questa sezione, sulle&nbsp;<strong>politica di raccolta e trattamento dei cookie<\/strong>.<\/p>\n\n\n\n<h4 class=\"wp-block-heading\">Cosa sono i cookie?<\/h4>\n\n\n\n<p>Un cookie \u00e8 un file che viene scaricato sul tuo computer quando accedi a determinate pagine web. I cookie consentono a una pagina Web, tra le altre cose, di archiviare e recuperare informazioni sulle abitudini di navigazione di un utente o delle sue apparecchiature e, a seconda delle informazioni che contengono e del modo in cui utilizzi le tue apparecchiature, possono essere utilizzati per riconoscere a utente.<\/p>\n\n\n\n<h4 class=\"wp-block-heading\">Tipi di cookie e loro scopo<\/h4>\n\n\n\n<p>Durante la navigazione su questo sito vengono utilizzati Cookie di sessione, Cookie persistenti, Cookie di analisi, Cookie di personalizzazione:<\/p>\n\n\n\n<p><strong>Cookie di sessione:<\/strong>&nbsp;Sono cookie progettati per raccogliere e memorizzare dati mentre l&#039;utente accede a una pagina web. Sono solitamente utilizzati per archiviare informazioni che interessano unicamente conservare per la fornitura del servizio richiesto dall&#039;utente in una singola occasione.<\/p>\n\n\n\n<p><strong>Cookie persistenti:<\/strong>&nbsp;Sono un tipo di cookie in cui i dati sono ancora memorizzati nel terminale e ai quali \u00e8 possibile accedere ed elaborare per un periodo definito dal responsabile del cookie, che pu\u00f2 variare da pochi minuti a diversi anni.<\/p>\n\n\n\n<p><strong>Cookie di analisi<\/strong>: Sono quelli che, ben trattati da noi o da terzi, ci consentono di quantificare il numero di utenti e quindi effettuare la misurazione e l&#039;analisi statistica dell&#039;uso fatto dagli utenti del servizio offerto. Per fare ci\u00f2, la tua navigazione sul nostro sito Web viene analizzata al fine di migliorare l&#039;offerta di prodotti o servizi che ti offriamo.<\/p>\n\n\n\n<p><strong>Cookie di personalizzazione<\/strong>: Sono quelli che consentono all&#039;utente di accedere al servizio con alcune caratteristiche generali predefinite basate su una serie di criteri nel terminale dell&#039;utente, come la lingua o il tipo di browser attraverso il quale il servizio \u00e8 connesso.<\/p>\n\n\n\n<h4 class=\"wp-block-heading\">Aggiornamenti e modifiche alla Cookies Policy<\/h4>\n\n\n\n<p>KIEMMI pu\u00f2 modificare la presente Politica sui cookie in base a nuovi requisiti legislativi o regolamentari, o allo scopo di adattare detta politica alle istruzioni emesse dall&#039;Agenzia spagnola per la protezione dei dati.<\/p>\n\n\n\n<p>Se desideri maggiori informazioni su come utilizziamo i cookie, puoi inviarci una e-mail a info@tekniservice.com<\/p>","protected":false},"excerpt":{"rendered":"<p>En cumplimiento con lo dispuesto en el art\u00edculo 22.2 de la Ley 34\/2002, de 11 de julio, de Servicios de la Sociedad de la Informaci\u00f3n y de Comercio Electr\u00f3nico, esta p\u00e1gina web le informa, en esta secci\u00f3n, sobre la&nbsp;pol\u00edtica de recogida y tratamiento de cookies. \u00bfQu\u00e9 son las cookies? Una cookie es un fichero que [&hellip;]<\/p>\n","protected":false},"author":1,"featured_media":0,"parent":0,"menu_order":0,"comment_status":"closed","ping_status":"closed","template":"","meta":{"_seopress_robots_primary_cat":"0","_seopress_titles_title":"","_seopress_titles_desc":"","_seopress_robots_index":"","_seopress_analysis_target_kw":"","site-sidebar-layout":"default","site-content-layout":"","ast-site-content-layout":"default","site-content-style":"default","site-sidebar-style":"default","ast-global-header-display":"","ast-banner-title-visibility":"","ast-main-header-display":"","ast-hfb-above-header-display":"","ast-hfb-below-header-display":"","ast-hfb-mobile-header-display":"","site-post-title":"","ast-breadcrumbs-content":"","ast-featured-img":"","footer-sml-layout":"","ast-disable-related-posts":"","theme-transparent-header-meta":"","adv-header-id-meta":"","stick-header-meta":"","header-above-stick-meta":"","header-main-stick-meta":"","header-below-stick-meta":"","astra-migrate-meta-layouts":"default","ast-page-background-enabled":"default","ast-page-background-meta":{"desktop":{"background-color":"","background-image":"","background-repeat":"repeat","background-position":"center center","background-size":"auto","background-attachment":"scroll","background-type":"","background-media":"","overlay-type":"","overlay-color":"","overlay-opacity":"","overlay-gradient":""},"tablet":{"background-color":"","background-image":"","background-repeat":"repeat","background-position":"center center","background-size":"auto","background-attachment":"scroll","background-type":"","background-media":"","overlay-type":"","overlay-color":"","overlay-opacity":"","overlay-gradient":""},"mobile":{"background-color":"","background-image":"","background-repeat":"repeat","background-position":"center center","background-size":"auto","background-attachment":"scroll","background-type":"","background-media":"","overlay-type":"","overlay-color":"","overlay-opacity":"","overlay-gradient":""}},"ast-content-background-meta":{"desktop":{"background-color":"var(--ast-global-color-5)","background-image":"","background-repeat":"repeat","background-position":"center center","background-size":"auto","background-attachment":"scroll","background-type":"","background-media":"","overlay-type":"","overlay-color":"","overlay-opacity":"","overlay-gradient":""},"tablet":{"background-color":"var(--ast-global-color-5)","background-image":"","background-repeat":"repeat","background-position":"center center","background-size":"auto","background-attachment":"scroll","background-type":"","background-media":"","overlay-type":"","overlay-color":"","overlay-opacity":"","overlay-gradient":""},"mobile":{"background-color":"var(--ast-global-color-5)","background-image":"","background-repeat":"repeat","background-position":"center center","background-size":"auto","background-attachment":"scroll","background-type":"","background-media":"","overlay-type":"","overlay-color":"","overlay-opacity":"","overlay-gradient":""}},"footnotes":""},"class_list":["post-2226","page","type-page","status-publish","hentry"],"_links":{"self":[{"href":"https:\/\/kiemmi.com\/it\/wp-json\/wp\/v2\/pages\/2226","targetHints":{"allow":["GET"]}}],"collection":[{"href":"https:\/\/kiemmi.com\/it\/wp-json\/wp\/v2\/pages"}],"about":[{"href":"https:\/\/kiemmi.com\/it\/wp-json\/wp\/v2\/types\/page"}],"author":[{"embeddable":true,"href":"https:\/\/kiemmi.com\/it\/wp-json\/wp\/v2\/users\/1"}],"replies":[{"embeddable":true,"href":"https:\/\/kiemmi.com\/it\/wp-json\/wp\/v2\/comments?post=2226"}],"version-history":[{"count":0,"href":"https:\/\/kiemmi.com\/it\/wp-json\/wp\/v2\/pages\/2226\/revisions"}],"wp:attachment":[{"href":"https:\/\/kiemmi.com\/it\/wp-json\/wp\/v2\/media?parent=2226"}],"curies":[{"name":"wp","href":"https:\/\/api.w.org\/{rel}","templated":true}]}}