{"id":8907,"date":"2024-10-10T17:42:33","date_gmt":"2024-10-10T17:42:33","guid":{"rendered":"https:\/\/kiemmi.com\/?post_type=product&#038;p=8907"},"modified":"2025-09-02T08:41:16","modified_gmt":"2025-09-02T08:41:16","slug":"tirelire-hamster-3d-personnalisable","status":"publish","type":"product","link":"https:\/\/kiemmi.com\/fr\/shop\/huchas\/hucha-hamster-3d-personalizable\/","title":{"rendered":"Tirelire Hamster 3D Personnalisable"},"content":{"rendered":"<p>D\u00e9couvrez notre charmante tirelire en forme de hamster imprim\u00e9e en 3D, parfaite pour ceux qui recherchent un cadeau original et pratique. Avec un design charmant et la possibilit\u00e9 de personnaliser les couleurs et d&#039;ajouter un nom, cette tirelire s&#039;adapte \u00e0 tous les styles. Id\u00e9al pour tous les \u00e2ges, il allie fonctionnalit\u00e9 et cr\u00e9ativit\u00e9 en un seul produit.<\/p>\n<p><strong>Caract\u00e9ristique:<\/strong><\/p>\n<ul>\n<li>\ud83d\udc39 <strong>Joli design de hamster<\/strong>: Une tirelire en forme de hamster qui ajoute une touche amusante et adorable \u00e0 n&#039;importe quel espace.<\/li>\n<li>\ud83c\udfa8 <strong style=\"font-family: -apple-system, BlinkMacSystemFont, 'Segoe UI', Roboto, 'Helvetica Neue', Arial, sans-serif, 'Apple Color Emoji', 'Segoe UI Emoji', 'Segoe UI Symbol'; font-size: 1rem;\">Personnalisation des couleurs<\/strong><span style=\"font-family: -apple-system, BlinkMacSystemFont, 'Segoe UI', Roboto, 'Helvetica Neue', Arial, sans-serif, 'Apple Color Emoji', 'Segoe UI Emoji', 'Segoe UI Symbol'; font-size: 1rem;\">: Choisissez les couleurs que vous pr\u00e9f\u00e9rez afin que la tirelire refl\u00e8te votre personnalit\u00e9 ou celle de celui qui la re\u00e7oit.<\/span><\/li>\n<li>\u270f\ufe0f <strong style=\"font-family: -apple-system, BlinkMacSystemFont, 'Segoe UI', Roboto, 'Helvetica Neue', Arial, sans-serif, 'Apple Color Emoji', 'Segoe UI Emoji', 'Segoe UI Symbol'; font-size: 1rem;\">Nom personnalisable<\/strong><span style=\"font-family: -apple-system, BlinkMacSystemFont, 'Segoe UI', Roboto, 'Helvetica Neue', Arial, sans-serif, 'Apple Color Emoji', 'Segoe UI Emoji', 'Segoe UI Symbol'; font-size: 1rem;\">: Ajoutez le nom que vous souhaitez rendre la tirelire compl\u00e8tement unique et sp\u00e9ciale.<\/span><\/li>\n<li>\u2699\ufe0f <strong style=\"font-family: -apple-system, BlinkMacSystemFont, 'Segoe UI', Roboto, 'Helvetica Neue', Arial, sans-serif, 'Apple Color Emoji', 'Segoe UI Emoji', 'Segoe UI Symbol'; font-size: 1rem;\">M\u00e9canisme interactif pour les enfants<\/strong><span style=\"font-family: -apple-system, BlinkMacSystemFont, 'Segoe UI', Roboto, 'Helvetica Neue', Arial, sans-serif, 'Apple Color Emoji', 'Segoe UI Emoji', 'Segoe UI Symbol'; font-size: 1rem;\">: Le syst\u00e8me d&#039;engrenage dans la fermeture offre une exp\u00e9rience amusante aux plus petits, transformant l&#039;\u00e9pargne en une activit\u00e9 ludique.<\/span><\/li>\n<li>\ud83c\udf81 <strong style=\"font-family: -apple-system, BlinkMacSystemFont, 'Segoe UI', Roboto, 'Helvetica Neue', Arial, sans-serif, 'Apple Color Emoji', 'Segoe UI Emoji', 'Segoe UI Symbol'; font-size: 1rem;\">Un cadeau inoubliable<\/strong><span style=\"font-family: -apple-system, BlinkMacSystemFont, 'Segoe UI', Roboto, 'Helvetica Neue', Arial, sans-serif, 'Apple Color Emoji', 'Segoe UI Emoji', 'Segoe UI Symbol'; font-size: 1rem;\">: Il est parfait pour surprendre vos amis, votre famille ou tout fan de hamster, gr\u00e2ce \u00e0 son design exclusif et ses options de personnalisation.<\/span><\/li>\n<li>\ud83d\udccf <strong style=\"font-family: -apple-system, BlinkMacSystemFont, 'Segoe UI', Roboto, 'Helvetica Neue', Arial, sans-serif, 'Apple Color Emoji', 'Segoe UI Emoji', 'Segoe UI Symbol'; font-size: 1rem;\">Taille id\u00e9ale<\/strong><span style=\"font-family: -apple-system, BlinkMacSystemFont, 'Segoe UI', Roboto, 'Helvetica Neue', Arial, sans-serif, 'Apple Color Emoji', 'Segoe UI Emoji', 'Segoe UI Symbol'; font-size: 1rem;\">: Mesurant 17,4 cm de long x 9,4 cm de large et 3,5 cm d&#039;\u00e9paisseur, il est suffisamment compact pour se glisser partout sans prendre beaucoup de place.<\/span><\/li>\n<li>\ud83c\udfa8 <strong style=\"font-family: -apple-system, BlinkMacSystemFont, 'Segoe UI', Roboto, 'Helvetica Neue', Arial, sans-serif, 'Apple Color Emoji', 'Segoe UI Emoji', 'Segoe UI Symbol'; font-size: 1rem;\">Impression 3D de haute pr\u00e9cision<\/strong><span style=\"font-family: -apple-system, BlinkMacSystemFont, 'Segoe UI', Roboto, 'Helvetica Neue', Arial, sans-serif, 'Apple Color Emoji', 'Segoe UI Emoji', 'Segoe UI Symbol'; font-size: 1rem;\">: Fabriqu\u00e9 par impression 3D de qualit\u00e9, assurant une finition d\u00e9taill\u00e9e et durable.<\/span><\/li>\n<\/ul>\n<p>Avec cette tirelire en forme de hamster, vous disposerez non seulement d&#039;un endroit pratique pour ranger vos \u00e9conomies, mais \u00e9galement d&#039;un accessoire d\u00e9coratif et personnalis\u00e9 qui fera sourire tout le monde.<\/p>","protected":false},"excerpt":{"rendered":"<p>Cette tirelire en forme de hamster est un cadeau original et personnalisable, id\u00e9al en toute occasion. Son design charmant et amusant se distingue gr\u00e2ce \u00e0 la possibilit\u00e9 de choisir des couleurs et d&#039;ajouter un nom. La fermeture par m\u00e9canisme \u00e0 engrenages le rend interactif et divertissant, notamment pour les enfants. Avec une taille compacte et pratique, il est facile \u00e0 placer dans n&#039;importe quel espace. De plus, son impression 3D de haute qualit\u00e9 garantit une durabilit\u00e9 et une finition d\u00e9taill\u00e9e.<\/p>","protected":false},"featured_media":8912,"template":"","meta":{"_seopress_robots_primary_cat":"88","_seopress_titles_title":"Hucha h\u00e1mster 3D personalizable: regalo \u00fanico","_seopress_titles_desc":"Descubre la hucha personalizable perfecta en dise\u00f1o de h\u00e1mster 3D, con colores y nombre \u00fanicos. Un regalo original y pr\u00e1ctico para todas las edades.","_seopress_robots_index":"","_seopress_analysis_target_kw":"hucha,3d,personalizable","site-sidebar-layout":"default","site-content-layout":"","ast-site-content-layout":"default","site-content-style":"default","site-sidebar-style":"default","ast-global-header-display":"","ast-banner-title-visibility":"","ast-main-header-display":"","ast-hfb-above-header-display":"","ast-hfb-below-header-display":"","ast-hfb-mobile-header-display":"","site-post-title":"","ast-breadcrumbs-content":"","ast-featured-img":"","footer-sml-layout":"","ast-disable-related-posts":"","theme-transparent-header-meta":"","adv-header-id-meta":"","stick-header-meta":"","header-above-stick-meta":"","header-main-stick-meta":"","header-below-stick-meta":"","astra-migrate-meta-layouts":"default","ast-page-background-enabled":"default","ast-page-background-meta":{"desktop":{"background-color":"","background-image":"","background-repeat":"repeat","background-position":"center center","background-size":"auto","background-attachment":"scroll","background-type":"","background-media":"","overlay-type":"","overlay-color":"","overlay-opacity":"","overlay-gradient":""},"tablet":{"background-color":"","background-image":"","background-repeat":"repeat","background-position":"center center","background-size":"auto","background-attachment":"scroll","background-type":"","background-media":"","overlay-type":"","overlay-color":"","overlay-opacity":"","overlay-gradient":""},"mobile":{"background-color":"","background-image":"","background-repeat":"repeat","background-position":"center center","background-size":"auto","background-attachment":"scroll","background-type":"","background-media":"","overlay-type":"","overlay-color":"","overlay-opacity":"","overlay-gradient":""}},"ast-content-background-meta":{"desktop":{"background-color":"var(--ast-global-color-5)","background-image":"","background-repeat":"repeat","background-position":"center center","background-size":"auto","background-attachment":"scroll","background-type":"","background-media":"","overlay-type":"","overlay-color":"","overlay-opacity":"","overlay-gradient":""},"tablet":{"background-color":"var(--ast-global-color-5)","background-image":"","background-repeat":"repeat","background-position":"center center","background-size":"auto","background-attachment":"scroll","background-type":"","background-media":"","overlay-type":"","overlay-color":"","overlay-opacity":"","overlay-gradient":""},"mobile":{"background-color":"var(--ast-global-color-5)","background-image":"","background-repeat":"repeat","background-position":"center center","background-size":"auto","background-attachment":"scroll","background-type":"","background-media":"","overlay-type":"","overlay-color":"","overlay-opacity":"","overlay-gradient":""}}},"product_brand":[],"product_cat":[88,87,49],"product_tag":[],"class_list":{"0":"post-8907","1":"product","2":"type-product","3":"status-publish","4":"has-post-thumbnail","6":"product_cat-huchas","7":"product_cat-mascotas","8":"product_cat-regalos-originales","9":"desktop-align-center","10":"tablet-align-left","11":"mobile-align-center","12":"ast-product-gallery-layout-horizontal","13":"ast-magnify-disabled","14":"ast-product-tabs-layout-horizontal","15":"tm-has-options","17":"first","18":"instock","19":"taxable","20":"shipping-taxable","21":"purchasable","22":"product-type-simple"},"_links":{"self":[{"href":"https:\/\/kiemmi.com\/fr\/wp-json\/wp\/v2\/product\/8907","targetHints":{"allow":["GET"]}}],"collection":[{"href":"https:\/\/kiemmi.com\/fr\/wp-json\/wp\/v2\/product"}],"about":[{"href":"https:\/\/kiemmi.com\/fr\/wp-json\/wp\/v2\/types\/product"}],"version-history":[{"count":0,"href":"https:\/\/kiemmi.com\/fr\/wp-json\/wp\/v2\/product\/8907\/revisions"}],"wp:featuredmedia":[{"embeddable":true,"href":"https:\/\/kiemmi.com\/fr\/wp-json\/wp\/v2\/media\/8912"}],"wp:attachment":[{"href":"https:\/\/kiemmi.com\/fr\/wp-json\/wp\/v2\/media?parent=8907"}],"wp:term":[{"taxonomy":"product_brand","embeddable":true,"href":"https:\/\/kiemmi.com\/fr\/wp-json\/wp\/v2\/product_brand?post=8907"},{"taxonomy":"product_cat","embeddable":true,"href":"https:\/\/kiemmi.com\/fr\/wp-json\/wp\/v2\/product_cat?post=8907"},{"taxonomy":"product_tag","embeddable":true,"href":"https:\/\/kiemmi.com\/fr\/wp-json\/wp\/v2\/product_tag?post=8907"}],"curies":[{"name":"wp","href":"https:\/\/api.w.org\/{rel}","templated":true}]}}