{"id":8839,"date":"2024-10-04T12:20:48","date_gmt":"2024-10-04T12:20:48","guid":{"rendered":"https:\/\/kiemmi.com\/?post_type=product&#038;p=8839"},"modified":"2025-09-15T12:13:03","modified_gmt":"2025-09-15T12:13:03","slug":"tirelires-3d-en-forme-de-patte-de-chien-tirelire-personnalisable","status":"publish","type":"product","link":"https:\/\/kiemmi.com\/fr\/shop\/huchas\/huchas-3d-en-forma-de-huella-de-perro-hucha-personalizable\/","title":{"rendered":"Tirelire 3D en forme de patte de chien \u2013 Tirelire personnalisable"},"content":{"rendered":"<p>Rendez l&#039;\u00e9pargne plus amusante avec cette tirelire originale en forme de patte de chien, r\u00e9alis\u00e9e gr\u00e2ce \u00e0 l&#039;impression 3D et enti\u00e8rement personnalisable ! Vous pouvez ajouter le nom de votre animal de compagnie ou de la personne de votre choix, choisir les couleurs que vous pr\u00e9f\u00e9rez, personnaliser les bords et l&#039;apparence de la fa\u00e7ade pour le rendre unique. La fermeture comprend un m\u00e9canisme \u00e0 engrenages, ce qui la rend non seulement s\u00fbre, mais aussi divertissante pour les enfants. Avec une taille pratique et un design d\u00e9coratif, cette tirelire est un cadeau id\u00e9al pour les amoureux des animaux.<\/p>\n<p><strong>Fonctionnalit\u00e9s\u00a0:<\/strong><\/p>\n<ul>\n<li>\ud83d\udc3e <strong>Forme d&#039;empreinte personnalisable<\/strong>: Ajoutez le nom de votre animal et ajustez les couleurs, les bordures et les d\u00e9tails \u00e0 votre guise.<\/li>\n<li>\ud83c\udfa8 <strong>Impression 3D d\u00e9taill\u00e9e<\/strong>: Fabriqu\u00e9e avec une technologie de haute pr\u00e9cision, garantissant une tirelire r\u00e9sistante avec une excellente finition.<\/li>\n<li>\ud83d\udd10 <strong>Fermeture avec engrenages<\/strong>: Son m\u00e9canisme de fermeture \u00e0 engrenage est facile \u00e0 utiliser et maintient la tirelire en s\u00e9curit\u00e9, la rendant amusante pour les plus petits.<\/li>\n<li>\ud83c\udf81 <strong>Un cadeau unique pour les amoureux des animaux<\/strong>: Id\u00e9al pour tous ceux qui aiment les chiens ou les animaux de compagnie en g\u00e9n\u00e9ral.<\/li>\n<li>\ud83d\udccf <strong>Taille compacte et fonctionnelle<\/strong>: Mesurant 16,7 cm de large, 16 cm de haut et 3,5 cm d&#039;\u00e9paisseur, il est parfait \u00e0 placer n&#039;importe o\u00f9.<\/li>\n<li>\ud83c\udf08 <strong>Options de personnalisation<\/strong>: Choisissez les couleurs et les d\u00e9tails que vous pr\u00e9f\u00e9rez, en veillant \u00e0 ce que chaque tirelire soit aussi unique que votre animal de compagnie.<\/li>\n<\/ul>","protected":false},"excerpt":{"rendered":"<p>Cette tirelire en forme de patte de chien, r\u00e9alis\u00e9e en impression 3D, est enti\u00e8rement personnalisable, vous permettant d&#039;ajouter le nom de votre animal et de choisir les couleurs et les bords. Son m\u00e9canisme de fermeture \u00e0 engrenages est s\u00e9curitaire et amusant pour les enfants. D&#039;un design compact, ses mesures sont de 16,7 cm de largeur, 16 cm de hauteur et 3,5 cm d&#039;\u00e9paisseur. Id\u00e9al comme cadeau pour les amoureux des animaux, il est \u00e0 la fois d\u00e9coratif et fonctionnel. De plus, elle propose des options de personnalisation afin de rendre chaque tirelire unique.<\/p>","protected":false},"featured_media":8862,"template":"","meta":{"_seopress_robots_primary_cat":"88","_seopress_titles_title":"Hucha 3D Huella Personalizada: Ahorra con Estilo","_seopress_titles_desc":"Haz del ahorro un juego divertido con nuestra hucha impresa en 3D. Personal\u00edzala totalmente y sorprende a los amantes de los animales.","_seopress_robots_index":"","_seopress_analysis_target_kw":"hucha 3d,huella,personalizable","site-sidebar-layout":"default","site-content-layout":"","ast-site-content-layout":"default","site-content-style":"default","site-sidebar-style":"default","ast-global-header-display":"","ast-banner-title-visibility":"","ast-main-header-display":"","ast-hfb-above-header-display":"","ast-hfb-below-header-display":"","ast-hfb-mobile-header-display":"","site-post-title":"","ast-breadcrumbs-content":"","ast-featured-img":"","footer-sml-layout":"","ast-disable-related-posts":"","theme-transparent-header-meta":"","adv-header-id-meta":"","stick-header-meta":"","header-above-stick-meta":"","header-main-stick-meta":"","header-below-stick-meta":"","astra-migrate-meta-layouts":"default","ast-page-background-enabled":"default","ast-page-background-meta":{"desktop":{"background-color":"","background-image":"","background-repeat":"repeat","background-position":"center center","background-size":"auto","background-attachment":"scroll","background-type":"","background-media":"","overlay-type":"","overlay-color":"","overlay-opacity":"","overlay-gradient":""},"tablet":{"background-color":"","background-image":"","background-repeat":"repeat","background-position":"center center","background-size":"auto","background-attachment":"scroll","background-type":"","background-media":"","overlay-type":"","overlay-color":"","overlay-opacity":"","overlay-gradient":""},"mobile":{"background-color":"","background-image":"","background-repeat":"repeat","background-position":"center center","background-size":"auto","background-attachment":"scroll","background-type":"","background-media":"","overlay-type":"","overlay-color":"","overlay-opacity":"","overlay-gradient":""}},"ast-content-background-meta":{"desktop":{"background-color":"var(--ast-global-color-5)","background-image":"","background-repeat":"repeat","background-position":"center center","background-size":"auto","background-attachment":"scroll","background-type":"","background-media":"","overlay-type":"","overlay-color":"","overlay-opacity":"","overlay-gradient":""},"tablet":{"background-color":"var(--ast-global-color-5)","background-image":"","background-repeat":"repeat","background-position":"center center","background-size":"auto","background-attachment":"scroll","background-type":"","background-media":"","overlay-type":"","overlay-color":"","overlay-opacity":"","overlay-gradient":""},"mobile":{"background-color":"var(--ast-global-color-5)","background-image":"","background-repeat":"repeat","background-position":"center center","background-size":"auto","background-attachment":"scroll","background-type":"","background-media":"","overlay-type":"","overlay-color":"","overlay-opacity":"","overlay-gradient":""}}},"product_brand":[],"product_cat":[88,87,49],"product_tag":[],"class_list":{"0":"post-8839","1":"product","2":"type-product","3":"status-publish","4":"has-post-thumbnail","6":"product_cat-huchas","7":"product_cat-mascotas","8":"product_cat-regalos-originales","9":"desktop-align-center","10":"tablet-align-left","11":"mobile-align-center","12":"ast-product-gallery-layout-horizontal","13":"ast-magnify-disabled","14":"ast-product-tabs-layout-horizontal","15":"tm-has-options","17":"first","18":"instock","19":"taxable","20":"shipping-taxable","21":"purchasable","22":"product-type-simple"},"_links":{"self":[{"href":"https:\/\/kiemmi.com\/fr\/wp-json\/wp\/v2\/product\/8839","targetHints":{"allow":["GET"]}}],"collection":[{"href":"https:\/\/kiemmi.com\/fr\/wp-json\/wp\/v2\/product"}],"about":[{"href":"https:\/\/kiemmi.com\/fr\/wp-json\/wp\/v2\/types\/product"}],"version-history":[{"count":0,"href":"https:\/\/kiemmi.com\/fr\/wp-json\/wp\/v2\/product\/8839\/revisions"}],"wp:featuredmedia":[{"embeddable":true,"href":"https:\/\/kiemmi.com\/fr\/wp-json\/wp\/v2\/media\/8862"}],"wp:attachment":[{"href":"https:\/\/kiemmi.com\/fr\/wp-json\/wp\/v2\/media?parent=8839"}],"wp:term":[{"taxonomy":"product_brand","embeddable":true,"href":"https:\/\/kiemmi.com\/fr\/wp-json\/wp\/v2\/product_brand?post=8839"},{"taxonomy":"product_cat","embeddable":true,"href":"https:\/\/kiemmi.com\/fr\/wp-json\/wp\/v2\/product_cat?post=8839"},{"taxonomy":"product_tag","embeddable":true,"href":"https:\/\/kiemmi.com\/fr\/wp-json\/wp\/v2\/product_tag?post=8839"}],"curies":[{"name":"wp","href":"https:\/\/api.w.org\/{rel}","templated":true}]}}