{"id":8696,"date":"2024-08-27T10:35:00","date_gmt":"2024-08-27T10:35:00","guid":{"rendered":"https:\/\/kiemmi.com\/?post_type=product&#038;p=8696"},"modified":"2025-05-30T05:34:19","modified_gmt":"2025-05-30T05:34:19","slug":"nom-3d-personnalise-avec-le-style-mario-bros","status":"publish","type":"product","link":"https:\/\/kiemmi.com\/fr\/shop\/decoracion-del-hogar\/habitacion-de-bebe\/nombre-3d-personalizado-con-estilo-mario-bros\/","title":{"rendered":"Nom 3D personnalis\u00e9 avec le style Mario Bros"},"content":{"rendered":"<p>Donnez une touche unique et nostalgique \u00e0 votre espace avec cette plaque personnalis\u00e9e de style Mario Bros 3D ! Con\u00e7ue avec la derni\u00e8re technologie d&#039;impression 3D, cette enseigne offre non seulement une qualit\u00e9 sup\u00e9rieure, mais \u00e9galement une personnalisation compl\u00e8te afin que vous puissiez choisir les couleurs de chaque lettre selon vos go\u00fbts.<\/p>\n<p>Id\u00e9al comme \u00e9l\u00e9ment de d\u00e9coration pour les chambres d&#039;enfants ou comme cadeau parfait pour les tables gamer. Le panneau 3D est con\u00e7u pour tenir debout sur n&#039;importe quelle surface plane, combinant une touche r\u00e9tro et moderne qui s&#039;int\u00e8gre dans n&#039;importe quel environnement.<\/p>\n<p><strong>Caract\u00e9ristique:<\/strong><\/p>\n<ul>\n<li>\ud83c\udfa8 <strong>Personnalisable<\/strong>: Choisissez les couleurs de chaque lettre selon votre style.<\/li>\n<li>\ud83c\udfae <strong>\u00c0 la mani\u00e8re de Mario Bros<\/strong>: Un design inspir\u00e9 du monde classique des jeux vid\u00e9o.<\/li>\n<li>\ud83d\udda8\ufe0f <strong>Impression 3D de haute qualit\u00e9<\/strong>: Fabriqu\u00e9 avec des imprimantes 3D de pointe, garantissant des d\u00e9tails pr\u00e9cis et une durabilit\u00e9.<\/li>\n<li>\ud83d\udce6 <strong>Facile \u00e0 placer<\/strong>: Le panneau reste ferme sur les surfaces planes, parfait pour d\u00e9corer n&#039;importe quel coin de votre maison ou bureau.<\/li>\n<li>\ud83d\udccf <strong>Dimensions<\/strong>: \u00c9paisseur de 19 mm, avec des dimensions personnalisables pour s&#039;adapter \u00e0 vos besoins.<\/li>\n<\/ul>\n<p>Donnez vie \u00e0 votre nom avec ce panneau 3D unique. Personnalisez-le d\u00e8s aujourd&#039;hui et ajoutez une touche d&#039;originalit\u00e9 \u00e0 votre d\u00e9coration.<\/p>","protected":false},"excerpt":{"rendered":"<p>Cette plaque 3D personnalis\u00e9e au style Mario Bros est id\u00e9ale pour d\u00e9corer les chambres d&#039;enfants ou les tables de gamers. Fabriqu\u00e9 avec des imprimantes 3D de pointe, il offre une qualit\u00e9 et une pr\u00e9cision \u00e9lev\u00e9es. Vous pouvez personnaliser les couleurs de chaque lettre \u00e0 votre guise, ce qui en fait un produit unique. D&#039;une \u00e9paisseur de 19 mm, il est con\u00e7u pour tenir fermement sur n&#039;importe quelle surface plane. C&#039;est une option originale pour donner une touche r\u00e9tro et moderne \u00e0 n&#039;importe quel espace.<\/p>","protected":false},"featured_media":8707,"template":"","meta":{"_seopress_robots_primary_cat":"none","_seopress_titles_title":"","_seopress_titles_desc":"","_seopress_robots_index":"","site-sidebar-layout":"default","site-content-layout":"","ast-site-content-layout":"default","site-content-style":"default","site-sidebar-style":"default","ast-global-header-display":"","ast-banner-title-visibility":"","ast-main-header-display":"","ast-hfb-above-header-display":"","ast-hfb-below-header-display":"","ast-hfb-mobile-header-display":"","site-post-title":"","ast-breadcrumbs-content":"","ast-featured-img":"","footer-sml-layout":"","ast-disable-related-posts":"","theme-transparent-header-meta":"default","adv-header-id-meta":"","stick-header-meta":"default","header-above-stick-meta":"","header-main-stick-meta":"","header-below-stick-meta":"","astra-migrate-meta-layouts":"set","ast-page-background-enabled":"default","ast-page-background-meta":{"desktop":{"background-color":"","background-image":"","background-repeat":"repeat","background-position":"center center","background-size":"auto","background-attachment":"scroll","background-type":"","background-media":"","overlay-type":"","overlay-color":"","overlay-opacity":"","overlay-gradient":""},"tablet":{"background-color":"","background-image":"","background-repeat":"repeat","background-position":"center center","background-size":"auto","background-attachment":"scroll","background-type":"","background-media":"","overlay-type":"","overlay-color":"","overlay-opacity":"","overlay-gradient":""},"mobile":{"background-color":"","background-image":"","background-repeat":"repeat","background-position":"center center","background-size":"auto","background-attachment":"scroll","background-type":"","background-media":"","overlay-type":"","overlay-color":"","overlay-opacity":"","overlay-gradient":""}},"ast-content-background-meta":{"desktop":{"background-color":"var(--ast-global-color-5)","background-image":"","background-repeat":"repeat","background-position":"center center","background-size":"auto","background-attachment":"scroll","background-type":"","background-media":"","overlay-type":"","overlay-color":"","overlay-opacity":"","overlay-gradient":""},"tablet":{"background-color":"var(--ast-global-color-5)","background-image":"","background-repeat":"repeat","background-position":"center center","background-size":"auto","background-attachment":"scroll","background-type":"","background-media":"","overlay-type":"","overlay-color":"","overlay-opacity":"","overlay-gradient":""},"mobile":{"background-color":"var(--ast-global-color-5)","background-image":"","background-repeat":"repeat","background-position":"center center","background-size":"auto","background-attachment":"scroll","background-type":"","background-media":"","overlay-type":"","overlay-color":"","overlay-opacity":"","overlay-gradient":""}}},"product_brand":[],"product_cat":[51,52,49],"product_tag":[],"class_list":{"0":"post-8696","1":"product","2":"type-product","3":"status-publish","4":"has-post-thumbnail","6":"product_cat-decoracion-del-hogar","7":"product_cat-habitacion-de-bebe","8":"product_cat-regalos-originales","9":"desktop-align-center","10":"tablet-align-left","11":"mobile-align-center","12":"ast-product-gallery-layout-horizontal","13":"ast-magnify-disabled","14":"ast-product-tabs-layout-horizontal","15":"tm-has-options","17":"first","18":"instock","19":"taxable","20":"shipping-taxable","21":"purchasable","22":"product-type-simple"},"_links":{"self":[{"href":"https:\/\/kiemmi.com\/fr\/wp-json\/wp\/v2\/product\/8696","targetHints":{"allow":["GET"]}}],"collection":[{"href":"https:\/\/kiemmi.com\/fr\/wp-json\/wp\/v2\/product"}],"about":[{"href":"https:\/\/kiemmi.com\/fr\/wp-json\/wp\/v2\/types\/product"}],"version-history":[{"count":0,"href":"https:\/\/kiemmi.com\/fr\/wp-json\/wp\/v2\/product\/8696\/revisions"}],"wp:featuredmedia":[{"embeddable":true,"href":"https:\/\/kiemmi.com\/fr\/wp-json\/wp\/v2\/media\/8707"}],"wp:attachment":[{"href":"https:\/\/kiemmi.com\/fr\/wp-json\/wp\/v2\/media?parent=8696"}],"wp:term":[{"taxonomy":"product_brand","embeddable":true,"href":"https:\/\/kiemmi.com\/fr\/wp-json\/wp\/v2\/product_brand?post=8696"},{"taxonomy":"product_cat","embeddable":true,"href":"https:\/\/kiemmi.com\/fr\/wp-json\/wp\/v2\/product_cat?post=8696"},{"taxonomy":"product_tag","embeddable":true,"href":"https:\/\/kiemmi.com\/fr\/wp-json\/wp\/v2\/product_tag?post=8696"}],"curies":[{"name":"wp","href":"https:\/\/api.w.org\/{rel}","templated":true}]}}