{"id":8682,"date":"2024-08-23T09:52:44","date_gmt":"2024-08-23T09:52:44","guid":{"rendered":"https:\/\/kiemmi.com\/?post_type=product&#038;p=8682"},"modified":"2025-09-25T19:46:31","modified_gmt":"2025-09-25T19:46:31","slug":"lettre-3d-couleur-personnalisee-avec-nom","status":"publish","type":"product","link":"https:\/\/kiemmi.com\/fr\/shop\/letras-3d-personalizadas\/letra-3d-de-color-personalizada-con-nombre\/","title":{"rendered":"Lettre 3D couleur personnalis\u00e9e avec nom"},"content":{"rendered":"<p>Vous souhaitez transformer vos espaces en coins pleins de r\u00eaves et d&#039;imagination ? Nos lettres d\u00e9coratives personnalis\u00e9es sont l\u2019option parfaite pour y parvenir.<\/p>\n<p>Leur polyvalence leur permet de s&#039;int\u00e9grer dans diff\u00e9rents environnements, de la porte de la chambre des enfants aux \u00e9tag\u00e8res, \u00e9tag\u00e8res ou comme d\u00e9tails d\u00e9coratifs sur les murs.<\/p>\n<p>Chaque lettre est enti\u00e8rement personnalisable, vous permettant de choisir le nom, les dimensions et la couleur que vous pr\u00e9f\u00e9rez.<\/p>\n<p>Nous avons une grande vari\u00e9t\u00e9 de couleurs parmi lesquelles choisir !<\/p>\n<p>C&#039;est le cadeau id\u00e9al pour les nouveau-n\u00e9s, les b\u00e9b\u00e9s et les enfants de tous \u00e2ges.<\/p>\n<p>Chaque fois que vous les regarderez, ils vous rappelleront non seulement leur beaut\u00e9, mais aussi l&#039;amour et le d\u00e9vouement avec lesquels ils ont \u00e9t\u00e9 cr\u00e9\u00e9s. Personnalisez l&#039;espace de votre enfant avec cette initiale originale avec nom. Transformez votre pi\u00e8ce en un lieu unique et joyeux avec ce charmant produit !<\/p>\n<ul>\n<li>\ud83c\udfa8 CR\u00c9EZ VOTRE DESIGN PERSONNALIS\u00c9\u00a0! Choisissez parmi une large s\u00e9lection de couleurs pour correspondre \u00e0 vos go\u00fbts. Nous avons 5 tailles diff\u00e9rentes : 7 cm, 9 cm, 12 cm, 15 cm et 18 cm de hauteur, adaptables \u00e0 n&#039;importe quel espace de votre maison.<\/li>\n<li>\ud83d\udccf \u00c9PAISSES ET ROBUSTES : Avec 1,6 cm d&#039;\u00e9paisseur, nos lettres personnalis\u00e9es sont parfaites pour \u00eatre plac\u00e9es sur des \u00e9tag\u00e8res, des tables ou des \u00e9tag\u00e8res. Vous pouvez \u00e9galement facilement les accrocher au mur, \u00e0 la porte de la chambre ou au berceau.<\/li>\n<li>\ud83c\udf89 SURPRISE AVEC DES CADEAUX ORIGINAUX : Id\u00e9al pour des \u00e9v\u00e9nements sp\u00e9ciaux tels que des baby showers, des mariages, etc... Ils sont un d\u00e9tail unique pour d\u00e9corer la Sweet Table ou la Candy Bar et faire en sorte que vos proches se sentent sp\u00e9ciaux.<\/li>\n<li>\ud83c\udfe0 D\u00c9CORATION POLYVALENTE : Nos lettres s&#039;int\u00e8grent parfaitement dans n&#039;importe quel environnement domestique, des chambres d&#039;enfants et des chambres aux salons et couloirs. Ajoutez une touche personnelle et unique \u00e0 chaque espace.<\/li>\n<li>\ud83c\udf0d MAT\u00c9RIAU DURABLE ET FABRICATION LOCALE : Fabriqu\u00e9 en PLA, un mat\u00e9riau \u00e9cologique issu de ressources naturelles comme le ma\u00efs. Respectueux de l&#039;environnement. Tous nos produits sont fabriqu\u00e9s en Espagne par impression 3D, d\u00e9coupe et gravure laser, garantissant une finition impeccable.<\/li>\n<\/ul>","protected":false},"excerpt":{"rendered":"<p>Vous souhaitez transformer vos espaces en coins pleins de r\u00eaves et d&#039;imagination ? Nos lettres d\u00e9coratives personnalis\u00e9es sont l\u2019option parfaite pour y parvenir. Leur polyvalence leur permet de s&#039;int\u00e9grer dans diff\u00e9rents environnements, de la porte de la chambre des enfants aux \u00e9tag\u00e8res, \u00e9tag\u00e8res ou comme d\u00e9tails d\u00e9coratifs sur les murs. Chaque lettre est enti\u00e8rement personnalisable, vous permettant de choisir le nom, les dimensions et la couleur que vous pr\u00e9f\u00e9rez.<\/p>","protected":false},"featured_media":8683,"template":"","meta":{"_seopress_robots_primary_cat":"104","_seopress_titles_title":"","_seopress_titles_desc":"Transforma tus espacios con letras 3D personalizadas en varios colores y tama\u00f1os. Decora con estilo y sostenibilidad. Ideal para regalos \u00fanicos.","_seopress_robots_index":"","site-sidebar-layout":"default","site-content-layout":"","ast-site-content-layout":"default","site-content-style":"default","site-sidebar-style":"default","ast-global-header-display":"","ast-banner-title-visibility":"","ast-main-header-display":"","ast-hfb-above-header-display":"","ast-hfb-below-header-display":"","ast-hfb-mobile-header-display":"","site-post-title":"","ast-breadcrumbs-content":"","ast-featured-img":"","footer-sml-layout":"","ast-disable-related-posts":"","theme-transparent-header-meta":"default","adv-header-id-meta":"","stick-header-meta":"default","header-above-stick-meta":"","header-main-stick-meta":"","header-below-stick-meta":"","astra-migrate-meta-layouts":"set","ast-page-background-enabled":"default","ast-page-background-meta":{"desktop":{"background-color":"","background-image":"","background-repeat":"repeat","background-position":"center center","background-size":"auto","background-attachment":"scroll","background-type":"","background-media":"","overlay-type":"","overlay-color":"","overlay-opacity":"","overlay-gradient":""},"tablet":{"background-color":"","background-image":"","background-repeat":"repeat","background-position":"center center","background-size":"auto","background-attachment":"scroll","background-type":"","background-media":"","overlay-type":"","overlay-color":"","overlay-opacity":"","overlay-gradient":""},"mobile":{"background-color":"","background-image":"","background-repeat":"repeat","background-position":"center center","background-size":"auto","background-attachment":"scroll","background-type":"","background-media":"","overlay-type":"","overlay-color":"","overlay-opacity":"","overlay-gradient":""}},"ast-content-background-meta":{"desktop":{"background-color":"var(--ast-global-color-5)","background-image":"","background-repeat":"repeat","background-position":"center center","background-size":"auto","background-attachment":"scroll","background-type":"","background-media":"","overlay-type":"","overlay-color":"","overlay-opacity":"","overlay-gradient":""},"tablet":{"background-color":"var(--ast-global-color-5)","background-image":"","background-repeat":"repeat","background-position":"center center","background-size":"auto","background-attachment":"scroll","background-type":"","background-media":"","overlay-type":"","overlay-color":"","overlay-opacity":"","overlay-gradient":""},"mobile":{"background-color":"var(--ast-global-color-5)","background-image":"","background-repeat":"repeat","background-position":"center center","background-size":"auto","background-attachment":"scroll","background-type":"","background-media":"","overlay-type":"","overlay-color":"","overlay-opacity":"","overlay-gradient":""}}},"product_brand":[103],"product_cat":[51,45,52,104,49],"product_tag":[],"class_list":{"0":"post-8682","1":"product","2":"type-product","3":"status-publish","4":"has-post-thumbnail","6":"product_brand-kiemmi-creations","7":"product_cat-decoracion-del-hogar","8":"product_cat-detalles-para-bodas-y-eventos","9":"product_cat-habitacion-de-bebe","10":"product_cat-letras-3d-personalizadas","11":"product_cat-regalos-originales","12":"desktop-align-center","13":"tablet-align-left","14":"mobile-align-center","15":"ast-product-gallery-layout-horizontal","16":"ast-magnify-disabled","17":"ast-product-tabs-layout-horizontal","18":"tm-has-options","20":"first","21":"instock","22":"taxable","23":"shipping-taxable","24":"purchasable","25":"product-type-simple"},"_links":{"self":[{"href":"https:\/\/kiemmi.com\/fr\/wp-json\/wp\/v2\/product\/8682","targetHints":{"allow":["GET"]}}],"collection":[{"href":"https:\/\/kiemmi.com\/fr\/wp-json\/wp\/v2\/product"}],"about":[{"href":"https:\/\/kiemmi.com\/fr\/wp-json\/wp\/v2\/types\/product"}],"version-history":[{"count":0,"href":"https:\/\/kiemmi.com\/fr\/wp-json\/wp\/v2\/product\/8682\/revisions"}],"wp:featuredmedia":[{"embeddable":true,"href":"https:\/\/kiemmi.com\/fr\/wp-json\/wp\/v2\/media\/8683"}],"wp:attachment":[{"href":"https:\/\/kiemmi.com\/fr\/wp-json\/wp\/v2\/media?parent=8682"}],"wp:term":[{"taxonomy":"product_brand","embeddable":true,"href":"https:\/\/kiemmi.com\/fr\/wp-json\/wp\/v2\/product_brand?post=8682"},{"taxonomy":"product_cat","embeddable":true,"href":"https:\/\/kiemmi.com\/fr\/wp-json\/wp\/v2\/product_cat?post=8682"},{"taxonomy":"product_tag","embeddable":true,"href":"https:\/\/kiemmi.com\/fr\/wp-json\/wp\/v2\/product_tag?post=8682"}],"curies":[{"name":"wp","href":"https:\/\/api.w.org\/{rel}","templated":true}]}}