{"id":7788,"date":"2024-03-18T14:38:11","date_gmt":"2024-03-18T14:38:11","guid":{"rendered":"https:\/\/kiemmi.com\/?post_type=product&#038;p=7788"},"modified":"2025-12-09T11:26:37","modified_gmt":"2025-12-09T11:26:37","slug":"robe-en-bois-pour-accrocher-des-photos-mois-danniversaire","status":"publish","type":"product","link":"https:\/\/kiemmi.com\/fr\/shop\/natalicios\/vestido-de-madera-para-colgar-fotos-cumple-mes\/","title":{"rendered":"Robe en bois pour accrocher des photos pour le mois d&#039;anniversaire"},"content":{"rendered":"<p>Capturez chaque instant de la premi\u00e8re ann\u00e9e de votre b\u00e9b\u00e9 avec notre charmante robe \u00e0 suspendre avec photo du mois en bois personnalis\u00e9e !<\/p>\n<p>Notre robe d&#039;anniversaire en bois est la pi\u00e8ce parfaite pour cr\u00e9er des souvenirs inoubliables. Fabriqu\u00e9e avec du bois de haute qualit\u00e9, cette robe est \u00e0 la fois durable et charmante. Vous pouvez facilement le personnaliser en ajoutant le nom de votre b\u00e9b\u00e9, ce qui en fait un tr\u00e9sor unique et sp\u00e9cial.<\/p>\n<p>Avec un espace pour accrocher des photos de chaque mois de la premi\u00e8re ann\u00e9e de votre b\u00e9b\u00e9, cette robe est non seulement une belle d\u00e9coration pour la chambre de b\u00e9b\u00e9, mais aussi une belle fa\u00e7on de suivre la croissance et le d\u00e9veloppement de votre tout-petit. Chaque photo capture un moment pr\u00e9cieux que vous ch\u00e9rirez pour toujours.<\/p>\n<p>Revivez ces moments et c\u00e9l\u00e9brez la premi\u00e8re ann\u00e9e de vie de votre b\u00e9b\u00e9 avec notre robe d&#039;anniversaire en bois. Rendez chaque mois sp\u00e9cial et m\u00e9morable\u00a0!<\/p>\n<p><em><strong>Dimensions:<\/strong><\/em><\/p>\n<ul>\n<li>Largeur : 28 cm<\/li>\n<li>Hauteur 49,5 cm<\/li>\n<\/ul>","protected":false},"excerpt":{"rendered":"<p>Capturez les moments sp\u00e9ciaux de la premi\u00e8re ann\u00e9e de votre b\u00e9b\u00e9 avec notre habillage photo suspendu en bois pour le mois. Personnalisez-le avec le pr\u00e9nom de votre b\u00e9b\u00e9 pour le rendre encore plus sp\u00e9cial. Fabriqu\u00e9 avec du bois de haute qualit\u00e9, il est durable et charmant. Id\u00e9al pour d\u00e9corer les chambres d&#039;enfants et se souvenir de la croissance de votre b\u00e9b\u00e9. Revivez chaque mois avec des photos que vous ch\u00e9rirez pour toujours.<\/p>","protected":false},"featured_media":7791,"template":"","meta":{"_seopress_robots_primary_cat":"81","_seopress_titles_title":"","_seopress_titles_desc":"","_seopress_robots_index":"","_seopress_analysis_target_kw":"","site-sidebar-layout":"default","site-content-layout":"","ast-site-content-layout":"default","site-content-style":"default","site-sidebar-style":"default","ast-global-header-display":"","ast-banner-title-visibility":"","ast-main-header-display":"","ast-hfb-above-header-display":"","ast-hfb-below-header-display":"","ast-hfb-mobile-header-display":"","site-post-title":"","ast-breadcrumbs-content":"","ast-featured-img":"","footer-sml-layout":"","ast-disable-related-posts":"","theme-transparent-header-meta":"default","adv-header-id-meta":"","stick-header-meta":"default","header-above-stick-meta":"","header-main-stick-meta":"","header-below-stick-meta":"","astra-migrate-meta-layouts":"set","ast-page-background-enabled":"default","ast-page-background-meta":{"desktop":{"background-color":"","background-image":"","background-repeat":"repeat","background-position":"center center","background-size":"auto","background-attachment":"scroll","background-type":"","background-media":"","overlay-type":"","overlay-color":"","overlay-opacity":"","overlay-gradient":""},"tablet":{"background-color":"","background-image":"","background-repeat":"repeat","background-position":"center center","background-size":"auto","background-attachment":"scroll","background-type":"","background-media":"","overlay-type":"","overlay-color":"","overlay-opacity":"","overlay-gradient":""},"mobile":{"background-color":"","background-image":"","background-repeat":"repeat","background-position":"center center","background-size":"auto","background-attachment":"scroll","background-type":"","background-media":"","overlay-type":"","overlay-color":"","overlay-opacity":"","overlay-gradient":""}},"ast-content-background-meta":{"desktop":{"background-color":"var(--ast-global-color-5)","background-image":"","background-repeat":"repeat","background-position":"center center","background-size":"auto","background-attachment":"scroll","background-type":"","background-media":"","overlay-type":"","overlay-color":"","overlay-opacity":"","overlay-gradient":""},"tablet":{"background-color":"var(--ast-global-color-5)","background-image":"","background-repeat":"repeat","background-position":"center center","background-size":"auto","background-attachment":"scroll","background-type":"","background-media":"","overlay-type":"","overlay-color":"","overlay-opacity":"","overlay-gradient":""},"mobile":{"background-color":"var(--ast-global-color-5)","background-image":"","background-repeat":"repeat","background-position":"center center","background-size":"auto","background-attachment":"scroll","background-type":"","background-media":"","overlay-type":"","overlay-color":"","overlay-opacity":"","overlay-gradient":""}}},"product_brand":[],"product_cat":[52,81,49],"product_tag":[],"class_list":{"0":"post-7788","1":"product","2":"type-product","3":"status-publish","4":"has-post-thumbnail","6":"product_cat-habitacion-de-bebe","7":"product_cat-natalicios","8":"product_cat-regalos-originales","9":"desktop-align-center","10":"tablet-align-left","11":"mobile-align-center","12":"ast-product-gallery-layout-horizontal","13":"ast-product-gallery-with-no-image","14":"ast-magnify-disabled","15":"ast-product-tabs-layout-horizontal","16":"tm-has-options","18":"first","19":"instock","20":"taxable","21":"shipping-taxable","22":"purchasable","23":"product-type-simple"},"_links":{"self":[{"href":"https:\/\/kiemmi.com\/fr\/wp-json\/wp\/v2\/product\/7788","targetHints":{"allow":["GET"]}}],"collection":[{"href":"https:\/\/kiemmi.com\/fr\/wp-json\/wp\/v2\/product"}],"about":[{"href":"https:\/\/kiemmi.com\/fr\/wp-json\/wp\/v2\/types\/product"}],"version-history":[{"count":0,"href":"https:\/\/kiemmi.com\/fr\/wp-json\/wp\/v2\/product\/7788\/revisions"}],"wp:featuredmedia":[{"embeddable":true,"href":"https:\/\/kiemmi.com\/fr\/wp-json\/wp\/v2\/media\/7791"}],"wp:attachment":[{"href":"https:\/\/kiemmi.com\/fr\/wp-json\/wp\/v2\/media?parent=7788"}],"wp:term":[{"taxonomy":"product_brand","embeddable":true,"href":"https:\/\/kiemmi.com\/fr\/wp-json\/wp\/v2\/product_brand?post=7788"},{"taxonomy":"product_cat","embeddable":true,"href":"https:\/\/kiemmi.com\/fr\/wp-json\/wp\/v2\/product_cat?post=7788"},{"taxonomy":"product_tag","embeddable":true,"href":"https:\/\/kiemmi.com\/fr\/wp-json\/wp\/v2\/product_tag?post=7788"}],"curies":[{"name":"wp","href":"https:\/\/api.w.org\/{rel}","templated":true}]}}