{"id":7763,"date":"2024-03-03T21:52:40","date_gmt":"2024-03-03T21:52:40","guid":{"rendered":"https:\/\/kiemmi.com\/?post_type=product&#038;p=7763"},"modified":"2024-07-28T13:37:23","modified_gmt":"2024-07-28T13:37:23","slug":"lampe-led-de-noel-en-methacrylate-multicolore","status":"publish","type":"product","link":"https:\/\/kiemmi.com\/fr\/shop\/lamparas\/lampara-led-multicolor-metacrilato-de-nacimiento\/","title":{"rendered":"Lampe Led de Naissance en M\u00e9thacrylate Multicolore"},"content":{"rendered":"<p>D\u00e9couvrez la lampe LED en m\u00e9thacrylate multicolore parfaite pour les moments privil\u00e9gi\u00e9s comme la naissance de votre b\u00e9b\u00e9 ! Sp\u00e9cialement con\u00e7ue comme lampe de chevet pour enfant, cette lampe offre une exp\u00e9rience personnalis\u00e9e et pleine de charme.<\/p>\n<p>Avec la possibilit\u00e9 de personnaliser le nom de l&#039;enfant et d&#039;ajouter des d\u00e9tails de naissance tels que la date, l&#039;heure, le poids et la taille, cette lampe devient un souvenir inoubliable. Sa t\u00e9l\u00e9commande incluse vous permet de contr\u00f4ler facilement les animations aux couleurs douces et fluides qui sont projet\u00e9es gr\u00e2ce \u00e0 ses LED haute r\u00e9solution.<\/p>\n<p>Laissez-vous captiver par l&#039;animation arc-en-ciel, qui cr\u00e9e un environnement apaisant et relaxant parfait pour votre b\u00e9b\u00e9. De plus, cette lampe est con\u00e7ue pour la s\u00e9curit\u00e9 des enfants, car elle fonctionne \u00e0 basse tension et peut \u00eatre facilement connect\u00e9e via votre chargeur mobile USB-C.<\/p>\n<p>Que ce soit comme belle d\u00e9coration pour la chambre de votre b\u00e9b\u00e9 ou comme cadeau unique pour un nouveau-n\u00e9, cette lampe LED multicolore est un choix d&#039;exception. De plus, le m\u00e9thacrylate b\u00e9n\u00e9ficie d&#039;un traitement nanotechnologique qui \u00e9vite les micro-rayures et maintient la lampe exempte de poussi\u00e8re, garantissant sa durabilit\u00e9 et sa beaut\u00e9 dans le temps.<\/p>\n<p>Cr\u00e9ez des environnements magnifiques avec cette lampe LED pour b\u00e9b\u00e9 !<\/p>\n<p><strong>Caract\u00e9ristiques:<\/strong><\/p>\n<ul>\n<li><strong>Dimensions:<\/strong>\n<ul>\n<li>Mod\u00e8le standard :\n<ul>\n<li>Largeur : 16 cm<\/li>\n<li>Hauteur : 17 cm<\/li>\n<li>Profondeur : 6 cm (\u00e0 partir de la base)<\/li>\n<\/ul>\n<\/li>\n<li>Grand Mod\u00e8le :\n<ul>\n<li>Largeur : 20cm<\/li>\n<li>Hauteur : 21,5 cm<\/li>\n<li>Profondeur : 6 cm (\u00e0 partir de la base)<\/li>\n<\/ul>\n<\/li>\n<\/ul>\n<\/li>\n<\/ul>","protected":false},"excerpt":{"rendered":"<p>D\u00e9couvrez la lampe LED anniversaire en m\u00e9thacrylate multicolore, id\u00e9ale comme veilleuse pour enfants. Personnalisable avec le nom de l&#039;enfant et les informations de naissance, il devient un souvenir unique. Avec sa t\u00e9l\u00e9commande et ses LED haute r\u00e9solution, il cr\u00e9e des animations fluides et relaxantes. S\u00e9curit\u00e9 enfant avec alimentation basse tension et connexion USB-C. Parfait comme d\u00e9coration ou cadeau pour les nouveau-n\u00e9s.<\/p>","protected":false},"featured_media":7771,"template":"","meta":{"_seopress_robots_primary_cat":"19","_seopress_titles_title":"%%title%% %%page%%","_seopress_titles_desc":"","_seopress_robots_index":"","_seopress_analysis_target_kw":"","site-sidebar-layout":"default","site-content-layout":"","ast-site-content-layout":"default","site-content-style":"default","site-sidebar-style":"default","ast-global-header-display":"","ast-banner-title-visibility":"","ast-main-header-display":"","ast-hfb-above-header-display":"","ast-hfb-below-header-display":"","ast-hfb-mobile-header-display":"","site-post-title":"","ast-breadcrumbs-content":"","ast-featured-img":"","footer-sml-layout":"","ast-disable-related-posts":"","theme-transparent-header-meta":"","adv-header-id-meta":"","stick-header-meta":"","header-above-stick-meta":"","header-main-stick-meta":"","header-below-stick-meta":"","astra-migrate-meta-layouts":"default","ast-page-background-enabled":"default","ast-page-background-meta":{"desktop":{"background-color":"","background-image":"","background-repeat":"repeat","background-position":"center center","background-size":"auto","background-attachment":"scroll","background-type":"","background-media":"","overlay-type":"","overlay-color":"","overlay-opacity":"","overlay-gradient":""},"tablet":{"background-color":"","background-image":"","background-repeat":"repeat","background-position":"center center","background-size":"auto","background-attachment":"scroll","background-type":"","background-media":"","overlay-type":"","overlay-color":"","overlay-opacity":"","overlay-gradient":""},"mobile":{"background-color":"","background-image":"","background-repeat":"repeat","background-position":"center center","background-size":"auto","background-attachment":"scroll","background-type":"","background-media":"","overlay-type":"","overlay-color":"","overlay-opacity":"","overlay-gradient":""}},"ast-content-background-meta":{"desktop":{"background-color":"var(--ast-global-color-5)","background-image":"","background-repeat":"repeat","background-position":"center center","background-size":"auto","background-attachment":"scroll","background-type":"","background-media":"","overlay-type":"","overlay-color":"","overlay-opacity":"","overlay-gradient":""},"tablet":{"background-color":"var(--ast-global-color-5)","background-image":"","background-repeat":"repeat","background-position":"center center","background-size":"auto","background-attachment":"scroll","background-type":"","background-media":"","overlay-type":"","overlay-color":"","overlay-opacity":"","overlay-gradient":""},"mobile":{"background-color":"var(--ast-global-color-5)","background-image":"","background-repeat":"repeat","background-position":"center center","background-size":"auto","background-attachment":"scroll","background-type":"","background-media":"","overlay-type":"","overlay-color":"","overlay-opacity":"","overlay-gradient":""}}},"product_brand":[],"product_cat":[19,49],"product_tag":[],"class_list":{"0":"post-7763","1":"product","2":"type-product","3":"status-publish","4":"has-post-thumbnail","6":"product_cat-lamparas","7":"product_cat-regalos-originales","8":"desktop-align-center","9":"tablet-align-left","10":"mobile-align-center","11":"ast-product-gallery-layout-horizontal","12":"ast-magnify-disabled","13":"ast-product-tabs-layout-horizontal","14":"tm-has-options","16":"first","17":"instock","18":"taxable","19":"shipping-taxable","20":"purchasable","21":"product-type-simple"},"_links":{"self":[{"href":"https:\/\/kiemmi.com\/fr\/wp-json\/wp\/v2\/product\/7763","targetHints":{"allow":["GET"]}}],"collection":[{"href":"https:\/\/kiemmi.com\/fr\/wp-json\/wp\/v2\/product"}],"about":[{"href":"https:\/\/kiemmi.com\/fr\/wp-json\/wp\/v2\/types\/product"}],"version-history":[{"count":0,"href":"https:\/\/kiemmi.com\/fr\/wp-json\/wp\/v2\/product\/7763\/revisions"}],"wp:featuredmedia":[{"embeddable":true,"href":"https:\/\/kiemmi.com\/fr\/wp-json\/wp\/v2\/media\/7771"}],"wp:attachment":[{"href":"https:\/\/kiemmi.com\/fr\/wp-json\/wp\/v2\/media?parent=7763"}],"wp:term":[{"taxonomy":"product_brand","embeddable":true,"href":"https:\/\/kiemmi.com\/fr\/wp-json\/wp\/v2\/product_brand?post=7763"},{"taxonomy":"product_cat","embeddable":true,"href":"https:\/\/kiemmi.com\/fr\/wp-json\/wp\/v2\/product_cat?post=7763"},{"taxonomy":"product_tag","embeddable":true,"href":"https:\/\/kiemmi.com\/fr\/wp-json\/wp\/v2\/product_tag?post=7763"}],"curies":[{"name":"wp","href":"https:\/\/api.w.org\/{rel}","templated":true}]}}