{"id":7684,"date":"2024-02-13T06:42:24","date_gmt":"2024-02-13T06:42:24","guid":{"rendered":"https:\/\/kiemmi.com\/?post_type=product&#038;p=7684"},"modified":"2025-12-09T11:26:37","modified_gmt":"2025-12-09T11:26:37","slug":"carnet-en-bois-colore-paris","status":"publish","type":"product","link":"https:\/\/kiemmi.com\/fr\/shop\/libretas-de-madera-personalizadas\/libreta-de-madera-a-color-paris\/","title":{"rendered":"Carnet en bois couleur Paris"},"content":{"rendered":"<p>Nos carnets faits main sont de v\u00e9ritables joyaux pour les amateurs d\u2019\u00e9criture et de design. Chacune comporte des plateaux en bois d\u00e9coup\u00e9s au laser, ce qui les rend uniques et distinctives. De plus, nos carnets sont d\u00e9cor\u00e9s d&#039;un imprim\u00e9 en couleur de la ville de Paris, leur conf\u00e9rant un charme fran\u00e7ais et une touche de romantisme.<\/p>\n<p>Le cahier a un format A5, ce qui le rend pratique et facile \u00e0 emporter partout. Avec 80 feuilles, soit 160 pages, vous disposerez de suffisamment d&#039;espace pour capturer toutes vos id\u00e9es, pens\u00e9es et notes importantes. Que ce soit pour \u00e9crire, dessiner ou simplement prendre des notes, ce carnet sera votre compagnon id\u00e9al dans toutes vos aventures.<\/p>\n<p>De plus, vous pouvez personnaliser davantage votre carnet en choisissant entre diff\u00e9rents coins m\u00e9talliques pour prot\u00e9ger ses bords. Qu&#039;ils soient dans les tons dor\u00e9s, argent\u00e9s ou noirs, ces coins ajoutent une touche \u00e9l\u00e9gante et sophistiqu\u00e9e \u00e0 votre carnet, tout en le prot\u00e9geant de l&#039;usure d&#039;un usage quotidien.<\/p>\n<p>Bref, nos cahiers faits main avec couvertures en bois d\u00e9coup\u00e9es au laser, impression en couleur de la ville de Paris, format A5 et 80 feuilles sont la combinaison parfaite entre style, fonctionnalit\u00e9 et qualit\u00e9. Non seulement ils vous aideront \u00e0 organiser vos id\u00e9es, mais ils seront \u00e9galement un objet d\u2019admiration et d\u2019envie pour ceux qui les verront. N&#039;attendez plus et procurez-vous le v\u00f4tre d\u00e8s maintenant !<\/p>\n<p><strong>Caract\u00e9ristique:<\/strong><\/p>\n<ul>\n<li><em>Tapas :<\/em> 15,2 cm (largeur) x 21,5 cm (hauteur) x 2,5 cm (\u00e9paisseur)<\/li>\n<li><em>Feuilles:<\/em> Din A5 (14,8 cm de large x 21 cm de haut)<\/li>\n<li>80 feuilles (160 pages)<\/li>\n<\/ul>","protected":false},"excerpt":{"rendered":"<p>Nos carnets faits main sont des bijoux uniques avec des couvertures en bois d\u00e9coup\u00e9es au laser et d\u00e9cor\u00e9es d&#039;un imprim\u00e9 en couleur de la ville de Paris, leur donnant une touche romantique. Ils sont pratiques et faciles \u00e0 transporter, avec 80 feuilles pour capturer vos id\u00e9es et notes importantes. De plus, vous pouvez les personnaliser avec des coins m\u00e9talliques dans les tons dor\u00e9s, argent\u00e9s ou noirs pour les prot\u00e9ger et leur donner une touche \u00e9l\u00e9gante. En bref, nos cahiers sont la combinaison parfaite de style, de fonctionnalit\u00e9 et de qualit\u00e9, qui non seulement vous aideront \u00e0 organiser vos id\u00e9es, mais seront \u00e9galement admir\u00e9s par les autres.<\/p>","protected":false},"featured_media":8212,"template":"","meta":{"_seopress_robots_primary_cat":"50","_seopress_titles_title":"Libretas \u00fanicas de Par\u00eds: dise\u00f1o elegante y pr\u00e1ctico","_seopress_titles_desc":"Descubre nuestras libretas A5 \u00fanicas, hechas a mano con tapas de madera y dise\u00f1o de Par\u00eds. Elegancia, funcionalidad y estilo en cada p\u00e1gina. \u00a1Consigue la tuya!","_seopress_robots_index":"","_seopress_analysis_target_kw":"","site-sidebar-layout":"default","site-content-layout":"","ast-site-content-layout":"default","site-content-style":"default","site-sidebar-style":"default","ast-global-header-display":"","ast-banner-title-visibility":"","ast-main-header-display":"","ast-hfb-above-header-display":"","ast-hfb-below-header-display":"","ast-hfb-mobile-header-display":"","site-post-title":"","ast-breadcrumbs-content":"","ast-featured-img":"","footer-sml-layout":"","ast-disable-related-posts":"","theme-transparent-header-meta":"default","adv-header-id-meta":"","stick-header-meta":"default","header-above-stick-meta":"","header-main-stick-meta":"","header-below-stick-meta":"","astra-migrate-meta-layouts":"set","ast-page-background-enabled":"default","ast-page-background-meta":{"desktop":{"background-color":"","background-image":"","background-repeat":"repeat","background-position":"center center","background-size":"auto","background-attachment":"scroll","background-type":"","background-media":"","overlay-type":"","overlay-color":"","overlay-opacity":"","overlay-gradient":""},"tablet":{"background-color":"","background-image":"","background-repeat":"repeat","background-position":"center center","background-size":"auto","background-attachment":"scroll","background-type":"","background-media":"","overlay-type":"","overlay-color":"","overlay-opacity":"","overlay-gradient":""},"mobile":{"background-color":"","background-image":"","background-repeat":"repeat","background-position":"center center","background-size":"auto","background-attachment":"scroll","background-type":"","background-media":"","overlay-type":"","overlay-color":"","overlay-opacity":"","overlay-gradient":""}},"ast-content-background-meta":{"desktop":{"background-color":"var(--ast-global-color-5)","background-image":"","background-repeat":"repeat","background-position":"center center","background-size":"auto","background-attachment":"scroll","background-type":"","background-media":"","overlay-type":"","overlay-color":"","overlay-opacity":"","overlay-gradient":""},"tablet":{"background-color":"var(--ast-global-color-5)","background-image":"","background-repeat":"repeat","background-position":"center center","background-size":"auto","background-attachment":"scroll","background-type":"","background-media":"","overlay-type":"","overlay-color":"","overlay-opacity":"","overlay-gradient":""},"mobile":{"background-color":"var(--ast-global-color-5)","background-image":"","background-repeat":"repeat","background-position":"center center","background-size":"auto","background-attachment":"scroll","background-type":"","background-media":"","overlay-type":"","overlay-color":"","overlay-opacity":"","overlay-gradient":""}}},"product_brand":[],"product_cat":[50],"product_tag":[],"class_list":{"0":"post-7684","1":"product","2":"type-product","3":"status-publish","4":"has-post-thumbnail","6":"product_cat-libretas-de-madera-personalizadas","7":"desktop-align-center","8":"tablet-align-left","9":"mobile-align-center","10":"ast-product-gallery-layout-horizontal","11":"ast-product-gallery-with-no-image","12":"ast-magnify-disabled","13":"ast-product-tabs-layout-horizontal","14":"tm-has-options","16":"first","17":"instock","18":"taxable","19":"shipping-taxable","20":"purchasable","21":"product-type-simple"},"_links":{"self":[{"href":"https:\/\/kiemmi.com\/fr\/wp-json\/wp\/v2\/product\/7684","targetHints":{"allow":["GET"]}}],"collection":[{"href":"https:\/\/kiemmi.com\/fr\/wp-json\/wp\/v2\/product"}],"about":[{"href":"https:\/\/kiemmi.com\/fr\/wp-json\/wp\/v2\/types\/product"}],"version-history":[{"count":0,"href":"https:\/\/kiemmi.com\/fr\/wp-json\/wp\/v2\/product\/7684\/revisions"}],"wp:featuredmedia":[{"embeddable":true,"href":"https:\/\/kiemmi.com\/fr\/wp-json\/wp\/v2\/media\/8212"}],"wp:attachment":[{"href":"https:\/\/kiemmi.com\/fr\/wp-json\/wp\/v2\/media?parent=7684"}],"wp:term":[{"taxonomy":"product_brand","embeddable":true,"href":"https:\/\/kiemmi.com\/fr\/wp-json\/wp\/v2\/product_brand?post=7684"},{"taxonomy":"product_cat","embeddable":true,"href":"https:\/\/kiemmi.com\/fr\/wp-json\/wp\/v2\/product_cat?post=7684"},{"taxonomy":"product_tag","embeddable":true,"href":"https:\/\/kiemmi.com\/fr\/wp-json\/wp\/v2\/product_tag?post=7684"}],"curies":[{"name":"wp","href":"https:\/\/api.w.org\/{rel}","templated":true}]}}