{"id":6838,"date":"2023-10-15T08:45:49","date_gmt":"2023-10-15T08:45:49","guid":{"rendered":"https:\/\/kiemmi.com\/?post_type=product&#038;p=6838"},"modified":"2025-09-15T12:13:03","modified_gmt":"2025-09-15T12:13:03","slug":"support-de-telephone-portable-en-bois-grave-de-chiens","status":"publish","type":"product","link":"https:\/\/kiemmi.com\/fr\/shop\/soportes-para-moviles\/soporte-para-moviles-de-madera-grabado-con-perros\/","title":{"rendered":"Support pour t\u00e9l\u00e9phone portable en bois grav\u00e9 de chiens"},"content":{"rendered":"<p>Vous recherchez un support mobile unique et \u00e9cologique avec une touche personnalis\u00e9e pour les amoureux des chiens ? Ne regarde pas plus loin! Pr\u00e9sentation de notre support mobile en bois d\u00e9coup\u00e9 au laser et grav\u00e9 \u00e0 la main, orn\u00e9 de jolis motifs de chiens.<\/p>\n<p>Notre support pour t\u00e9l\u00e9phone portable allie la chaleur et la beaut\u00e9 du bois \u00e0 la pr\u00e9cision de la gravure laser pour vous offrir un accessoire vraiment exceptionnel. Chaque pi\u00e8ce est soigneusement fabriqu\u00e9e \u00e0 la main, ce qui signifie qu&#039;il n&#039;y a pas deux supports identiques, ce qui en fait un cadeau unique et sp\u00e9cial.<\/p>\n<p><strong>Fonctionnalit\u00e9s\u00a0:<\/strong><\/p>\n<ul>\n<li><strong>Bois durable :<\/strong> Ce support est fabriqu\u00e9 \u00e0 partir de bois provenant de sources durables, ce qui en fait un choix \u00e9cologique et respectueux de l&#039;environnement.<\/li>\n<li><strong>Mod\u00e8les de chiens\u00a0:<\/strong> Les imprim\u00e9s de chiens ajoutent une touche charmante et personnelle qui fera sourire tout amateur de chiens.<\/li>\n<li><strong>Stabilit\u00e9 et fonctionnalit\u00e9\u00a0:<\/strong> Notre support mobile fournit une base solide pour votre appareil, vous permettant de profiter des mains libres \u00e0 tout moment et en tout lieu.<\/li>\n<li><strong>Id\u00e9al pour les cadeaux :<\/strong> Ce support est le cadeau parfait pour ceux qui adorent leurs compagnons canins. C&#039;est un geste d&#039;affection qui sera appr\u00e9ci\u00e9 longtemps.<\/li>\n<\/ul>\n<p>Que ce soit pour un usage personnel ou comme cadeau significatif, notre support mobile en bois est le choix parfait. Chaque fois que vous l&#039;utiliserez, vous vous souviendrez de la beaut\u00e9 du bois naturel et de l&#039;amour des chiens.<\/p>\n<p>Ajoutez une touche d&#039;\u00e9l\u00e9gance et d&#039;\u00e9co-conscience \u00e0 votre quotidien avec notre support mobile en bois. Passez votre commande maintenant et d\u00e9couvrez la magie de l&#039;artisanat et de la passion pour les chiens dans les moindres d\u00e9tails !<\/p>\n<p><strong>Dimensions:<\/strong><\/p>\n<ul>\n<li>Largeur : 8cm<\/li>\n<li>Hauteur : 15cm<\/li>\n<li>\u00e9paisseur : 3mm<\/li>\n<\/ul>\n<p><strong>Mat\u00e9riel:<\/strong><\/p>\n<ul>\n<li>contreplaqu\u00e9 de bouleau<\/li>\n<\/ul>","protected":false},"excerpt":{"rendered":"<p>Vous recherchez un support de t\u00e9l\u00e9phone portable \u00e9cologique avec des gravures de chiens ? D\u00e9couvrez notre support en bois fait main, unique et durable. Id\u00e9al comme cadeau ou pour les amoureux des chiens, chaque pi\u00e8ce est unique. Nous offrons stabilit\u00e9 et fonctionnalit\u00e9, fusionnant la beaut\u00e9 du bois avec l\u2019amour des chiens. Ajoutez une touche d&#039;\u00e9l\u00e9gance et d&#039;\u00e9co-conscience \u00e0 votre quotidien avec notre support mobile en bois. Commandez aujourd&#039;hui\u00a0!<\/p>","protected":false},"featured_media":6839,"template":"","meta":{"_seopress_robots_primary_cat":"34","_seopress_titles_title":"%%title%%","_seopress_titles_desc":"Soporte para m\u00f3viles de madera grabada con laser con dise\u00f1os de perros. Eco-friendly y \u00fanico, ideal para regalos y amantes de perros.","_seopress_robots_index":"","_seopress_analysis_target_kw":"","site-sidebar-layout":"default","site-content-layout":"","ast-site-content-layout":"default","site-content-style":"default","site-sidebar-style":"default","ast-global-header-display":"","ast-banner-title-visibility":"","ast-main-header-display":"","ast-hfb-above-header-display":"","ast-hfb-below-header-display":"","ast-hfb-mobile-header-display":"","site-post-title":"","ast-breadcrumbs-content":"","ast-featured-img":"","footer-sml-layout":"","ast-disable-related-posts":"","theme-transparent-header-meta":"","adv-header-id-meta":"","stick-header-meta":"","header-above-stick-meta":"","header-main-stick-meta":"","header-below-stick-meta":"","astra-migrate-meta-layouts":"default","ast-page-background-enabled":"default","ast-page-background-meta":{"desktop":{"background-color":"","background-image":"","background-repeat":"repeat","background-position":"center center","background-size":"auto","background-attachment":"scroll","background-type":"","background-media":"","overlay-type":"","overlay-color":"","overlay-opacity":"","overlay-gradient":""},"tablet":{"background-color":"","background-image":"","background-repeat":"repeat","background-position":"center center","background-size":"auto","background-attachment":"scroll","background-type":"","background-media":"","overlay-type":"","overlay-color":"","overlay-opacity":"","overlay-gradient":""},"mobile":{"background-color":"","background-image":"","background-repeat":"repeat","background-position":"center center","background-size":"auto","background-attachment":"scroll","background-type":"","background-media":"","overlay-type":"","overlay-color":"","overlay-opacity":"","overlay-gradient":""}},"ast-content-background-meta":{"desktop":{"background-color":"var(--ast-global-color-5)","background-image":"","background-repeat":"repeat","background-position":"center center","background-size":"auto","background-attachment":"scroll","background-type":"","background-media":"","overlay-type":"","overlay-color":"","overlay-opacity":"","overlay-gradient":""},"tablet":{"background-color":"var(--ast-global-color-5)","background-image":"","background-repeat":"repeat","background-position":"center center","background-size":"auto","background-attachment":"scroll","background-type":"","background-media":"","overlay-type":"","overlay-color":"","overlay-opacity":"","overlay-gradient":""},"mobile":{"background-color":"var(--ast-global-color-5)","background-image":"","background-repeat":"repeat","background-position":"center center","background-size":"auto","background-attachment":"scroll","background-type":"","background-media":"","overlay-type":"","overlay-color":"","overlay-opacity":"","overlay-gradient":""}}},"product_brand":[],"product_cat":[87,49,34],"product_tag":[],"class_list":{"0":"post-6838","1":"product","2":"type-product","3":"status-publish","4":"has-post-thumbnail","6":"product_cat-mascotas","7":"product_cat-regalos-originales","8":"product_cat-soportes-para-moviles","9":"desktop-align-center","10":"tablet-align-left","11":"mobile-align-center","12":"ast-product-gallery-layout-horizontal","13":"ast-magnify-disabled","14":"ast-product-tabs-layout-horizontal","15":"tm-no-options","17":"first","18":"instock","19":"taxable","20":"shipping-taxable","21":"purchasable","22":"product-type-simple"},"_links":{"self":[{"href":"https:\/\/kiemmi.com\/fr\/wp-json\/wp\/v2\/product\/6838","targetHints":{"allow":["GET"]}}],"collection":[{"href":"https:\/\/kiemmi.com\/fr\/wp-json\/wp\/v2\/product"}],"about":[{"href":"https:\/\/kiemmi.com\/fr\/wp-json\/wp\/v2\/types\/product"}],"version-history":[{"count":0,"href":"https:\/\/kiemmi.com\/fr\/wp-json\/wp\/v2\/product\/6838\/revisions"}],"wp:featuredmedia":[{"embeddable":true,"href":"https:\/\/kiemmi.com\/fr\/wp-json\/wp\/v2\/media\/6839"}],"wp:attachment":[{"href":"https:\/\/kiemmi.com\/fr\/wp-json\/wp\/v2\/media?parent=6838"}],"wp:term":[{"taxonomy":"product_brand","embeddable":true,"href":"https:\/\/kiemmi.com\/fr\/wp-json\/wp\/v2\/product_brand?post=6838"},{"taxonomy":"product_cat","embeddable":true,"href":"https:\/\/kiemmi.com\/fr\/wp-json\/wp\/v2\/product_cat?post=6838"},{"taxonomy":"product_tag","embeddable":true,"href":"https:\/\/kiemmi.com\/fr\/wp-json\/wp\/v2\/product_tag?post=6838"}],"curies":[{"name":"wp","href":"https:\/\/api.w.org\/{rel}","templated":true}]}}