{"id":6726,"date":"2023-10-11T06:42:58","date_gmt":"2023-10-11T06:42:58","guid":{"rendered":"https:\/\/kiemmi.com\/?post_type=product&#038;p=6726"},"modified":"2025-09-12T06:19:20","modified_gmt":"2025-09-12T06:19:20","slug":"ne-pas-deranger-le-panneau-de-porte-en-forme-de-chien","status":"publish","type":"product","link":"https:\/\/kiemmi.com\/fr\/shop\/decoracion-del-hogar\/letrero-colgante-para-puerta\/cartel-no-molestar-para-puerta-en-forma-de-perro\/","title":{"rendered":"Plaque de porte \u00ab\u00a0Ne pas d\u00e9ranger\u00a0\u00bb en forme de chien"},"content":{"rendered":"<p>Vous recherchez une fa\u00e7on unique et charmante de personnaliser votre porte d&#039;entr\u00e9e ou d&#039;ajouter une touche sp\u00e9ciale \u00e0 la chambre de votre b\u00e9b\u00e9 ? Notre plaque de porte en forme de chien, m\u00e9ticuleusement fabriqu\u00e9e \u00e0 la main \u00e0 partir de bois naturel avec d\u00e9coupe et gravure au laser, est la r\u00e9ponse parfaite.<\/p>\n<p>Chacune de nos plaques est con\u00e7ue avec amour et attention aux d\u00e9tails, ce qui en fait une pi\u00e8ce de d\u00e9coration vraiment unique. La possibilit\u00e9 de personnaliser le texte vous permet d&#039;ajouter une touche personnelle et significative \u00e0 votre int\u00e9rieur. La limite, c&#039;est votre imagination!<\/p>\n<p>Ce panneau ajoute non seulement une touche de gentillesse \u00e0 n&#039;importe quelle pi\u00e8ce, mais cr\u00e9e \u00e9galement une atmosph\u00e8re attachante que tous les amoureux des chiens et des animaux de compagnie appr\u00e9cieront. C&#039;est le compl\u00e9ment id\u00e9al \u00e0 n&#039;importe quel espace, de la chambre de b\u00e9b\u00e9 \u00e0 votre salon ou m\u00eame \u00e0 votre porte d&#039;entr\u00e9e.<\/p>\n<p>La qualit\u00e9 et la durabilit\u00e9 sont fondamentales pour nous. C&#039;est pourquoi nous avons prot\u00e9g\u00e9 le bois avec un vernis \u00e0 base d&#039;eau, ce qui garantit que votre enseigne conserve longtemps sa beaut\u00e9 et son charme.<\/p>\n<p>Voulez-vous offrir un cadeau sp\u00e9cial \u00e0 un amoureux des chiens ? Ce panneau est le choix parfait. C&#039;est une fa\u00e7on unique de montrer votre appr\u00e9ciation et votre amour pour ces amis \u00e0 quatre pattes qui illuminent nos vies.<\/p>\n<p>Ajoutez de la chaleur et de la personnalit\u00e9 \u00e0 votre maison avec notre plaque de porte personnalis\u00e9e en forme de chien. D\u00e9corez avec style et montrez votre amour pour les animaux de compagnie !<\/p>\n<p><b>Caract\u00e9ristiques<\/b><strong>:<\/strong><\/p>\n<ul>\n<li>Mat\u00e9riau : Bois naturel (verni des deux c\u00f4t\u00e9s avec des produits \u00e9cologiques)<\/li>\n<li>Dimensions : 12 cm de largeur x 24,4 cm de hauteur x 0,3 cm d&#039;\u00e9paisseur<\/li>\n<\/ul>","protected":false},"excerpt":{"rendered":"<p>Notre plaque de porte personnalis\u00e9e en forme de chien, fabriqu\u00e9e \u00e0 la main en bois naturel avec d\u00e9coupe et gravure au laser, est l&#039;option id\u00e9ale pour d\u00e9corer votre maison de mani\u00e8re unique. Il est parfait pour une chambre de b\u00e9b\u00e9 ou tout espace que vous souhaitez rendre sp\u00e9cial. Il cr\u00e9e une atmosph\u00e8re attachante et constitue un joli cadeau pour les amoureux des chiens et des animaux de compagnie. Le bois est prot\u00e9g\u00e9 avec un vernis \u00e0 l&#039;eau pour garantir sa durabilit\u00e9 dans le temps. Ajoutez une touche de chaleur et de personnalit\u00e9 \u00e0 votre maison avec cette magnifique pi\u00e8ce de d\u00e9coration.<\/p>","protected":false},"featured_media":6727,"template":"","meta":{"_seopress_robots_primary_cat":"57","_seopress_titles_title":"%%title%% %%page%%","_seopress_titles_desc":"Personaliza tu puerta con encanto \u00fanico: Cartel de puerta de madera con forma de perro grabado l\u00e1ser. Ideal para amantes de mascotas. \u00a1Compra hoy!","_seopress_robots_index":"","_seopress_analysis_target_kw":"","site-sidebar-layout":"default","site-content-layout":"","ast-site-content-layout":"default","site-content-style":"default","site-sidebar-style":"default","ast-global-header-display":"","ast-banner-title-visibility":"","ast-main-header-display":"","ast-hfb-above-header-display":"","ast-hfb-below-header-display":"","ast-hfb-mobile-header-display":"","site-post-title":"","ast-breadcrumbs-content":"","ast-featured-img":"","footer-sml-layout":"","ast-disable-related-posts":"","theme-transparent-header-meta":"default","adv-header-id-meta":"","stick-header-meta":"default","header-above-stick-meta":"","header-main-stick-meta":"","header-below-stick-meta":"","astra-migrate-meta-layouts":"set","ast-page-background-enabled":"default","ast-page-background-meta":{"desktop":{"background-color":"","background-image":"","background-repeat":"repeat","background-position":"center center","background-size":"auto","background-attachment":"scroll","background-type":"","background-media":"","overlay-type":"","overlay-color":"","overlay-opacity":"","overlay-gradient":""},"tablet":{"background-color":"","background-image":"","background-repeat":"repeat","background-position":"center center","background-size":"auto","background-attachment":"scroll","background-type":"","background-media":"","overlay-type":"","overlay-color":"","overlay-opacity":"","overlay-gradient":""},"mobile":{"background-color":"","background-image":"","background-repeat":"repeat","background-position":"center center","background-size":"auto","background-attachment":"scroll","background-type":"","background-media":"","overlay-type":"","overlay-color":"","overlay-opacity":"","overlay-gradient":""}},"ast-content-background-meta":{"desktop":{"background-color":"var(--ast-global-color-5)","background-image":"","background-repeat":"repeat","background-position":"center center","background-size":"auto","background-attachment":"scroll","background-type":"","background-media":"","overlay-type":"","overlay-color":"","overlay-opacity":"","overlay-gradient":""},"tablet":{"background-color":"var(--ast-global-color-5)","background-image":"","background-repeat":"repeat","background-position":"center center","background-size":"auto","background-attachment":"scroll","background-type":"","background-media":"","overlay-type":"","overlay-color":"","overlay-opacity":"","overlay-gradient":""},"mobile":{"background-color":"var(--ast-global-color-5)","background-image":"","background-repeat":"repeat","background-position":"center center","background-size":"auto","background-attachment":"scroll","background-type":"","background-media":"","overlay-type":"","overlay-color":"","overlay-opacity":"","overlay-gradient":""}}},"product_brand":[],"product_cat":[44,51,57,87],"product_tag":[],"class_list":{"0":"post-6726","1":"product","2":"type-product","3":"status-publish","4":"has-post-thumbnail","6":"product_cat-cartel-madera","7":"product_cat-decoracion-del-hogar","8":"product_cat-letrero-colgante-para-puerta","9":"product_cat-mascotas","10":"desktop-align-center","11":"tablet-align-left","12":"mobile-align-center","13":"ast-product-gallery-layout-horizontal","14":"ast-magnify-disabled","15":"ast-product-tabs-layout-horizontal","16":"tm-has-options","18":"first","19":"instock","20":"taxable","21":"shipping-taxable","22":"purchasable","23":"product-type-simple"},"_links":{"self":[{"href":"https:\/\/kiemmi.com\/fr\/wp-json\/wp\/v2\/product\/6726","targetHints":{"allow":["GET"]}}],"collection":[{"href":"https:\/\/kiemmi.com\/fr\/wp-json\/wp\/v2\/product"}],"about":[{"href":"https:\/\/kiemmi.com\/fr\/wp-json\/wp\/v2\/types\/product"}],"version-history":[{"count":0,"href":"https:\/\/kiemmi.com\/fr\/wp-json\/wp\/v2\/product\/6726\/revisions"}],"wp:featuredmedia":[{"embeddable":true,"href":"https:\/\/kiemmi.com\/fr\/wp-json\/wp\/v2\/media\/6727"}],"wp:attachment":[{"href":"https:\/\/kiemmi.com\/fr\/wp-json\/wp\/v2\/media?parent=6726"}],"wp:term":[{"taxonomy":"product_brand","embeddable":true,"href":"https:\/\/kiemmi.com\/fr\/wp-json\/wp\/v2\/product_brand?post=6726"},{"taxonomy":"product_cat","embeddable":true,"href":"https:\/\/kiemmi.com\/fr\/wp-json\/wp\/v2\/product_cat?post=6726"},{"taxonomy":"product_tag","embeddable":true,"href":"https:\/\/kiemmi.com\/fr\/wp-json\/wp\/v2\/product_tag?post=6726"}],"curies":[{"name":"wp","href":"https:\/\/api.w.org\/{rel}","templated":true}]}}