{"id":6609,"date":"2023-10-03T19:33:58","date_gmt":"2023-10-03T19:33:58","guid":{"rendered":"https:\/\/kiemmi.com\/?post_type=product&#038;p=6609"},"modified":"2025-09-02T08:41:17","modified_gmt":"2025-09-02T08:41:17","slug":"cintre-en-bois-personnalise-avec-nom-un-cadeau-inoubliable-pour-petits-amis","status":"publish","type":"product","link":"https:\/\/kiemmi.com\/fr\/shop\/detalles-para-bodas-y-eventos\/percha-de-madera-personalizada-con-nombre-un-regalo-inolvidable-para-novios\/","title":{"rendered":"Cintre en bois personnalis\u00e9 avec nom \u2013 Un cadeau inoubliable pour les nouveaux mari\u00e9s"},"content":{"rendered":"<p>C\u00e9l\u00e9brez l&#039;amour et l&#039;union de deux personnes sp\u00e9ciales avec notre cintre en bois personnalis\u00e9, le cadeau parfait pour le couple qui est sur le point de dire \u00ab oui \u00bb. Chacun de nos cintres est soigneusement con\u00e7u et fabriqu\u00e9 avec des d\u00e9tails qui le rendent vraiment unique.<\/p>\n<p><strong>Dimensions:<\/strong><\/p>\n<ul>\n<li><em><strong>Largeur:<\/strong><\/em> 43 cm<\/li>\n<li><em><strong>Haut:<\/strong><\/em> 23 cm (crochet compris)<\/li>\n<li><em><strong>Grosseur:<\/strong><\/em> 1,2 cm<\/li>\n<\/ul>\n<p><strong>Fonctionnalit\u00e9s en vedette\u00a0:<\/strong><\/p>\n<ul>\n<li><strong><em>Personnalisation exclusive<\/em><\/strong>: Chaque cintre est minutieusement personnalis\u00e9 aux noms des mari\u00e9s, cr\u00e9\u00e9 en bois d\u00e9coup\u00e9 au laser et peint \u00e0 la main. Cela ajoute une touche personnelle et \u00e9l\u00e9gante que les mari\u00e9s appr\u00e9cieront pendant des ann\u00e9es.<\/li>\n<li><em><strong>Crochet pivotant \u00e0 360\u00b0<\/strong><\/em>: Notre cintre est dot\u00e9 d&#039;un crochet pivotant qui offre une polyvalence exceptionnelle. Cela permet de suspendre facilement les costumes de mariage, quelle que soit la mani\u00e8re dont ils sont accroch\u00e9s dans le placard.<\/li>\n<li><em><strong>Cadeau inoubliable\u00a0:<\/strong><\/em> Ce cintre n&#039;est pas seulement un accessoire fonctionnel, mais aussi un souvenir sp\u00e9cial d&#039;une journ\u00e9e m\u00e9morable. C\u2019est un cadeau que les mari\u00e9s ch\u00e9riront et dont ils se souviendront avec tendresse pendant des ann\u00e9es.<\/li>\n<li><em><strong>Parfait pour les mariages et les anniversaires\u00a0:<\/strong><\/em> En plus d&#039;\u00eatre un cadeau de mariage id\u00e9al, ce cintre personnalis\u00e9 est \u00e9galement parfait pour les anniversaires, les fian\u00e7ailles et autres occasions sp\u00e9ciales li\u00e9es \u00e0 l&#039;amour.<\/li>\n<li><em><strong>Qualit\u00e9 sup\u00e9rieure:<\/strong><\/em> Nous utilisons du bois de haute qualit\u00e9, solide et durable. L&#039;attention port\u00e9e aux d\u00e9tails dans tous les aspects de la conception et de la fabrication garantit que vous obtiendrez une pi\u00e8ce de qualit\u00e9 qui durera toute une vie.<\/li>\n<\/ul>\n<p>Montrez votre amour et votre consid\u00e9ration en choisissant ce cintre en bois personnalis\u00e9 comme cadeau pour les mari\u00e9s. Chaque fois qu&#039;ils accrocheront leurs tenues sur ce cintre unique, ils se souviendront de l&#039;amour et de la joie de leur journ\u00e9e sp\u00e9ciale. Commandez d\u00e8s aujourd&#039;hui et cr\u00e9ez un souvenir durable pour ce couple sp\u00e9cial dans votre vie.<\/p>","protected":false},"excerpt":{"rendered":"<p>Cintre en bois personnalis\u00e9 avec nom, id\u00e9al \u00e0 offrir aux fianc\u00e9s sur le point de se marier. Noms en bois d\u00e9coup\u00e9s au laser et peints \u00e0 la main pour une touche unique. Crochet rotatif \u00e0 360\u00b0 pour suspendre confortablement les costumes de mariage. Cadeau durable et \u00e9motionnel pour les mariages et les anniversaires.<\/p>","protected":false},"featured_media":6630,"template":"","meta":{"_seopress_robots_primary_cat":"45","_seopress_titles_title":"%%title%%","_seopress_titles_desc":"","_seopress_robots_index":"","_seopress_analysis_target_kw":"","site-sidebar-layout":"default","site-content-layout":"","ast-site-content-layout":"default","site-content-style":"default","site-sidebar-style":"default","ast-global-header-display":"","ast-banner-title-visibility":"","ast-main-header-display":"","ast-hfb-above-header-display":"","ast-hfb-below-header-display":"","ast-hfb-mobile-header-display":"","site-post-title":"","ast-breadcrumbs-content":"","ast-featured-img":"","footer-sml-layout":"","ast-disable-related-posts":"","theme-transparent-header-meta":"","adv-header-id-meta":"","stick-header-meta":"","header-above-stick-meta":"","header-main-stick-meta":"","header-below-stick-meta":"","astra-migrate-meta-layouts":"default","ast-page-background-enabled":"default","ast-page-background-meta":{"desktop":{"background-color":"","background-image":"","background-repeat":"repeat","background-position":"center center","background-size":"auto","background-attachment":"scroll","background-type":"","background-media":"","overlay-type":"","overlay-color":"","overlay-opacity":"","overlay-gradient":""},"tablet":{"background-color":"","background-image":"","background-repeat":"repeat","background-position":"center center","background-size":"auto","background-attachment":"scroll","background-type":"","background-media":"","overlay-type":"","overlay-color":"","overlay-opacity":"","overlay-gradient":""},"mobile":{"background-color":"","background-image":"","background-repeat":"repeat","background-position":"center center","background-size":"auto","background-attachment":"scroll","background-type":"","background-media":"","overlay-type":"","overlay-color":"","overlay-opacity":"","overlay-gradient":""}},"ast-content-background-meta":{"desktop":{"background-color":"var(--ast-global-color-5)","background-image":"","background-repeat":"repeat","background-position":"center center","background-size":"auto","background-attachment":"scroll","background-type":"","background-media":"","overlay-type":"","overlay-color":"","overlay-opacity":"","overlay-gradient":""},"tablet":{"background-color":"var(--ast-global-color-5)","background-image":"","background-repeat":"repeat","background-position":"center center","background-size":"auto","background-attachment":"scroll","background-type":"","background-media":"","overlay-type":"","overlay-color":"","overlay-opacity":"","overlay-gradient":""},"mobile":{"background-color":"var(--ast-global-color-5)","background-image":"","background-repeat":"repeat","background-position":"center center","background-size":"auto","background-attachment":"scroll","background-type":"","background-media":"","overlay-type":"","overlay-color":"","overlay-opacity":"","overlay-gradient":""}}},"product_brand":[],"product_cat":[45,49],"product_tag":[],"class_list":{"0":"post-6609","1":"product","2":"type-product","3":"status-publish","4":"has-post-thumbnail","6":"product_cat-detalles-para-bodas-y-eventos","7":"product_cat-regalos-originales","8":"desktop-align-center","9":"tablet-align-left","10":"mobile-align-center","11":"ast-product-gallery-layout-horizontal","12":"ast-magnify-disabled","13":"ast-product-tabs-layout-horizontal","14":"tm-has-options","16":"first","17":"instock","18":"taxable","19":"shipping-taxable","20":"purchasable","21":"product-type-simple"},"_links":{"self":[{"href":"https:\/\/kiemmi.com\/fr\/wp-json\/wp\/v2\/product\/6609","targetHints":{"allow":["GET"]}}],"collection":[{"href":"https:\/\/kiemmi.com\/fr\/wp-json\/wp\/v2\/product"}],"about":[{"href":"https:\/\/kiemmi.com\/fr\/wp-json\/wp\/v2\/types\/product"}],"version-history":[{"count":0,"href":"https:\/\/kiemmi.com\/fr\/wp-json\/wp\/v2\/product\/6609\/revisions"}],"wp:featuredmedia":[{"embeddable":true,"href":"https:\/\/kiemmi.com\/fr\/wp-json\/wp\/v2\/media\/6630"}],"wp:attachment":[{"href":"https:\/\/kiemmi.com\/fr\/wp-json\/wp\/v2\/media?parent=6609"}],"wp:term":[{"taxonomy":"product_brand","embeddable":true,"href":"https:\/\/kiemmi.com\/fr\/wp-json\/wp\/v2\/product_brand?post=6609"},{"taxonomy":"product_cat","embeddable":true,"href":"https:\/\/kiemmi.com\/fr\/wp-json\/wp\/v2\/product_cat?post=6609"},{"taxonomy":"product_tag","embeddable":true,"href":"https:\/\/kiemmi.com\/fr\/wp-json\/wp\/v2\/product_tag?post=6609"}],"curies":[{"name":"wp","href":"https:\/\/api.w.org\/{rel}","templated":true}]}}