{"id":5871,"date":"2023-06-06T22:23:59","date_gmt":"2023-06-06T22:23:59","guid":{"rendered":"https:\/\/kiemmi.com\/?post_type=product&#038;p=5871"},"modified":"2024-07-28T13:50:36","modified_gmt":"2024-07-28T13:50:36","slug":"plaque-en-bois-pour-professeurs","status":"publish","type":"product","link":"https:\/\/kiemmi.com\/fr\/shop\/decoracion-del-hogar\/placa-de-madera-para-profesores\/","title":{"rendered":"Plaque en bois pour les enseignants"},"content":{"rendered":"<p>C\u00e9l\u00e9brez votre professeur d&#039;une mani\u00e8re sp\u00e9ciale avec notre plaque de professeur en bois personnalis\u00e9e ! Cette plaque en bois exquise est le cadeau parfait pour comm\u00e9morer la fin du cours ou la retraite de cet enseignant inoubliable.<\/p>\n<p>Chaque plaque comporte un \u00e9l\u00e9gant disque en bois en forme de cercle, soigneusement d\u00e9coup\u00e9 avec le nom de l&#039;enseignant en relief et en couleur. Cette technique unique met en valeur le nom et lui donne une touche distinctive et accrocheuse. De plus, le bois de haute qualit\u00e9 utilis\u00e9 dans la plaque provient de for\u00eats europ\u00e9ennes durables, ce qui refl\u00e8te notre engagement envers la responsabilit\u00e9 environnementale.<\/p>\n<p>Mais ce n&#039;est pas tout, vous pouvez \u00e9galement personnaliser la plaque avec les noms des \u00e9l\u00e8ves grav\u00e9s sur le bois ! Cette caract\u00e9ristique sp\u00e9ciale permet \u00e0 chaque \u00e9l\u00e8ve de laisser sa marque sur le cadeau, cr\u00e9ant ainsi un souvenir comm\u00e9moratif unique et significatif. Vous pouvez choisir la phrase que vous pr\u00e9f\u00e9rez, faisant de cette plaque un cadeau vraiment personnel et \u00e9motionnel.<\/p>\n<p>Notre plaque de professeur en bois est bien plus qu&#039;un simple cadeau. C&#039;est un souvenir durable et significatif qui capture les moments partag\u00e9s en classe et c\u00e9l\u00e8bre le d\u00e9vouement et l&#039;impact que l&#039;enseignant a eu sur la vie de ses \u00e9l\u00e8ves. Avec ce cadeau, vous montrerez votre gratitude et votre appr\u00e9ciation de mani\u00e8re tangible et \u00e9l\u00e9gante.<\/p>\n<p>Ne laissez pas passer l&#039;occasion d&#039;honorer cet enseignant sp\u00e9cial avec cette plaque unique et m\u00e9morable. Commandez aujourd&#039;hui et offrez un souvenir qui durera pour toujours dans le c\u0153ur de votre professeur pr\u00e9f\u00e9r\u00e9 !<\/p>","protected":false},"excerpt":{"rendered":"<p>C\u00e9l\u00e9brez votre professeur avec notre plaque en bois personnalis\u00e9e. Un disque en bois grav\u00e9 du nom de l&#039;enseignant. Le bois provient de for\u00eats durables europ\u00e9ennes. Les noms des \u00e9l\u00e8ves grav\u00e9s sur le bois. Un cadeau comm\u00e9moratif pour la fin des cours ou la retraite. Personnalisation de la phrase selon les \u00e9l\u00e8ves. Un souvenir durable et significatif pour l&#039;enseignant.<\/p>","protected":false},"featured_media":5883,"template":"","meta":{"_seopress_robots_primary_cat":"51","_seopress_titles_title":"","_seopress_titles_desc":"","_seopress_robots_index":"","_seopress_analysis_target_kw":"","site-sidebar-layout":"default","site-content-layout":"","ast-site-content-layout":"default","site-content-style":"default","site-sidebar-style":"default","ast-global-header-display":"","ast-banner-title-visibility":"","ast-main-header-display":"","ast-hfb-above-header-display":"","ast-hfb-below-header-display":"","ast-hfb-mobile-header-display":"","site-post-title":"","ast-breadcrumbs-content":"","ast-featured-img":"","footer-sml-layout":"","ast-disable-related-posts":"","theme-transparent-header-meta":"","adv-header-id-meta":"","stick-header-meta":"","header-above-stick-meta":"","header-main-stick-meta":"","header-below-stick-meta":"","astra-migrate-meta-layouts":"default","ast-page-background-enabled":"default","ast-page-background-meta":{"desktop":{"background-color":"","background-image":"","background-repeat":"repeat","background-position":"center center","background-size":"auto","background-attachment":"scroll","background-type":"","background-media":"","overlay-type":"","overlay-color":"","overlay-opacity":"","overlay-gradient":""},"tablet":{"background-color":"","background-image":"","background-repeat":"repeat","background-position":"center center","background-size":"auto","background-attachment":"scroll","background-type":"","background-media":"","overlay-type":"","overlay-color":"","overlay-opacity":"","overlay-gradient":""},"mobile":{"background-color":"","background-image":"","background-repeat":"repeat","background-position":"center center","background-size":"auto","background-attachment":"scroll","background-type":"","background-media":"","overlay-type":"","overlay-color":"","overlay-opacity":"","overlay-gradient":""}},"ast-content-background-meta":{"desktop":{"background-color":"var(--ast-global-color-5)","background-image":"","background-repeat":"repeat","background-position":"center center","background-size":"auto","background-attachment":"scroll","background-type":"","background-media":"","overlay-type":"","overlay-color":"","overlay-opacity":"","overlay-gradient":""},"tablet":{"background-color":"var(--ast-global-color-5)","background-image":"","background-repeat":"repeat","background-position":"center center","background-size":"auto","background-attachment":"scroll","background-type":"","background-media":"","overlay-type":"","overlay-color":"","overlay-opacity":"","overlay-gradient":""},"mobile":{"background-color":"var(--ast-global-color-5)","background-image":"","background-repeat":"repeat","background-position":"center center","background-size":"auto","background-attachment":"scroll","background-type":"","background-media":"","overlay-type":"","overlay-color":"","overlay-opacity":"","overlay-gradient":""}}},"product_brand":[],"product_cat":[51,49],"product_tag":[],"class_list":{"0":"post-5871","1":"product","2":"type-product","3":"status-publish","4":"has-post-thumbnail","6":"product_cat-decoracion-del-hogar","7":"product_cat-regalos-originales","8":"desktop-align-center","9":"tablet-align-left","10":"mobile-align-center","11":"ast-product-gallery-layout-horizontal","12":"ast-magnify-disabled","13":"ast-product-tabs-layout-horizontal","14":"tm-has-options","16":"first","17":"instock","18":"taxable","19":"shipping-taxable","20":"purchasable","21":"product-type-simple"},"_links":{"self":[{"href":"https:\/\/kiemmi.com\/fr\/wp-json\/wp\/v2\/product\/5871","targetHints":{"allow":["GET"]}}],"collection":[{"href":"https:\/\/kiemmi.com\/fr\/wp-json\/wp\/v2\/product"}],"about":[{"href":"https:\/\/kiemmi.com\/fr\/wp-json\/wp\/v2\/types\/product"}],"version-history":[{"count":0,"href":"https:\/\/kiemmi.com\/fr\/wp-json\/wp\/v2\/product\/5871\/revisions"}],"wp:featuredmedia":[{"embeddable":true,"href":"https:\/\/kiemmi.com\/fr\/wp-json\/wp\/v2\/media\/5883"}],"wp:attachment":[{"href":"https:\/\/kiemmi.com\/fr\/wp-json\/wp\/v2\/media?parent=5871"}],"wp:term":[{"taxonomy":"product_brand","embeddable":true,"href":"https:\/\/kiemmi.com\/fr\/wp-json\/wp\/v2\/product_brand?post=5871"},{"taxonomy":"product_cat","embeddable":true,"href":"https:\/\/kiemmi.com\/fr\/wp-json\/wp\/v2\/product_cat?post=5871"},{"taxonomy":"product_tag","embeddable":true,"href":"https:\/\/kiemmi.com\/fr\/wp-json\/wp\/v2\/product_tag?post=5871"}],"curies":[{"name":"wp","href":"https:\/\/api.w.org\/{rel}","templated":true}]}}