{"id":5851,"date":"2023-06-03T11:48:39","date_gmt":"2023-06-03T11:48:39","guid":{"rendered":"https:\/\/kiemmi.com\/?post_type=product&#038;p=5851"},"modified":"2025-12-09T11:26:37","modified_gmt":"2025-12-09T11:26:37","slug":"tirelire-3d-en-lettre","status":"publish","type":"product","link":"https:\/\/kiemmi.com\/fr\/shop\/regalos-originales\/hucha-3d-en-letra\/","title":{"rendered":"Tirelire 3D en lettre"},"content":{"rendered":"<p>Tirelire 3D en forme de lettre, cr\u00e9\u00e9e avec la technologie d&#039;impression 3D la plus avanc\u00e9e. Cette incroyable tirelire personnalisable est le cadeau parfait qui stimulera l&#039;imagination des enfants.<\/p>\n<p>Nos tirelires en forme de lettres 3D sont uniques et personnalisables au pr\u00e9nom de chaque enfant. Imaginez l&#039;excitation sur leurs visages lorsqu&#039;ils re\u00e7oivent une tirelire avec leur initiale et leur propre nom dessus. C&#039;est un d\u00e9tail sp\u00e9cial qui les fera se sentir uniques et aim\u00e9s.<\/p>\n<p>Le devant de la tirelire est con\u00e7u avec un mat\u00e9riau transparent, permettant aux tout-petits de voir comment leurs \u00e9conomies augmentent. Il s&#039;agit d&#039;une exp\u00e9rience visuelle fascinante et \u00e9ducative qui leur apprend l&#039;importance de g\u00e9rer judicieusement leur argent.<\/p>\n<p>Nos tirelires 3D ne sont pas seulement pratiques, elles sont aussi un \u00e9l\u00e9ment d\u00e9coratif charmant pour toute chambre d&#039;enfant. Son design moderne et saisissant ajoute une touche de fun et de style \u00e0 la d\u00e9coration.<\/p>\n<p>En plus d&#039;\u00eatre un cadeau original, nos tirelires en forme de lettre 3D sont une fa\u00e7on amusante pour les enfants d&#039;apprendre \u00e0 \u00e9pargner et \u00e0 g\u00e9rer leurs finances. Il leur apprendra des comp\u00e9tences pr\u00e9cieuses qui leur serviront tout au long de leur vie.<\/p>\n<p>En bref, nos tirelires en lettres 3D les plus excitantes et personnalisables sont le cadeau parfait pour les enfants, les incitant \u00e0 \u00e9conomiser et \u00e0 g\u00e9rer leur argent tout en profitant de leur propre tirelire unique. Profitez de cette opportunit\u00e9 et surprenez les plus petits avec un cadeau inoubliable !<\/p>\n<p><strong>Dimensions:<\/strong><\/p>\n<ul>\n<li><strong>Largeur:<\/strong> D\u00e9pend de la lettre<\/li>\n<li><strong>Haut:<\/strong> 15,5 cm<\/li>\n<li><strong>Grosseur:<\/strong> 4cm<\/li>\n<\/ul>","protected":false},"excerpt":{"rendered":"<p>Tirelire 3D personnalisable en forme de lettre, r\u00e9alis\u00e9e en impression 3D. Sa conception frontale transparente vous permet de le regarder se remplir de pi\u00e8ces de monnaie, faisant de l&#039;\u00e9pargne une exp\u00e9rience passionnante. C&#039;est le cadeau id\u00e9al et original pour les enfants, favorisant leur apprentissage en administration \u00e9conomique.<\/p>","protected":false},"featured_media":5856,"template":"","meta":{"_seopress_robots_primary_cat":"49","_seopress_titles_title":"","_seopress_titles_desc":"","_seopress_robots_index":"","_seopress_analysis_target_kw":"","site-sidebar-layout":"default","site-content-layout":"","ast-site-content-layout":"default","site-content-style":"default","site-sidebar-style":"default","ast-global-header-display":"","ast-banner-title-visibility":"","ast-main-header-display":"","ast-hfb-above-header-display":"","ast-hfb-below-header-display":"","ast-hfb-mobile-header-display":"","site-post-title":"","ast-breadcrumbs-content":"","ast-featured-img":"","footer-sml-layout":"","ast-disable-related-posts":"","theme-transparent-header-meta":"","adv-header-id-meta":"","stick-header-meta":"","header-above-stick-meta":"","header-main-stick-meta":"","header-below-stick-meta":"","astra-migrate-meta-layouts":"default","ast-page-background-enabled":"default","ast-page-background-meta":{"desktop":{"background-color":"","background-image":"","background-repeat":"repeat","background-position":"center center","background-size":"auto","background-attachment":"scroll","background-type":"","background-media":"","overlay-type":"","overlay-color":"","overlay-opacity":"","overlay-gradient":""},"tablet":{"background-color":"","background-image":"","background-repeat":"repeat","background-position":"center center","background-size":"auto","background-attachment":"scroll","background-type":"","background-media":"","overlay-type":"","overlay-color":"","overlay-opacity":"","overlay-gradient":""},"mobile":{"background-color":"","background-image":"","background-repeat":"repeat","background-position":"center center","background-size":"auto","background-attachment":"scroll","background-type":"","background-media":"","overlay-type":"","overlay-color":"","overlay-opacity":"","overlay-gradient":""}},"ast-content-background-meta":{"desktop":{"background-color":"var(--ast-global-color-5)","background-image":"","background-repeat":"repeat","background-position":"center center","background-size":"auto","background-attachment":"scroll","background-type":"","background-media":"","overlay-type":"","overlay-color":"","overlay-opacity":"","overlay-gradient":""},"tablet":{"background-color":"var(--ast-global-color-5)","background-image":"","background-repeat":"repeat","background-position":"center center","background-size":"auto","background-attachment":"scroll","background-type":"","background-media":"","overlay-type":"","overlay-color":"","overlay-opacity":"","overlay-gradient":""},"mobile":{"background-color":"var(--ast-global-color-5)","background-image":"","background-repeat":"repeat","background-position":"center center","background-size":"auto","background-attachment":"scroll","background-type":"","background-media":"","overlay-type":"","overlay-color":"","overlay-opacity":"","overlay-gradient":""}}},"product_brand":[],"product_cat":[52,49],"product_tag":[],"class_list":{"0":"post-5851","1":"product","2":"type-product","3":"status-publish","4":"has-post-thumbnail","6":"product_cat-habitacion-de-bebe","7":"product_cat-regalos-originales","8":"desktop-align-center","9":"tablet-align-left","10":"mobile-align-center","11":"ast-product-gallery-layout-horizontal","12":"ast-magnify-disabled","13":"ast-product-tabs-layout-horizontal","14":"tm-has-options","16":"first","17":"instock","18":"taxable","19":"shipping-taxable","20":"purchasable","21":"product-type-simple"},"_links":{"self":[{"href":"https:\/\/kiemmi.com\/fr\/wp-json\/wp\/v2\/product\/5851","targetHints":{"allow":["GET"]}}],"collection":[{"href":"https:\/\/kiemmi.com\/fr\/wp-json\/wp\/v2\/product"}],"about":[{"href":"https:\/\/kiemmi.com\/fr\/wp-json\/wp\/v2\/types\/product"}],"version-history":[{"count":0,"href":"https:\/\/kiemmi.com\/fr\/wp-json\/wp\/v2\/product\/5851\/revisions"}],"wp:featuredmedia":[{"embeddable":true,"href":"https:\/\/kiemmi.com\/fr\/wp-json\/wp\/v2\/media\/5856"}],"wp:attachment":[{"href":"https:\/\/kiemmi.com\/fr\/wp-json\/wp\/v2\/media?parent=5851"}],"wp:term":[{"taxonomy":"product_brand","embeddable":true,"href":"https:\/\/kiemmi.com\/fr\/wp-json\/wp\/v2\/product_brand?post=5851"},{"taxonomy":"product_cat","embeddable":true,"href":"https:\/\/kiemmi.com\/fr\/wp-json\/wp\/v2\/product_cat?post=5851"},{"taxonomy":"product_tag","embeddable":true,"href":"https:\/\/kiemmi.com\/fr\/wp-json\/wp\/v2\/product_tag?post=5851"}],"curies":[{"name":"wp","href":"https:\/\/api.w.org\/{rel}","templated":true}]}}