{"id":5634,"date":"2023-05-13T09:47:46","date_gmt":"2023-05-13T09:47:46","guid":{"rendered":"https:\/\/kiemmi.com\/?post_type=product&#038;p=5634"},"modified":"2025-09-12T11:14:14","modified_gmt":"2025-09-12T11:14:14","slug":"coffre-en-bois-personnalise-pour-cadeaux-fait-main","status":"publish","type":"product","link":"https:\/\/kiemmi.com\/fr\/shop\/cajas-de-madera-personalizadas\/cofre-de-madera-personalizada-para-regalos-hecha-a-mano\/","title":{"rendered":"Coffre en bois personnalis\u00e9 pour des cadeaux faits \u00e0 la main"},"content":{"rendered":"<p>Coffre en bois d\u00e9coup\u00e9 et grav\u00e9 au laser, avec un couvercle personnalisable. Ce coffre est l&#039;endroit id\u00e9al pour ranger vos bijoux les plus pr\u00e9cieux ou pour offrir en cadeau \u00e0 quelqu&#039;un de sp\u00e9cial.<\/p>\n<p>Ce qui rend ce coffre sp\u00e9cial, c&#039;est qu&#039;il est fabriqu\u00e9 \u00e0 la main selon les normes les plus \u00e9lev\u00e9es de qualit\u00e9 et d&#039;attention aux d\u00e9tails. Nous utilisons du bois provenant de for\u00eats europ\u00e9ennes durables, en veillant \u00e0 ce que chaque coffre soit unique et ait sa propre histoire. De plus, nous avons utilis\u00e9 des produits \u00e9cologiques pour vernir le coffre, ce qui non seulement prot\u00e8ge la surface et la rend durable, mais contribue \u00e9galement \u00e0 prot\u00e9ger notre plan\u00e8te.<\/p>\n<p>Chaque coffre est fabriqu\u00e9 sur commande, ce qui signifie que nous n&#039;avons pas de stock. Cela garantit que chaque coffre est fabriqu\u00e9 avec soin et une attention individualis\u00e9e. La gravure au laser sur le couvercle personnalisable est une caract\u00e9ristique sp\u00e9ciale qui ajoute une touche personnelle et unique \u00e0 la poitrine.<\/p>\n<p>Si vous cherchez un cadeau pour quelqu&#039;un de sp\u00e9cial ou si vous voulez simplement ranger vos bijoux dans un endroit sp\u00e9cial, ce coffre en bois fait \u00e0 la main est le choix parfait. Nous sommes convaincus que vous aimerez la qualit\u00e9 et les d\u00e9tails de chaque coffre que nous fabriquons. N&#039;h\u00e9sitez pas \u00e0 commander d\u00e8s aujourd&#039;hui et faites l&#039;exp\u00e9rience d&#039;un savoir-faire de haute qualit\u00e9 dans votre maison !<\/p>\n<p><strong>Caract\u00e9ristiques:<\/strong><\/p>\n<ul>\n<li>Mat\u00e9riau : Bois naturel verni avec des produits \u00e9cologiques<\/li>\n<li>Dimensions : 10 cm de large x 8,6 cm de long x 6,8 cm de haut<\/li>\n<\/ul>","protected":false},"excerpt":{"rendered":"<p>Nous vous pr\u00e9sentons notre coffre en bois fait main avec d\u00e9coupe et gravure au laser, et un couvercle personnalisable. Id\u00e9al pour ranger des bijoux ou pour offrir en cadeau \u00e0 quelqu&#039;un de sp\u00e9cial. Nous utilisons du bois issu de for\u00eats europ\u00e9ennes durables et du vernis \u00e9cologique pour prot\u00e9ger sa surface. Chaque coffre est fabriqu\u00e9 sur commande, assurant une attention individualis\u00e9e et une qualit\u00e9 exceptionnelle. Commandez aujourd&#039;hui et faites l&#039;exp\u00e9rience d&#039;un savoir-faire de haute qualit\u00e9 dans votre maison.<\/p>","protected":false},"featured_media":6249,"template":"","meta":{"_seopress_robots_primary_cat":"38","_seopress_titles_title":"%%title%% %%page%%","_seopress_titles_desc":"","_seopress_robots_index":"","_seopress_analysis_target_kw":"","site-sidebar-layout":"default","site-content-layout":"","ast-site-content-layout":"default","site-content-style":"default","site-sidebar-style":"default","ast-global-header-display":"","ast-banner-title-visibility":"","ast-main-header-display":"","ast-hfb-above-header-display":"","ast-hfb-below-header-display":"","ast-hfb-mobile-header-display":"","site-post-title":"","ast-breadcrumbs-content":"","ast-featured-img":"","footer-sml-layout":"","ast-disable-related-posts":"","theme-transparent-header-meta":"default","adv-header-id-meta":"","stick-header-meta":"default","header-above-stick-meta":"","header-main-stick-meta":"","header-below-stick-meta":"","astra-migrate-meta-layouts":"set","ast-page-background-enabled":"default","ast-page-background-meta":{"desktop":{"background-color":"","background-image":"","background-repeat":"repeat","background-position":"center center","background-size":"auto","background-attachment":"scroll","background-type":"","background-media":"","overlay-type":"","overlay-color":"","overlay-opacity":"","overlay-gradient":""},"tablet":{"background-color":"","background-image":"","background-repeat":"repeat","background-position":"center center","background-size":"auto","background-attachment":"scroll","background-type":"","background-media":"","overlay-type":"","overlay-color":"","overlay-opacity":"","overlay-gradient":""},"mobile":{"background-color":"","background-image":"","background-repeat":"repeat","background-position":"center center","background-size":"auto","background-attachment":"scroll","background-type":"","background-media":"","overlay-type":"","overlay-color":"","overlay-opacity":"","overlay-gradient":""}},"ast-content-background-meta":{"desktop":{"background-color":"var(--ast-global-color-5)","background-image":"","background-repeat":"repeat","background-position":"center center","background-size":"auto","background-attachment":"scroll","background-type":"","background-media":"","overlay-type":"","overlay-color":"","overlay-opacity":"","overlay-gradient":""},"tablet":{"background-color":"var(--ast-global-color-5)","background-image":"","background-repeat":"repeat","background-position":"center center","background-size":"auto","background-attachment":"scroll","background-type":"","background-media":"","overlay-type":"","overlay-color":"","overlay-opacity":"","overlay-gradient":""},"mobile":{"background-color":"var(--ast-global-color-5)","background-image":"","background-repeat":"repeat","background-position":"center center","background-size":"auto","background-attachment":"scroll","background-type":"","background-media":"","overlay-type":"","overlay-color":"","overlay-opacity":"","overlay-gradient":""}}},"product_brand":[],"product_cat":[38],"product_tag":[],"class_list":{"0":"post-5634","1":"product","2":"type-product","3":"status-publish","4":"has-post-thumbnail","6":"product_cat-cajas-de-madera-personalizadas","7":"desktop-align-center","8":"tablet-align-left","9":"mobile-align-center","10":"ast-product-gallery-layout-horizontal","11":"ast-magnify-disabled","12":"ast-product-tabs-layout-horizontal","13":"tm-has-options","15":"first","16":"instock","17":"taxable","18":"shipping-taxable","19":"purchasable","20":"product-type-simple"},"_links":{"self":[{"href":"https:\/\/kiemmi.com\/fr\/wp-json\/wp\/v2\/product\/5634","targetHints":{"allow":["GET"]}}],"collection":[{"href":"https:\/\/kiemmi.com\/fr\/wp-json\/wp\/v2\/product"}],"about":[{"href":"https:\/\/kiemmi.com\/fr\/wp-json\/wp\/v2\/types\/product"}],"version-history":[{"count":0,"href":"https:\/\/kiemmi.com\/fr\/wp-json\/wp\/v2\/product\/5634\/revisions"}],"wp:featuredmedia":[{"embeddable":true,"href":"https:\/\/kiemmi.com\/fr\/wp-json\/wp\/v2\/media\/6249"}],"wp:attachment":[{"href":"https:\/\/kiemmi.com\/fr\/wp-json\/wp\/v2\/media?parent=5634"}],"wp:term":[{"taxonomy":"product_brand","embeddable":true,"href":"https:\/\/kiemmi.com\/fr\/wp-json\/wp\/v2\/product_brand?post=5634"},{"taxonomy":"product_cat","embeddable":true,"href":"https:\/\/kiemmi.com\/fr\/wp-json\/wp\/v2\/product_cat?post=5634"},{"taxonomy":"product_tag","embeddable":true,"href":"https:\/\/kiemmi.com\/fr\/wp-json\/wp\/v2\/product_tag?post=5634"}],"curies":[{"name":"wp","href":"https:\/\/api.w.org\/{rel}","templated":true}]}}