{"id":5484,"date":"2023-05-08T08:02:04","date_gmt":"2023-05-08T08:02:04","guid":{"rendered":"https:\/\/kiemmi.com\/?post_type=product&#038;p=5484"},"modified":"2025-09-12T11:15:21","modified_gmt":"2025-09-12T11:15:21","slug":"coffret-en-bois-personnalise-pour-cadeaux-fait-main","status":"publish","type":"product","link":"https:\/\/kiemmi.com\/fr\/shop\/cajas-de-madera-personalizadas\/caja-de-madera-personalizada-para-regalos-hecha-a-mano\/","title":{"rendered":"Coffret cadeau en bois personnalis\u00e9 fait \u00e0 la main"},"content":{"rendered":"<p>Notre coffret en bois fait \u00e0 la main est un v\u00e9ritable tr\u00e9sor d&#039;artisanat. Chaque bo\u00eete est d\u00e9coup\u00e9e au laser et grav\u00e9e pour assurer un ajustement parfait et un design personnalis\u00e9. Le couvercle sup\u00e9rieur de la bo\u00eete peut \u00eatre personnalis\u00e9 avec le texte de votre choix, ce qui en fait un cadeau vraiment sp\u00e9cial pour vos amis, votre famille ou m\u00eame pour vous-m\u00eame.<\/p>\n<p>La bo\u00eete est fabriqu\u00e9e en bois issu de for\u00eats europ\u00e9ennes durables et est vernie avec des produits \u00e9cologiques pour prot\u00e9ger sa surface et garantir sa durabilit\u00e9 \u00e0 long terme. De plus, vous pouvez choisir d&#039;avoir le fond de la bo\u00eete pr\u00e9par\u00e9 avec du velours de couleur noire ou rouge pour un look encore plus \u00e9l\u00e9gant.<\/p>\n<p>Nous n&#039;avons pas de stock, chaque bo\u00eete est fabriqu\u00e9e \u00e0 la main sur commande. Cela nous permet de consacrer le temps et l&#039;attention n\u00e9cessaires pour nous assurer que chaque bo\u00eete a des finitions incroyables et de haute qualit\u00e9. L&#039;attention port\u00e9e aux d\u00e9tails est l&#039;une de nos principales pr\u00e9occupations et nous nous assurons que chaque bo\u00eete que nous exp\u00e9dions est une \u0153uvre d&#039;art unique et personnalis\u00e9e.<\/p>\n<p>Bref, notre coffret en bois fait main est un cadeau original et personnalis\u00e9 que vous ne trouverez dans aucun autre magasin. Avec des mat\u00e9riaux durables et une attention in\u00e9gal\u00e9e aux d\u00e9tails, cette bo\u00eete est vraiment unique en son genre et sera appr\u00e9ci\u00e9e par tous ceux qui la recevront.<\/p>\n<p><strong>Caract\u00e9ristiques:<\/strong><\/p>\n<ul>\n<li>Mat\u00e9riau : Bois naturel teint\u00e9 noyer et verni avec des produits \u00e9cologiques<\/li>\n<li>Dimensions : 15 cm de large x 8 cm de long x 3,4 cm de haut<\/li>\n<\/ul>","protected":false},"excerpt":{"rendered":"<p>Notre bo\u00eete en bois faite \u00e0 la main est une \u0153uvre d&#039;art personnalis\u00e9e. D\u00e9coup\u00e9 au laser et grav\u00e9, le couvercle sup\u00e9rieur de la bo\u00eete peut \u00eatre personnalis\u00e9 avec le texte de votre choix ou le nom de la personne \u00e0 qui vous souhaitez offrir la bo\u00eete. Fabriqu\u00e9e avec du bois provenant de for\u00eats europ\u00e9ennes durables et vernie avec des produits respectueux de l&#039;environnement pour prot\u00e9ger sa surface, chaque bo\u00eete est fabriqu\u00e9e \u00e0 la main pour garantir une superbe finition de haute qualit\u00e9. De plus, le fond de la bo\u00eete peut \u00eatre pr\u00e9par\u00e9 avec du velours noir ou rouge pour un look encore plus \u00e9l\u00e9gant. C&#039;est le cadeau parfait et original pour toute occasion.<\/p>","protected":false},"featured_media":5486,"template":"","meta":{"_seopress_robots_primary_cat":"38","_seopress_titles_title":"%%title%% %%page%%","_seopress_titles_desc":"","_seopress_robots_index":"","_seopress_analysis_target_kw":"","site-sidebar-layout":"default","site-content-layout":"","ast-site-content-layout":"default","site-content-style":"default","site-sidebar-style":"default","ast-global-header-display":"","ast-banner-title-visibility":"","ast-main-header-display":"","ast-hfb-above-header-display":"","ast-hfb-below-header-display":"","ast-hfb-mobile-header-display":"","site-post-title":"","ast-breadcrumbs-content":"","ast-featured-img":"","footer-sml-layout":"","ast-disable-related-posts":"","theme-transparent-header-meta":"default","adv-header-id-meta":"","stick-header-meta":"default","header-above-stick-meta":"","header-main-stick-meta":"","header-below-stick-meta":"","astra-migrate-meta-layouts":"set","ast-page-background-enabled":"default","ast-page-background-meta":{"desktop":{"background-color":"","background-image":"","background-repeat":"repeat","background-position":"center center","background-size":"auto","background-attachment":"scroll","background-type":"","background-media":"","overlay-type":"","overlay-color":"","overlay-opacity":"","overlay-gradient":""},"tablet":{"background-color":"","background-image":"","background-repeat":"repeat","background-position":"center center","background-size":"auto","background-attachment":"scroll","background-type":"","background-media":"","overlay-type":"","overlay-color":"","overlay-opacity":"","overlay-gradient":""},"mobile":{"background-color":"","background-image":"","background-repeat":"repeat","background-position":"center center","background-size":"auto","background-attachment":"scroll","background-type":"","background-media":"","overlay-type":"","overlay-color":"","overlay-opacity":"","overlay-gradient":""}},"ast-content-background-meta":{"desktop":{"background-color":"var(--ast-global-color-5)","background-image":"","background-repeat":"repeat","background-position":"center center","background-size":"auto","background-attachment":"scroll","background-type":"","background-media":"","overlay-type":"","overlay-color":"","overlay-opacity":"","overlay-gradient":""},"tablet":{"background-color":"var(--ast-global-color-5)","background-image":"","background-repeat":"repeat","background-position":"center center","background-size":"auto","background-attachment":"scroll","background-type":"","background-media":"","overlay-type":"","overlay-color":"","overlay-opacity":"","overlay-gradient":""},"mobile":{"background-color":"var(--ast-global-color-5)","background-image":"","background-repeat":"repeat","background-position":"center center","background-size":"auto","background-attachment":"scroll","background-type":"","background-media":"","overlay-type":"","overlay-color":"","overlay-opacity":"","overlay-gradient":""}}},"product_brand":[],"product_cat":[38],"product_tag":[],"class_list":{"0":"post-5484","1":"product","2":"type-product","3":"status-publish","4":"has-post-thumbnail","6":"product_cat-cajas-de-madera-personalizadas","7":"desktop-align-center","8":"tablet-align-left","9":"mobile-align-center","10":"ast-product-gallery-layout-horizontal","11":"ast-magnify-disabled","12":"ast-product-tabs-layout-horizontal","13":"tm-has-options","15":"first","16":"instock","17":"taxable","18":"shipping-taxable","19":"purchasable","20":"product-type-simple"},"_links":{"self":[{"href":"https:\/\/kiemmi.com\/fr\/wp-json\/wp\/v2\/product\/5484","targetHints":{"allow":["GET"]}}],"collection":[{"href":"https:\/\/kiemmi.com\/fr\/wp-json\/wp\/v2\/product"}],"about":[{"href":"https:\/\/kiemmi.com\/fr\/wp-json\/wp\/v2\/types\/product"}],"version-history":[{"count":0,"href":"https:\/\/kiemmi.com\/fr\/wp-json\/wp\/v2\/product\/5484\/revisions"}],"wp:featuredmedia":[{"embeddable":true,"href":"https:\/\/kiemmi.com\/fr\/wp-json\/wp\/v2\/media\/5486"}],"wp:attachment":[{"href":"https:\/\/kiemmi.com\/fr\/wp-json\/wp\/v2\/media?parent=5484"}],"wp:term":[{"taxonomy":"product_brand","embeddable":true,"href":"https:\/\/kiemmi.com\/fr\/wp-json\/wp\/v2\/product_brand?post=5484"},{"taxonomy":"product_cat","embeddable":true,"href":"https:\/\/kiemmi.com\/fr\/wp-json\/wp\/v2\/product_cat?post=5484"},{"taxonomy":"product_tag","embeddable":true,"href":"https:\/\/kiemmi.com\/fr\/wp-json\/wp\/v2\/product_tag?post=5484"}],"curies":[{"name":"wp","href":"https:\/\/api.w.org\/{rel}","templated":true}]}}