{"id":5420,"date":"2023-05-06T23:14:28","date_gmt":"2023-05-06T23:14:28","guid":{"rendered":"https:\/\/kiemmi.com\/?post_type=product&#038;p=5420"},"modified":"2026-04-09T17:04:49","modified_gmt":"2026-04-09T15:04:49","slug":"noeud-papillon-en-bois-personnalisable","status":"publish","type":"product","link":"https:\/\/kiemmi.com\/fr\/shop\/moda\/pajarita-de-madera-personalizable\/","title":{"rendered":"N\u0153ud papillon en bois personnalisable"},"content":{"rendered":"<p>Si vous cherchez un accessoire original et \u00e9cologique pour votre tenue, ne cherchez pas plus loin que nos n\u0153uds papillon en bois d\u00e9coup\u00e9s et grav\u00e9s au laser faits \u00e0 la main. Chacun de nos n\u0153uds papillon est unique, car il est personnalis\u00e9 selon vos souhaits en termes de design et de coloris de lasure. Vous souhaitez un n\u0153ud papillon avec une gravure laser de vos initiales ? Ou pr\u00e9f\u00e9rez-vous un motif unique qui refl\u00e8te votre personnalit\u00e9 ? Les possibilit\u00e9s sont infinies!<\/p>\n<p>En plus d&#039;\u00eatre personnalisables, nos noeuds papillon en bois sont fabriqu\u00e9s avec des mat\u00e9riaux \u00e9cologiques et durables. Le bois provient de for\u00eats europ\u00e9ennes durables, ce qui signifie que vous achetez un produit qui a \u00e9t\u00e9 fabriqu\u00e9 de mani\u00e8re responsable. Et parce que nous nous soucions de la durabilit\u00e9 de nos n\u0153uds papillons, nous utilisons des produits \u00e9cologiques pour les vernir et prot\u00e9ger la surface, garantissant ainsi que votre n\u0153ud papillon durera longtemps.<\/p>\n<p>Un n\u0153ud papillon en bois est le cadeau parfait pour toutes les occasions. Que ce soit pour un ami, un membre de la famille ou pour vous-m\u00eame, notre n\u0153ud papillon fera ressortir n&#039;importe quelle tenue par son originalit\u00e9 et son style. Si vous planifiez un mariage ou tout autre \u00e9v\u00e9nement, nos n\u0153uds papillons pourraient \u00eatre le choix parfait pour donner \u00e0 votre tenue une touche unique et personnelle.<\/p>\n<p>Chaque n\u0153ud papillon en bois que nous fabriquons est fabriqu\u00e9 \u00e0 la main et sur mesure pour vous. Nous sommes en rupture de stock, ce qui signifie que vous pouvez \u00eatre s\u00fbr que votre n\u0153ud papillon est unique en son genre et a \u00e9t\u00e9 produit avec un niveau de d\u00e9tail et de qualit\u00e9 in\u00e9gal\u00e9. Notre processus de fabrication d\u00e9coup\u00e9 au laser et grav\u00e9 au laser nous permet de cr\u00e9er des motifs pr\u00e9cis et des d\u00e9tails tr\u00e8s d\u00e9taill\u00e9s, faisant de chaque n\u0153ud papillon une \u0153uvre d&#039;art.<\/p>\n<p>En r\u00e9sum\u00e9, nos n\u0153uds papillon en bois faits \u00e0 la main sont le choix parfait pour ceux qui recherchent un compl\u00e9ment original et \u00e9cologique \u00e0 leur tenue. Avec la possibilit\u00e9 de personnaliser chaque n\u0153ud papillon selon vos souhaits et une qualit\u00e9 in\u00e9gal\u00e9e, un n\u0153ud papillon en bois est un cadeau parfait pour toute occasion.<\/p>\n<p><strong>Caract\u00e9ristiques:<\/strong><\/p>\n<ul>\n<li>Mat\u00e9riau : bois naturel<\/li>\n<li>Dimensions : 12 cm x 5 cm x 0,3 cm<\/li>\n<\/ul>","protected":false},"excerpt":{"rendered":"<p>Nos n\u0153uds papillon en bois faits \u00e0 la main avec d\u00e9coupe et gravure au laser sont le compl\u00e9ment parfait \u00e0 n&#039;importe quelle tenue.<\/p>\n<p>Personnalisables au niveau du design et des couleurs de lasure du bois, elles sont un choix unique et \u00e9cologique.<\/p>\n<p>Nous utilisons des produits \u00e9cologiques pour vernir et prot\u00e9ger la surface, garantissant une longue dur\u00e9e de vie.<\/p>\n<p>Nous n&#039;avons pas de stock, chaque noeud papillon est fait \u00e0 la main sur commande, ce qui garantit une qualit\u00e9 in\u00e9gal\u00e9e.<\/p>\n<p>Faites ressortir votre tenue avec un n\u0153ud papillon en bois !<\/p>","protected":false},"featured_media":5426,"template":"","meta":{"_seopress_robots_primary_cat":"60","_seopress_titles_title":"Pajarita de madera: original, ecol\u00f3gica y personalizable","_seopress_titles_desc":"Destaca con nuestras pajaritas de madera \u00fanicas, ecol\u00f3gicas y personalizadas. Hechas a mano usando grabado l\u00e1ser para un estilo inigualable.","_seopress_robots_index":"","_seopress_analysis_target_kw":"","site-sidebar-layout":"default","site-content-layout":"","ast-site-content-layout":"default","site-content-style":"default","site-sidebar-style":"default","ast-global-header-display":"","ast-banner-title-visibility":"","ast-main-header-display":"","ast-hfb-above-header-display":"","ast-hfb-below-header-display":"","ast-hfb-mobile-header-display":"","site-post-title":"","ast-breadcrumbs-content":"","ast-featured-img":"","footer-sml-layout":"","ast-disable-related-posts":"","theme-transparent-header-meta":"default","adv-header-id-meta":"","stick-header-meta":"disabled","header-above-stick-meta":"","header-main-stick-meta":"on","header-below-stick-meta":"","astra-migrate-meta-layouts":"set","ast-page-background-enabled":"default","ast-page-background-meta":{"desktop":{"background-color":"","background-image":"","background-repeat":"repeat","background-position":"center center","background-size":"auto","background-attachment":"scroll","background-type":"","background-media":"","overlay-type":"","overlay-color":"","overlay-opacity":"","overlay-gradient":""},"tablet":{"background-color":"","background-image":"","background-repeat":"repeat","background-position":"center center","background-size":"auto","background-attachment":"scroll","background-type":"","background-media":"","overlay-type":"","overlay-color":"","overlay-opacity":"","overlay-gradient":""},"mobile":{"background-color":"","background-image":"","background-repeat":"repeat","background-position":"center center","background-size":"auto","background-attachment":"scroll","background-type":"","background-media":"","overlay-type":"","overlay-color":"","overlay-opacity":"","overlay-gradient":""}},"ast-content-background-meta":{"desktop":{"background-color":"var(--ast-global-color-5)","background-image":"","background-repeat":"repeat","background-position":"center center","background-size":"auto","background-attachment":"scroll","background-type":"","background-media":"","overlay-type":"","overlay-color":"","overlay-opacity":"","overlay-gradient":""},"tablet":{"background-color":"var(--ast-global-color-5)","background-image":"","background-repeat":"repeat","background-position":"center center","background-size":"auto","background-attachment":"scroll","background-type":"","background-media":"","overlay-type":"","overlay-color":"","overlay-opacity":"","overlay-gradient":""},"mobile":{"background-color":"var(--ast-global-color-5)","background-image":"","background-repeat":"repeat","background-position":"center center","background-size":"auto","background-attachment":"scroll","background-type":"","background-media":"","overlay-type":"","overlay-color":"","overlay-opacity":"","overlay-gradient":""}}},"product_brand":[],"product_cat":[60],"product_tag":[],"class_list":{"0":"post-5420","1":"product","2":"type-product","3":"status-publish","4":"has-post-thumbnail","6":"product_cat-moda","7":"desktop-align-center","8":"tablet-align-left","9":"mobile-align-center","10":"ast-product-gallery-layout-horizontal","11":"ast-magnify-disabled","12":"ast-product-tabs-layout-horizontal","13":"tm-no-options","15":"first","16":"instock","17":"sale","18":"taxable","19":"shipping-taxable","20":"purchasable","21":"product-type-simple"},"_links":{"self":[{"href":"https:\/\/kiemmi.com\/fr\/wp-json\/wp\/v2\/product\/5420","targetHints":{"allow":["GET"]}}],"collection":[{"href":"https:\/\/kiemmi.com\/fr\/wp-json\/wp\/v2\/product"}],"about":[{"href":"https:\/\/kiemmi.com\/fr\/wp-json\/wp\/v2\/types\/product"}],"version-history":[{"count":1,"href":"https:\/\/kiemmi.com\/fr\/wp-json\/wp\/v2\/product\/5420\/revisions"}],"predecessor-version":[{"id":68263,"href":"https:\/\/kiemmi.com\/fr\/wp-json\/wp\/v2\/product\/5420\/revisions\/68263"}],"wp:featuredmedia":[{"embeddable":true,"href":"https:\/\/kiemmi.com\/fr\/wp-json\/wp\/v2\/media\/5426"}],"wp:attachment":[{"href":"https:\/\/kiemmi.com\/fr\/wp-json\/wp\/v2\/media?parent=5420"}],"wp:term":[{"taxonomy":"product_brand","embeddable":true,"href":"https:\/\/kiemmi.com\/fr\/wp-json\/wp\/v2\/product_brand?post=5420"},{"taxonomy":"product_cat","embeddable":true,"href":"https:\/\/kiemmi.com\/fr\/wp-json\/wp\/v2\/product_cat?post=5420"},{"taxonomy":"product_tag","embeddable":true,"href":"https:\/\/kiemmi.com\/fr\/wp-json\/wp\/v2\/product_tag?post=5420"}],"curies":[{"name":"wp","href":"https:\/\/api.w.org\/{rel}","templated":true}]}}