{"id":5323,"date":"2023-10-10T09:09:35","date_gmt":"2023-10-10T09:09:35","guid":{"rendered":"https:\/\/kiemmi.com\/?post_type=product&#038;p=5323"},"modified":"2025-09-12T06:18:36","modified_gmt":"2025-09-12T06:18:36","slug":"ne-pas-deranger-le-panneau-de-porte-en-forme-de-chat","status":"publish","type":"product","link":"https:\/\/kiemmi.com\/fr\/shop\/decoracion-del-hogar\/letrero-colgante-para-puerta\/cartel-no-molestar-para-puerta-en-forma-de-gato\/","title":{"rendered":"Plaque de porte \u00ab Ne pas d\u00e9ranger \u00bb en forme de chat"},"content":{"rendered":"<p>Vous cherchez une fa\u00e7on unique de d\u00e9corer votre maison ou d\u2019offrir un cadeau sp\u00e9cial ? Notre plaque de porte en forme de chat est le choix parfait. Chaque pi\u00e8ce est fabriqu\u00e9e \u00e0 la main \u00e0 partir de bois naturel et grav\u00e9e au laser pour garantir une finition pr\u00e9cise.<\/p>\n<p><strong>Fonctionnalit\u00e9s en vedette\u00a0:<\/strong><\/p>\n<ul>\n<li>Personnalisation avec votre propre texte.<\/li>\n<li>Id\u00e9al pour d\u00e9corer les chambres de b\u00e9b\u00e9 et n&#039;importe quel espace.<\/li>\n<li>Cr\u00e9ez une atmosph\u00e8re attachante et accueillante.<\/li>\n<li>Parfait pour les amoureux des chats.<\/li>\n<li>Bois prot\u00e9g\u00e9 avec un vernis \u00e0 l&#039;eau pour une plus grande durabilit\u00e9.<\/li>\n<\/ul>\n<p>Ajoutez une touche de charme et de personnalit\u00e9 \u00e0 votre int\u00e9rieur avec notre plaque de porte chat. Qu&#039;il s&#039;agisse d&#039;accueillir un nouveau membre de la famille ou de montrer votre amour des f\u00e9lins, ce panneau est le choix parfait.<\/p>\n<p>Chacune de nos plaques est fabriqu\u00e9e avec amour et soin, vous garantissant ainsi une d\u00e9coration durable. Le vernis \u00e0 base d&#039;eau prot\u00e8ge le bois naturel et garantit que cette plaque restera longtemps un tr\u00e9sor dans votre maison.<\/p>\n<p>Personnalisez votre panneau avec le texte de votre choix pour qu&#039;il soit vraiment le v\u00f4tre. C&#039;est aussi un cadeau attentionn\u00e9 pour ceux qui aiment les chats et leur charme irr\u00e9sistible.<\/p>\n<p>N&#039;attendez plus pour donner une touche magique \u00e0 votre espace. Achetez d\u00e8s aujourd&#039;hui notre plaque de porte chat personnalis\u00e9e et cr\u00e9ez un environnement attachant que tout le monde adorera.<\/p>\n<p>Ajoutez cette charmante plaque \u00e0 votre panier d\u00e8s maintenant et apportez la beaut\u00e9 des chats dans votre maison.<\/p>\n<p><b>Caract\u00e9ristiques<\/b><strong>:<\/strong><\/p>\n<ul>\n<li>Mat\u00e9riau : Bois naturel (verni des deux c\u00f4t\u00e9s avec des produits \u00e9cologiques)<\/li>\n<li>Dimensions : 7,5 cm de largeur x 24,4 cm de hauteur x 0,3 cm d&#039;\u00e9paisseur<\/li>\n<\/ul>","protected":false},"excerpt":{"rendered":"<p>Fabriqu\u00e9e \u00e0 la main \u00e0 partir de bois naturel et grav\u00e9e au laser, notre plaque de porte en forme de chat est un ajout charmant \u00e0 n&#039;importe quelle maison. Ce produit permet la personnalisation, est id\u00e9al pour d\u00e9corer les chambres de b\u00e9b\u00e9 ou n&#039;importe quel espace, et cr\u00e9e une atmosph\u00e8re attachante. De plus, il est parfait pour les amoureux des chats et est prot\u00e9g\u00e9 avec un vernis \u00e0 base d&#039;eau pour assurer sa durabilit\u00e9. Ajoutez une touche de personnalit\u00e9 et de charme \u00e0 votre maison ou offrez cette plaque sp\u00e9ciale \u00e0 quelqu&#039;un qui aime les chats.<\/p>","protected":false},"featured_media":6732,"template":"","meta":{"_seopress_robots_primary_cat":"57","_seopress_titles_title":"%%title%% %%page%%","_seopress_titles_desc":"Cartel de puerta \"No molestar\" personalizado en forma de gato: decoraci\u00f3n \u00fanica para tu hogar o regalo especial. Hecho a mano en madera natural.","_seopress_robots_index":"","_seopress_analysis_target_kw":"","site-sidebar-layout":"default","site-content-layout":"","ast-site-content-layout":"default","site-content-style":"default","site-sidebar-style":"default","ast-global-header-display":"","ast-banner-title-visibility":"","ast-main-header-display":"","ast-hfb-above-header-display":"","ast-hfb-below-header-display":"","ast-hfb-mobile-header-display":"","site-post-title":"","ast-breadcrumbs-content":"","ast-featured-img":"","footer-sml-layout":"","ast-disable-related-posts":"","theme-transparent-header-meta":"default","adv-header-id-meta":"","stick-header-meta":"default","header-above-stick-meta":"","header-main-stick-meta":"","header-below-stick-meta":"","astra-migrate-meta-layouts":"set","ast-page-background-enabled":"default","ast-page-background-meta":{"desktop":{"background-color":"","background-image":"","background-repeat":"repeat","background-position":"center center","background-size":"auto","background-attachment":"scroll","background-type":"","background-media":"","overlay-type":"","overlay-color":"","overlay-opacity":"","overlay-gradient":""},"tablet":{"background-color":"","background-image":"","background-repeat":"repeat","background-position":"center center","background-size":"auto","background-attachment":"scroll","background-type":"","background-media":"","overlay-type":"","overlay-color":"","overlay-opacity":"","overlay-gradient":""},"mobile":{"background-color":"","background-image":"","background-repeat":"repeat","background-position":"center center","background-size":"auto","background-attachment":"scroll","background-type":"","background-media":"","overlay-type":"","overlay-color":"","overlay-opacity":"","overlay-gradient":""}},"ast-content-background-meta":{"desktop":{"background-color":"var(--ast-global-color-5)","background-image":"","background-repeat":"repeat","background-position":"center center","background-size":"auto","background-attachment":"scroll","background-type":"","background-media":"","overlay-type":"","overlay-color":"","overlay-opacity":"","overlay-gradient":""},"tablet":{"background-color":"var(--ast-global-color-5)","background-image":"","background-repeat":"repeat","background-position":"center center","background-size":"auto","background-attachment":"scroll","background-type":"","background-media":"","overlay-type":"","overlay-color":"","overlay-opacity":"","overlay-gradient":""},"mobile":{"background-color":"var(--ast-global-color-5)","background-image":"","background-repeat":"repeat","background-position":"center center","background-size":"auto","background-attachment":"scroll","background-type":"","background-media":"","overlay-type":"","overlay-color":"","overlay-opacity":"","overlay-gradient":""}}},"product_brand":[],"product_cat":[44,51,57,87],"product_tag":[],"class_list":{"0":"post-5323","1":"product","2":"type-product","3":"status-publish","4":"has-post-thumbnail","6":"product_cat-cartel-madera","7":"product_cat-decoracion-del-hogar","8":"product_cat-letrero-colgante-para-puerta","9":"product_cat-mascotas","10":"desktop-align-center","11":"tablet-align-left","12":"mobile-align-center","13":"ast-product-gallery-layout-horizontal","14":"ast-magnify-disabled","15":"ast-product-tabs-layout-horizontal","16":"tm-has-options","18":"first","19":"instock","20":"taxable","21":"shipping-taxable","22":"purchasable","23":"product-type-simple"},"_links":{"self":[{"href":"https:\/\/kiemmi.com\/fr\/wp-json\/wp\/v2\/product\/5323","targetHints":{"allow":["GET"]}}],"collection":[{"href":"https:\/\/kiemmi.com\/fr\/wp-json\/wp\/v2\/product"}],"about":[{"href":"https:\/\/kiemmi.com\/fr\/wp-json\/wp\/v2\/types\/product"}],"version-history":[{"count":0,"href":"https:\/\/kiemmi.com\/fr\/wp-json\/wp\/v2\/product\/5323\/revisions"}],"wp:featuredmedia":[{"embeddable":true,"href":"https:\/\/kiemmi.com\/fr\/wp-json\/wp\/v2\/media\/6732"}],"wp:attachment":[{"href":"https:\/\/kiemmi.com\/fr\/wp-json\/wp\/v2\/media?parent=5323"}],"wp:term":[{"taxonomy":"product_brand","embeddable":true,"href":"https:\/\/kiemmi.com\/fr\/wp-json\/wp\/v2\/product_brand?post=5323"},{"taxonomy":"product_cat","embeddable":true,"href":"https:\/\/kiemmi.com\/fr\/wp-json\/wp\/v2\/product_cat?post=5323"},{"taxonomy":"product_tag","embeddable":true,"href":"https:\/\/kiemmi.com\/fr\/wp-json\/wp\/v2\/product_tag?post=5323"}],"curies":[{"name":"wp","href":"https:\/\/api.w.org\/{rel}","templated":true}]}}