{"id":5316,"date":"2023-04-12T14:15:11","date_gmt":"2023-04-12T14:15:11","guid":{"rendered":"https:\/\/kiemmi.com\/?post_type=product&#038;p=5316"},"modified":"2025-12-09T11:26:37","modified_gmt":"2025-12-09T11:26:37","slug":"panneau-ne-pas-deranger-pour-les-portes-pour-les-gamers","status":"publish","type":"product","link":"https:\/\/kiemmi.com\/fr\/shop\/decoracion-del-hogar\/letrero-colgante-para-puerta\/cartel-no-molestar-para-puertas-para-gamers\/","title":{"rendered":"Panneau personnalis\u00e9 sp\u00e9cial \u00ab\u00a0Ne pas d\u00e9ranger\u00a0\u00bb pour les joueurs"},"content":{"rendered":"<p>Bienvenue dans le monde des gamers avec notre plaque de porte en bois faite sp\u00e9cialement pour vous ! Cette plaque de porte exclusive et personnalisable en forme de manette de console de jeu est l&#039;accessoire parfait pour les amateurs de jeux vid\u00e9o.<\/p>\n<p>Avec un design inspir\u00e9 des contr\u00f4leurs de jeu, ce panneau de porte ajoute non seulement une touche de style \u00e0 votre espace de jeu, mais remplit \u00e9galement une fonction pratique. En accrochant cette pancarte \u00e0 votre porte, vous enverrez un message clair et concis : ne d\u00e9rangez pas, les gamers sont immerg\u00e9s dans leur monde virtuel !<\/p>\n<p>Notre plaque de porte gamer est m\u00e9ticuleusement fabriqu\u00e9e \u00e0 la main avec une d\u00e9coupe laser pr\u00e9cise, garantissant une finition de haute qualit\u00e9 et des d\u00e9tails exceptionnels. Nous utilisons du bois provenant de for\u00eats europ\u00e9ennes durables, ce qui vous garantit non seulement de recevoir un produit exceptionnel, mais aussi de contribuer \u00e0 la pr\u00e9servation de l&#039;environnement.<\/p>\n<p>La meilleure partie de notre panneau de porte est que votre message est enti\u00e8rement personnalisable. Que vous souhaitiez diffuser \u00ab\u00a0En plein jeu, ne pas d\u00e9ranger\u00a0\u00bb ou \u00ab\u00a0Plong\u00e9 dans un monde de jeux vid\u00e9o, je reviens tout de suite\u00a0\u00bb, vous pouvez adapter le contenu \u00e0 votre style et \u00e0 vos pr\u00e9f\u00e9rences. Laissez libre cours \u00e0 votre cr\u00e9ativit\u00e9 et affichez votre passion pour les jeux vid\u00e9o gr\u00e2ce \u00e0 cet accessoire unique.<\/p>\n<p>Ne manquez pas votre chance de transformer votre espace de jeu en un v\u00e9ritable sanctuaire de joueurs avec notre panneau de porte en bois. Que ce soit pour votre chambre, votre bureau ou votre salle de jeux, cette affiche est un incontournable pour tout amateur de jeux vid\u00e9o et de jeux vid\u00e9o.<\/p>\n<p>Obtenez notre panneau de porte gamer et faites savoir \u00e0 tout le monde que vous \u00eates immerg\u00e9 dans le monde passionnant du jeu\u00a0!<\/p>\n<p><b>Caract\u00e9ristiques<\/b><strong>:<\/strong><\/p>\n<ul>\n<li>Couleur : Rouge (pour d&#039;autres couleurs, nous contacter)<\/li>\n<li>Mat\u00e9riau : Bois naturel, peint (sur la face sup\u00e9rieure) et verni (des deux c\u00f4t\u00e9s)<\/li>\n<li>Dimensions : 11,4 cm de large x 25,4 cm de haut x 0,3 cm d&#039;\u00e9paisseur<\/li>\n<\/ul>","protected":false},"excerpt":{"rendered":"<p>D\u00e9couvrez notre plaque de porte en bois exclusive en forme de manette de console vid\u00e9o pour gamers. Personnalisable et fait \u00e0 la main avec d\u00e9coupe au laser. Nous utilisons du bois provenant de for\u00eats europ\u00e9ennes durables. Envoyez un message clair : ne d\u00e9rangez pas, les gamers sont concentr\u00e9s. Le compl\u00e9ment parfait \u00e0 votre espace de jeu.<\/p>","protected":false},"featured_media":6752,"template":"","meta":{"_seopress_robots_primary_cat":"57","_seopress_titles_title":"%%title%% %%page%%","_seopress_titles_desc":"","_seopress_robots_index":"","_seopress_analysis_target_kw":"","site-sidebar-layout":"default","site-content-layout":"","ast-site-content-layout":"default","site-content-style":"default","site-sidebar-style":"default","ast-global-header-display":"","ast-banner-title-visibility":"","ast-main-header-display":"","ast-hfb-above-header-display":"","ast-hfb-below-header-display":"","ast-hfb-mobile-header-display":"","site-post-title":"","ast-breadcrumbs-content":"","ast-featured-img":"","footer-sml-layout":"","ast-disable-related-posts":"","theme-transparent-header-meta":"default","adv-header-id-meta":"","stick-header-meta":"default","header-above-stick-meta":"","header-main-stick-meta":"","header-below-stick-meta":"","astra-migrate-meta-layouts":"set","ast-page-background-enabled":"default","ast-page-background-meta":{"desktop":{"background-color":"","background-image":"","background-repeat":"repeat","background-position":"center center","background-size":"auto","background-attachment":"scroll","background-type":"","background-media":"","overlay-type":"","overlay-color":"","overlay-opacity":"","overlay-gradient":""},"tablet":{"background-color":"","background-image":"","background-repeat":"repeat","background-position":"center center","background-size":"auto","background-attachment":"scroll","background-type":"","background-media":"","overlay-type":"","overlay-color":"","overlay-opacity":"","overlay-gradient":""},"mobile":{"background-color":"","background-image":"","background-repeat":"repeat","background-position":"center center","background-size":"auto","background-attachment":"scroll","background-type":"","background-media":"","overlay-type":"","overlay-color":"","overlay-opacity":"","overlay-gradient":""}},"ast-content-background-meta":{"desktop":{"background-color":"var(--ast-global-color-5)","background-image":"","background-repeat":"repeat","background-position":"center center","background-size":"auto","background-attachment":"scroll","background-type":"","background-media":"","overlay-type":"","overlay-color":"","overlay-opacity":"","overlay-gradient":""},"tablet":{"background-color":"var(--ast-global-color-5)","background-image":"","background-repeat":"repeat","background-position":"center center","background-size":"auto","background-attachment":"scroll","background-type":"","background-media":"","overlay-type":"","overlay-color":"","overlay-opacity":"","overlay-gradient":""},"mobile":{"background-color":"var(--ast-global-color-5)","background-image":"","background-repeat":"repeat","background-position":"center center","background-size":"auto","background-attachment":"scroll","background-type":"","background-media":"","overlay-type":"","overlay-color":"","overlay-opacity":"","overlay-gradient":""}}},"product_brand":[],"product_cat":[44,51,57],"product_tag":[],"class_list":{"0":"post-5316","1":"product","2":"type-product","3":"status-publish","4":"has-post-thumbnail","6":"product_cat-cartel-madera","7":"product_cat-decoracion-del-hogar","8":"product_cat-letrero-colgante-para-puerta","9":"desktop-align-center","10":"tablet-align-left","11":"mobile-align-center","12":"ast-product-gallery-layout-horizontal","13":"ast-magnify-disabled","14":"ast-product-tabs-layout-horizontal","15":"tm-has-options","17":"first","18":"instock","19":"taxable","20":"shipping-taxable","21":"purchasable","22":"product-type-simple"},"_links":{"self":[{"href":"https:\/\/kiemmi.com\/fr\/wp-json\/wp\/v2\/product\/5316","targetHints":{"allow":["GET"]}}],"collection":[{"href":"https:\/\/kiemmi.com\/fr\/wp-json\/wp\/v2\/product"}],"about":[{"href":"https:\/\/kiemmi.com\/fr\/wp-json\/wp\/v2\/types\/product"}],"version-history":[{"count":0,"href":"https:\/\/kiemmi.com\/fr\/wp-json\/wp\/v2\/product\/5316\/revisions"}],"wp:featuredmedia":[{"embeddable":true,"href":"https:\/\/kiemmi.com\/fr\/wp-json\/wp\/v2\/media\/6752"}],"wp:attachment":[{"href":"https:\/\/kiemmi.com\/fr\/wp-json\/wp\/v2\/media?parent=5316"}],"wp:term":[{"taxonomy":"product_brand","embeddable":true,"href":"https:\/\/kiemmi.com\/fr\/wp-json\/wp\/v2\/product_brand?post=5316"},{"taxonomy":"product_cat","embeddable":true,"href":"https:\/\/kiemmi.com\/fr\/wp-json\/wp\/v2\/product_cat?post=5316"},{"taxonomy":"product_tag","embeddable":true,"href":"https:\/\/kiemmi.com\/fr\/wp-json\/wp\/v2\/product_tag?post=5316"}],"curies":[{"name":"wp","href":"https:\/\/api.w.org\/{rel}","templated":true}]}}