{"id":5222,"date":"2023-02-28T16:14:44","date_gmt":"2023-02-28T16:14:44","guid":{"rendered":"https:\/\/kiemmi.com\/?post_type=product&#038;p=5222"},"modified":"2026-01-14T14:50:30","modified_gmt":"2026-01-14T14:50:30","slug":"ouvre-clef-aimant-ouvre-clef-en-bambou-personnalise-pour-frigo","status":"publish","type":"product","link":"https:\/\/kiemmi.com\/fr\/shop\/detalles-para-bodas-y-eventos\/abretolla-de-bambu-personalizado-abridor-de-iman-para-nevera\/","title":{"rendered":"Ouvre-bouteille en bambou personnalis\u00e9 - Ouvre-aimant de r\u00e9frig\u00e9rateur"},"content":{"rendered":"<p>Ouvre-bouteille magn\u00e9tique en bambou pour r\u00e9frig\u00e9rateur.<\/p>\n<p>Vous pouvez le personnaliser enti\u00e8rement \u00e0 votre guise avec notre concepteur en ligne.<\/p>\n<p>Ce d\u00e9capsuleur en bambou pour r\u00e9frig\u00e9rateur est le cadeau id\u00e9al et pratique pour vos invit\u00e9s de mariage.<\/p>\n<p>Cependant, vous pouvez l&#039;utiliser \u00e0 tout autre moment.<\/p>\n<p>Vous pouvez cr\u00e9er le design que vous souhaitez depuis notre page, vous aurez un porte-cl\u00e9s original et totalement exclusif.<\/p>\n<p>Id\u00e9al si vous souhaitez faire un cadeau original d&#039;un porte-cl\u00e9s personnalis\u00e9 \u00e0 votre go\u00fbt \u00e0 un ami, un proche ou pour un \u00e9v\u00e9nement particulier.<\/p>\n<p><em><strong>Caract\u00e9ristiques:<\/strong><\/em><\/p>\n<ul>\n<li>Diam\u00e8tre : 6cm<\/li>\n<li>Hauteur : 1cm<\/li>\n<li>Mat\u00e9riel: Bambou<\/li>\n<\/ul>\n<p><img decoding=\"async\" class=\"alignnone wp-image-5230 size-medium\" src=\"https:\/\/kiemmi.com\/wp-content\/uploads\/2023\/02\/abrebotella_bambu_dimensiones_kiemmi-300x300.png\" alt=\"d\u00e9capsuleur personnalis\u00e9 en bambou\" width=\"300\" height=\"300\" srcset=\"https:\/\/kiemmi.com\/wp-content\/uploads\/2023\/02\/abrebotella_bambu_dimensiones_kiemmi-300x300.png 300w, https:\/\/kiemmi.com\/wp-content\/uploads\/2023\/02\/abrebotella_bambu_dimensiones_kiemmi-100x100.png 100w, https:\/\/kiemmi.com\/wp-content\/uploads\/2023\/02\/abrebotella_bambu_dimensiones_kiemmi-600x600.png 600w, https:\/\/kiemmi.com\/wp-content\/uploads\/2023\/02\/abrebotella_bambu_dimensiones_kiemmi-64x64.png 64w, https:\/\/kiemmi.com\/wp-content\/uploads\/2023\/02\/abrebotella_bambu_dimensiones_kiemmi-1024x1024.png 1024w, https:\/\/kiemmi.com\/wp-content\/uploads\/2023\/02\/abrebotella_bambu_dimensiones_kiemmi-150x150.png 150w, https:\/\/kiemmi.com\/wp-content\/uploads\/2023\/02\/abrebotella_bambu_dimensiones_kiemmi-768x768.png 768w, https:\/\/kiemmi.com\/wp-content\/uploads\/2023\/02\/abrebotella_bambu_dimensiones_kiemmi-12x12.png 12w, https:\/\/kiemmi.com\/wp-content\/uploads\/2023\/02\/abrebotella_bambu_dimensiones_kiemmi-500x500.png 500w, https:\/\/kiemmi.com\/wp-content\/uploads\/2023\/02\/abrebotella_bambu_dimensiones_kiemmi.png 1500w\" sizes=\"(max-width: 300px) 100vw, 300px\" \/><\/p>","protected":false},"excerpt":{"rendered":"<p>Ouvre-bouteille magn\u00e9tique en bambou pour r\u00e9frig\u00e9rateur.<\/p>\n<p>Vous pouvez le personnaliser enti\u00e8rement \u00e0 votre guise avec notre concepteur en ligne.<\/p>\n<p>Ce d\u00e9capsuleur en bambou pour r\u00e9frig\u00e9rateur est le cadeau id\u00e9al et pratique pour vos invit\u00e9s de mariage.<\/p>\n<p>Cependant, vous pouvez l&#039;utiliser \u00e0 tout autre moment.<\/p>\n<p>Vous pouvez cr\u00e9er le design que vous souhaitez depuis notre page, vous aurez un porte-cl\u00e9s original et totalement exclusif.<\/p>\n<p>Id\u00e9al si vous souhaitez faire un cadeau original d&#039;un porte-cl\u00e9s personnalis\u00e9 \u00e0 votre go\u00fbt \u00e0 un ami, un proche ou pour un \u00e9v\u00e9nement particulier.<\/p>","protected":false},"featured_media":5223,"template":"","meta":{"_seopress_robots_primary_cat":"45","_seopress_titles_title":"%%title%% %%page%%","_seopress_titles_desc":"Llaveros de madera cortados y grabados con laser. Dis\u00e9\u00f1alo tu mismo desde nuestra p\u00e1gina. Ideal se quieres hacer una regalo original.","_seopress_robots_index":"","_seopress_analysis_target_kw":"","site-sidebar-layout":"default","site-content-layout":"","ast-site-content-layout":"default","site-content-style":"default","site-sidebar-style":"default","ast-global-header-display":"","ast-banner-title-visibility":"","ast-main-header-display":"","ast-hfb-above-header-display":"","ast-hfb-below-header-display":"","ast-hfb-mobile-header-display":"","site-post-title":"","ast-breadcrumbs-content":"","ast-featured-img":"","footer-sml-layout":"","ast-disable-related-posts":"","theme-transparent-header-meta":"","adv-header-id-meta":"","stick-header-meta":"","header-above-stick-meta":"","header-main-stick-meta":"","header-below-stick-meta":"","astra-migrate-meta-layouts":"default","ast-page-background-enabled":"default","ast-page-background-meta":{"desktop":{"background-color":"","background-image":"","background-repeat":"repeat","background-position":"center center","background-size":"auto","background-attachment":"scroll","background-type":"","background-media":"","overlay-type":"","overlay-color":"","overlay-opacity":"","overlay-gradient":""},"tablet":{"background-color":"","background-image":"","background-repeat":"repeat","background-position":"center center","background-size":"auto","background-attachment":"scroll","background-type":"","background-media":"","overlay-type":"","overlay-color":"","overlay-opacity":"","overlay-gradient":""},"mobile":{"background-color":"","background-image":"","background-repeat":"repeat","background-position":"center center","background-size":"auto","background-attachment":"scroll","background-type":"","background-media":"","overlay-type":"","overlay-color":"","overlay-opacity":"","overlay-gradient":""}},"ast-content-background-meta":{"desktop":{"background-color":"var(--ast-global-color-5)","background-image":"","background-repeat":"repeat","background-position":"center center","background-size":"auto","background-attachment":"scroll","background-type":"","background-media":"","overlay-type":"","overlay-color":"","overlay-opacity":"","overlay-gradient":""},"tablet":{"background-color":"var(--ast-global-color-5)","background-image":"","background-repeat":"repeat","background-position":"center center","background-size":"auto","background-attachment":"scroll","background-type":"","background-media":"","overlay-type":"","overlay-color":"","overlay-opacity":"","overlay-gradient":""},"mobile":{"background-color":"var(--ast-global-color-5)","background-image":"","background-repeat":"repeat","background-position":"center center","background-size":"auto","background-attachment":"scroll","background-type":"","background-media":"","overlay-type":"","overlay-color":"","overlay-opacity":"","overlay-gradient":""}}},"product_brand":[],"product_cat":[45,49],"product_tag":[],"class_list":{"0":"post-5222","1":"product","2":"type-product","3":"status-publish","4":"has-post-thumbnail","6":"product_cat-detalles-para-bodas-y-eventos","7":"product_cat-regalos-originales","8":"desktop-align-center","9":"tablet-align-left","10":"mobile-align-center","11":"ast-product-gallery-layout-horizontal","12":"ast-magnify-disabled","13":"ast-product-tabs-layout-horizontal","14":"tm-no-options","16":"first","17":"instock","18":"taxable","19":"shipping-taxable","20":"purchasable","21":"product-type-simple"},"_links":{"self":[{"href":"https:\/\/kiemmi.com\/fr\/wp-json\/wp\/v2\/product\/5222","targetHints":{"allow":["GET"]}}],"collection":[{"href":"https:\/\/kiemmi.com\/fr\/wp-json\/wp\/v2\/product"}],"about":[{"href":"https:\/\/kiemmi.com\/fr\/wp-json\/wp\/v2\/types\/product"}],"version-history":[{"count":0,"href":"https:\/\/kiemmi.com\/fr\/wp-json\/wp\/v2\/product\/5222\/revisions"}],"wp:featuredmedia":[{"embeddable":true,"href":"https:\/\/kiemmi.com\/fr\/wp-json\/wp\/v2\/media\/5223"}],"wp:attachment":[{"href":"https:\/\/kiemmi.com\/fr\/wp-json\/wp\/v2\/media?parent=5222"}],"wp:term":[{"taxonomy":"product_brand","embeddable":true,"href":"https:\/\/kiemmi.com\/fr\/wp-json\/wp\/v2\/product_brand?post=5222"},{"taxonomy":"product_cat","embeddable":true,"href":"https:\/\/kiemmi.com\/fr\/wp-json\/wp\/v2\/product_cat?post=5222"},{"taxonomy":"product_tag","embeddable":true,"href":"https:\/\/kiemmi.com\/fr\/wp-json\/wp\/v2\/product_tag?post=5222"}],"curies":[{"name":"wp","href":"https:\/\/api.w.org\/{rel}","templated":true}]}}