{"id":5213,"date":"2023-02-28T14:37:41","date_gmt":"2023-02-28T14:37:41","guid":{"rendered":"https:\/\/kiemmi.com\/?post_type=product&#038;p=5213"},"modified":"2023-10-07T20:35:47","modified_gmt":"2023-10-07T20:35:47","slug":"medaillon-en-bois-personnalise","status":"publish","type":"product","link":"https:\/\/kiemmi.com\/fr\/shop\/decoracion-del-hogar\/habitacion-de-bebe\/medallon-de-madera-personalizado\/","title":{"rendered":"M\u00e9daillon en bois personnalis\u00e9"},"content":{"rendered":"<p>Vous cherchez le moyen id\u00e9al pour donner \u00e0 la chambre de votre b\u00e9b\u00e9 une touche sp\u00e9ciale et personnelle ? Notre m\u00e9daillon en bois personnalis\u00e9 est le choix id\u00e9al. Ce charmant m\u00e9daillon, fabriqu\u00e9 avec pr\u00e9cision \u00e0 la main par d\u00e9coupe laser, deviendra un bijou unique qui marquera des moments privil\u00e9gi\u00e9s de la vie de votre famille.<\/p>\n<p><strong>Fonctionnalit\u00e9s\u00a0:<\/strong><\/p>\n<ul>\n<li><strong>Bois naturel de haute qualit\u00e9 :<\/strong> Chaque m\u00e9daillon est soigneusement fabriqu\u00e9 \u00e0 partir de bois naturel, garantissant une beaut\u00e9 rustique et authentique \u00e0 chaque pi\u00e8ce.<\/li>\n<li><strong>Personnalisation \u00e0 votre go\u00fbt :<\/strong> Gr\u00e2ce \u00e0 une technologie de gravure laser de haute pr\u00e9cision, vous pourrez personnaliser ce m\u00e9daillon avec le pr\u00e9nom de votre b\u00e9b\u00e9, de votre enfant ou de l&#039;\u00eatre cher que vous d\u00e9sirez. La premi\u00e8re lettre en relief, soit en bois naturel, soit dans une couleur de votre choix, lui conf\u00e8re une touche distinctive et \u00e9l\u00e9gante.<\/li>\n<li><strong>Parfait pour la d\u00e9coration\u00a0:<\/strong> Ce m\u00e9daillon est la pi\u00e8ce parfaite pour la d\u00e9coration de la chambre de votre b\u00e9b\u00e9. Ajoute une touche de chaleur et de personnalit\u00e9 tout en cr\u00e9ant une atmosph\u00e8re cosy et unique.<\/li>\n<li><strong>Le cadeau parfait :<\/strong> Non seulement il est id\u00e9al pour votre propre maison, mais il constitue \u00e9galement un cadeau parfait pour les baby showers ou toute autre occasion sp\u00e9ciale. Surprenez vos proches avec un cadeau qu&#039;ils ch\u00e9riront toute leur vie.<\/li>\n<li><strong>Fait avec amour:<\/strong> Chaque m\u00e9daillon est cr\u00e9\u00e9 avec amour et soin, et chaque d\u00e9tail est v\u00e9rifi\u00e9 pour garantir une qualit\u00e9 et une durabilit\u00e9 maximales.<\/li>\n<\/ul>\n<p>Transformez n&#039;importe quel espace en quelque chose de sp\u00e9cial avec notre m\u00e9daillon en bois personnalis\u00e9. Une touche d&#039;\u00e9l\u00e9gance et d&#039;amour qui perdurera au fil des ann\u00e9es dans la chambre de votre b\u00e9b\u00e9.<\/p>\n<p><strong>Dimensions:<\/strong><\/p>\n<ul>\n<li><strong>Diam\u00e8tre:<\/strong> 12cm.<\/li>\n<\/ul>","protected":false},"excerpt":{"rendered":"<p>D\u00e9couvrez notre M\u00e9daillon en Bois Personnalis\u00e9, un bijou r\u00e9alis\u00e9 \u00e0 la main avec d\u00e9coupe laser et bois naturel de haute qualit\u00e9. Personnalisez-le avec le nom de votre b\u00e9b\u00e9 ou de votre proche, avec la premi\u00e8re lettre en relief en bois naturel ou color\u00e9, cr\u00e9ant une touche distinctive et \u00e9l\u00e9gante. Ce m\u00e9daillon est parfait pour d\u00e9corer la chambre de votre b\u00e9b\u00e9 et faire un cadeau inoubliable lors d&#039;occasions sp\u00e9ciales. Chaque pi\u00e8ce est cr\u00e9\u00e9e avec soin et amour, garantissant qualit\u00e9 et durabilit\u00e9. Transformez votre espace avec cette touche unique et significative d\u00e8s aujourd&#039;hui.<\/p>\n<p><strong>Diam\u00e8tre:<\/strong> 12cm.<\/p>","protected":false},"featured_media":5214,"template":"","meta":{"_seopress_robots_primary_cat":"52","_seopress_titles_title":"Medallon de madera personalizable con el nombre de tus hijos","_seopress_titles_desc":"Medallon de madera personalizado con tu nombre o el nombre de tus hijos.Ideal para la decoraci\u00f3n de la habitaci\u00f3n.Producto hecho a mano en Espa\u00f1a.","_seopress_robots_index":"","_seopress_analysis_target_kw":"","site-sidebar-layout":"default","site-content-layout":"","ast-site-content-layout":"default","site-content-style":"default","site-sidebar-style":"default","ast-global-header-display":"","ast-banner-title-visibility":"","ast-main-header-display":"","ast-hfb-above-header-display":"","ast-hfb-below-header-display":"","ast-hfb-mobile-header-display":"","site-post-title":"","ast-breadcrumbs-content":"","ast-featured-img":"","footer-sml-layout":"","ast-disable-related-posts":"","theme-transparent-header-meta":"","adv-header-id-meta":"","stick-header-meta":"","header-above-stick-meta":"","header-main-stick-meta":"","header-below-stick-meta":"","astra-migrate-meta-layouts":"default","ast-page-background-enabled":"default","ast-page-background-meta":{"desktop":{"background-color":"","background-image":"","background-repeat":"repeat","background-position":"center center","background-size":"auto","background-attachment":"scroll","background-type":"","background-media":"","overlay-type":"","overlay-color":"","overlay-opacity":"","overlay-gradient":""},"tablet":{"background-color":"","background-image":"","background-repeat":"repeat","background-position":"center center","background-size":"auto","background-attachment":"scroll","background-type":"","background-media":"","overlay-type":"","overlay-color":"","overlay-opacity":"","overlay-gradient":""},"mobile":{"background-color":"","background-image":"","background-repeat":"repeat","background-position":"center center","background-size":"auto","background-attachment":"scroll","background-type":"","background-media":"","overlay-type":"","overlay-color":"","overlay-opacity":"","overlay-gradient":""}},"ast-content-background-meta":{"desktop":{"background-color":"var(--ast-global-color-5)","background-image":"","background-repeat":"repeat","background-position":"center center","background-size":"auto","background-attachment":"scroll","background-type":"","background-media":"","overlay-type":"","overlay-color":"","overlay-opacity":"","overlay-gradient":""},"tablet":{"background-color":"var(--ast-global-color-5)","background-image":"","background-repeat":"repeat","background-position":"center center","background-size":"auto","background-attachment":"scroll","background-type":"","background-media":"","overlay-type":"","overlay-color":"","overlay-opacity":"","overlay-gradient":""},"mobile":{"background-color":"var(--ast-global-color-5)","background-image":"","background-repeat":"repeat","background-position":"center center","background-size":"auto","background-attachment":"scroll","background-type":"","background-media":"","overlay-type":"","overlay-color":"","overlay-opacity":"","overlay-gradient":""}}},"product_brand":[],"product_cat":[51,52,49],"product_tag":[],"class_list":{"0":"post-5213","1":"product","2":"type-product","3":"status-publish","4":"has-post-thumbnail","6":"product_cat-decoracion-del-hogar","7":"product_cat-habitacion-de-bebe","8":"product_cat-regalos-originales","9":"desktop-align-center","10":"tablet-align-left","11":"mobile-align-center","12":"ast-product-gallery-layout-horizontal","13":"ast-magnify-disabled","14":"ast-product-tabs-layout-horizontal","15":"tm-has-options","17":"first","18":"instock","19":"taxable","20":"shipping-taxable","21":"purchasable","22":"product-type-simple"},"_links":{"self":[{"href":"https:\/\/kiemmi.com\/fr\/wp-json\/wp\/v2\/product\/5213","targetHints":{"allow":["GET"]}}],"collection":[{"href":"https:\/\/kiemmi.com\/fr\/wp-json\/wp\/v2\/product"}],"about":[{"href":"https:\/\/kiemmi.com\/fr\/wp-json\/wp\/v2\/types\/product"}],"version-history":[{"count":0,"href":"https:\/\/kiemmi.com\/fr\/wp-json\/wp\/v2\/product\/5213\/revisions"}],"wp:featuredmedia":[{"embeddable":true,"href":"https:\/\/kiemmi.com\/fr\/wp-json\/wp\/v2\/media\/5214"}],"wp:attachment":[{"href":"https:\/\/kiemmi.com\/fr\/wp-json\/wp\/v2\/media?parent=5213"}],"wp:term":[{"taxonomy":"product_brand","embeddable":true,"href":"https:\/\/kiemmi.com\/fr\/wp-json\/wp\/v2\/product_brand?post=5213"},{"taxonomy":"product_cat","embeddable":true,"href":"https:\/\/kiemmi.com\/fr\/wp-json\/wp\/v2\/product_cat?post=5213"},{"taxonomy":"product_tag","embeddable":true,"href":"https:\/\/kiemmi.com\/fr\/wp-json\/wp\/v2\/product_tag?post=5213"}],"curies":[{"name":"wp","href":"https:\/\/api.w.org\/{rel}","templated":true}]}}