{"id":5175,"date":"2023-01-19T14:44:15","date_gmt":"2023-01-19T14:44:15","guid":{"rendered":"https:\/\/kiemmi.com\/?post_type=product&#038;p=5175"},"modified":"2025-09-11T08:00:56","modified_gmt":"2025-09-11T08:00:56","slug":"porte-stylo-et-support-mobile-en-forme-de-chat-en-bois","status":"publish","type":"product","link":"https:\/\/kiemmi.com\/fr\/shop\/soportes-para-moviles\/portaboligrafos-y-soporte-movil-en-forma-de-gato-de-madera\/","title":{"rendered":"Porte-stylo et support mobile en forme de chat en bois"},"content":{"rendered":"<p>D\u00e9couvrez le pot \u00e0 crayons en bois en forme de chat, un authentique bijou fait main qui ravira les amoureux des f\u00e9lins ! M\u00e9ticuleusement d\u00e9coup\u00e9 au laser, cet accessoire \u00e9tonnant allie fonctionnalit\u00e9 et style d&#039;une mani\u00e8re unique.<\/p>\n<p>Chaque porte-stylo a \u00e9t\u00e9 minutieusement fabriqu\u00e9 \u00e0 la main, garantissant une qualit\u00e9 exceptionnelle dans les moindres d\u00e9tails. Le design en forme de chat capture l&#039;essence et l&#039;\u00e9l\u00e9gance de ces adorables animaux, ce qui en fait un incontournable pour les amoureux des chats.<\/p>\n<p>Mais ce n&#039;est pas tout, ce porte-stylo polyvalent peut \u00e9galement servir de support pratique pour votre t\u00e9l\u00e9phone portable. Placez votre appareil dans la fente sp\u00e9cialement con\u00e7ue et profitez d&#039;un visionnage confortable et s\u00e9curis\u00e9 pendant que vous travaillez, \u00e9tudiez ou d\u00e9tendez-vous.<\/p>\n<p>Nous appr\u00e9cions le respect de l&#039;environnement, c&#039;est pourquoi ce porte-stylo est fabriqu\u00e9 \u00e0 partir de bois issu de for\u00eats europ\u00e9ennes durables. Non seulement vous ferez l&#039;acquisition d&#039;un objet fonctionnel et beau, mais vous contribuerez \u00e9galement \u00e0 la pr\u00e9servation de nos pr\u00e9cieuses ressources naturelles.<\/p>\n<p>Que vous soyez un fan de chats ou que vous recherchiez le cadeau parfait pour un amoureux des f\u00e9lins, ce porte-stylo en bois en forme de chat est le choix parfait. Ajoutez une touche charmante et pratique \u00e0 votre espace de travail ou offrez-le \u00e0 cette personne sp\u00e9ciale qui ne peut pas r\u00e9sister \u00e0 la gentillesse f\u00e9line.<\/p>\n<p>Ne manquez pas cette occasion! Procurez-vous d\u00e8s maintenant le porte-stylo en bois en forme de chat et rejoignez la communaut\u00e9 des amoureux des chats qui appr\u00e9cient d\u00e9j\u00e0 ce merveilleux produit.<\/p>\n<p><strong>Dimensions:<\/strong><\/p>\n<ul>\n<li>Largeur : 10cm<\/li>\n<li>Profondeur : 5,5 cm<\/li>\n<li>Hauteur : 11cm<\/li>\n<li>\u00c9paisseur du bois : 3 mm<\/li>\n<\/ul>","protected":false},"excerpt":{"rendered":"<p>D\u00e9couvrez le porte-stylo en bois en forme de chat, un bijou artisanal r\u00e9alis\u00e9 \u00e0 la main avec d\u00e9coupe laser. Il fonctionne comme un support mobile et provient de for\u00eats europ\u00e9ennes durables. Parfait pour les amoureux des chats et les amoureux des f\u00e9lins. Ajoutez du charme et de la praticit\u00e9 \u00e0 votre espace de travail. Ne manquez pas cette occasion d&#039;acqu\u00e9rir ce merveilleux produit !<\/p>","protected":false},"featured_media":5176,"template":"","meta":{"_seopress_robots_primary_cat":"34","_seopress_titles_title":"%%title%% %%page%%","_seopress_titles_desc":"","_seopress_robots_index":"","_seopress_analysis_target_kw":"","site-sidebar-layout":"default","site-content-layout":"","ast-site-content-layout":"default","site-content-style":"default","site-sidebar-style":"default","ast-global-header-display":"","ast-banner-title-visibility":"","ast-main-header-display":"","ast-hfb-above-header-display":"","ast-hfb-below-header-display":"","ast-hfb-mobile-header-display":"","site-post-title":"","ast-breadcrumbs-content":"","ast-featured-img":"","footer-sml-layout":"","ast-disable-related-posts":"","theme-transparent-header-meta":"","adv-header-id-meta":"","stick-header-meta":"","header-above-stick-meta":"","header-main-stick-meta":"","header-below-stick-meta":"","astra-migrate-meta-layouts":"default","ast-page-background-enabled":"default","ast-page-background-meta":{"desktop":{"background-color":"","background-image":"","background-repeat":"repeat","background-position":"center center","background-size":"auto","background-attachment":"scroll","background-type":"","background-media":"","overlay-type":"","overlay-color":"","overlay-opacity":"","overlay-gradient":""},"tablet":{"background-color":"","background-image":"","background-repeat":"repeat","background-position":"center center","background-size":"auto","background-attachment":"scroll","background-type":"","background-media":"","overlay-type":"","overlay-color":"","overlay-opacity":"","overlay-gradient":""},"mobile":{"background-color":"","background-image":"","background-repeat":"repeat","background-position":"center center","background-size":"auto","background-attachment":"scroll","background-type":"","background-media":"","overlay-type":"","overlay-color":"","overlay-opacity":"","overlay-gradient":""}},"ast-content-background-meta":{"desktop":{"background-color":"var(--ast-global-color-5)","background-image":"","background-repeat":"repeat","background-position":"center center","background-size":"auto","background-attachment":"scroll","background-type":"","background-media":"","overlay-type":"","overlay-color":"","overlay-opacity":"","overlay-gradient":""},"tablet":{"background-color":"var(--ast-global-color-5)","background-image":"","background-repeat":"repeat","background-position":"center center","background-size":"auto","background-attachment":"scroll","background-type":"","background-media":"","overlay-type":"","overlay-color":"","overlay-opacity":"","overlay-gradient":""},"mobile":{"background-color":"var(--ast-global-color-5)","background-image":"","background-repeat":"repeat","background-position":"center center","background-size":"auto","background-attachment":"scroll","background-type":"","background-media":"","overlay-type":"","overlay-color":"","overlay-opacity":"","overlay-gradient":""}}},"product_brand":[],"product_cat":[87,49,34],"product_tag":[],"class_list":{"0":"post-5175","1":"product","2":"type-product","3":"status-publish","4":"has-post-thumbnail","6":"product_cat-mascotas","7":"product_cat-regalos-originales","8":"product_cat-soportes-para-moviles","9":"desktop-align-center","10":"tablet-align-left","11":"mobile-align-center","12":"ast-product-gallery-layout-horizontal","13":"ast-magnify-disabled","14":"ast-product-tabs-layout-horizontal","15":"tm-no-options","17":"first","18":"instock","19":"taxable","20":"shipping-taxable","21":"purchasable","22":"product-type-simple"},"_links":{"self":[{"href":"https:\/\/kiemmi.com\/fr\/wp-json\/wp\/v2\/product\/5175","targetHints":{"allow":["GET"]}}],"collection":[{"href":"https:\/\/kiemmi.com\/fr\/wp-json\/wp\/v2\/product"}],"about":[{"href":"https:\/\/kiemmi.com\/fr\/wp-json\/wp\/v2\/types\/product"}],"version-history":[{"count":0,"href":"https:\/\/kiemmi.com\/fr\/wp-json\/wp\/v2\/product\/5175\/revisions"}],"wp:featuredmedia":[{"embeddable":true,"href":"https:\/\/kiemmi.com\/fr\/wp-json\/wp\/v2\/media\/5176"}],"wp:attachment":[{"href":"https:\/\/kiemmi.com\/fr\/wp-json\/wp\/v2\/media?parent=5175"}],"wp:term":[{"taxonomy":"product_brand","embeddable":true,"href":"https:\/\/kiemmi.com\/fr\/wp-json\/wp\/v2\/product_brand?post=5175"},{"taxonomy":"product_cat","embeddable":true,"href":"https:\/\/kiemmi.com\/fr\/wp-json\/wp\/v2\/product_cat?post=5175"},{"taxonomy":"product_tag","embeddable":true,"href":"https:\/\/kiemmi.com\/fr\/wp-json\/wp\/v2\/product_tag?post=5175"}],"curies":[{"name":"wp","href":"https:\/\/api.w.org\/{rel}","templated":true}]}}