{"id":4995,"date":"2022-11-10T07:35:58","date_gmt":"2022-11-10T07:35:58","guid":{"rendered":"https:\/\/kiemmi.com\/?post_type=product&#038;p=4995"},"modified":"2026-01-19T21:26:26","modified_gmt":"2026-01-19T21:26:26","slug":"calendrier-en-bois-3d-en-forme-de-dodecaedre-personnalisable","status":"publish","type":"product","link":"https:\/\/kiemmi.com\/fr\/shop\/decoracion-del-hogar\/calendario-3d-de-madera-en-forma-de-dodecaedro-personalizable\/","title":{"rendered":"Calendrier 3D en bois en forme de dod\u00e9ca\u00e8dre personnalisable | Calendrier 2025"},"content":{"rendered":"<p>Vous recherchez une pi\u00e8ce de d\u00e9coration unique qui allie \u00e9l\u00e9gance et durabilit\u00e9 ? Notre calendrier dod\u00e9ca\u00e8dre en bois 3D est une \u0153uvre d\u2019art d\u00e9coup\u00e9e au laser \u00e0 la main qui impressionnera vos invit\u00e9s et \u00e9gayera votre espace. Chaque pi\u00e8ce est une d\u00e9monstration d\u2019un savoir-faire exceptionnel et peut \u00eatre personnalis\u00e9e pour s\u2019adapter parfaitement \u00e0 votre style.<\/p>\n<p><strong>Fonctionnalit\u00e9s en vedette\u00a0:<\/strong><\/p>\n<ul>\n<li><strong>Conception g\u00e9om\u00e9trique exceptionnelle\u00a0:<\/strong> Notre calendrier 3D prend la forme d&#039;un dod\u00e9ca\u00e8dre, un poly\u00e8dre \u00e0 12 faces, qui apporte une esth\u00e9tique unique \u00e0 votre maison ou bureau.<\/li>\n<li><strong>Fait \u00e0 la main avec une d\u00e9coupe laser pr\u00e9cise\u00a0:<\/strong> Chaque calendrier est soigneusement d\u00e9coup\u00e9 au laser pour une pr\u00e9cision extr\u00eame dans les moindres d\u00e9tails.<\/li>\n<li><strong>Personnalisation \u00e0 votre go\u00fbt :<\/strong> Voulez-vous que votre nom, une date sp\u00e9ciale ou un message inspirant soit grav\u00e9 sur le calendrier ? Nous pouvons y arriver\u00a0!<\/li>\n<li><strong>\u00c9cologique et durable\u00a0:<\/strong> Nous utilisons des vernis \u00e0 base d&#039;eau respectueux de l&#039;environnement pour prot\u00e9ger le bois et assurer la durabilit\u00e9 du produit.<\/li>\n<li><strong>Id\u00e9al comme Cadeau Original :<\/strong> Que ce soit pour un anniversaire, une f\u00eate ou toute autre occasion sp\u00e9ciale, ce calendrier est un cadeau unique qui sera appr\u00e9ci\u00e9 et rappel\u00e9.<\/li>\n<li><strong>Dimensions:<\/strong> Diam\u00e8tre 14cm.<\/li>\n<\/ul>\n<p>Ce calendrier en bois dod\u00e9ca\u00e8dre 3D est bien plus qu\u2019un simple outil pour suivre le temps ; C&#039;est une d\u00e9claration de style et d&#039;engagement envers la nature. Ajoutez une touche de classe \u00e0 votre espace avec cette pi\u00e8ce de d\u00e9coration unique et personnalisable.<\/p>\n<p>Achetez le v\u00f4tre d\u00e8s aujourd&#039;hui et transformez votre environnement en un chef-d&#039;\u0153uvre d&#039;\u00e9co-conception\u00a0!<\/p>","protected":false},"excerpt":{"rendered":"<p>Notre Calendrier 3D en Bois en forme de Dod\u00e9ca\u00e8dre est une pi\u00e8ce de d\u00e9coration unique et durable. Fabriqu\u00e9 \u00e0 la main avec une d\u00e9coupe laser de pr\u00e9cision, son design g\u00e9om\u00e9trique exceptionnel apporte de la distinction \u00e0 n&#039;importe quel espace. Vous pouvez le personnaliser avec des gravures sp\u00e9ciales et nous utilisons des vernis respectueux de l&#039;environnement. Il est id\u00e9al comme cadeau original pour des occasions sp\u00e9ciales. Transformez votre environnement en un chef-d&#039;\u0153uvre d&#039;\u00e9co-conception en achetant le v\u00f4tre d\u00e8s aujourd&#039;hui.<\/p>","protected":false},"featured_media":10229,"template":"","meta":{"_seopress_robots_primary_cat":"51","_seopress_titles_title":"Calendario de Madera 3D: Elegancia y Sostenibilidad","_seopress_titles_desc":"Descubre un calendario 3D de madera en forma de dodecaedro, totalmente personalizable. A\u00f1ade estilo y originalidad a tu espacio con esta obra de arte \u00fanica.","_seopress_robots_index":"","_seopress_analysis_target_kw":"","site-sidebar-layout":"default","site-content-layout":"","ast-site-content-layout":"default","site-content-style":"default","site-sidebar-style":"default","ast-global-header-display":"","ast-banner-title-visibility":"","ast-main-header-display":"","ast-hfb-above-header-display":"","ast-hfb-below-header-display":"","ast-hfb-mobile-header-display":"","site-post-title":"","ast-breadcrumbs-content":"","ast-featured-img":"","footer-sml-layout":"","ast-disable-related-posts":"","theme-transparent-header-meta":"default","adv-header-id-meta":"","stick-header-meta":"default","header-above-stick-meta":"","header-main-stick-meta":"","header-below-stick-meta":"","astra-migrate-meta-layouts":"set","ast-page-background-enabled":"default","ast-page-background-meta":{"desktop":{"background-color":"","background-image":"","background-repeat":"repeat","background-position":"center center","background-size":"auto","background-attachment":"scroll","background-type":"","background-media":"","overlay-type":"","overlay-color":"","overlay-opacity":"","overlay-gradient":""},"tablet":{"background-color":"","background-image":"","background-repeat":"repeat","background-position":"center center","background-size":"auto","background-attachment":"scroll","background-type":"","background-media":"","overlay-type":"","overlay-color":"","overlay-opacity":"","overlay-gradient":""},"mobile":{"background-color":"","background-image":"","background-repeat":"repeat","background-position":"center center","background-size":"auto","background-attachment":"scroll","background-type":"","background-media":"","overlay-type":"","overlay-color":"","overlay-opacity":"","overlay-gradient":""}},"ast-content-background-meta":{"desktop":{"background-color":"var(--ast-global-color-5)","background-image":"","background-repeat":"repeat","background-position":"center center","background-size":"auto","background-attachment":"scroll","background-type":"","background-media":"","overlay-type":"","overlay-color":"","overlay-opacity":"","overlay-gradient":""},"tablet":{"background-color":"var(--ast-global-color-5)","background-image":"","background-repeat":"repeat","background-position":"center center","background-size":"auto","background-attachment":"scroll","background-type":"","background-media":"","overlay-type":"","overlay-color":"","overlay-opacity":"","overlay-gradient":""},"mobile":{"background-color":"var(--ast-global-color-5)","background-image":"","background-repeat":"repeat","background-position":"center center","background-size":"auto","background-attachment":"scroll","background-type":"","background-media":"","overlay-type":"","overlay-color":"","overlay-opacity":"","overlay-gradient":""}}},"product_brand":[],"product_cat":[51],"product_tag":[],"class_list":{"0":"post-4995","1":"product","2":"type-product","3":"status-publish","4":"has-post-thumbnail","6":"product_cat-decoracion-del-hogar","7":"desktop-align-center","8":"tablet-align-left","9":"mobile-align-center","10":"ast-product-gallery-layout-horizontal","11":"ast-magnify-disabled","12":"ast-product-tabs-layout-horizontal","13":"tm-has-options","15":"first","16":"instock","17":"sale","18":"taxable","19":"shipping-taxable","20":"purchasable","21":"product-type-simple"},"_links":{"self":[{"href":"https:\/\/kiemmi.com\/fr\/wp-json\/wp\/v2\/product\/4995","targetHints":{"allow":["GET"]}}],"collection":[{"href":"https:\/\/kiemmi.com\/fr\/wp-json\/wp\/v2\/product"}],"about":[{"href":"https:\/\/kiemmi.com\/fr\/wp-json\/wp\/v2\/types\/product"}],"version-history":[{"count":0,"href":"https:\/\/kiemmi.com\/fr\/wp-json\/wp\/v2\/product\/4995\/revisions"}],"wp:featuredmedia":[{"embeddable":true,"href":"https:\/\/kiemmi.com\/fr\/wp-json\/wp\/v2\/media\/10229"}],"wp:attachment":[{"href":"https:\/\/kiemmi.com\/fr\/wp-json\/wp\/v2\/media?parent=4995"}],"wp:term":[{"taxonomy":"product_brand","embeddable":true,"href":"https:\/\/kiemmi.com\/fr\/wp-json\/wp\/v2\/product_brand?post=4995"},{"taxonomy":"product_cat","embeddable":true,"href":"https:\/\/kiemmi.com\/fr\/wp-json\/wp\/v2\/product_cat?post=4995"},{"taxonomy":"product_tag","embeddable":true,"href":"https:\/\/kiemmi.com\/fr\/wp-json\/wp\/v2\/product_tag?post=4995"}],"curies":[{"name":"wp","href":"https:\/\/api.w.org\/{rel}","templated":true}]}}