{"id":4932,"date":"2022-10-23T08:12:17","date_gmt":"2022-10-23T08:12:17","guid":{"rendered":"https:\/\/kiemmi.com\/?post_type=product&#038;p=4932"},"modified":"2023-10-07T20:47:22","modified_gmt":"2023-10-07T20:47:22","slug":"globe-en-bois-avec-nom-personnalise-pour-la-decoration-de-la-chambre-de-bebe","status":"publish","type":"product","link":"https:\/\/kiemmi.com\/fr\/shop\/decoracion-del-hogar\/habitacion-de-bebe\/globo-de-madera-con-nombre-personalizado-para-decoracion-de-habitacion-de-tu-bebe\/","title":{"rendered":"Ballon en bois avec pr\u00e9nom personnalis\u00e9 pour la d\u00e9coration de la chambre de votre b\u00e9b\u00e9"},"content":{"rendered":"<p>Si vous recherchez une fa\u00e7on unique et sp\u00e9ciale d&#039;ajouter une touche de charme \u00e0 la chambre de votre b\u00e9b\u00e9 ou de surprendre un proche qui vient d&#039;accueillir un nouveau-n\u00e9, vous \u00eates au bon endroit. Nos ballons en bois naturel d\u00e9coup\u00e9s au laser sont le choix parfait pour ajouter une touche de gentillesse et de personnalit\u00e9 \u00e0 n&#039;importe quel espace.<\/p>\n<p>Qu&#039;est-ce qui rend nos ballons si sp\u00e9ciaux ? Tout d\u2019abord, chaque ballon est une \u0153uvre d\u2019art, fabriqu\u00e9e \u00e0 la main avec amour et soin. Nous utilisons du bois naturel de la plus haute qualit\u00e9 pour garantir une pi\u00e8ce durable et belle. Mais ce qui rend ces ballons vraiment uniques, c&#039;est la possibilit\u00e9 de les personnaliser avec le nom de votre b\u00e9b\u00e9 ou le nom de cette personne sp\u00e9ciale. C&#039;est une belle fa\u00e7on de rendre chaque ballon vraiment unique et significatif.<\/p>\n<p>Pour r\u00e9pondre \u00e0 vos pr\u00e9f\u00e9rences et besoins, nous proposons trois options de couleurs : bleu, rose ou bois naturel. Vous pouvez choisir le ton qui convient le mieux au style de la pi\u00e8ce ou au go\u00fbt de la personne \u00e0 qui vous l&#039;offrirez. De plus, nous proposons deux tailles de ballons diff\u00e9rentes : 25 cm ou 30 cm de haut, afin que vous puissiez trouver la taille parfaite pour la d\u00e9coration que vous aviez en t\u00eate.<\/p>\n<p>Nos ballons en bois personnalis\u00e9s sont plus que de simples objets de d\u00e9coration ; Ce sont des tr\u00e9sors qui raconteront une histoire et cr\u00e9eront des souvenirs inoubliables. Que vous souhaitiez embellir la chambre de votre b\u00e9b\u00e9 ou offrir un cadeau avec une touche personnelle lors d&#039;une occasion sp\u00e9ciale, nos ballons sont le choix parfait.<\/p>\n<p>Alors n&#039;attendez plus et ajoutez une touche de magie \u00e0 votre vie avec nos charmants ballons personnalis\u00e9s en bois naturel. Passez votre commande aujourd&#039;hui et cr\u00e9ez des moments inoubliables qui dureront pour toujours\u00a0!<\/p>\n<p><strong style=\"font-size: 1rem;\">Dimensions:<\/strong><\/p>\n<ul>\n<li><strong>Mod\u00e8le standard :<\/strong>\n<ul>\n<li><strong>Haut:<\/strong> 25cm<\/li>\n<li><strong>Largeur:<\/strong> Varie selon la longueur du nom<\/li>\n<li><strong>\u00c9paisseur:<\/strong> 8mm<\/li>\n<\/ul>\n<\/li>\n<li><strong>Grand Mod\u00e8le :<\/strong>\n<ul>\n<li><strong>Haut:<\/strong> 30cm<\/li>\n<li><strong>Largeur:<\/strong> Varie selon la longueur du nom<\/li>\n<li><strong>\u00c9paisseur:<\/strong> 8mm<\/li>\n<\/ul>\n<\/li>\n<\/ul>","protected":false},"excerpt":{"rendered":"<p>D\u00e9couvrez nos ballons personnalis\u00e9s en bois naturel, id\u00e9aux pour d\u00e9corer les chambres de b\u00e9b\u00e9 ou comme cadeaux sp\u00e9ciaux. Chaque ballon est fabriqu\u00e9 \u00e0 la main avec d\u00e9coupe au laser et peut \u00eatre personnalis\u00e9 avec le nom de votre b\u00e9b\u00e9 ou de votre proche. Nous vous proposons trois coloris (bleu, rose ou bois naturel) et deux tailles (25 cm ou 30 cm) selon vos pr\u00e9f\u00e9rences. Ces ballons sont des pi\u00e8ces uniques qui ajoutent du charme et du sens \u00e0 n&#039;importe quel espace. Commandez d\u00e8s aujourd&#039;hui et cr\u00e9ez des moments inoubliables avec nos ballons personnalis\u00e9s.<\/p>","protected":false},"featured_media":4933,"template":"","meta":{"_seopress_robots_primary_cat":"52","_seopress_titles_title":"Globo de madera con nombre personalizado para habitaci\u00f3n de ni\u00f1o","_seopress_titles_desc":"Globo decorativo hecho a mano de madera personalizado con el nombre de tu bebe. Ideal para la decoraci\u00f3n de la habitaci\u00f3n de tu bebe.","_seopress_robots_index":"","_seopress_analysis_target_kw":"","site-sidebar-layout":"default","site-content-layout":"","ast-site-content-layout":"default","site-content-style":"default","site-sidebar-style":"default","ast-global-header-display":"","ast-banner-title-visibility":"","ast-main-header-display":"","ast-hfb-above-header-display":"","ast-hfb-below-header-display":"","ast-hfb-mobile-header-display":"","site-post-title":"","ast-breadcrumbs-content":"","ast-featured-img":"","footer-sml-layout":"","ast-disable-related-posts":"","theme-transparent-header-meta":"","adv-header-id-meta":"","stick-header-meta":"","header-above-stick-meta":"","header-main-stick-meta":"","header-below-stick-meta":"","astra-migrate-meta-layouts":"default","ast-page-background-enabled":"default","ast-page-background-meta":{"desktop":{"background-color":"","background-image":"","background-repeat":"repeat","background-position":"center center","background-size":"auto","background-attachment":"scroll","background-type":"","background-media":"","overlay-type":"","overlay-color":"","overlay-opacity":"","overlay-gradient":""},"tablet":{"background-color":"","background-image":"","background-repeat":"repeat","background-position":"center center","background-size":"auto","background-attachment":"scroll","background-type":"","background-media":"","overlay-type":"","overlay-color":"","overlay-opacity":"","overlay-gradient":""},"mobile":{"background-color":"","background-image":"","background-repeat":"repeat","background-position":"center center","background-size":"auto","background-attachment":"scroll","background-type":"","background-media":"","overlay-type":"","overlay-color":"","overlay-opacity":"","overlay-gradient":""}},"ast-content-background-meta":{"desktop":{"background-color":"var(--ast-global-color-5)","background-image":"","background-repeat":"repeat","background-position":"center center","background-size":"auto","background-attachment":"scroll","background-type":"","background-media":"","overlay-type":"","overlay-color":"","overlay-opacity":"","overlay-gradient":""},"tablet":{"background-color":"var(--ast-global-color-5)","background-image":"","background-repeat":"repeat","background-position":"center center","background-size":"auto","background-attachment":"scroll","background-type":"","background-media":"","overlay-type":"","overlay-color":"","overlay-opacity":"","overlay-gradient":""},"mobile":{"background-color":"var(--ast-global-color-5)","background-image":"","background-repeat":"repeat","background-position":"center center","background-size":"auto","background-attachment":"scroll","background-type":"","background-media":"","overlay-type":"","overlay-color":"","overlay-opacity":"","overlay-gradient":""}}},"product_brand":[],"product_cat":[51,52],"product_tag":[],"class_list":{"0":"post-4932","1":"product","2":"type-product","3":"status-publish","4":"has-post-thumbnail","6":"product_cat-decoracion-del-hogar","7":"product_cat-habitacion-de-bebe","8":"desktop-align-center","9":"tablet-align-left","10":"mobile-align-center","11":"ast-product-gallery-layout-horizontal","12":"ast-magnify-disabled","13":"ast-product-tabs-layout-horizontal","14":"tm-has-options","16":"first","17":"instock","18":"taxable","19":"shipping-taxable","20":"purchasable","21":"product-type-simple"},"_links":{"self":[{"href":"https:\/\/kiemmi.com\/fr\/wp-json\/wp\/v2\/product\/4932","targetHints":{"allow":["GET"]}}],"collection":[{"href":"https:\/\/kiemmi.com\/fr\/wp-json\/wp\/v2\/product"}],"about":[{"href":"https:\/\/kiemmi.com\/fr\/wp-json\/wp\/v2\/types\/product"}],"version-history":[{"count":0,"href":"https:\/\/kiemmi.com\/fr\/wp-json\/wp\/v2\/product\/4932\/revisions"}],"wp:featuredmedia":[{"embeddable":true,"href":"https:\/\/kiemmi.com\/fr\/wp-json\/wp\/v2\/media\/4933"}],"wp:attachment":[{"href":"https:\/\/kiemmi.com\/fr\/wp-json\/wp\/v2\/media?parent=4932"}],"wp:term":[{"taxonomy":"product_brand","embeddable":true,"href":"https:\/\/kiemmi.com\/fr\/wp-json\/wp\/v2\/product_brand?post=4932"},{"taxonomy":"product_cat","embeddable":true,"href":"https:\/\/kiemmi.com\/fr\/wp-json\/wp\/v2\/product_cat?post=4932"},{"taxonomy":"product_tag","embeddable":true,"href":"https:\/\/kiemmi.com\/fr\/wp-json\/wp\/v2\/product_tag?post=4932"}],"curies":[{"name":"wp","href":"https:\/\/api.w.org\/{rel}","templated":true}]}}