{"id":4659,"date":"2022-09-16T08:55:17","date_gmt":"2022-09-16T08:55:17","guid":{"rendered":"https:\/\/kiemmi.com\/?post_type=product&#038;p=4659"},"modified":"2025-12-09T11:26:36","modified_gmt":"2025-12-09T11:26:36","slug":"papillons-en-bois-decoration-murale","status":"publish","type":"product","link":"https:\/\/kiemmi.com\/fr\/shop\/decoracion-del-hogar\/mariposas-de-madera-de-decoracion-mural-con-estilo-mimbre\/","title":{"rendered":"D\u00e9coration murale papillons en bois style osier"},"content":{"rendered":"<p>Transformez votre espace en un lieu charmant et \u00e9l\u00e9gant avec nos papillons en bois faits \u00e0 la main. Chaque pi\u00e8ce est unique, fabriqu\u00e9e avec pr\u00e9cision par d\u00e9coupe au laser pour un design d\u00e9taill\u00e9 qui \u00e9voque le charme vintage avec un motif en osier distinctif.<\/p>\n<p>Disponibles en trois mod\u00e8les diff\u00e9rents, chacun ayant ses propres dimensions, ces papillons s&#039;adaptent \u00e0 votre style et \u00e0 vos pr\u00e9f\u00e9rences de d\u00e9coration. D&#039;une petite taille d\u00e9licate \u00e0 une grande pi\u00e8ce \u00e9poustouflante, vous trouverez la combinaison parfaite pour rehausser votre fresque murale \u00e0 la maison.<\/p>\n<p>L&#039;artisanal et l&#039;\u00e9cologique se r\u00e9unissent dans ces pi\u00e8ces uniques : chaque papillon est soigneusement ponc\u00e9, teint et verni \u00e0 la main par des artisans experts. Nous utilisons exclusivement des produits \u00e0 base d&#039;eau et respectueux de l&#039;environnement, garantissant non seulement la beaut\u00e9 mais aussi la durabilit\u00e9 de ces merveilleuses pi\u00e8ces d\u00e9coratives.<\/p>\n<p>Notre engagement envers la qualit\u00e9 et la durabilit\u00e9 signifie que vous embellissez non seulement votre maison, mais que vous contribuez \u00e9galement \u00e0 prendre soin de la plan\u00e8te !<\/p>\n<p><strong>Fonctionnalit\u00e9s\u00a0:<\/strong><\/p>\n<ul>\n<li>Fabriqu\u00e9 \u00e0 la main avec du bois de haute qualit\u00e9.<\/li>\n<li>Design vintage avec un motif en osier unique.<\/li>\n<li>Diff\u00e9rentes tailles pour s&#039;adapter \u00e0 n&#039;importe quel espace.<\/li>\n<li>Trait\u00e9 avec des produits \u00e9cologiques \u00e0 base d&#039;eau pour une plus grande durabilit\u00e9.<\/li>\n<\/ul>\n<p>Ajoutez une touche de nostalgie et de distinction \u00e0 votre int\u00e9rieur avec nos papillons en bois. Procurez-vous le v\u00f4tre et laissez libre cours \u00e0 votre imagination !<\/p>\n<p><strong style=\"font-size: 1rem;\">Dimensions:<\/strong><\/p>\n<ul>\n<li><strong>Mod\u00e8le A\u00a0:<\/strong>\n<ul>\n<li><strong>Haut:<\/strong> dix&quot;<\/li>\n<li><strong>Largeur:<\/strong> 25cm<\/li>\n<\/ul>\n<\/li>\n<li><strong>Mod\u00e8le B\u00a0:<\/strong>\n<ul>\n<li><strong>Haut:<\/strong> 20cm<\/li>\n<li><strong>Largeur:<\/strong> 13,4 cm<\/li>\n<\/ul>\n<\/li>\n<li><strong>Mod\u00e8le C :<\/strong>\n<ul>\n<li><strong>Haut:<\/strong> 15cm<\/li>\n<li><strong>Largeur:<\/strong> 13,5 cm<\/li>\n<\/ul>\n<\/li>\n<\/ul>","protected":false},"excerpt":{"rendered":"<p>Transformez votre maison avec un charme vintage gr\u00e2ce \u00e0 nos papillons en bois fabriqu\u00e9s \u00e0 la main, r\u00e9alis\u00e9s avec d\u00e9coupe laser et motif en osier distinctif, disponibles en trois mod\u00e8les de tailles diff\u00e9rentes pour s&#039;adapter \u00e0 votre style de d\u00e9coration. Chaque pi\u00e8ce, soigneusement ponc\u00e9e, teinte et vernie \u00e0 la main avec des produits \u00e9cologiques \u00e0 base d&#039;eau, garantit non seulement beaut\u00e9, mais aussi durabilit\u00e9 et respect de l&#039;environnement. Ces papillons uniques ajoutent une touche de nostalgie et de distinction \u00e0 n&#039;importe quel espace mural de la maison, \u00e9tant une combinaison parfaite entre artisanat et durabilit\u00e9, utilisant du bois de haute qualit\u00e9 et des techniques respectueuses de la plan\u00e8te. Acqu\u00e9rez ces pi\u00e8ces exclusives et laissez libre cours \u00e0 votre imagination, en ajoutant un charme particulier et en contribuant \u00e0 la beaut\u00e9 et au soin de votre environnement.<\/p>","protected":false},"featured_media":7018,"template":"","meta":{"_seopress_robots_primary_cat":"51","_seopress_titles_title":"Marisposas de madera para decoraci\u00f3n mural","_seopress_titles_desc":"Mariposas de madera de decoraci\u00f3n mural hechas a mano. 3 tama\u00f1os. Perfectas como elemento de dedocaci\u00f3n de pared para tu casa o como regalo regalo.","_seopress_robots_index":"","_seopress_analysis_target_kw":"","site-sidebar-layout":"default","site-content-layout":"","ast-site-content-layout":"default","site-content-style":"default","site-sidebar-style":"default","ast-global-header-display":"","ast-banner-title-visibility":"","ast-main-header-display":"","ast-hfb-above-header-display":"","ast-hfb-below-header-display":"","ast-hfb-mobile-header-display":"","site-post-title":"","ast-breadcrumbs-content":"","ast-featured-img":"","footer-sml-layout":"","ast-disable-related-posts":"","theme-transparent-header-meta":"","adv-header-id-meta":"","stick-header-meta":"","header-above-stick-meta":"","header-main-stick-meta":"","header-below-stick-meta":"","astra-migrate-meta-layouts":"default","ast-page-background-enabled":"default","ast-page-background-meta":{"desktop":{"background-color":"","background-image":"","background-repeat":"repeat","background-position":"center center","background-size":"auto","background-attachment":"scroll","background-type":"","background-media":"","overlay-type":"","overlay-color":"","overlay-opacity":"","overlay-gradient":""},"tablet":{"background-color":"","background-image":"","background-repeat":"repeat","background-position":"center center","background-size":"auto","background-attachment":"scroll","background-type":"","background-media":"","overlay-type":"","overlay-color":"","overlay-opacity":"","overlay-gradient":""},"mobile":{"background-color":"","background-image":"","background-repeat":"repeat","background-position":"center center","background-size":"auto","background-attachment":"scroll","background-type":"","background-media":"","overlay-type":"","overlay-color":"","overlay-opacity":"","overlay-gradient":""}},"ast-content-background-meta":{"desktop":{"background-color":"var(--ast-global-color-5)","background-image":"","background-repeat":"repeat","background-position":"center center","background-size":"auto","background-attachment":"scroll","background-type":"","background-media":"","overlay-type":"","overlay-color":"","overlay-opacity":"","overlay-gradient":""},"tablet":{"background-color":"var(--ast-global-color-5)","background-image":"","background-repeat":"repeat","background-position":"center center","background-size":"auto","background-attachment":"scroll","background-type":"","background-media":"","overlay-type":"","overlay-color":"","overlay-opacity":"","overlay-gradient":""},"mobile":{"background-color":"var(--ast-global-color-5)","background-image":"","background-repeat":"repeat","background-position":"center center","background-size":"auto","background-attachment":"scroll","background-type":"","background-media":"","overlay-type":"","overlay-color":"","overlay-opacity":"","overlay-gradient":""}}},"product_brand":[],"product_cat":[51,87,49],"product_tag":[],"class_list":{"0":"post-4659","1":"product","2":"type-product","3":"status-publish","4":"has-post-thumbnail","6":"product_cat-decoracion-del-hogar","7":"product_cat-mascotas","8":"product_cat-regalos-originales","9":"desktop-align-center","10":"tablet-align-left","11":"mobile-align-center","12":"ast-product-gallery-layout-horizontal","13":"ast-magnify-disabled","14":"ast-product-tabs-layout-horizontal","15":"tm-has-options","17":"first","18":"instock","19":"taxable","20":"shipping-taxable","21":"purchasable","22":"product-type-simple"},"_links":{"self":[{"href":"https:\/\/kiemmi.com\/fr\/wp-json\/wp\/v2\/product\/4659","targetHints":{"allow":["GET"]}}],"collection":[{"href":"https:\/\/kiemmi.com\/fr\/wp-json\/wp\/v2\/product"}],"about":[{"href":"https:\/\/kiemmi.com\/fr\/wp-json\/wp\/v2\/types\/product"}],"version-history":[{"count":0,"href":"https:\/\/kiemmi.com\/fr\/wp-json\/wp\/v2\/product\/4659\/revisions"}],"wp:featuredmedia":[{"embeddable":true,"href":"https:\/\/kiemmi.com\/fr\/wp-json\/wp\/v2\/media\/7018"}],"wp:attachment":[{"href":"https:\/\/kiemmi.com\/fr\/wp-json\/wp\/v2\/media?parent=4659"}],"wp:term":[{"taxonomy":"product_brand","embeddable":true,"href":"https:\/\/kiemmi.com\/fr\/wp-json\/wp\/v2\/product_brand?post=4659"},{"taxonomy":"product_cat","embeddable":true,"href":"https:\/\/kiemmi.com\/fr\/wp-json\/wp\/v2\/product_cat?post=4659"},{"taxonomy":"product_tag","embeddable":true,"href":"https:\/\/kiemmi.com\/fr\/wp-json\/wp\/v2\/product_tag?post=4659"}],"curies":[{"name":"wp","href":"https:\/\/api.w.org\/{rel}","templated":true}]}}