{"id":3881,"date":"2022-03-13T20:56:58","date_gmt":"2022-03-13T20:56:58","guid":{"rendered":"https:\/\/kiemmi.com\/?post_type=product&#038;p=3881"},"modified":"2024-05-06T07:49:48","modified_gmt":"2024-05-06T07:49:48","slug":"pancarte-en-bois-bienvenue-a-notre-mariage","status":"publish","type":"product","link":"https:\/\/kiemmi.com\/fr\/shop\/detalles-para-bodas-y-eventos\/cartel-madera-bienvenidos-a-nuestra-boda\/","title":{"rendered":"Panneau en bois \u00ab BIENVENUE \u00c0 NOTRE MARIAGE \u00bb"},"content":{"rendered":"<p>Panneau en bois original avec la phrase &quot;Bienvenue \u00e0 notre mariage&quot;. Id\u00e9al \u00e0 placer \u00e0 l&#039;entr\u00e9e de la salle, sur la sweet table, dans la r\u00e9partition des si\u00e8ges, etc.<\/p>\n<p>Un objet tr\u00e8s d\u00e9coratif en bois naturel.<\/p>\n<p>Il est pr\u00e9sent\u00e9 d\u00e9mont\u00e9. Tr\u00e8s facile \u00e0 monter.<\/p>\n<p><strong>Dimensions:<\/strong><\/p>\n<ul>\n<li>Largeur : 25cm<\/li>\n<li>Hauteur : 25cm<\/li>\n<li>\u00c9paisseur : 0,3 cm<\/li>\n<\/ul>\n<p>Si vous avez besoin d&#039;autres dimensions, veuillez nous contacter.<\/p>","protected":false},"excerpt":{"rendered":"<p>Panneau en bois original avec la phrase &quot;Bienvenue \u00e0 notre mariage&quot;. Id\u00e9al \u00e0 placer \u00e0 l&#039;entr\u00e9e de la salle, sur la sweet table, dans la r\u00e9partition des si\u00e8ges, etc.<\/p>\n<p>Un objet tr\u00e8s d\u00e9coratif en bois naturel.<\/p>\n<p>Il est pr\u00e9sent\u00e9 d\u00e9mont\u00e9. Tr\u00e8s facile \u00e0 monter.<\/p>\n<p><em><strong>Dimensions:<\/strong><\/em><\/p>\n<ul>\n<li>Largeur : 25cm<\/li>\n<li>Hauteur : 25cm<\/li>\n<li>\u00c9paisseur : 0,3 cm<\/li>\n<\/ul>","protected":false},"featured_media":4057,"template":"","meta":{"_seopress_robots_primary_cat":"45","_seopress_titles_title":"%%title%% %%page%%","_seopress_titles_desc":"Original cartel de madera para dar la bienvenida a los invitados de tu boda. Ideal para colocar a la entrada del sal\u00f3n, en la mesa dulce, etc","_seopress_robots_index":"","_seopress_analysis_target_kw":"Cartel de bienvenida para bodas","site-sidebar-layout":"default","site-content-layout":"","ast-site-content-layout":"default","site-content-style":"default","site-sidebar-style":"default","ast-global-header-display":"","ast-banner-title-visibility":"","ast-main-header-display":"","ast-hfb-above-header-display":"","ast-hfb-below-header-display":"","ast-hfb-mobile-header-display":"","site-post-title":"","ast-breadcrumbs-content":"","ast-featured-img":"","footer-sml-layout":"","ast-disable-related-posts":"","theme-transparent-header-meta":"","adv-header-id-meta":"","stick-header-meta":"","header-above-stick-meta":"","header-main-stick-meta":"","header-below-stick-meta":"","astra-migrate-meta-layouts":"default","ast-page-background-enabled":"default","ast-page-background-meta":{"desktop":{"background-color":"","background-image":"","background-repeat":"repeat","background-position":"center center","background-size":"auto","background-attachment":"scroll","background-type":"","background-media":"","overlay-type":"","overlay-color":"","overlay-opacity":"","overlay-gradient":""},"tablet":{"background-color":"","background-image":"","background-repeat":"repeat","background-position":"center center","background-size":"auto","background-attachment":"scroll","background-type":"","background-media":"","overlay-type":"","overlay-color":"","overlay-opacity":"","overlay-gradient":""},"mobile":{"background-color":"","background-image":"","background-repeat":"repeat","background-position":"center center","background-size":"auto","background-attachment":"scroll","background-type":"","background-media":"","overlay-type":"","overlay-color":"","overlay-opacity":"","overlay-gradient":""}},"ast-content-background-meta":{"desktop":{"background-color":"var(--ast-global-color-5)","background-image":"","background-repeat":"repeat","background-position":"center center","background-size":"auto","background-attachment":"scroll","background-type":"","background-media":"","overlay-type":"","overlay-color":"","overlay-opacity":"","overlay-gradient":""},"tablet":{"background-color":"var(--ast-global-color-5)","background-image":"","background-repeat":"repeat","background-position":"center center","background-size":"auto","background-attachment":"scroll","background-type":"","background-media":"","overlay-type":"","overlay-color":"","overlay-opacity":"","overlay-gradient":""},"mobile":{"background-color":"var(--ast-global-color-5)","background-image":"","background-repeat":"repeat","background-position":"center center","background-size":"auto","background-attachment":"scroll","background-type":"","background-media":"","overlay-type":"","overlay-color":"","overlay-opacity":"","overlay-gradient":""}}},"product_brand":[],"product_cat":[44,45],"product_tag":[],"class_list":{"0":"post-3881","1":"product","2":"type-product","3":"status-publish","4":"has-post-thumbnail","6":"product_cat-cartel-madera","7":"product_cat-detalles-para-bodas-y-eventos","8":"desktop-align-center","9":"tablet-align-left","10":"mobile-align-center","11":"ast-product-gallery-layout-horizontal","12":"ast-magnify-disabled","13":"ast-product-tabs-layout-horizontal","14":"tm-has-options","16":"first","17":"instock","18":"sale","19":"taxable","20":"shipping-taxable","21":"purchasable","22":"product-type-simple"},"_links":{"self":[{"href":"https:\/\/kiemmi.com\/fr\/wp-json\/wp\/v2\/product\/3881","targetHints":{"allow":["GET"]}}],"collection":[{"href":"https:\/\/kiemmi.com\/fr\/wp-json\/wp\/v2\/product"}],"about":[{"href":"https:\/\/kiemmi.com\/fr\/wp-json\/wp\/v2\/types\/product"}],"version-history":[{"count":0,"href":"https:\/\/kiemmi.com\/fr\/wp-json\/wp\/v2\/product\/3881\/revisions"}],"wp:featuredmedia":[{"embeddable":true,"href":"https:\/\/kiemmi.com\/fr\/wp-json\/wp\/v2\/media\/4057"}],"wp:attachment":[{"href":"https:\/\/kiemmi.com\/fr\/wp-json\/wp\/v2\/media?parent=3881"}],"wp:term":[{"taxonomy":"product_brand","embeddable":true,"href":"https:\/\/kiemmi.com\/fr\/wp-json\/wp\/v2\/product_brand?post=3881"},{"taxonomy":"product_cat","embeddable":true,"href":"https:\/\/kiemmi.com\/fr\/wp-json\/wp\/v2\/product_cat?post=3881"},{"taxonomy":"product_tag","embeddable":true,"href":"https:\/\/kiemmi.com\/fr\/wp-json\/wp\/v2\/product_tag?post=3881"}],"curies":[{"name":"wp","href":"https:\/\/api.w.org\/{rel}","templated":true}]}}