{"id":37852,"date":"2025-12-15T07:59:55","date_gmt":"2025-12-15T07:59:55","guid":{"rendered":"https:\/\/kiemmi.com\/?post_type=product&#038;p=37852"},"modified":"2026-01-18T00:31:02","modified_gmt":"2026-01-18T00:31:02","slug":"des-crayons-en-bois-ornes-du-logo-de-lassemblee-internationale-2026-et-ils-vecurent-heureux-pour-toujours-jw","status":"publish","type":"product","link":"https:\/\/kiemmi.com\/fr\/shop\/jw\/asambleas-internacionales-2026-jw\/lapices-de-madera-con-logotipo-asamblea-internacional-2026-felices-para-siempre-jw\/","title":{"rendered":"Crayons en bois orn\u00e9s du logo de l&#039;Assembl\u00e9e internationale de 2026 \u00ab\u00a0Et ils v\u00e9curent heureux pour toujours\u00a0\u00bb \u2013 JW"},"content":{"rendered":"<p>Ce crayon en bois a \u00e9t\u00e9 con\u00e7u comme un souvenir simple et significatif de <strong>Assembl\u00e9e internationale des T\u00e9moins de J\u00e9hovah 2026<\/strong>, dont le th\u00e8me \u00ab<strong>Un bonheur \u00e9ternel<\/strong>\u00bb transmet un message d\u2019espoir, d\u2019amour fraternel et de confiance dans les promesses de J\u00e9hovah.<\/p>\n<p>Fabriqu\u00e9 en bois naturel et orn\u00e9 du logo officiel de l&#039;assembl\u00e9e imprim\u00e9 en couleur, cet accessoire allie utilit\u00e9 et valeur spirituelle. Pratique au quotidien, il est id\u00e9al pour prendre des notes, \u00e9tudier, \u00e9crire en r\u00e9union ou lors de lectures personnelles, et permet d&#039;avoir le message de l&#039;assembl\u00e9e \u00e0 port\u00e9e de main.<\/p>\n<p>Pour une touche sp\u00e9ciale, vous pouvez ajouter un petit c\u0153ur grav\u00e9, symbole simple repr\u00e9sentant l&#039;amour et le lien fraternel. Cette option en fait un cadeau particuli\u00e8rement appr\u00e9ci\u00e9 des enfants comme des adultes.<\/p>\n<p>Un cadeau attentionn\u00e9 \u00e0 partager<\/p>\n<p>Ce crayon en bois est parfait comme souvenir personnel ou comme cadeau pour les autres participants \u00e0 l&#039;assembl\u00e9e, contribuant \u00e0 cultiver la joie de donner et de partager de petits objets \u00e0 signification spirituelle.<\/p>\n<p><strong>Caract\u00e9ristiques du produit:<\/strong><\/p>\n<p style=\"padding-left: 40px;\">\u270f\ufe0f <strong>Mat\u00e9riel:<\/strong> Bois naturel de haute qualit\u00e9, durable et agr\u00e9able au toucher<br \/>\n\ud83c\udfa8 <strong>Impression en couleur :<\/strong> Logo officiel de l&#039;Assembl\u00e9e internationale de 2026 en haute d\u00e9finition<br \/>\n\ud83d\udc96 <strong>Option d\u00e9corative :<\/strong> Possibilit\u00e9 d&#039;ajouter un c\u0153ur grav\u00e9 comme symbole d&#039;amour fraternel<br \/>\n\ud83d\udcd0 <strong>Taille standard :<\/strong> Agr\u00e9able \u00e0 utiliser pour \u00e9crire, convient aux enfants et aux adultes.<br \/>\n\ud83c\udf81 <strong>Utilisation recommand\u00e9e\u00a0:<\/strong> Cadeau comm\u00e9moratif pour les fr\u00e8res, s\u0153urs et enfants participant \u00e0 l&#039;assembl\u00e9e<br \/>\n\ud83d\udc50 <strong>Finition soign\u00e9e :<\/strong> Con\u00e7u avec le souci du d\u00e9tail pour un r\u00e9sultat impeccable et durable<\/p>\n<p>Ce crayon en bois n&#039;est pas qu&#039;un simple article de papeterie, mais un rappel pratique du message \u00ab\u00a0Ils v\u00e9curent heureux pour toujours\u00a0\u00bb, con\u00e7u pour accompagner les moments d&#039;\u00e9tude, d&#039;apprentissage et de r\u00e9flexion spirituelle.<\/p>\n<p>Un d\u00e9tail simple, utile et significatif.<\/p>","protected":false},"excerpt":{"rendered":"<p>Crayon en bois comm\u00e9moratif de <strong>Assembl\u00e9e internationale des T\u00e9moins de J\u00e9hovah 2026<\/strong>, dont le th\u00e8me est \u00ab<strong>Un bonheur \u00e9ternel<\/strong>\u00ab\u00a0Il comprend le logo officiel imprim\u00e9 en couleur et la possibilit\u00e9 d&#039;ajouter un c\u0153ur grav\u00e9. Un d\u00e9tail pratique et symbolique pour les enfants et les adultes, qui refl\u00e8te l&#039;amour fraternel et l&#039;espoir v\u00e9hicul\u00e9s lors de l&#039;assembl\u00e9e.\u00a0\u00bb.<\/p>","protected":false},"featured_media":37851,"template":"","meta":{"_seopress_robots_primary_cat":"","_seopress_titles_title":"","_seopress_titles_desc":"","_seopress_robots_index":"","site-sidebar-layout":"default","site-content-layout":"","ast-site-content-layout":"default","site-content-style":"default","site-sidebar-style":"default","ast-global-header-display":"","ast-banner-title-visibility":"","ast-main-header-display":"","ast-hfb-above-header-display":"","ast-hfb-below-header-display":"","ast-hfb-mobile-header-display":"","site-post-title":"","ast-breadcrumbs-content":"","ast-featured-img":"","footer-sml-layout":"","ast-disable-related-posts":"","theme-transparent-header-meta":"default","adv-header-id-meta":"","stick-header-meta":"default","header-above-stick-meta":"","header-main-stick-meta":"","header-below-stick-meta":"","astra-migrate-meta-layouts":"set","ast-page-background-enabled":"default","ast-page-background-meta":{"desktop":{"background-color":"","background-image":"","background-repeat":"repeat","background-position":"center center","background-size":"auto","background-attachment":"scroll","background-type":"","background-media":"","overlay-type":"","overlay-color":"","overlay-opacity":"","overlay-gradient":""},"tablet":{"background-color":"","background-image":"","background-repeat":"repeat","background-position":"center center","background-size":"auto","background-attachment":"scroll","background-type":"","background-media":"","overlay-type":"","overlay-color":"","overlay-opacity":"","overlay-gradient":""},"mobile":{"background-color":"","background-image":"","background-repeat":"repeat","background-position":"center center","background-size":"auto","background-attachment":"scroll","background-type":"","background-media":"","overlay-type":"","overlay-color":"","overlay-opacity":"","overlay-gradient":""}},"ast-content-background-meta":{"desktop":{"background-color":"var(--ast-global-color-5)","background-image":"","background-repeat":"repeat","background-position":"center center","background-size":"auto","background-attachment":"scroll","background-type":"","background-media":"","overlay-type":"","overlay-color":"","overlay-opacity":"","overlay-gradient":""},"tablet":{"background-color":"var(--ast-global-color-5)","background-image":"","background-repeat":"repeat","background-position":"center center","background-size":"auto","background-attachment":"scroll","background-type":"","background-media":"","overlay-type":"","overlay-color":"","overlay-opacity":"","overlay-gradient":""},"mobile":{"background-color":"var(--ast-global-color-5)","background-image":"","background-repeat":"repeat","background-position":"center center","background-size":"auto","background-attachment":"scroll","background-type":"","background-media":"","overlay-type":"","overlay-color":"","overlay-opacity":"","overlay-gradient":""}}},"product_brand":[103],"product_cat":[105,85],"product_tag":[],"class_list":{"0":"post-37852","1":"product","2":"type-product","3":"status-publish","4":"has-post-thumbnail","6":"product_brand-kiemmi-creations","7":"product_cat-asambleas-internacionales-2026-jw","8":"product_cat-varios-regalos-jw","9":"desktop-align-center","10":"tablet-align-left","11":"mobile-align-center","12":"ast-product-gallery-layout-horizontal","13":"ast-magnify-disabled","14":"ast-product-tabs-layout-horizontal","15":"tm-has-options","17":"first","18":"instock","19":"taxable","20":"shipping-taxable","21":"purchasable","22":"product-type-simple"},"_links":{"self":[{"href":"https:\/\/kiemmi.com\/fr\/wp-json\/wp\/v2\/product\/37852","targetHints":{"allow":["GET"]}}],"collection":[{"href":"https:\/\/kiemmi.com\/fr\/wp-json\/wp\/v2\/product"}],"about":[{"href":"https:\/\/kiemmi.com\/fr\/wp-json\/wp\/v2\/types\/product"}],"version-history":[{"count":1,"href":"https:\/\/kiemmi.com\/fr\/wp-json\/wp\/v2\/product\/37852\/revisions"}],"predecessor-version":[{"id":67144,"href":"https:\/\/kiemmi.com\/fr\/wp-json\/wp\/v2\/product\/37852\/revisions\/67144"}],"wp:featuredmedia":[{"embeddable":true,"href":"https:\/\/kiemmi.com\/fr\/wp-json\/wp\/v2\/media\/37851"}],"wp:attachment":[{"href":"https:\/\/kiemmi.com\/fr\/wp-json\/wp\/v2\/media?parent=37852"}],"wp:term":[{"taxonomy":"product_brand","embeddable":true,"href":"https:\/\/kiemmi.com\/fr\/wp-json\/wp\/v2\/product_brand?post=37852"},{"taxonomy":"product_cat","embeddable":true,"href":"https:\/\/kiemmi.com\/fr\/wp-json\/wp\/v2\/product_cat?post=37852"},{"taxonomy":"product_tag","embeddable":true,"href":"https:\/\/kiemmi.com\/fr\/wp-json\/wp\/v2\/product_tag?post=37852"}],"curies":[{"name":"wp","href":"https:\/\/api.w.org\/{rel}","templated":true}]}}