{"id":37833,"date":"2025-12-14T18:46:21","date_gmt":"2025-12-14T18:46:21","guid":{"rendered":"https:\/\/kiemmi.com\/?post_type=product&#038;p=37833"},"modified":"2026-01-18T00:31:47","modified_gmt":"2026-01-18T00:31:47","slug":"porte-cles-assemblee-internationale-2026-heureux-pour-toujours","status":"publish","type":"product","link":"https:\/\/kiemmi.com\/fr\/shop\/jw\/asambleas-internacionales-2026-jw\/llavero-asamblea-internacional-2026-felices-para-siempre\/","title":{"rendered":"Porte-cl\u00e9s Assembl\u00e9e internationale 2026 \u00ab\u00a0Et ils v\u00e9curent heureux pour toujours\u00a0\u00bb"},"content":{"rendered":"<p>Comm\u00e9more le <strong>Assembl\u00e9e internationale des T\u00e9moins de J\u00e9hovah 2026<\/strong> avec ce porte-cl\u00e9s en bois con\u00e7u comme un souvenir sp\u00e9cial du th\u00e8me inspirant \u201c<strong>Un bonheur \u00e9ternel<\/strong>\u201dChaque pi\u00e8ce est fabriqu\u00e9e \u00e0 la main et arbore une impression en couleur du logo officiel de l&#039;assembl\u00e9e, refl\u00e9tant le message d&#039;espoir et de bonheur durable qui caract\u00e9rise cet \u00e9v\u00e9nement international.<\/p>\n<p>Ce porte-cl\u00e9s allie fonctionnalit\u00e9 et signification spirituelle, vous permettant d&#039;emporter chaque jour avec vous un rappel de l&#039;assembl\u00e9e et du message biblique qu&#039;elle v\u00e9hicule, que ce soit sur vos cl\u00e9s, dans un sac \u00e0 dos ou dans un sac \u00e0 main.<\/p>\n<p><strong>Caract\u00e9ristiques du produit:<\/strong><\/p>\n<p style=\"padding-left: 40px;\">\ud83c\udf3f <strong>Bois provenant de sources durables\u00a0:<\/strong> Mat\u00e9riau naturel et \u00e9cologique, avec une finition chaleureuse et agr\u00e9able<br \/>\n\ud83c\udfa8 <strong>Impression en couleur :<\/strong> Des couleurs vives et bien d\u00e9finies qui mettent en valeur le design et conservent leur qualit\u00e9 au fil du temps.<br \/>\n\ud83d\udc50 <strong>Fabriqu\u00e9 \u00e0 la main :<\/strong> Chaque porte-cl\u00e9s est fabriqu\u00e9 \u00e0 la main, avec une attention particuli\u00e8re port\u00e9e \u00e0 chaque d\u00e9tail de la d\u00e9coupe et des finitions.<br \/>\n\ud83d\udd11 <strong>Format pratique et l\u00e9ger :<\/strong> Taille id\u00e9ale pour un usage quotidien, sans \u00eatre encombrante.<br \/>\n\ud83d\udd12 <strong>Anneau m\u00e9tallique robuste :<\/strong> Maintien ferme et s\u00e9curis\u00e9 pour les cl\u00e9s ou autres accessoires<br \/>\n\ud83c\udf81 <strong>Un souvenir \u00e0 valeur spirituelle :<\/strong> Id\u00e9al comme cadeau pour les fr\u00e8res et s\u0153urs participant \u00e0 l&#039;assembl\u00e9e ou \u00e0 conserver comme souvenir personnel.<\/p>\n<p>Ce porte-cl\u00e9s en bois est plus qu&#039;un accessoire : c&#039;est un symbole du message \u201c<strong>Un bonheur \u00e9ternel<\/strong>\u201d, con\u00e7u pour vous accompagner au quotidien et vous rappeler l\u2019espoir et la joie partag\u00e9s lors de l\u2019Assembl\u00e9e internationale de 2026.<\/p>","protected":false},"excerpt":{"rendered":"<p>Porte-cl\u00e9s comm\u00e9moratif en bois de la <strong>Assembl\u00e9e internationale des T\u00e9moins de J\u00e9hovah 2026<\/strong>, dont le th\u00e8me est \u201c<strong>Un bonheur \u00e9ternel<\/strong>\u201d. Fabriqu\u00e9 artisanalement et imprim\u00e9 en couleur avec le logo officiel, c'est un souvenir pratique et symbolique qui refl\u00e8te l'espoir et la joie v\u00e9hicul\u00e9s lors de cette assembl\u00e9e sp\u00e9ciale.<\/p>","protected":false},"featured_media":37848,"template":"","meta":{"_seopress_robots_primary_cat":"","_seopress_titles_title":"Llavero de Madera Asamblea Especial 2025 - Adoraci\u00f3n Pura","_seopress_titles_desc":"Conmemora la Asamblea Especial 2025 - \"Adoraci\u00f3n Pura\" - con un llavero artesanal de madera y logo oficial, perfecto recuerdo ecol\u00f3gico y significativo.","_seopress_robots_index":"","site-sidebar-layout":"default","site-content-layout":"","ast-site-content-layout":"default","site-content-style":"default","site-sidebar-style":"default","ast-global-header-display":"","ast-banner-title-visibility":"","ast-main-header-display":"","ast-hfb-above-header-display":"","ast-hfb-below-header-display":"","ast-hfb-mobile-header-display":"","site-post-title":"","ast-breadcrumbs-content":"","ast-featured-img":"","footer-sml-layout":"","ast-disable-related-posts":"","theme-transparent-header-meta":"default","adv-header-id-meta":"","stick-header-meta":"default","header-above-stick-meta":"","header-main-stick-meta":"","header-below-stick-meta":"","astra-migrate-meta-layouts":"set","ast-page-background-enabled":"default","ast-page-background-meta":{"desktop":{"background-color":"","background-image":"","background-repeat":"repeat","background-position":"center center","background-size":"auto","background-attachment":"scroll","background-type":"","background-media":"","overlay-type":"","overlay-color":"","overlay-opacity":"","overlay-gradient":""},"tablet":{"background-color":"","background-image":"","background-repeat":"repeat","background-position":"center center","background-size":"auto","background-attachment":"scroll","background-type":"","background-media":"","overlay-type":"","overlay-color":"","overlay-opacity":"","overlay-gradient":""},"mobile":{"background-color":"","background-image":"","background-repeat":"repeat","background-position":"center center","background-size":"auto","background-attachment":"scroll","background-type":"","background-media":"","overlay-type":"","overlay-color":"","overlay-opacity":"","overlay-gradient":""}},"ast-content-background-meta":{"desktop":{"background-color":"var(--ast-global-color-5)","background-image":"","background-repeat":"repeat","background-position":"center center","background-size":"auto","background-attachment":"scroll","background-type":"","background-media":"","overlay-type":"","overlay-color":"","overlay-opacity":"","overlay-gradient":""},"tablet":{"background-color":"var(--ast-global-color-5)","background-image":"","background-repeat":"repeat","background-position":"center center","background-size":"auto","background-attachment":"scroll","background-type":"","background-media":"","overlay-type":"","overlay-color":"","overlay-opacity":"","overlay-gradient":""},"mobile":{"background-color":"var(--ast-global-color-5)","background-image":"","background-repeat":"repeat","background-position":"center center","background-size":"auto","background-attachment":"scroll","background-type":"","background-media":"","overlay-type":"","overlay-color":"","overlay-opacity":"","overlay-gradient":""}}},"product_brand":[103],"product_cat":[105,66],"product_tag":[],"class_list":{"0":"post-37833","1":"product","2":"type-product","3":"status-publish","4":"has-post-thumbnail","6":"product_brand-kiemmi-creations","7":"product_cat-asambleas-internacionales-2026-jw","8":"product_cat-llaveros-jw","9":"desktop-align-center","10":"tablet-align-left","11":"mobile-align-center","12":"ast-product-gallery-layout-horizontal","13":"ast-magnify-disabled","14":"ast-product-tabs-layout-horizontal","15":"tm-has-options","17":"first","18":"instock","19":"taxable","20":"shipping-taxable","21":"purchasable","22":"product-type-simple"},"_links":{"self":[{"href":"https:\/\/kiemmi.com\/fr\/wp-json\/wp\/v2\/product\/37833","targetHints":{"allow":["GET"]}}],"collection":[{"href":"https:\/\/kiemmi.com\/fr\/wp-json\/wp\/v2\/product"}],"about":[{"href":"https:\/\/kiemmi.com\/fr\/wp-json\/wp\/v2\/types\/product"}],"version-history":[{"count":1,"href":"https:\/\/kiemmi.com\/fr\/wp-json\/wp\/v2\/product\/37833\/revisions"}],"predecessor-version":[{"id":67209,"href":"https:\/\/kiemmi.com\/fr\/wp-json\/wp\/v2\/product\/37833\/revisions\/67209"}],"wp:featuredmedia":[{"embeddable":true,"href":"https:\/\/kiemmi.com\/fr\/wp-json\/wp\/v2\/media\/37848"}],"wp:attachment":[{"href":"https:\/\/kiemmi.com\/fr\/wp-json\/wp\/v2\/media?parent=37833"}],"wp:term":[{"taxonomy":"product_brand","embeddable":true,"href":"https:\/\/kiemmi.com\/fr\/wp-json\/wp\/v2\/product_brand?post=37833"},{"taxonomy":"product_cat","embeddable":true,"href":"https:\/\/kiemmi.com\/fr\/wp-json\/wp\/v2\/product_cat?post=37833"},{"taxonomy":"product_tag","embeddable":true,"href":"https:\/\/kiemmi.com\/fr\/wp-json\/wp\/v2\/product_tag?post=37833"}],"curies":[{"name":"wp","href":"https:\/\/api.w.org\/{rel}","templated":true}]}}