{"id":37773,"date":"2025-12-14T16:49:50","date_gmt":"2025-12-14T16:49:50","guid":{"rendered":"https:\/\/kiemmi.com\/?post_type=product&#038;p=37773"},"modified":"2025-12-26T14:53:09","modified_gmt":"2025-12-26T14:53:09","slug":"marque-pages-en-bois-assemblee-internationale-2026-et-ils-vecurent-heureux-pour-toujours-jw","status":"publish","type":"product","link":"https:\/\/kiemmi.com\/fr\/shop\/jw\/asambleas-internacionales-2026-jw\/marcapaginas-de-madera-asamblea-international-2026-felices-para-siempre-jw\/","title":{"rendered":"Marque-pages en bois \u2013 Assembl\u00e9e internationale 2026 \u00ab\u00a0Ils v\u00e9curent heureux pour toujours\u00a0\u00bb \u2013 T\u00e9moins de J\u00e9hovah"},"content":{"rendered":"<p>Ce marque-page en bois a \u00e9t\u00e9 cr\u00e9\u00e9 comme un souvenir sp\u00e9cial de <strong>Assembl\u00e9e internationale des T\u00e9moins de J\u00e9hovah 2026<\/strong>, dont le th\u00e8me biblique \u201c<strong>Un bonheur \u00e9ternel<\/strong>\u201d Cela met en lumi\u00e8re l\u2019espoir d\u2019un bonheur durable fond\u00e9 sur les promesses de J\u00e9hovah. \u00bb.<\/p>\n<p>Ce mod\u00e8le arbore le logo officiel de l&#039;assembl\u00e9e, imprim\u00e9 en couleur sur du bois naturel, offrant ainsi une finition harmonieuse et raffin\u00e9e. L\u00e9ger et \u00e9l\u00e9gant, il compl\u00e8te id\u00e9alement la lecture quotidienne de la Bible et d&#039;autres publications spirituelles, permettant de garder le message de l&#039;assembl\u00e9e pr\u00e9sent \u00e0 chaque instant d&#039;\u00e9tude.<\/p>\n<p>Ce marque-page vous permet de personnaliser un texte en couleur, comme un nom, une date ou un court message, qui s&#039;int\u00e8gre harmonieusement au design. Chaque marque-page est \u00e9galement orn\u00e9 d&#039;un pompon d\u00e9coratif, propos\u00e9 en couleurs assorties, pour une touche d&#039;originalit\u00e9.<\/p>\n<p><strong>Caract\u00e9ristiques du produit:<\/strong><\/p>\n<p style=\"padding-left: 40px;\">\ud83d\udccf <strong>Dimensions:<\/strong> 14 cm de haut \u00d7 3,7 cm de large \u00d7 1 mm d&#039;\u00e9paisseur<br \/>\n\ud83c\udf33 <strong>Bois naturel :<\/strong> mat\u00e9riau l\u00e9ger, durable et agr\u00e9able au toucher<br \/>\n\ud83c\udfa8 <strong>Impression en couleur :<\/strong> Logo officiel de l&#039;Assembl\u00e9e internationale de 2026, d&#039;une grande clart\u00e9.<br \/>\n\u270d\ufe0f <strong>Personnalisation imprim\u00e9e\u00a0:<\/strong> Texte personnalis\u00e9 en impression couleur<br \/>\n\ud83c\udf80 <strong>Pompon d\u00e9coratif :<\/strong> Comprend un pompon de couleur al\u00e9atoire<br \/>\n\ud83d\udc50 <strong>Fabriqu\u00e9 \u00e0 la main :<\/strong> Chaque marque-page est fabriqu\u00e9 \u00e0 la main, avec une attention particuli\u00e8re port\u00e9e \u00e0 chaque d\u00e9tail.<br \/>\n\ud83d\udcda <strong>Utilisation pratique :<\/strong> Id\u00e9al pour marquer les pages de la Bible, des livres ou des documents d&#039;\u00e9tude.<br \/>\n\ud83c\udf81 <strong>Un souvenir \u00e0 port\u00e9e spirituelle :<\/strong> Un cadeau sp\u00e9cial pour les fr\u00e8res et s\u0153urs participant \u00e0 l&#039;assembl\u00e9e<\/p>\n<p>Ce marque-page en bois rappelle chaque jour le message \u201c<strong>Un bonheur \u00e9ternel<\/strong>\u201d, con\u00e7u pour accompagner les moments de lecture, de r\u00e9flexion et d&#039;\u00e9tude spirituelle.<\/p>\n<p>Un souvenir simple, fonctionnel et significatif.<\/p>","protected":false},"excerpt":{"rendered":"<p>Marque-page en bois comm\u00e9morant <strong>Assembl\u00e9e internationale des T\u00e9moins de J\u00e9hovah 2026<\/strong>, dont le th\u00e8me est \u201c<strong>Un bonheur \u00e9ternel<\/strong>\u201d. Il comprend le logo officiel et la possibilit\u00e9 d'ajouter un texte personnalis\u00e9 en impression couleur. Un souvenir l\u00e9ger et significatif pour accompagner la lecture quotidienne et garder pr\u00e9sent le message spirituel de l'assembl\u00e9e.<\/p>","protected":false},"featured_media":37753,"template":"","meta":{"_seopress_robots_primary_cat":"none","_seopress_titles_title":"Marcap\u00e1ginas personalizado para Asamblea Especial 2025 \"Adoraci\u00f3n Pura\"","_seopress_titles_desc":"Descubre el marcap\u00e1ginas de madera de la Asamblea Especial 2025 \"Adoraci\u00f3n Pura\": elegante, personalizable, hecho a mano y con impresi\u00f3n a color del logo oficial. \u00a1Perfecto para regalar!","_seopress_robots_index":"","site-sidebar-layout":"default","site-content-layout":"","ast-site-content-layout":"default","site-content-style":"default","site-sidebar-style":"default","ast-global-header-display":"","ast-banner-title-visibility":"","ast-main-header-display":"","ast-hfb-above-header-display":"","ast-hfb-below-header-display":"","ast-hfb-mobile-header-display":"","site-post-title":"","ast-breadcrumbs-content":"","ast-featured-img":"","footer-sml-layout":"","ast-disable-related-posts":"","theme-transparent-header-meta":"default","adv-header-id-meta":"","stick-header-meta":"default","header-above-stick-meta":"","header-main-stick-meta":"","header-below-stick-meta":"","astra-migrate-meta-layouts":"set","ast-page-background-enabled":"default","ast-page-background-meta":{"desktop":{"background-color":"","background-image":"","background-repeat":"repeat","background-position":"center center","background-size":"auto","background-attachment":"scroll","background-type":"","background-media":"","overlay-type":"","overlay-color":"","overlay-opacity":"","overlay-gradient":""},"tablet":{"background-color":"","background-image":"","background-repeat":"repeat","background-position":"center center","background-size":"auto","background-attachment":"scroll","background-type":"","background-media":"","overlay-type":"","overlay-color":"","overlay-opacity":"","overlay-gradient":""},"mobile":{"background-color":"","background-image":"","background-repeat":"repeat","background-position":"center center","background-size":"auto","background-attachment":"scroll","background-type":"","background-media":"","overlay-type":"","overlay-color":"","overlay-opacity":"","overlay-gradient":""}},"ast-content-background-meta":{"desktop":{"background-color":"var(--ast-global-color-5)","background-image":"","background-repeat":"repeat","background-position":"center center","background-size":"auto","background-attachment":"scroll","background-type":"","background-media":"","overlay-type":"","overlay-color":"","overlay-opacity":"","overlay-gradient":""},"tablet":{"background-color":"var(--ast-global-color-5)","background-image":"","background-repeat":"repeat","background-position":"center center","background-size":"auto","background-attachment":"scroll","background-type":"","background-media":"","overlay-type":"","overlay-color":"","overlay-opacity":"","overlay-gradient":""},"mobile":{"background-color":"var(--ast-global-color-5)","background-image":"","background-repeat":"repeat","background-position":"center center","background-size":"auto","background-attachment":"scroll","background-type":"","background-media":"","overlay-type":"","overlay-color":"","overlay-opacity":"","overlay-gradient":""}}},"product_brand":[103],"product_cat":[105,62,100],"product_tag":[],"class_list":{"0":"post-37773","1":"product","2":"type-product","3":"status-publish","4":"has-post-thumbnail","6":"product_brand-kiemmi-creations","7":"product_cat-asambleas-internacionales-2026-jw","8":"product_cat-jw","9":"product_cat-marcapaginas-jw","10":"desktop-align-center","11":"tablet-align-left","12":"mobile-align-center","13":"ast-product-gallery-layout-horizontal","14":"ast-magnify-disabled","15":"ast-product-tabs-layout-horizontal","16":"tm-has-options","18":"first","19":"instock","20":"taxable","21":"shipping-taxable","22":"purchasable","23":"product-type-simple"},"_links":{"self":[{"href":"https:\/\/kiemmi.com\/fr\/wp-json\/wp\/v2\/product\/37773","targetHints":{"allow":["GET"]}}],"collection":[{"href":"https:\/\/kiemmi.com\/fr\/wp-json\/wp\/v2\/product"}],"about":[{"href":"https:\/\/kiemmi.com\/fr\/wp-json\/wp\/v2\/types\/product"}],"version-history":[{"count":1,"href":"https:\/\/kiemmi.com\/fr\/wp-json\/wp\/v2\/product\/37773\/revisions"}],"predecessor-version":[{"id":67210,"href":"https:\/\/kiemmi.com\/fr\/wp-json\/wp\/v2\/product\/37773\/revisions\/67210"}],"wp:featuredmedia":[{"embeddable":true,"href":"https:\/\/kiemmi.com\/fr\/wp-json\/wp\/v2\/media\/37753"}],"wp:attachment":[{"href":"https:\/\/kiemmi.com\/fr\/wp-json\/wp\/v2\/media?parent=37773"}],"wp:term":[{"taxonomy":"product_brand","embeddable":true,"href":"https:\/\/kiemmi.com\/fr\/wp-json\/wp\/v2\/product_brand?post=37773"},{"taxonomy":"product_cat","embeddable":true,"href":"https:\/\/kiemmi.com\/fr\/wp-json\/wp\/v2\/product_cat?post=37773"},{"taxonomy":"product_tag","embeddable":true,"href":"https:\/\/kiemmi.com\/fr\/wp-json\/wp\/v2\/product_tag?post=37773"}],"curies":[{"name":"wp","href":"https:\/\/api.w.org\/{rel}","templated":true}]}}