{"id":37645,"date":"2025-12-14T11:47:17","date_gmt":"2025-12-14T11:47:17","guid":{"rendered":"https:\/\/kiemmi.com\/?post_type=product&#038;p=37645"},"modified":"2026-01-18T00:31:49","modified_gmt":"2026-01-18T00:31:49","slug":"aimant-de-refrigerateur-en-bois-assemblee-internationale-2026-ils-vecurent-heureux-pour-toujours-jw","status":"publish","type":"product","link":"https:\/\/kiemmi.com\/fr\/shop\/jw\/asambleas-internacionales-2026-jw\/magnet-iman-para-nevera-de-madera-asamblea-internacional-2026-felices-para-siempre-jw\/","title":{"rendered":"Aimant de r\u00e9frig\u00e9rateur en bois \/ Assembl\u00e9e internationale 2026 \u00ab\u00a0Et ils v\u00e9curent heureux pour toujours\u00a0\u00bb \u2013 JW"},"content":{"rendered":"<p>Cet aimant en bois pour r\u00e9frig\u00e9rateur a \u00e9t\u00e9 con\u00e7u comme un souvenir sp\u00e9cial de <strong>Assembl\u00e9e internationale des T\u00e9moins de J\u00e9hovah 2026<\/strong>, dont le th\u00e8me biblique \u201c<strong>Un bonheur \u00e9ternel<\/strong>\u201d Cela met en lumi\u00e8re l\u2019espoir d\u2019un bonheur durable fond\u00e9 sur les promesses de J\u00e9hovah. \u00bb.<\/p>\n<p>Son design circulaire, \u00e9quilibr\u00e9 et sobre arbore le logo officiel de l&#039;assembl\u00e9e imprim\u00e9 en couleur sur du bois naturel. Pos\u00e9 sur le r\u00e9frig\u00e9rateur ou toute surface m\u00e9tallique, il devient un rappel quotidien du message spirituel v\u00e9hicul\u00e9 lors de cette importante assembl\u00e9e internationale.<\/p>\n<p>L&#039;option de <strong>Personnalisez un message en bas de page<\/strong> Il permet \u00e0 chaque aimant d&#039;\u00eatre unique, que ce soit avec un nom, une date ou une courte phrase qui renforce la valeur spirituelle et comm\u00e9morative du souvenir.<\/p>\n<p><strong>D\u00e9tails du produit\u00a0:<\/strong><\/p>\n<p style=\"padding-left: 40px;\">\ud83e\udeb5 <strong>Bois naturel de qualit\u00e9 :<\/strong> Mati\u00e8re r\u00e9sistante et chaude, avec une finition simple qui met en valeur le design.<br \/>\n\ud83c\udfa8 <strong>Impression en couleur :<\/strong> Une image nette et durable qui pr\u00e9serve la clart\u00e9 du logo au fil du temps.<br \/>\n\ud83d\udee0\ufe0f <strong>Fabriqu\u00e9 \u00e0 la main :<\/strong> Chaque aimant est fabriqu\u00e9 \u00e0 la main, avec un soin particulier apport\u00e9 \u00e0 la d\u00e9coupe, \u00e0 la gravure et aux finitions.<br \/>\n\u270d\ufe0f <strong>Message personnalisable\u00a0:<\/strong> Espace r\u00e9serv\u00e9 \u00e0 un court texte qui ajoute une valeur personnelle et spirituelle au souvenir.<br \/>\n\ud83d\udccf <strong>\u00c9tendue:<\/strong> Diam\u00e8tre 50 mm (5 cm \/ 1,97&quot;), taille id\u00e9ale pour mettre en valeur le design sans \u00eatre intrusive.<br \/>\n\ud83e\uddf2 <strong>Aimant arri\u00e8re durable :<\/strong> Fixation solide pour les surfaces m\u00e9talliques telles que les r\u00e9frig\u00e9rateurs, les classeurs ou les tableaux blancs.<br \/>\n\ud83c\udf81 <strong>Souvenir spirituel durable :<\/strong> Id\u00e9al \u00e0 conserver comme souvenir personnel ou \u00e0 offrir aux fr\u00e8res et s\u0153urs participant \u00e0 l&#039;assembl\u00e9e.<\/p>\n<p>Cet aimant en bois n&#039;est pas qu&#039;un simple objet d\u00e9coratif, mais un rappel quotidien du message \u201c\u00a0Ils v\u00e9curent heureux pour toujours\u00a0\u201d, con\u00e7u pour entretenir l&#039;espoir et la joie qui caract\u00e9risent cette assembl\u00e9e internationale.<\/p>\n<p>Un d\u00e9tail simple et pratique, charg\u00e9 de sens spirituel.<\/p>","protected":false},"excerpt":{"rendered":"<p>Aimant de r\u00e9frig\u00e9rateur comm\u00e9moratif en bois <strong>Assembl\u00e9e internationale des T\u00e9moins de J\u00e9hovah 2026<\/strong>, dont le th\u00e8me est \u201c<strong>Un bonheur \u00e9ternel<\/strong>\u201d. Il arbore le logo officiel imprim\u00e9 en couleur sur du bois naturel et permet l'ajout d'un message personnalis\u00e9. Un souvenir pratique et pr\u00e9cieux qui pr\u00e9serve l'espoir et la joie partag\u00e9s lors de cette r\u00e9union si sp\u00e9ciale.<\/p>","protected":false},"featured_media":37704,"template":"","meta":{"_seopress_robots_primary_cat":"","_seopress_titles_title":"Im\u00e1n para Asambleas Especiales 2025 - \"Adoraci\u00f3n Pura\"","_seopress_titles_desc":"Celebra las Asambleas Especiales 2025 - \"Adoraci\u00f3n Pura\" - con nuestro exclusivo im\u00e1n de madera personalizado. \u00a1Personal\u00edzalo hoy!","_seopress_robots_index":"","site-sidebar-layout":"default","site-content-layout":"","ast-site-content-layout":"default","site-content-style":"default","site-sidebar-style":"default","ast-global-header-display":"","ast-banner-title-visibility":"","ast-main-header-display":"","ast-hfb-above-header-display":"","ast-hfb-below-header-display":"","ast-hfb-mobile-header-display":"","site-post-title":"","ast-breadcrumbs-content":"","ast-featured-img":"","footer-sml-layout":"","ast-disable-related-posts":"","theme-transparent-header-meta":"default","adv-header-id-meta":"","stick-header-meta":"default","header-above-stick-meta":"","header-main-stick-meta":"","header-below-stick-meta":"","astra-migrate-meta-layouts":"set","ast-page-background-enabled":"default","ast-page-background-meta":{"desktop":{"background-color":"","background-image":"","background-repeat":"repeat","background-position":"center center","background-size":"auto","background-attachment":"scroll","background-type":"","background-media":"","overlay-type":"","overlay-color":"","overlay-opacity":"","overlay-gradient":""},"tablet":{"background-color":"","background-image":"","background-repeat":"repeat","background-position":"center center","background-size":"auto","background-attachment":"scroll","background-type":"","background-media":"","overlay-type":"","overlay-color":"","overlay-opacity":"","overlay-gradient":""},"mobile":{"background-color":"","background-image":"","background-repeat":"repeat","background-position":"center center","background-size":"auto","background-attachment":"scroll","background-type":"","background-media":"","overlay-type":"","overlay-color":"","overlay-opacity":"","overlay-gradient":""}},"ast-content-background-meta":{"desktop":{"background-color":"var(--ast-global-color-5)","background-image":"","background-repeat":"repeat","background-position":"center center","background-size":"auto","background-attachment":"scroll","background-type":"","background-media":"","overlay-type":"","overlay-color":"","overlay-opacity":"","overlay-gradient":""},"tablet":{"background-color":"var(--ast-global-color-5)","background-image":"","background-repeat":"repeat","background-position":"center center","background-size":"auto","background-attachment":"scroll","background-type":"","background-media":"","overlay-type":"","overlay-color":"","overlay-opacity":"","overlay-gradient":""},"mobile":{"background-color":"var(--ast-global-color-5)","background-image":"","background-repeat":"repeat","background-position":"center center","background-size":"auto","background-attachment":"scroll","background-type":"","background-media":"","overlay-type":"","overlay-color":"","overlay-opacity":"","overlay-gradient":""}}},"product_brand":[103],"product_cat":[105,65],"product_tag":[],"class_list":{"0":"post-37645","1":"product","2":"type-product","3":"status-publish","4":"has-post-thumbnail","6":"product_brand-kiemmi-creations","7":"product_cat-asambleas-internacionales-2026-jw","8":"product_cat-imanes-de-nevera-jw","9":"desktop-align-center","10":"tablet-align-left","11":"mobile-align-center","12":"ast-product-gallery-layout-horizontal","13":"ast-magnify-disabled","14":"ast-product-tabs-layout-horizontal","15":"tm-has-options","17":"first","18":"instock","19":"taxable","20":"shipping-taxable","21":"purchasable","22":"product-type-simple"},"_links":{"self":[{"href":"https:\/\/kiemmi.com\/fr\/wp-json\/wp\/v2\/product\/37645","targetHints":{"allow":["GET"]}}],"collection":[{"href":"https:\/\/kiemmi.com\/fr\/wp-json\/wp\/v2\/product"}],"about":[{"href":"https:\/\/kiemmi.com\/fr\/wp-json\/wp\/v2\/types\/product"}],"version-history":[{"count":1,"href":"https:\/\/kiemmi.com\/fr\/wp-json\/wp\/v2\/product\/37645\/revisions"}],"predecessor-version":[{"id":67211,"href":"https:\/\/kiemmi.com\/fr\/wp-json\/wp\/v2\/product\/37645\/revisions\/67211"}],"wp:featuredmedia":[{"embeddable":true,"href":"https:\/\/kiemmi.com\/fr\/wp-json\/wp\/v2\/media\/37704"}],"wp:attachment":[{"href":"https:\/\/kiemmi.com\/fr\/wp-json\/wp\/v2\/media?parent=37645"}],"wp:term":[{"taxonomy":"product_brand","embeddable":true,"href":"https:\/\/kiemmi.com\/fr\/wp-json\/wp\/v2\/product_brand?post=37645"},{"taxonomy":"product_cat","embeddable":true,"href":"https:\/\/kiemmi.com\/fr\/wp-json\/wp\/v2\/product_cat?post=37645"},{"taxonomy":"product_tag","embeddable":true,"href":"https:\/\/kiemmi.com\/fr\/wp-json\/wp\/v2\/product_tag?post=37645"}],"curies":[{"name":"wp","href":"https:\/\/api.w.org\/{rel}","templated":true}]}}