{"id":37620,"date":"2025-12-14T11:40:49","date_gmt":"2025-12-14T11:40:49","guid":{"rendered":"https:\/\/kiemmi.com\/?post_type=product&#038;p=37620"},"modified":"2025-12-19T13:08:08","modified_gmt":"2025-12-19T13:08:08","slug":"badges-en-bois-personnalisables-assemblee-internationale-2026-et-ils-vecurent-heureux-pour-toujours","status":"publish","type":"product","link":"https:\/\/kiemmi.com\/fr\/shop\/jw\/asambleas-internacionales-2026-jw\/chapas-pins-de-madera-personalizables-asamblea-internacional-2026-felices-para-siempre\/","title":{"rendered":"Badges\/\u00e9pingles en bois personnalisables \u2013 Assembl\u00e9e internationale 2026 \u00ab\u00a0Et ils v\u00e9curent heureux pour toujours\u00a0\u00bb"},"content":{"rendered":"<p>Ces plaques de bois ont \u00e9t\u00e9 cr\u00e9\u00e9es comme un souvenir sp\u00e9cial de <strong>Assembl\u00e9es internationales des T\u00e9moins de J\u00e9hovah 2026<\/strong>, dont le th\u00e8me biblique \u201c<strong>Un bonheur \u00e9ternel<\/strong>\u201d Cela nous invite \u00e0 r\u00e9fl\u00e9chir \u00e0 l\u2019espoir et \u00e0 la promesse d\u2019un avenir plein de vrai bonheur. \u00bb.<\/p>\n<p>Son design circulaire, simple et harmonieux, arbore le logo officiel de l&#039;assembl\u00e9e imprim\u00e9 en couleur sur du bois naturel, v\u00e9hiculant un message de paix, de foi et de confiance dans les promesses de J\u00e9hovah. Chaque pi\u00e8ce est con\u00e7ue pour accompagner cet \u00e9v\u00e9nement spirituel important et en perp\u00e9tuer le souvenir.<\/p>\n<p>De plus, la possibilit\u00e9 de <strong>Personnalisez un message en bas de page<\/strong> Cela vous permet de faire de chaque badge un d\u00e9tail unique, que ce soit avec un nom, une date sp\u00e9ciale ou une courte expression qui renforce la signification spirituelle de l&#039;assembl\u00e9e.<\/p>\n<p><strong>D\u00e9tails du produit\u00a0:<\/strong><\/p>\n<p style=\"padding-left: 40px;\">\ud83e\udeb5 <strong>Bois naturel s\u00e9lectionn\u00e9 :<\/strong> Un mat\u00e9riau chaud et r\u00e9sistant qui offre une finition simple respectant le design original.<br \/>\n\ud83c\udfa8 <strong>Impression nette et durable :<\/strong> Des couleurs bien d\u00e9finies qui pr\u00e9servent la clart\u00e9 du logo et du message au quotidien.<br \/>\n\ud83d\udee0\ufe0f <strong>Fabriqu\u00e9 \u00e0 la main :<\/strong> Chaque feuille est fabriqu\u00e9e \u00e0 la main, avec un soin particulier apport\u00e9 \u00e0 chaque d\u00e9tail de sa d\u00e9coupe et de sa finition.<br \/>\n\u270d\ufe0f <strong>Texte personnalisable\u00a0:<\/strong> Espace r\u00e9serv\u00e9 \u00e0 un bref message qui souligne la valeur spirituelle et comm\u00e9morative de l&#039;article.<br \/>\n\ud83d\udccf <strong>Tailles disponibles :<\/strong><br \/>\n\ud83d\udd39 5 cm (1,97&quot;) : Taille \u00e9quilibr\u00e9e qui vous permet d&#039;appr\u00e9cier pleinement le design.<br \/>\n\ud83d\udd39 4 cm (1,57&quot;) : Format plus discret et plus l\u00e9ger.<br \/>\n\ud83d\udccc <strong>Fermeture s\u00e9curis\u00e9e :<\/strong> Fermoir r\u00e9sistant con\u00e7u pour une utilisation confortable et prolong\u00e9e.<br \/>\n\ud83c\udf81 <strong>Un souvenir \u00e0 port\u00e9e spirituelle :<\/strong> Id\u00e9al \u00e0 conserver comme souvenir personnel ou \u00e0 offrir aux fr\u00e8res et s\u0153urs participant \u00e0 l&#039;assembl\u00e9e.<\/p>\n<p>Ces plaques de bois ne sont pas qu&#039;un simple accessoire, mais un rappel visuel du message \u201c\u00a0Ils v\u00e9curent heureux pour toujours\u00a0\u201d, contribuant \u00e0 entretenir l&#039;espoir et la joie qui caract\u00e9risent cette assembl\u00e9e internationale.<\/p>\n<p>Un souvenir simple et personnel, empreint de sens spirituel.<\/p>","protected":false},"excerpt":{"rendered":"<p>Souvenir comm\u00e9moratif de <strong>Assembl\u00e9e internationale des T\u00e9moins de J\u00e9hovah 2026<\/strong>, sous le th\u00e8me \u201c<strong>Un bonheur \u00e9ternel<\/strong>\u201d. Ces plaques en bois, r\u00e9alis\u00e9es \u00e0 la main, arborent le logo officiel imprim\u00e9 en couleur sur du bois naturel et permettent l'ajout d'un message personnalis\u00e9. Un d\u00e9tail simple mais significatif qui refl\u00e8te l'espoir, la foi et la joie partag\u00e9s lors de cette assembl\u00e9e sp\u00e9ciale.<\/p>","protected":false},"featured_media":37622,"template":"","meta":{"_seopress_robots_primary_cat":"none","_seopress_titles_title":"Chapas exclusivas para las Asambleas Especiales 2025 - Adoraci\u00f3n Pura","_seopress_titles_desc":"Haz memorable la Asamblea Especial 2025 \"Adoraci\u00f3n Pura\"  con chapas de madera personalizables con el logo de la asamblea. Dise\u00f1o circular y elegante.","_seopress_robots_index":"","site-sidebar-layout":"default","site-content-layout":"","ast-site-content-layout":"default","site-content-style":"default","site-sidebar-style":"default","ast-global-header-display":"","ast-banner-title-visibility":"","ast-main-header-display":"","ast-hfb-above-header-display":"","ast-hfb-below-header-display":"","ast-hfb-mobile-header-display":"","site-post-title":"","ast-breadcrumbs-content":"","ast-featured-img":"","footer-sml-layout":"","ast-disable-related-posts":"","theme-transparent-header-meta":"default","adv-header-id-meta":"","stick-header-meta":"default","header-above-stick-meta":"","header-main-stick-meta":"","header-below-stick-meta":"","astra-migrate-meta-layouts":"set","ast-page-background-enabled":"default","ast-page-background-meta":{"desktop":{"background-color":"","background-image":"","background-repeat":"repeat","background-position":"center center","background-size":"auto","background-attachment":"scroll","background-type":"","background-media":"","overlay-type":"","overlay-color":"","overlay-opacity":"","overlay-gradient":""},"tablet":{"background-color":"","background-image":"","background-repeat":"repeat","background-position":"center center","background-size":"auto","background-attachment":"scroll","background-type":"","background-media":"","overlay-type":"","overlay-color":"","overlay-opacity":"","overlay-gradient":""},"mobile":{"background-color":"","background-image":"","background-repeat":"repeat","background-position":"center center","background-size":"auto","background-attachment":"scroll","background-type":"","background-media":"","overlay-type":"","overlay-color":"","overlay-opacity":"","overlay-gradient":""}},"ast-content-background-meta":{"desktop":{"background-color":"var(--ast-global-color-5)","background-image":"","background-repeat":"repeat","background-position":"center center","background-size":"auto","background-attachment":"scroll","background-type":"","background-media":"","overlay-type":"","overlay-color":"","overlay-opacity":"","overlay-gradient":""},"tablet":{"background-color":"var(--ast-global-color-5)","background-image":"","background-repeat":"repeat","background-position":"center center","background-size":"auto","background-attachment":"scroll","background-type":"","background-media":"","overlay-type":"","overlay-color":"","overlay-opacity":"","overlay-gradient":""},"mobile":{"background-color":"var(--ast-global-color-5)","background-image":"","background-repeat":"repeat","background-position":"center center","background-size":"auto","background-attachment":"scroll","background-type":"","background-media":"","overlay-type":"","overlay-color":"","overlay-opacity":"","overlay-gradient":""}}},"product_brand":[103],"product_cat":[105,62,66],"product_tag":[],"class_list":{"0":"post-37620","1":"product","2":"type-product","3":"status-publish","4":"has-post-thumbnail","6":"product_brand-kiemmi-creations","7":"product_cat-asambleas-internacionales-2026-jw","8":"product_cat-jw","9":"product_cat-llaveros-jw","10":"desktop-align-center","11":"tablet-align-left","12":"mobile-align-center","13":"ast-product-gallery-layout-horizontal","14":"ast-magnify-disabled","15":"ast-product-tabs-layout-horizontal","16":"tm-has-options","18":"first","19":"instock","20":"taxable","21":"shipping-taxable","22":"purchasable","23":"product-type-simple"},"_links":{"self":[{"href":"https:\/\/kiemmi.com\/fr\/wp-json\/wp\/v2\/product\/37620","targetHints":{"allow":["GET"]}}],"collection":[{"href":"https:\/\/kiemmi.com\/fr\/wp-json\/wp\/v2\/product"}],"about":[{"href":"https:\/\/kiemmi.com\/fr\/wp-json\/wp\/v2\/types\/product"}],"version-history":[{"count":1,"href":"https:\/\/kiemmi.com\/fr\/wp-json\/wp\/v2\/product\/37620\/revisions"}],"predecessor-version":[{"id":67212,"href":"https:\/\/kiemmi.com\/fr\/wp-json\/wp\/v2\/product\/37620\/revisions\/67212"}],"wp:featuredmedia":[{"embeddable":true,"href":"https:\/\/kiemmi.com\/fr\/wp-json\/wp\/v2\/media\/37622"}],"wp:attachment":[{"href":"https:\/\/kiemmi.com\/fr\/wp-json\/wp\/v2\/media?parent=37620"}],"wp:term":[{"taxonomy":"product_brand","embeddable":true,"href":"https:\/\/kiemmi.com\/fr\/wp-json\/wp\/v2\/product_brand?post=37620"},{"taxonomy":"product_cat","embeddable":true,"href":"https:\/\/kiemmi.com\/fr\/wp-json\/wp\/v2\/product_cat?post=37620"},{"taxonomy":"product_tag","embeddable":true,"href":"https:\/\/kiemmi.com\/fr\/wp-json\/wp\/v2\/product_tag?post=37620"}],"curies":[{"name":"wp","href":"https:\/\/api.w.org\/{rel}","templated":true}]}}