{"id":3750,"date":"2022-03-06T12:43:57","date_gmt":"2022-03-06T12:43:57","guid":{"rendered":"https:\/\/kiemmi.com\/?post_type=product&#038;p=3750"},"modified":"2025-12-09T11:26:36","modified_gmt":"2025-12-09T11:26:36","slug":"cartes-de-visite-en-bois-personnalisees","status":"publish","type":"product","link":"https:\/\/kiemmi.com\/fr\/shop\/tarjetas-de-madera\/tarjetas-de-visita-de-madera-personalizadas\/","title":{"rendered":"Cartes de visite en bois personnalis\u00e9es"},"content":{"rendered":"<p>Cartes de visite en bois personnalis\u00e9es : simples, \u00e9l\u00e9gantes, \u00e9cologiques et uniques.<br \/>\nCartes de visite en contreplaqu\u00e9 grav\u00e9es sur une face, 8 cm x 5 cm, 2 mm d&#039;\u00e9paisseur, \u00e0 bords carr\u00e9s ou arrondis, sur lesquelles sont grav\u00e9s votre logo et vos informations.<br \/>\nD&#039;autres tailles sont \u00e9galement disponibles sur demande.<br \/>\nEnvoyez-nous le logo de votre entreprise par e-mail et nous pr\u00e9parerons un assemblage de conception avant de commencer la production.<br \/>\nNos produits sont \u00e9cologiques et 100% fabriqu\u00e9s en Espagne !<\/p>\n<p><strong>Dimensions:<\/strong><\/p>\n<ul>\n<li style=\"text-align: left;\">Largeur : 8cm<\/li>\n<li style=\"text-align: left;\">Hauteur : 5cm<\/li>\n<li style=\"text-align: left;\">\u00e9paisseur : 2mm<\/li>\n<\/ul>\n<p><strong>Mat\u00e9riel:<\/strong><\/p>\n<ul>\n<li>Contre-plaqu\u00e9<\/li>\n<\/ul>","protected":false},"excerpt":{"rendered":"<p>Cartes de visite en bois personnalis\u00e9es : simples, \u00e9l\u00e9gantes, \u00e9cologiques et uniques.<br \/>\nCartes de visite en contreplaqu\u00e9 grav\u00e9es sur une face, 8 cm x 5 cm, 2 mm d&#039;\u00e9paisseur, \u00e0 bords carr\u00e9s ou arrondis, sur lesquelles sont grav\u00e9s votre logo et vos informations.<br \/>\nD&#039;autres tailles sont \u00e9galement disponibles sur demande.<\/p>","protected":false},"featured_media":4147,"template":"","meta":{"_seopress_robots_primary_cat":"42","_seopress_titles_title":"Tarjetas de Visita de Madera: Elegancia Ecol\u00f3gica Personalizada","_seopress_titles_desc":"Destaca con tarjetas de visita de madera ecol\u00f3gicas y \u00fanicas. Grabado y dise\u00f1o personalizado disponible. 100% hechas en Espa\u00f1a.","_seopress_robots_index":"","_seopress_analysis_target_kw":"Tarjetas de visitas de madera","site-sidebar-layout":"default","site-content-layout":"","ast-site-content-layout":"default","site-content-style":"default","site-sidebar-style":"default","ast-global-header-display":"","ast-banner-title-visibility":"","ast-main-header-display":"","ast-hfb-above-header-display":"","ast-hfb-below-header-display":"","ast-hfb-mobile-header-display":"","site-post-title":"","ast-breadcrumbs-content":"","ast-featured-img":"","footer-sml-layout":"","ast-disable-related-posts":"","theme-transparent-header-meta":"default","adv-header-id-meta":"","stick-header-meta":"default","header-above-stick-meta":"","header-main-stick-meta":"","header-below-stick-meta":"","astra-migrate-meta-layouts":"set","ast-page-background-enabled":"default","ast-page-background-meta":{"desktop":{"background-color":"","background-image":"","background-repeat":"repeat","background-position":"center center","background-size":"auto","background-attachment":"scroll","background-type":"","background-media":"","overlay-type":"","overlay-color":"","overlay-opacity":"","overlay-gradient":""},"tablet":{"background-color":"","background-image":"","background-repeat":"repeat","background-position":"center center","background-size":"auto","background-attachment":"scroll","background-type":"","background-media":"","overlay-type":"","overlay-color":"","overlay-opacity":"","overlay-gradient":""},"mobile":{"background-color":"","background-image":"","background-repeat":"repeat","background-position":"center center","background-size":"auto","background-attachment":"scroll","background-type":"","background-media":"","overlay-type":"","overlay-color":"","overlay-opacity":"","overlay-gradient":""}},"ast-content-background-meta":{"desktop":{"background-color":"var(--ast-global-color-5)","background-image":"","background-repeat":"repeat","background-position":"center center","background-size":"auto","background-attachment":"scroll","background-type":"","background-media":"","overlay-type":"","overlay-color":"","overlay-opacity":"","overlay-gradient":""},"tablet":{"background-color":"var(--ast-global-color-5)","background-image":"","background-repeat":"repeat","background-position":"center center","background-size":"auto","background-attachment":"scroll","background-type":"","background-media":"","overlay-type":"","overlay-color":"","overlay-opacity":"","overlay-gradient":""},"mobile":{"background-color":"var(--ast-global-color-5)","background-image":"","background-repeat":"repeat","background-position":"center center","background-size":"auto","background-attachment":"scroll","background-type":"","background-media":"","overlay-type":"","overlay-color":"","overlay-opacity":"","overlay-gradient":""}}},"product_brand":[],"product_cat":[42],"product_tag":[],"class_list":{"0":"post-3750","1":"product","2":"type-product","3":"status-publish","4":"has-post-thumbnail","6":"product_cat-tarjetas-de-madera","7":"desktop-align-center","8":"tablet-align-left","9":"mobile-align-center","10":"ast-product-gallery-layout-horizontal","11":"ast-magnify-disabled","12":"ast-product-tabs-layout-horizontal","13":"tm-has-options","15":"first","16":"instock","17":"taxable","18":"shipping-taxable","19":"purchasable","20":"product-type-simple"},"_links":{"self":[{"href":"https:\/\/kiemmi.com\/fr\/wp-json\/wp\/v2\/product\/3750","targetHints":{"allow":["GET"]}}],"collection":[{"href":"https:\/\/kiemmi.com\/fr\/wp-json\/wp\/v2\/product"}],"about":[{"href":"https:\/\/kiemmi.com\/fr\/wp-json\/wp\/v2\/types\/product"}],"version-history":[{"count":0,"href":"https:\/\/kiemmi.com\/fr\/wp-json\/wp\/v2\/product\/3750\/revisions"}],"wp:featuredmedia":[{"embeddable":true,"href":"https:\/\/kiemmi.com\/fr\/wp-json\/wp\/v2\/media\/4147"}],"wp:attachment":[{"href":"https:\/\/kiemmi.com\/fr\/wp-json\/wp\/v2\/media?parent=3750"}],"wp:term":[{"taxonomy":"product_brand","embeddable":true,"href":"https:\/\/kiemmi.com\/fr\/wp-json\/wp\/v2\/product_brand?post=3750"},{"taxonomy":"product_cat","embeddable":true,"href":"https:\/\/kiemmi.com\/fr\/wp-json\/wp\/v2\/product_cat?post=3750"},{"taxonomy":"product_tag","embeddable":true,"href":"https:\/\/kiemmi.com\/fr\/wp-json\/wp\/v2\/product_tag?post=3750"}],"curies":[{"name":"wp","href":"https:\/\/api.w.org\/{rel}","templated":true}]}}