{"id":37494,"date":"2025-12-13T18:28:26","date_gmt":"2025-12-13T18:28:26","guid":{"rendered":"https:\/\/kiemmi.com\/?post_type=product&#038;p=37494"},"modified":"2026-03-09T07:07:52","modified_gmt":"2026-03-09T07:07:52","slug":"badges-epingles-assemblee-internationale-2026-et-ils-vecurent-heureux-pour-toujours","status":"publish","type":"product","link":"https:\/\/kiemmi.com\/fr\/shop\/jw\/asambleas-internacionales-2026-jw\/chapas-pins-asamblea-internacional-2026-felices-para-siempre\/","title":{"rendered":"Badges \/ \u00c9pinglettes Assembl\u00e9e internationale 2026 \u00ab\u00a0Et ils v\u00e9curent heureux pour toujours\u00a0\u00bb"},"content":{"rendered":"<p>C\u00e9l\u00e9brez cet \u00e9v\u00e9nement sp\u00e9cial avec des badges\/pins personnalis\u00e9s inspir\u00e9s du logo officiel de <strong>Assembl\u00e9e internationale 2026<\/strong>. Chaque pi\u00e8ce est r\u00e9alis\u00e9e avec un grand souci du d\u00e9tail afin que vous poss\u00e9diez un souvenir unique et pr\u00e9cieux de cette occasion inoubliable.<\/p>\n<p><strong>\ud83c\udf81 Un souvenir unique, cr\u00e9\u00e9 sp\u00e9cialement pour vous<\/strong><br \/>\nCette \u00e9pinglette n&#039;est pas qu&#039;un simple souvenir\u00a0: c&#039;est un objet personnel que vous pouvez personnaliser. Elle est id\u00e9ale \u00e0 offrir \u00e0 vos fr\u00e8res et s\u0153urs ou \u00e0 vos amis, ou \u00e0 conserver comme un souvenir pr\u00e9cieux de cette r\u00e9union qui a rendu votre exp\u00e9rience si m\u00e9morable.<\/p>\n<p><strong>\ud83d\udd8a\ufe0f Personnalisation disponible<\/strong><br \/>\nVous pouvez personnaliser votre badge\/\u00e9pinglette avec\u00a0:<\/p>\n<p style=\"padding-left: 40px;\">\ud83d\udccd La ville de l&#039;assembl\u00e9e<br \/>\n\u270d\ufe0f Nom, date ou court texte comm\u00e9moratif<br \/>\n\ud83c\udfa8 Diff\u00e9rentes options de finition (sous r\u00e9serve de disponibilit\u00e9)<\/p>\n<p>Chaque unit\u00e9 est pr\u00e9par\u00e9e sur commande, avec un soin particulier apport\u00e9 \u00e0 chaque d\u00e9tail afin de garantir un r\u00e9sultat exceptionnel et exclusif.<\/p>\n<p><strong>\ud83c\udf0d Disponible pour les 19\u00e8mes Assembl\u00e9es internationales de 2026<\/strong><\/p>\n<p style=\"padding-left: 40px;\">\ud83d\udd38 Douala (Cameroun)<br \/>\n\ud83d\udd38 Bucarest (Roumanie)<br \/>\n\ud83d\udd38 Curitiba (Br\u00e9sil)<br \/>\n\ud83d\udd38 Saint-Jean, Terre-Neuve (Canada)<br \/>\n\ud83d\udd38 Varsovie (Pologne)<br \/>\n\ud83d\udd38 Stockholm (Su\u00e8de)<br \/>\n\ud83d\udd38 Kaohsiung (Ta\u00efwan)<br \/>\n\ud83d\udd38 Panama City (Panama)<br \/>\n\ud83d\udd38 Porto (Portugal)<br \/>\n\ud83d\udd38 Calgary (Canada)<br \/>\n\ud83d\udd38 Quito (\u00c9quateur)<br \/>\n\ud83d\udd38 Vilnius (Lituanie)<br \/>\n\ud83d\udd38 Hambourg (Allemagne)<br \/>\n\ud83d\udd38 Utrecht (Pays-Bas)<br \/>\n\ud83d\udd38 Johannesburg (Afrique du Sud)<br \/>\n\ud83d\udd38 Milwaukee (\u00c9tats-Unis)<br \/>\n\ud83d\udd38 Manille (Philippines)<br \/>\n\ud83d\udd38 San Diego (\u00c9tats-Unis)<br \/>\n\ud83d\udd38 Bangkok (Tha\u00eflande)<\/p>\n<p><strong>\ud83d\udccc Fonctionnalit\u00e9s<\/strong><\/p>\n<p style=\"padding-left: 40px;\">\u2714\ufe0f L\u00e9ger et confortable pour une utilisation quotidienne<br \/>\n\u2714\ufe0f Conception durable et robuste<br \/>\n\u2714\ufe0f Fabriqu\u00e9 sur commande avec un souci du d\u00e9tail<br \/>\n<span style=\"font-size: 16px;\">\u2714\ufe0f Personnalisation claire et simple<\/span><\/p>\n<p>\u2728 Rendez votre souvenir vraiment sp\u00e9cial<\/p>\n<p>Emportez avec vous un symbole unique de <strong>Assembl\u00e9e internationale 2026<\/strong>, cr\u00e9\u00e9 sp\u00e9cialement pour vous.<\/p>\n<p>\ud83d\udc49 Personnalisez le v\u00f4tre et conservez ce souvenir pour toujours.<\/p>","protected":false},"excerpt":{"rendered":"<p>\u00c9pinglette\/badge personnalis\u00e9 \u2013 Assembl\u00e9e internationale 2026\u201c<strong>Un bonheur \u00e9ternel<\/strong>\u201d.<br \/>\nSouvenir exclusif inspir\u00e9 de l&#039;Assembl\u00e9e internationale de 2026.<br \/>\n\u00c9pinglette ou badge personnalisable avec le nom de la ville de l&#039;assembl\u00e9e et un texte comm\u00e9moratif.<br \/>\nL\u00e9ger, confortable et r\u00e9alis\u00e9 sur commande, id\u00e9al comme cadeau sp\u00e9cial ou souvenir durable de cet \u00e9v\u00e9nement unique.<\/p>","protected":false},"featured_media":37498,"template":"","meta":{"_seopress_robots_primary_cat":"none","_seopress_titles_title":"Chapas exclusivas para las Asambleas Especiales 2025 - Adoraci\u00f3n Pura","_seopress_titles_desc":"Haz memorable la Asamblea Especial 2025 \"Adoraci\u00f3n Pura\"  con chapas de madera personalizables con el logo de la asamblea. Dise\u00f1o circular y elegante.","_seopress_robots_index":"","site-sidebar-layout":"default","site-content-layout":"","ast-site-content-layout":"default","site-content-style":"default","site-sidebar-style":"default","ast-global-header-display":"","ast-banner-title-visibility":"","ast-main-header-display":"","ast-hfb-above-header-display":"","ast-hfb-below-header-display":"","ast-hfb-mobile-header-display":"","site-post-title":"","ast-breadcrumbs-content":"","ast-featured-img":"","footer-sml-layout":"","ast-disable-related-posts":"","theme-transparent-header-meta":"default","adv-header-id-meta":"","stick-header-meta":"default","header-above-stick-meta":"","header-main-stick-meta":"","header-below-stick-meta":"","astra-migrate-meta-layouts":"set","ast-page-background-enabled":"default","ast-page-background-meta":{"desktop":{"background-color":"","background-image":"","background-repeat":"repeat","background-position":"center center","background-size":"auto","background-attachment":"scroll","background-type":"","background-media":"","overlay-type":"","overlay-color":"","overlay-opacity":"","overlay-gradient":""},"tablet":{"background-color":"","background-image":"","background-repeat":"repeat","background-position":"center center","background-size":"auto","background-attachment":"scroll","background-type":"","background-media":"","overlay-type":"","overlay-color":"","overlay-opacity":"","overlay-gradient":""},"mobile":{"background-color":"","background-image":"","background-repeat":"repeat","background-position":"center center","background-size":"auto","background-attachment":"scroll","background-type":"","background-media":"","overlay-type":"","overlay-color":"","overlay-opacity":"","overlay-gradient":""}},"ast-content-background-meta":{"desktop":{"background-color":"var(--ast-global-color-5)","background-image":"","background-repeat":"repeat","background-position":"center center","background-size":"auto","background-attachment":"scroll","background-type":"","background-media":"","overlay-type":"","overlay-color":"","overlay-opacity":"","overlay-gradient":""},"tablet":{"background-color":"var(--ast-global-color-5)","background-image":"","background-repeat":"repeat","background-position":"center center","background-size":"auto","background-attachment":"scroll","background-type":"","background-media":"","overlay-type":"","overlay-color":"","overlay-opacity":"","overlay-gradient":""},"mobile":{"background-color":"var(--ast-global-color-5)","background-image":"","background-repeat":"repeat","background-position":"center center","background-size":"auto","background-attachment":"scroll","background-type":"","background-media":"","overlay-type":"","overlay-color":"","overlay-opacity":"","overlay-gradient":""}}},"product_brand":[103],"product_cat":[105,62,66],"product_tag":[],"class_list":{"0":"post-37494","1":"product","2":"type-product","3":"status-publish","4":"has-post-thumbnail","6":"product_brand-kiemmi-creations","7":"product_cat-asambleas-internacionales-2026-jw","8":"product_cat-jw","9":"product_cat-llaveros-jw","10":"desktop-align-center","11":"tablet-align-left","12":"mobile-align-center","13":"ast-product-gallery-layout-horizontal","14":"ast-magnify-disabled","15":"ast-product-tabs-layout-horizontal","16":"tm-has-options","18":"first","19":"instock","20":"taxable","21":"shipping-taxable","22":"purchasable","23":"product-type-simple"},"_links":{"self":[{"href":"https:\/\/kiemmi.com\/fr\/wp-json\/wp\/v2\/product\/37494","targetHints":{"allow":["GET"]}}],"collection":[{"href":"https:\/\/kiemmi.com\/fr\/wp-json\/wp\/v2\/product"}],"about":[{"href":"https:\/\/kiemmi.com\/fr\/wp-json\/wp\/v2\/types\/product"}],"version-history":[{"count":1,"href":"https:\/\/kiemmi.com\/fr\/wp-json\/wp\/v2\/product\/37494\/revisions"}],"predecessor-version":[{"id":67001,"href":"https:\/\/kiemmi.com\/fr\/wp-json\/wp\/v2\/product\/37494\/revisions\/67001"}],"wp:featuredmedia":[{"embeddable":true,"href":"https:\/\/kiemmi.com\/fr\/wp-json\/wp\/v2\/media\/37498"}],"wp:attachment":[{"href":"https:\/\/kiemmi.com\/fr\/wp-json\/wp\/v2\/media?parent=37494"}],"wp:term":[{"taxonomy":"product_brand","embeddable":true,"href":"https:\/\/kiemmi.com\/fr\/wp-json\/wp\/v2\/product_brand?post=37494"},{"taxonomy":"product_cat","embeddable":true,"href":"https:\/\/kiemmi.com\/fr\/wp-json\/wp\/v2\/product_cat?post=37494"},{"taxonomy":"product_tag","embeddable":true,"href":"https:\/\/kiemmi.com\/fr\/wp-json\/wp\/v2\/product_tag?post=37494"}],"curies":[{"name":"wp","href":"https:\/\/api.w.org\/{rel}","templated":true}]}}