{"id":3409,"date":"2022-02-12T21:46:05","date_gmt":"2022-02-12T21:46:05","guid":{"rendered":"https:\/\/kiemmi.com\/?post_type=product&#038;p=3409"},"modified":"2025-09-16T16:07:10","modified_gmt":"2025-09-16T16:07:10","slug":"porte-cles-en-bois-de-chats-coquins-personnalisables","status":"publish","type":"product","link":"https:\/\/kiemmi.com\/fr\/shop\/llaveros-madera\/llaveros-de-madera-de-gatos-traviesos-personalizable\/","title":{"rendered":"Porte-cl\u00e9s en bois chats coquins personnalisables"},"content":{"rendered":"<p>D\u00e9couvrez la collection <strong>Porte-cl\u00e9s en bois en forme de chat<\/strong>, un d\u00e9tail unique et plein de personnalit\u00e9. Chaque pi\u00e8ce est <strong>d\u00e9coup\u00e9 avec pr\u00e9cision au laser<\/strong> et <strong>d\u00e9cor\u00e9 avec une impression en couleur<\/strong>, obtenant une finition durable et vibrante qui met en valeur chaque expression f\u00e9line.<\/p>\n<p>Ces porte-cl\u00e9s sont parfaits pour les amoureux des chats, car chaque mod\u00e8le v\u00e9hicule un sentiment diff\u00e9rent\u00a0: tendresse, joie, amiti\u00e9 ou malice. Gr\u00e2ce \u00e0 leur fabrication artisanale en bois, chaque porte-cl\u00e9s devient un accessoire l\u00e9ger, durable et original.<\/p>\n<p>De plus, vous pouvez <strong>Personnalisez votre porte-cl\u00e9s avec le nom de votre animal, votre propre nom ou le nom de la personne que vous souhaitez surprendre.<\/strong>Cela en fait un cadeau parfait pour toutes les occasions : anniversaires, anniversaires de mariage, cadeaux pour amis ou souvenirs sp\u00e9ciaux.<\/p>\n<p>Sa conception pratique comprend un <strong>cha\u00eene en m\u00e9tal et anneau solide<\/strong>, id\u00e9al pour transporter vos cl\u00e9s avec vous \u00e0 tout moment ou pour accrocher sur des sacs \u00e0 dos, des sacs ou des trousses.<\/p>\n<p><strong>Caract\u00e9ristiques principales :<\/strong><\/p>\n<ul>\n<li>Fabriqu\u00e9 en bois naturel, d\u00e9coup\u00e9 avec la technologie laser<\/li>\n<li>Impression couleur de haute qualit\u00e9, avec des motifs de chats expressifs et amusants<\/li>\n<li>Personnalisation avec nom, pour un d\u00e9tail exclusif et unique<\/li>\n<li>L\u00e9ger, durable et confortable \u00e0 porter au quotidien.<\/li>\n<li>Parfait comme cadeau original pour les amoureux des chats ou comme accessoire personnel<\/li>\n<\/ul>\n<p>Avec ces porte-cl\u00e9s, vous garderez non seulement vos cl\u00e9s en s\u00e9curit\u00e9, mais vous ajouterez \u00e9galement une touche sp\u00e9ciale d&#039;amour et de style.<\/p>","protected":false},"excerpt":{"rendered":"<p>Porte-cl\u00e9s en bois en forme de chat, d\u00e9coup\u00e9 au laser et imprim\u00e9 en couleur, personnalisable avec un nom. Original, durable et id\u00e9al pour offrir.<\/p>","protected":false},"featured_media":31537,"template":"","meta":{"_seopress_robots_primary_cat":"33","_seopress_titles_title":"Llaveros de madera con gatos traviesos personalizables","_seopress_titles_desc":"Descubre llaveros de madera hechos a mano con forma de gato, personalizables con el nombre de tu mascota. Elige entre 5 modelos \u00fanicos.","_seopress_robots_index":"","_seopress_analysis_target_kw":"","site-sidebar-layout":"default","site-content-layout":"","ast-site-content-layout":"default","site-content-style":"default","site-sidebar-style":"default","ast-global-header-display":"","ast-banner-title-visibility":"","ast-main-header-display":"","ast-hfb-above-header-display":"","ast-hfb-below-header-display":"","ast-hfb-mobile-header-display":"","site-post-title":"","ast-breadcrumbs-content":"","ast-featured-img":"","footer-sml-layout":"","ast-disable-related-posts":"","theme-transparent-header-meta":"default","adv-header-id-meta":"","stick-header-meta":"default","header-above-stick-meta":"","header-main-stick-meta":"","header-below-stick-meta":"","astra-migrate-meta-layouts":"set","ast-page-background-enabled":"default","ast-page-background-meta":{"desktop":{"background-color":"","background-image":"","background-repeat":"repeat","background-position":"center center","background-size":"auto","background-attachment":"scroll","background-type":"","background-media":"","overlay-type":"","overlay-color":"","overlay-opacity":"","overlay-gradient":""},"tablet":{"background-color":"","background-image":"","background-repeat":"repeat","background-position":"center center","background-size":"auto","background-attachment":"scroll","background-type":"","background-media":"","overlay-type":"","overlay-color":"","overlay-opacity":"","overlay-gradient":""},"mobile":{"background-color":"","background-image":"","background-repeat":"repeat","background-position":"center center","background-size":"auto","background-attachment":"scroll","background-type":"","background-media":"","overlay-type":"","overlay-color":"","overlay-opacity":"","overlay-gradient":""}},"ast-content-background-meta":{"desktop":{"background-color":"var(--ast-global-color-5)","background-image":"","background-repeat":"repeat","background-position":"center center","background-size":"auto","background-attachment":"scroll","background-type":"","background-media":"","overlay-type":"","overlay-color":"","overlay-opacity":"","overlay-gradient":""},"tablet":{"background-color":"var(--ast-global-color-5)","background-image":"","background-repeat":"repeat","background-position":"center center","background-size":"auto","background-attachment":"scroll","background-type":"","background-media":"","overlay-type":"","overlay-color":"","overlay-opacity":"","overlay-gradient":""},"mobile":{"background-color":"var(--ast-global-color-5)","background-image":"","background-repeat":"repeat","background-position":"center center","background-size":"auto","background-attachment":"scroll","background-type":"","background-media":"","overlay-type":"","overlay-color":"","overlay-opacity":"","overlay-gradient":""}}},"product_brand":[],"product_cat":[33],"product_tag":[],"class_list":{"0":"post-3409","1":"product","2":"type-product","3":"status-publish","4":"has-post-thumbnail","6":"product_cat-llaveros-madera","7":"desktop-align-center","8":"tablet-align-left","9":"mobile-align-center","10":"ast-product-gallery-layout-horizontal","11":"ast-magnify-disabled","12":"ast-product-tabs-layout-horizontal","13":"tm-has-options","15":"first","16":"instock","17":"taxable","18":"shipping-taxable","19":"purchasable","20":"product-type-simple"},"_links":{"self":[{"href":"https:\/\/kiemmi.com\/fr\/wp-json\/wp\/v2\/product\/3409","targetHints":{"allow":["GET"]}}],"collection":[{"href":"https:\/\/kiemmi.com\/fr\/wp-json\/wp\/v2\/product"}],"about":[{"href":"https:\/\/kiemmi.com\/fr\/wp-json\/wp\/v2\/types\/product"}],"version-history":[{"count":0,"href":"https:\/\/kiemmi.com\/fr\/wp-json\/wp\/v2\/product\/3409\/revisions"}],"wp:featuredmedia":[{"embeddable":true,"href":"https:\/\/kiemmi.com\/fr\/wp-json\/wp\/v2\/media\/31537"}],"wp:attachment":[{"href":"https:\/\/kiemmi.com\/fr\/wp-json\/wp\/v2\/media?parent=3409"}],"wp:term":[{"taxonomy":"product_brand","embeddable":true,"href":"https:\/\/kiemmi.com\/fr\/wp-json\/wp\/v2\/product_brand?post=3409"},{"taxonomy":"product_cat","embeddable":true,"href":"https:\/\/kiemmi.com\/fr\/wp-json\/wp\/v2\/product_cat?post=3409"},{"taxonomy":"product_tag","embeddable":true,"href":"https:\/\/kiemmi.com\/fr\/wp-json\/wp\/v2\/product_tag?post=3409"}],"curies":[{"name":"wp","href":"https:\/\/api.w.org\/{rel}","templated":true}]}}