{"id":33067,"date":"2025-10-05T08:42:41","date_gmt":"2025-10-05T08:42:41","guid":{"rendered":"https:\/\/kiemmi.com\/?post_type=product&#038;p=33067"},"modified":"2026-01-18T00:33:38","modified_gmt":"2026-01-18T00:33:38","slug":"epingles-assemblees-internationales-2026-heureux-pour-toujours-jw","status":"publish","type":"product","link":"https:\/\/kiemmi.com\/fr\/shop\/jw\/asambleas-internacionales-2026-jw\/pins-asambleas-internacionales-2026-felices-para-siempre-jw\/","title":{"rendered":"\u00c9pingles Assembl\u00e9es Internationales 2026 \u00ab\u00a0Et ils v\u00e9curent heureux pour toujours\u00a0\u00bb \u2013 JW"},"content":{"rendered":"<p>C\u00e9l\u00e9brez les Assembl\u00e9es internationales des T\u00e9moins de J\u00e9hovah de 2026 avec ces magnifiques \u00e9pinglettes en bois ! \ud83c\udf0d\u2728<br \/>\nChaque pi\u00e8ce est confectionn\u00e9e \u00e0 la main avec d\u00e9vouement et amour, con\u00e7ue pour refl\u00e9ter la joie et l&#039;unit\u00e9 qui seront v\u00e9cues lors des 19 <strong>Assembl\u00e9es internationales 2026 \u2013 \u201c Un bonheur \u00e9ternel \u201d<\/strong>. Ils constituent le souvenir parfait pour se rem\u00e9morer cet \u00e9v\u00e9nement sp\u00e9cial ou \u00e0 partager avec ses fr\u00e8res et s\u0153urs du monde entier.<\/p>\n<p>Ces \u00e9pingles allient la chaleur du bois naturel \u00e0 une impression en couleur du logo officiel de l&#039;assembl\u00e9e, cr\u00e9ant ainsi une pi\u00e8ce \u00e9l\u00e9gante et durable, charg\u00e9e de sens spirituel.<\/p>\n<p><strong>Caract\u00e9ristique:<\/strong><\/p>\n<ul>\n<li>\ud83c\udf3f <strong>Mat\u00e9riau naturel :<\/strong> Fabriqu\u00e9 en bois \u00e9cologique et durable, avec une finition lisse et de haute qualit\u00e9<\/li>\n<li>\ud83c\udfa8 <strong>Impression en couleur :<\/strong> Le logo \u201c\u00a0Un bonheur \u00e9ternel\u00a0\u201d est dynamique et plein de vie, avec un niveau de d\u00e9tail \u00e9lev\u00e9.<\/li>\n<li>\ud83e\udd32 <strong>Fait \u00e0 la main:<\/strong> Chaque pi\u00e8ce est fabriqu\u00e9e \u00e0 la main, ce qui en fait un souvenir unique et sp\u00e9cial.<\/li>\n<li>\ud83d\udccf <strong>Taille confortable :<\/strong> Id\u00e9al pour \u00eatre transport\u00e9 dans ses v\u00eatements, dans un sac \u00e0 dos ou dans une \u00e9charpe, sans \u00eatre lourd.<\/li>\n<li>\ud83d\udd12 <strong>Fermeture s\u00e9curis\u00e9e :<\/strong> Elles sont dot\u00e9es d&#039;un fermoir m\u00e9tallique s\u00e9curis\u00e9 pour une utilisation en toute confiance.<\/li>\n<li>\ud83c\udf81 <strong>Un cadeau qui a du sens :<\/strong> Id\u00e9al \u00e0 offrir aux amis et aux fr\u00e8res lors des assembl\u00e9es, comme symbole d&#039;unit\u00e9 et de joie spirituelle<\/li>\n<\/ul>\n<p>Emportez avec vous un souvenir empli de foi et de joie des Assembl\u00e9es internationales de 2026 \u201c\u00a0Un bonheur \u00e9ternel\u00a0\u201d, et ch\u00e9rissez \u00e0 jamais l\u2019\u00e9motion de ces jours inoubliables dans votre c\u0153ur. \ud83d\udc9b<\/p>","protected":false},"excerpt":{"rendered":"<p>C\u00e9l\u00e9brons les Assembl\u00e9es internationales de 2026 \u201c<strong>Un bonheur \u00e9ternel<\/strong>\u201d\u00a0avec ces magnifiques pins artisanales. Chacun arbore le logo officiel imprim\u00e9 en couleur, symbolisant la joie et l\u2019unit\u00e9 spirituelle. Un souvenir pr\u00e9cieux et significatif \u00e0 partager entre fr\u00e8res et s\u0153urs du monde entier.<\/p>","protected":false},"featured_media":33078,"template":"","meta":{"_seopress_robots_primary_cat":"","_seopress_titles_title":"Pins Asambleas Internacionales 2026 \"Felices para siempre\" - JW","_seopress_titles_desc":"Descubre nuestros pins artesanales para las Asambleas Internacionales 2026 \"Felices para siempre\". Con logo a todo color y cierre seguro. \u00a1El regalo perfecto!","_seopress_robots_index":"","site-sidebar-layout":"default","site-content-layout":"","ast-site-content-layout":"default","site-content-style":"default","site-sidebar-style":"default","ast-global-header-display":"","ast-banner-title-visibility":"","ast-main-header-display":"","ast-hfb-above-header-display":"","ast-hfb-below-header-display":"","ast-hfb-mobile-header-display":"","site-post-title":"","ast-breadcrumbs-content":"","ast-featured-img":"","footer-sml-layout":"","ast-disable-related-posts":"","theme-transparent-header-meta":"default","adv-header-id-meta":"","stick-header-meta":"default","header-above-stick-meta":"","header-main-stick-meta":"","header-below-stick-meta":"","astra-migrate-meta-layouts":"set","ast-page-background-enabled":"default","ast-page-background-meta":{"desktop":{"background-color":"","background-image":"","background-repeat":"repeat","background-position":"center center","background-size":"auto","background-attachment":"scroll","background-type":"","background-media":"","overlay-type":"","overlay-color":"","overlay-opacity":"","overlay-gradient":""},"tablet":{"background-color":"","background-image":"","background-repeat":"repeat","background-position":"center center","background-size":"auto","background-attachment":"scroll","background-type":"","background-media":"","overlay-type":"","overlay-color":"","overlay-opacity":"","overlay-gradient":""},"mobile":{"background-color":"","background-image":"","background-repeat":"repeat","background-position":"center center","background-size":"auto","background-attachment":"scroll","background-type":"","background-media":"","overlay-type":"","overlay-color":"","overlay-opacity":"","overlay-gradient":""}},"ast-content-background-meta":{"desktop":{"background-color":"var(--ast-global-color-5)","background-image":"","background-repeat":"repeat","background-position":"center center","background-size":"auto","background-attachment":"scroll","background-type":"","background-media":"","overlay-type":"","overlay-color":"","overlay-opacity":"","overlay-gradient":""},"tablet":{"background-color":"var(--ast-global-color-5)","background-image":"","background-repeat":"repeat","background-position":"center center","background-size":"auto","background-attachment":"scroll","background-type":"","background-media":"","overlay-type":"","overlay-color":"","overlay-opacity":"","overlay-gradient":""},"mobile":{"background-color":"var(--ast-global-color-5)","background-image":"","background-repeat":"repeat","background-position":"center center","background-size":"auto","background-attachment":"scroll","background-type":"","background-media":"","overlay-type":"","overlay-color":"","overlay-opacity":"","overlay-gradient":""}}},"product_brand":[103],"product_cat":[105,62,66],"product_tag":[],"class_list":{"0":"post-33067","1":"product","2":"type-product","3":"status-publish","4":"has-post-thumbnail","6":"product_brand-kiemmi-creations","7":"product_cat-asambleas-internacionales-2026-jw","8":"product_cat-jw","9":"product_cat-llaveros-jw","10":"desktop-align-center","11":"tablet-align-left","12":"mobile-align-center","13":"ast-product-gallery-layout-horizontal","14":"ast-magnify-disabled","15":"ast-product-tabs-layout-horizontal","16":"tm-has-options","18":"first","19":"instock","20":"taxable","21":"shipping-taxable","22":"purchasable","23":"product-type-simple"},"_links":{"self":[{"href":"https:\/\/kiemmi.com\/fr\/wp-json\/wp\/v2\/product\/33067","targetHints":{"allow":["GET"]}}],"collection":[{"href":"https:\/\/kiemmi.com\/fr\/wp-json\/wp\/v2\/product"}],"about":[{"href":"https:\/\/kiemmi.com\/fr\/wp-json\/wp\/v2\/types\/product"}],"version-history":[{"count":1,"href":"https:\/\/kiemmi.com\/fr\/wp-json\/wp\/v2\/product\/33067\/revisions"}],"predecessor-version":[{"id":67214,"href":"https:\/\/kiemmi.com\/fr\/wp-json\/wp\/v2\/product\/33067\/revisions\/67214"}],"wp:featuredmedia":[{"embeddable":true,"href":"https:\/\/kiemmi.com\/fr\/wp-json\/wp\/v2\/media\/33078"}],"wp:attachment":[{"href":"https:\/\/kiemmi.com\/fr\/wp-json\/wp\/v2\/media?parent=33067"}],"wp:term":[{"taxonomy":"product_brand","embeddable":true,"href":"https:\/\/kiemmi.com\/fr\/wp-json\/wp\/v2\/product_brand?post=33067"},{"taxonomy":"product_cat","embeddable":true,"href":"https:\/\/kiemmi.com\/fr\/wp-json\/wp\/v2\/product_cat?post=33067"},{"taxonomy":"product_tag","embeddable":true,"href":"https:\/\/kiemmi.com\/fr\/wp-json\/wp\/v2\/product_tag?post=33067"}],"curies":[{"name":"wp","href":"https:\/\/api.w.org\/{rel}","templated":true}]}}