{"id":32454,"date":"2025-09-25T21:09:13","date_gmt":"2025-09-25T21:09:13","guid":{"rendered":"https:\/\/kiemmi.com\/?post_type=product&#038;p=32454"},"modified":"2025-09-26T12:24:38","modified_gmt":"2025-09-26T12:24:38","slug":"lettres-3d-en-bois-personnalisees","status":"publish","type":"product","link":"https:\/\/kiemmi.com\/fr\/shop\/letras-3d-personalizadas\/letras-3d-de-madera-personalizada\/","title":{"rendered":"Lettres en bois 3D personnalis\u00e9es"},"content":{"rendered":"<p>Ajoutez une touche sp\u00e9ciale et originale \u00e0 n&#039;importe quel espace avec nos lettres en bois 3D personnalis\u00e9es. Chaque lettre est fabriqu\u00e9e en bois naturel de haute qualit\u00e9 et d\u00e9cor\u00e9e d&#039;une impression couleur, ce qui en fait un cadeau unique et durable.<\/p>\n<p>Vous pouvez personnaliser le lettrage avec le nom de la personne, choisir la couleur principale et ajouter un th\u00e8me qui convient \u00e0 ses go\u00fbts : des sports comme le football ou le basket-ball, des fleurs, des \u00e9l\u00e9ments pour enfants ou tout autre style que vous d\u00e9sirez.<\/p>\n<p>Ils sont parfaits comme d\u00e9coration pour les chambres d&#039;enfants, comme cadeaux d&#039;anniversaire, comme cadeaux pour des occasions sp\u00e9ciales ou comme souvenirs personnalis\u00e9s.<\/p>\n<p>\ud83c\udf1f Principales caract\u00e9ristiques :<\/p>\n<ul>\n<li>\ud83e\udeb5 Mat\u00e9riau de qualit\u00e9 : Bois naturel avec une finition durable et des d\u00e9tails bien d\u00e9finis<\/li>\n<li>\ud83c\udfa8 Personnalisation compl\u00e8te : choisissez la couleur de la police, le nom et le design du th\u00e8me<\/li>\n<li>\ud83d\udd20 Tailles au choix : Disponible en diff\u00e9rentes hauteurs pour s&#039;adapter \u00e0 n&#039;importe quel espace<\/li>\n<li>\u26bd\ud83c\udfc0\ud83c\udf38 Diff\u00e9rents mod\u00e8les : des motifs sportifs aux fleurs et aux styles amusants<\/li>\n<li>\ud83c\udf81 Id\u00e9al pour un cadeau : Un d\u00e9tail unique et personnalis\u00e9 qui surprend et excite<\/li>\n<li>\ud83c\udfe1 D\u00e9coration polyvalente : parfaite pour les \u00e9tag\u00e8res, les bureaux, les chambres et les coins sp\u00e9ciaux<\/li>\n<\/ul>","protected":false},"excerpt":{"rendered":"<p>Lettres en bois 3D personnalis\u00e9es avec nom, couleur et th\u00e8me. Choisissez la taille et cr\u00e9ez une d\u00e9coration unique, id\u00e9ale pour offrir ou d\u00e9corer une chambre d&#039;enfant ou un espace d\u00e9di\u00e9.<\/p>","protected":false},"featured_media":32458,"template":"","meta":{"_seopress_robots_primary_cat":"104","_seopress_titles_title":"","_seopress_titles_desc":"","_seopress_robots_index":"","site-sidebar-layout":"default","site-content-layout":"","ast-site-content-layout":"default","site-content-style":"default","site-sidebar-style":"default","ast-global-header-display":"","ast-banner-title-visibility":"","ast-main-header-display":"","ast-hfb-above-header-display":"","ast-hfb-below-header-display":"","ast-hfb-mobile-header-display":"","site-post-title":"","ast-breadcrumbs-content":"","ast-featured-img":"","footer-sml-layout":"","ast-disable-related-posts":"","theme-transparent-header-meta":"default","adv-header-id-meta":"","stick-header-meta":"default","header-above-stick-meta":"","header-main-stick-meta":"","header-below-stick-meta":"","astra-migrate-meta-layouts":"set","ast-page-background-enabled":"default","ast-page-background-meta":{"desktop":{"background-color":"","background-image":"","background-repeat":"repeat","background-position":"center center","background-size":"auto","background-attachment":"scroll","background-type":"","background-media":"","overlay-type":"","overlay-color":"","overlay-opacity":"","overlay-gradient":""},"tablet":{"background-color":"","background-image":"","background-repeat":"repeat","background-position":"center center","background-size":"auto","background-attachment":"scroll","background-type":"","background-media":"","overlay-type":"","overlay-color":"","overlay-opacity":"","overlay-gradient":""},"mobile":{"background-color":"","background-image":"","background-repeat":"repeat","background-position":"center center","background-size":"auto","background-attachment":"scroll","background-type":"","background-media":"","overlay-type":"","overlay-color":"","overlay-opacity":"","overlay-gradient":""}},"ast-content-background-meta":{"desktop":{"background-color":"var(--ast-global-color-5)","background-image":"","background-repeat":"repeat","background-position":"center center","background-size":"auto","background-attachment":"scroll","background-type":"","background-media":"","overlay-type":"","overlay-color":"","overlay-opacity":"","overlay-gradient":""},"tablet":{"background-color":"var(--ast-global-color-5)","background-image":"","background-repeat":"repeat","background-position":"center center","background-size":"auto","background-attachment":"scroll","background-type":"","background-media":"","overlay-type":"","overlay-color":"","overlay-opacity":"","overlay-gradient":""},"mobile":{"background-color":"var(--ast-global-color-5)","background-image":"","background-repeat":"repeat","background-position":"center center","background-size":"auto","background-attachment":"scroll","background-type":"","background-media":"","overlay-type":"","overlay-color":"","overlay-opacity":"","overlay-gradient":""}}},"product_brand":[103],"product_cat":[51,45,52,104],"product_tag":[],"class_list":{"0":"post-32454","1":"product","2":"type-product","3":"status-publish","4":"has-post-thumbnail","6":"product_brand-kiemmi-creations","7":"product_cat-decoracion-del-hogar","8":"product_cat-detalles-para-bodas-y-eventos","9":"product_cat-habitacion-de-bebe","10":"product_cat-letras-3d-personalizadas","11":"desktop-align-center","12":"tablet-align-left","13":"mobile-align-center","14":"ast-product-gallery-layout-horizontal","15":"ast-magnify-disabled","16":"ast-product-tabs-layout-horizontal","17":"tm-has-options","19":"first","20":"instock","21":"taxable","22":"shipping-taxable","23":"purchasable","24":"product-type-simple"},"_links":{"self":[{"href":"https:\/\/kiemmi.com\/fr\/wp-json\/wp\/v2\/product\/32454","targetHints":{"allow":["GET"]}}],"collection":[{"href":"https:\/\/kiemmi.com\/fr\/wp-json\/wp\/v2\/product"}],"about":[{"href":"https:\/\/kiemmi.com\/fr\/wp-json\/wp\/v2\/types\/product"}],"version-history":[{"count":0,"href":"https:\/\/kiemmi.com\/fr\/wp-json\/wp\/v2\/product\/32454\/revisions"}],"wp:featuredmedia":[{"embeddable":true,"href":"https:\/\/kiemmi.com\/fr\/wp-json\/wp\/v2\/media\/32458"}],"wp:attachment":[{"href":"https:\/\/kiemmi.com\/fr\/wp-json\/wp\/v2\/media?parent=32454"}],"wp:term":[{"taxonomy":"product_brand","embeddable":true,"href":"https:\/\/kiemmi.com\/fr\/wp-json\/wp\/v2\/product_brand?post=32454"},{"taxonomy":"product_cat","embeddable":true,"href":"https:\/\/kiemmi.com\/fr\/wp-json\/wp\/v2\/product_cat?post=32454"},{"taxonomy":"product_tag","embeddable":true,"href":"https:\/\/kiemmi.com\/fr\/wp-json\/wp\/v2\/product_tag?post=32454"}],"curies":[{"name":"wp","href":"https:\/\/api.w.org\/{rel}","templated":true}]}}